{"id":1790,"date":"2025-05-12T01:40:15","date_gmt":"2025-05-12T01:40:15","guid":{"rendered":"https:\/\/cheri-heater.com\/vn\/?post_type=product&#038;p=1790"},"modified":"2025-05-12T01:40:16","modified_gmt":"2025-05-12T01:40:16","slug":"may-suoi-hop-muc-dc","status":"publish","type":"product","link":"https:\/\/cheri-heater.com\/vn\/product\/may-suoi-hop-muc-dc\/","title":{"rendered":"M\u00e1y S\u01b0\u1edfi H\u1ed9p M\u1ef1c DC"},"content":{"rendered":"","protected":false},"excerpt":{"rendered":"<h2><b><span class=\"\">S\u01b0\u1edfi \u1ea5m ch\u00ednh x\u00e1c v\u1edbi m\u00e1y s\u01b0\u1edfi DC Cartridge<\/span><\/b><\/h2>\n<p><span class=\"\">Khi n\u00f3i \u0111\u1ebfn c\u00e1c gi\u1ea3i ph\u00e1p s\u01b0\u1edfi \u1ea5m hi\u1ec7u su\u1ea5t cao, c\u00e1c doanh nghi\u1ec7p \u0111\u00f2i h\u1ecfi \u0111\u1ed9 tin c\u1eady v\u00e0 hi\u1ec7u qu\u1ea3.\u00a0<\/span><b><span class=\"\">M\u00e1y s\u01b0\u1edfi h\u1ed9p m\u1ef1c DC\u00a0<\/span><\/b><span class=\"\">t\u1eeb Cheri Heater \u0111\u01b0\u1ee3c thi\u1ebft k\u1ebf \u0111\u1ec3 cung c\u1ea5p kh\u1ea3 n\u0103ng truy\u1ec1n nhi\u1ec7t t\u1ed1i \u01b0u trong c\u00e1c \u1ee9ng d\u1ee5ng c\u00f4ng nghi\u1ec7p v\u00e0 th\u01b0\u01a1ng m\u1ea1i. Cho d\u00f9 b\u1ea1n \u0111ang s\u1ea3n xu\u1ea5t c\u00e1c th\u00e0nh ph\u1ea7n nh\u1ea1y c\u1ea3m hay duy tr\u00ec nhi\u1ec7t \u0111\u1ed9 ch\u00ednh x\u00e1c, m\u00e1y s\u01b0\u1edfi h\u1ed9p m\u1ef1c DC c\u1ee7a ch\u00fang t\u00f4i \u0111\u1ec1u cung c\u1ea5p hi\u1ec7u su\u1ea5t v\u00f4 song.<\/span><\/p>\n<p>Chuy\u00ean m\u00f4n c\u1ee7a Cheri Heater \u0111\u1ea3m b\u1ea3o m\u1ecdi s\u1ea3n ph\u1ea9m \u0111\u1ec1u \u0111\u00e1p \u1ee9ng c\u00e1c ti\u00eau chu\u1ea9n ch\u1ea5t l\u01b0\u1ee3ng nghi\u00eam ng\u1eb7t. N\u1ebfu ho\u1ea1t \u0111\u1ed9ng c\u1ee7a b\u1ea1n y\u00eau c\u1ea7u nhi\u1ec7t \u0111\u1ed9 \u1ed5n \u0111\u1ecbnh v\u1edbi m\u1ee9c ti\u00eau th\u1ee5 n\u0103ng l\u01b0\u1ee3ng t\u1ed1i thi\u1ec3u, gi\u1ea3i ph\u00e1p m\u00e1y s\u01b0\u1edfi h\u1ed9p m\u1ef1c DC c\u1ee7a ch\u00fang t\u00f4i l\u00e0 l\u1ef1a ch\u1ecdn ho\u00e0n h\u1ea3o cho b\u1ea1n.<\/p>\n<h3><b>T\u1ea1i sao n\u00ean ch\u1ecdn m\u00e1y s\u01b0\u1edfi DC Cartridge c\u1ee7a Cheri Heater?<\/b><\/h3>\n<h4><b>Hi\u1ec7u su\u1ea5t v\u01b0\u1ee3t tr\u1ed9i cho c\u00e1c \u1ee9ng d\u1ee5ng c\u00f4ng nghi\u1ec7p<\/b><\/h4>\n<p>M\u00e1y\u00a0<b>s\u01b0\u1edfi h\u1ed9p m\u1ef1c DC\u00a0<\/b>c\u1ee7a Cheri Heater \u0111\u01b0\u1ee3c thi\u1ebft k\u1ebf \u0111\u1ec3 \u0111\u00e1p \u1ee9ng nhu c\u1ea7u kh\u1eaft khe c\u1ee7a c\u00e1c ng\u00e0nh c\u00f4ng nghi\u1ec7p nh\u01b0 \u00f4 t\u00f4, h\u00e0ng kh\u00f4ng v\u0169 tr\u1ee5, \u0111\u00f3ng g\u00f3i, v.v. C\u1ea5u tr\u00fac b\u1ec1n b\u1ec9 v\u00e0 c\u00f4ng ngh\u1ec7 ti\u00ean ti\u1ebfn \u0111\u1ea3m b\u1ea3o s\u01b0\u1edfi \u1ea5m \u0111\u1ed3ng \u0111\u1ec1u, l\u00fd t\u01b0\u1edfng cho:<\/p>\n<ul>\n<li aria-level=\"1\">Khu\u00f4n nh\u1ef1a<\/li>\n<li aria-level=\"1\">Thi\u1ebft b\u1ecb c\u1eaft v\u00e0 ni\u00eam phong<\/li>\n<li aria-level=\"1\">D\u1eadp n\u00f3ng v\u00e0 d\u1eadp n\u1ed5i<\/li>\n<li aria-level=\"1\">L\u00f2 n\u01b0\u1edbng c\u00f4ng nghi\u1ec7p<\/li>\n<\/ul>\n<p>V\u1edbi kh\u1ea3 n\u0103ng ph\u00e2n ph\u1ed1i nhi\u1ec7t v\u01b0\u1ee3t tr\u1ed9i v\u00e0 th\u1eddi gian ph\u1ea3n h\u1ed3i nhanh, b\u1ea1n s\u1ebd \u0111\u1ea1t \u0111\u01b0\u1ee3c n\u0103ng su\u1ea5t v\u00f4 song.<\/p>\n<h3><b>\u0110\u01b0\u1ee3c x\u00e2y d\u1ef1ng \u0111\u1ec3 t\u1ed3n t\u1ea1i l\u00e2u d\u00e0i<\/b><\/h3>\n<p>\u0110\u01b0\u1ee3c ch\u1ebf t\u1ea1o b\u1eb1ng v\u1eadt li\u1ec7u cao c\u1ea5p,\u00a0<b>m\u00e1y s\u01b0\u1edfi DC Cartridge\u00a0<\/b>\u0111\u01b0\u1ee3c ch\u1ebf t\u1ea1o \u0111\u1ec3 c\u00f3 \u0111\u1ed9 b\u1ec1n cao. Thi\u1ebft k\u1ebf ch\u1eafc ch\u1eafn c\u1ee7a n\u00f3 ch\u1ecbu \u0111\u01b0\u1ee3c m\u00f4i tr\u01b0\u1eddng c\u00f4ng nghi\u1ec7p kh\u1eafc nghi\u1ec7t, \u0111\u1ea3m b\u1ea3o \u0111\u1ed9 tin c\u1eady l\u00e2u d\u00e0i. Cam k\u1ebft v\u1ec1 ch\u1ea5t l\u01b0\u1ee3ng c\u1ee7a Cheri Heater chuy\u1ec3n th\u00e0nh \u00edt thay th\u1ebf h\u01a1n v\u00e0 chi ph\u00ed b\u1ea3o tr\u00ec th\u1ea5p h\u01a1n cho doanh nghi\u1ec7p c\u1ee7a b\u1ea1n.<\/p>\n<h3><b>Gi\u1ea3i ph\u00e1p s\u01b0\u1edfi \u1ea5m \u0111\u01b0\u1ee3c thi\u1ebft k\u1ebf ri\u00eang v\u1edbi m\u00e1y s\u01b0\u1edfi DC Cartridge<\/b><\/h3>\n<p>T\u1ea1i Cheri Heater, ch\u00fang t\u00f4i bi\u1ebft r\u1eb1ng m\u1ed7i ng\u00e0nh c\u00f4ng nghi\u1ec7p \u0111\u1ec1u c\u00f3 nh\u1eefng y\u00eau c\u1ea7u ri\u00eang. \u0110\u00f3 l\u00e0 l\u00fd do t\u1ea1i sao ch\u00fang t\u00f4i cung c\u1ea5p c\u00e1c t\u00f9y ch\u1ecdn t\u00f9y ch\u1ec9nh cho m\u00e1y s\u01b0\u1edfi h\u1ed9p m\u1ef1c DC c\u1ee7a m\u00ecnh, bao g\u1ed3m:<\/p>\n<ul>\n<li aria-level=\"1\">Nhi\u1ec1u c\u00f4ng su\u1ea5t v\u00e0 \u0111i\u1ec7n \u00e1p kh\u00e1c nhau ph\u00f9 h\u1ee3p v\u1edbi thi\u1ebft b\u1ecb c\u1ee7a b\u1ea1n<\/li>\n<li aria-level=\"1\">Chi\u1ec1u d\u00e0i v\u00e0 \u0111\u01b0\u1eddng k\u00ednh t\u00f9y ch\u1ec9nh \u0111\u1ec3 v\u1eeba v\u1eb7n ho\u00e0n h\u1ea3o<\/li>\n<li aria-level=\"1\">V\u1eadt li\u1ec7u d\u00e2y d\u1eabn v\u00e0 v\u1ecf b\u1ecdc t\u00f9y ch\u1ecdn \u0111\u1ec3 t\u0103ng th\u00eam kh\u1ea3 n\u0103ng b\u1ea3o v\u1ec7<\/li>\n<\/ul>\n<h3><b>Cheri Heater: \u0110\u1ed1i t\u00e1c \u0111\u00e1ng tin c\u1eady c\u1ee7a b\u1ea1n trong c\u00e1c gi\u1ea3i ph\u00e1p s\u01b0\u1edfi \u1ea5m<\/b><\/h3>\n<p>Khi b\u1ea1n h\u1ee3p t\u00e1c v\u1edbi Cheri Heater, b\u1ea1n kh\u00f4ng ch\u1ec9 mua m\u1ed9t s\u1ea3n ph\u1ea9m; b\u1ea1n \u0111ang \u0111\u1ea7u t\u01b0 v\u00e0o chuy\u00ean m\u00f4n v\u00e0 s\u1ef1 \u0111\u1ed5i m\u1edbi. M\u00e1y s\u01b0\u1edfi h\u1ed9p m\u1ef1c DC c\u1ee7a ch\u00fang t\u00f4i \u0111\u01b0\u1ee3c h\u1ed7 tr\u1ee3 b\u1edfi:<\/p>\n<ul>\n<li aria-level=\"1\">H\u1ed7 tr\u1ee3 k\u1ef9 thu\u1eadt to\u00e0n di\u1ec7n<\/li>\n<li aria-level=\"1\">Giao h\u00e0ng nhanh ch\u00f3ng \u0111\u1ec3 gi\u1ea3m thi\u1ec3u th\u1eddi gian ch\u1ebft<\/li>\n<li aria-level=\"1\">Gi\u00e1 c\u1ea3 c\u1ea1nh tranh m\u00e0 kh\u00f4ng \u1ea3nh h\u01b0\u1edfng \u0111\u1ebfn ch\u1ea5t l\u01b0\u1ee3ng<\/li>\n<\/ul>\n<p>Ch\u00fang t\u00f4i t\u1ef1 h\u00e0o cung c\u1ea5p c\u00e1c gi\u1ea3i ph\u00e1p s\u01b0\u1edfi \u1ea5m \u0111\u00e1p \u1ee9ng nhu c\u1ea7u ng\u00e0y c\u00e0ng thay \u0111\u1ed5i c\u1ee7a c\u00e1c ng\u00e0nh c\u00f4ng nghi\u1ec7p hi\u1ec7n \u0111\u1ea1i.<\/p>\n<p>S\u1eb5n s\u00e0ng n\u00e2ng c\u1ea5p? H\u00e3y li\u00ean h\u1ec7 v\u1edbi Cheri Heater ngay b\u00e2y gi\u1edd v\u00e0 kh\u00e1m ph\u00e1 c\u00e1ch m\u00e1y s\u01b0\u1edfi h\u1ed9p m\u1ef1c DC c\u1ee7a ch\u00fang t\u00f4i c\u00f3 th\u1ec3 bi\u1ebfn \u0111\u1ed5i quy tr\u00ecnh c\u1ee7a b\u1ea1n.<\/p>\n","protected":false},"featured_media":1791,"template":"","meta":[],"product_brand":[],"product_cat":[21],"product_tag":[194],"class_list":{"0":"post-1790","1":"product","2":"type-product","3":"status-publish","4":"has-post-thumbnail","6":"product_cat-cartridge-heater","7":"product_tag-may-suoi-hop-muc-dc","9":"first","10":"instock","11":"shipping-taxable","12":"product-type-simple"},"yoast_head":"<!-- This site is optimized with the Yoast SEO plugin v27.3 - https:\/\/yoast.com\/product\/yoast-seo-wordpress\/ -->\n<title>M\u00e1y s\u01b0\u1edfi DC Cartridge ch\u1ea5t l\u01b0\u1ee3ng cao | Cheri-heater.com<\/title>\n<meta name=\"description\" content=\"M\u00e1y s\u01b0\u1edfi h\u1ed9p m\u1ef1c DC cao c\u1ea5p cho c\u00e1c gi\u1ea3i ph\u00e1p s\u01b0\u1edfi \u1ea5m hi\u1ec7u qu\u1ea3, ch\u00ednh x\u00e1c. B\u1ec1n b\u1ec9, \u0111\u00e1ng tin c\u1eady v\u00e0 c\u00f3 th\u1ec3 t\u00f9y ch\u1ec9nh cho c\u00e1c \u1ee9ng d\u1ee5ng c\u00f4ng nghi\u1ec7p v\u00e0 th\u01b0\u01a1ng m\u1ea1i\" \/>\n<meta name=\"robots\" content=\"index, follow, max-snippet:-1, max-image-preview:large, max-video-preview:-1\" \/>\n<link rel=\"canonical\" href=\"https:\/\/cheri-heater.com\/vn\/product\/may-suoi-hop-muc-dc\/\" \/>\n<meta property=\"og:locale\" content=\"en_US\" \/>\n<meta property=\"og:type\" content=\"article\" \/>\n<meta property=\"og:title\" content=\"M\u00e1y s\u01b0\u1edfi DC Cartridge ch\u1ea5t l\u01b0\u1ee3ng cao | Cheri-heater.com\" \/>\n<meta property=\"og:description\" content=\"M\u00e1y s\u01b0\u1edfi h\u1ed9p m\u1ef1c DC cao c\u1ea5p cho c\u00e1c gi\u1ea3i ph\u00e1p s\u01b0\u1edfi \u1ea5m hi\u1ec7u qu\u1ea3, ch\u00ednh x\u00e1c. B\u1ec1n b\u1ec9, \u0111\u00e1ng tin c\u1eady v\u00e0 c\u00f3 th\u1ec3 t\u00f9y ch\u1ec9nh cho c\u00e1c \u1ee9ng d\u1ee5ng c\u00f4ng nghi\u1ec7p v\u00e0 th\u01b0\u01a1ng m\u1ea1i\" \/>\n<meta property=\"og:url\" content=\"https:\/\/cheri-heater.com\/vn\/product\/may-suoi-hop-muc-dc\/\" \/>\n<meta property=\"og:site_name\" content=\"Cheri Heater Technology Co.,Ltd.\" \/>\n<meta property=\"article:modified_time\" content=\"2025-05-12T01:40:16+00:00\" \/>\n<meta property=\"og:image\" content=\"http:\/\/cheri-heater.com\/vn\/wp-content\/uploads\/2025\/05\/s-l500.jpg\" \/>\n\t<meta property=\"og:image:width\" content=\"500\" \/>\n\t<meta property=\"og:image:height\" content=\"500\" \/>\n\t<meta property=\"og:image:type\" content=\"image\/jpeg\" \/>\n<meta name=\"twitter:card\" content=\"summary_large_image\" \/>\n<meta name=\"twitter:label1\" content=\"Est. reading time\" \/>\n\t<meta name=\"twitter:data1\" content=\"1 minute\" \/>\n<!-- \/ Yoast SEO plugin. -->","yoast_head_json":{"title":"M\u00e1y s\u01b0\u1edfi DC Cartridge ch\u1ea5t l\u01b0\u1ee3ng cao | Cheri-heater.com","description":"M\u00e1y s\u01b0\u1edfi h\u1ed9p m\u1ef1c DC cao c\u1ea5p cho c\u00e1c gi\u1ea3i ph\u00e1p s\u01b0\u1edfi \u1ea5m hi\u1ec7u qu\u1ea3, ch\u00ednh x\u00e1c. B\u1ec1n b\u1ec9, \u0111\u00e1ng tin c\u1eady v\u00e0 c\u00f3 th\u1ec3 t\u00f9y ch\u1ec9nh cho c\u00e1c \u1ee9ng d\u1ee5ng c\u00f4ng nghi\u1ec7p v\u00e0 th\u01b0\u01a1ng m\u1ea1i","robots":{"index":"index","follow":"follow","max-snippet":"max-snippet:-1","max-image-preview":"max-image-preview:large","max-video-preview":"max-video-preview:-1"},"canonical":"https:\/\/cheri-heater.com\/vn\/product\/may-suoi-hop-muc-dc\/","og_locale":"en_US","og_type":"article","og_title":"M\u00e1y s\u01b0\u1edfi DC Cartridge ch\u1ea5t l\u01b0\u1ee3ng cao | Cheri-heater.com","og_description":"M\u00e1y s\u01b0\u1edfi h\u1ed9p m\u1ef1c DC cao c\u1ea5p cho c\u00e1c gi\u1ea3i ph\u00e1p s\u01b0\u1edfi \u1ea5m hi\u1ec7u qu\u1ea3, ch\u00ednh x\u00e1c. B\u1ec1n b\u1ec9, \u0111\u00e1ng tin c\u1eady v\u00e0 c\u00f3 th\u1ec3 t\u00f9y ch\u1ec9nh cho c\u00e1c \u1ee9ng d\u1ee5ng c\u00f4ng nghi\u1ec7p v\u00e0 th\u01b0\u01a1ng m\u1ea1i","og_url":"https:\/\/cheri-heater.com\/vn\/product\/may-suoi-hop-muc-dc\/","og_site_name":"Cheri Heater Technology Co.,Ltd.","article_modified_time":"2025-05-12T01:40:16+00:00","og_image":[{"width":500,"height":500,"url":"http:\/\/cheri-heater.com\/vn\/wp-content\/uploads\/2025\/05\/s-l500.jpg","type":"image\/jpeg"}],"twitter_card":"summary_large_image","twitter_misc":{"Est. reading time":"1 minute"},"schema":{"@context":"https:\/\/schema.org","@graph":[{"@type":"WebPage","@id":"https:\/\/cheri-heater.com\/vn\/product\/may-suoi-hop-muc-dc\/","url":"https:\/\/cheri-heater.com\/vn\/product\/may-suoi-hop-muc-dc\/","name":"M\u00e1y s\u01b0\u1edfi DC Cartridge ch\u1ea5t l\u01b0\u1ee3ng cao | Cheri-heater.com","isPartOf":{"@id":"https:\/\/cheri-heater.com\/vn\/#website"},"primaryImageOfPage":{"@id":"https:\/\/cheri-heater.com\/vn\/product\/may-suoi-hop-muc-dc\/#primaryimage"},"image":{"@id":"https:\/\/cheri-heater.com\/vn\/product\/may-suoi-hop-muc-dc\/#primaryimage"},"thumbnailUrl":"https:\/\/cheri-heater.com\/vn\/wp-content\/uploads\/2025\/05\/s-l500.jpg","datePublished":"2025-05-12T01:40:15+00:00","dateModified":"2025-05-12T01:40:16+00:00","description":"M\u00e1y s\u01b0\u1edfi h\u1ed9p m\u1ef1c DC cao c\u1ea5p cho c\u00e1c gi\u1ea3i ph\u00e1p s\u01b0\u1edfi \u1ea5m hi\u1ec7u qu\u1ea3, ch\u00ednh x\u00e1c. B\u1ec1n b\u1ec9, \u0111\u00e1ng tin c\u1eady v\u00e0 c\u00f3 th\u1ec3 t\u00f9y ch\u1ec9nh cho c\u00e1c \u1ee9ng d\u1ee5ng c\u00f4ng nghi\u1ec7p v\u00e0 th\u01b0\u01a1ng m\u1ea1i","breadcrumb":{"@id":"https:\/\/cheri-heater.com\/vn\/product\/may-suoi-hop-muc-dc\/#breadcrumb"},"inLanguage":"en-US","potentialAction":[{"@type":"ReadAction","target":["https:\/\/cheri-heater.com\/vn\/product\/may-suoi-hop-muc-dc\/"]}]},{"@type":"ImageObject","inLanguage":"en-US","@id":"https:\/\/cheri-heater.com\/vn\/product\/may-suoi-hop-muc-dc\/#primaryimage","url":"https:\/\/cheri-heater.com\/vn\/wp-content\/uploads\/2025\/05\/s-l500.jpg","contentUrl":"https:\/\/cheri-heater.com\/vn\/wp-content\/uploads\/2025\/05\/s-l500.jpg","width":500,"height":500,"caption":"M\u00e1y S\u01b0\u1edfi H\u1ed9p M\u1ef1c DC"},{"@type":"BreadcrumbList","@id":"https:\/\/cheri-heater.com\/vn\/product\/may-suoi-hop-muc-dc\/#breadcrumb","itemListElement":[{"@type":"ListItem","position":1,"name":"Home","item":"https:\/\/cheri-heater.com\/vn\/"},{"@type":"ListItem","position":2,"name":"Products","item":"https:\/\/cheri-heater.com\/vn\/products\/"},{"@type":"ListItem","position":3,"name":"M\u00e1y S\u01b0\u1edfi H\u1ed9p M\u1ef1c DC"}]},{"@type":"WebSite","@id":"https:\/\/cheri-heater.com\/vn\/#website","url":"https:\/\/cheri-heater.com\/vn\/","name":"Cheri Heater Technology Co.,Ltd.","description":"","publisher":{"@id":"https:\/\/cheri-heater.com\/vn\/#organization"},"potentialAction":[{"@type":"SearchAction","target":{"@type":"EntryPoint","urlTemplate":"https:\/\/cheri-heater.com\/vn\/?s={search_term_string}"},"query-input":{"@type":"PropertyValueSpecification","valueRequired":true,"valueName":"search_term_string"}}],"inLanguage":"en-US"},{"@type":"Organization","@id":"https:\/\/cheri-heater.com\/vn\/#organization","name":"Cheri Heater Technology Co.,Ltd.","url":"https:\/\/cheri-heater.com\/vn\/","logo":{"@type":"ImageObject","inLanguage":"en-US","@id":"https:\/\/cheri-heater.com\/vn\/#\/schema\/logo\/image\/","url":"https:\/\/cheri-heater.com\/vn\/wp-content\/uploads\/2024\/06\/cropped-logo-resize.png","contentUrl":"https:\/\/cheri-heater.com\/vn\/wp-content\/uploads\/2024\/06\/cropped-logo-resize.png","width":346,"height":99,"caption":"Cheri Heater Technology Co.,Ltd."},"image":{"@id":"https:\/\/cheri-heater.com\/vn\/#\/schema\/logo\/image\/"}}]}},"_links":{"self":[{"href":"https:\/\/cheri-heater.com\/vn\/wp-json\/wp\/v2\/product\/1790","targetHints":{"allow":["GET"]}}],"collection":[{"href":"https:\/\/cheri-heater.com\/vn\/wp-json\/wp\/v2\/product"}],"about":[{"href":"https:\/\/cheri-heater.com\/vn\/wp-json\/wp\/v2\/types\/product"}],"wp:featuredmedia":[{"embeddable":true,"href":"https:\/\/cheri-heater.com\/vn\/wp-json\/wp\/v2\/media\/1791"}],"wp:attachment":[{"href":"https:\/\/cheri-heater.com\/vn\/wp-json\/wp\/v2\/media?parent=1790"}],"wp:term":[{"taxonomy":"product_brand","embeddable":true,"href":"https:\/\/cheri-heater.com\/vn\/wp-json\/wp\/v2\/product_brand?post=1790"},{"taxonomy":"product_cat","embeddable":true,"href":"https:\/\/cheri-heater.com\/vn\/wp-json\/wp\/v2\/product_cat?post=1790"},{"taxonomy":"product_tag","embeddable":true,"href":"https:\/\/cheri-heater.com\/vn\/wp-json\/wp\/v2\/product_tag?post=1790"}],"curies":[{"name":"wp","href":"https:\/\/api.w.org\/{rel}","templated":true}]}}