{"id":1792,"date":"2025-05-12T01:44:42","date_gmt":"2025-05-12T01:44:42","guid":{"rendered":"https:\/\/cheri-heater.com\/vn\/?post_type=product&#038;p=1792"},"modified":"2025-05-12T01:44:43","modified_gmt":"2025-05-12T01:44:43","slug":"thanh-dot-co2","status":"publish","type":"product","link":"https:\/\/cheri-heater.com\/vn\/product\/thanh-dot-co2\/","title":{"rendered":"Thanh \u0110\u1ed1t CO2"},"content":{"rendered":"","protected":false},"excerpt":{"rendered":"<h2><b><span><span class=\"\">Nh\u00e0 s\u1ea3n xu\u1ea5t b\u1ed9 ph\u1eadn l\u00e0m n\u00f3ng CO2 t\u1ed1t nh\u1ea5t t\u1ea1i Trung Qu\u1ed1c<\/span><\/span><\/b><\/h2>\n<p><span>Khi c\u00e1c ng\u00e0nh c\u00f4ng nghi\u1ec7p ph\u00e1t tri\u1ec3n, nhu c\u1ea7u v\u1ec1 h\u1ec7 th\u1ed1ng s\u01b0\u1edfi \u1ea5m \u0111\u00e1ng tin c\u1eady v\u00e0 ti\u1ebft ki\u1ec7m chi ph\u00ed tr\u1edf n\u00ean t\u1ed1i quan tr\u1ecdng. B\u1ed9 ph\u1eadn gia nhi\u1ec7t CO2 c\u1ee7a ch\u00fang t\u00f4i \u0111\u01b0\u1ee3c thi\u1ebft k\u1ebf \u0111\u1ec3 \u0111\u00e1p \u1ee9ng nh\u1eefng nhu c\u1ea7u n\u00e0y \u0111\u1ed3ng th\u1eddi g\u00f3p ph\u1ea7n v\u00e0o m\u1ed9t t\u01b0\u01a1ng lai xanh h\u01a1n.<\/span><\/p>\n<h3><span>T\u1ea1i sao n\u00ean ch\u1ecdn m\u00e1y s\u01b0\u1edfi CO2 c\u1ee7a ch\u00fang t\u00f4i?<\/span><\/h3>\n<h3><span>Hi\u1ec7u qu\u1ea3 n\u0103ng l\u01b0\u1ee3ng v\u00f4 song<\/span><\/h3>\n<p><span>B\u1ed9 ph\u1eadn gia nhi\u1ec7t CO2 c\u1ee7a ch\u00fang t\u00f4i s\u1eed d\u1ee5ng carbon dioxide l\u00e0m ch\u1ea5t l\u00e0m l\u1ea1nh, \u0111\u1ea1t hi\u1ec7u qu\u1ea3 ti\u1ebft ki\u1ec7m n\u0103ng l\u01b0\u1ee3ng v\u01b0\u1ee3t tr\u1ed9i.\u00a0<\/span><\/p>\n<ul>\n<li aria-level=\"1\"><span>H\u1ec7 s\u1ed1 hi\u1ec7u su\u1ea5t (COP) cao: C\u00f3 h\u1ec7 s\u1ed1 COP t\u1eeb 2,6 \u0111\u1ebfn 5,5, \u0111\u1ea3m b\u1ea3o b\u1ea1n nh\u1eadn \u0111\u01b0\u1ee3c nhi\u1ec1u nhi\u1ec7t h\u01a1n cho m\u1ed7i kilowatt ti\u00eau th\u1ee5.<\/span><\/li>\n<li aria-level=\"1\"><span>Gi\u1ea3m chi ph\u00ed v\u1eadn h\u00e0nh: Vi\u1ec7c chuy\u1ec3n sang s\u1eed d\u1ee5ng b\u1ed9 ph\u1eadn gia nhi\u1ec7t CO2 c\u1ee7a ch\u00fang t\u00f4i c\u00f3 th\u1ec3 gi\u00fap gi\u1ea3m chi ph\u00ed v\u1eadn h\u00e0nh do hi\u1ec7u qu\u1ea3 s\u1eed d\u1ee5ng n\u0103ng l\u01b0\u1ee3ng \u0111\u01b0\u1ee3c n\u00e2ng cao.<\/span><\/li>\n<\/ul>\n<h3><span>Thanh gia nhi\u1ec7t CO2 b\u1ec1n v\u1eefng<\/span><\/h3>\n<p><span>H\u00e3y \u0111\u00f3n nh\u1eadn t\u00ednh b\u1ec1n v\u1eefng v\u1edbi b\u1ed9 ph\u1eadn gia nhi\u1ec7t CO2 c\u1ee7a ch\u00fang t\u00f4i. B\u1eb1ng c\u00e1ch s\u1eed d\u1ee5ng carbon dioxide, m\u1ed9t ch\u1ea5t l\u00e0m l\u1ea1nh c\u00f3 kh\u1ea3 n\u0103ng l\u00e0m suy gi\u1ea3m t\u1ea7ng ozone b\u1eb1ng kh\u00f4ng, c\u00e1c gi\u1ea3i ph\u00e1p s\u01b0\u1edfi \u1ea5m c\u1ee7a ch\u00fang t\u00f4i ph\u00f9 h\u1ee3p v\u1edbi m\u1ee5c ti\u00eau tr\u00e1ch nhi\u1ec7m c\u1ee7a c\u00f4ng ty b\u1ea1n.<\/span><\/p>\n<ul>\n<li aria-level=\"1\"><span>Ch\u1ea5t l\u00e0m l\u1ea1nh th\u00e2n thi\u1ec7n v\u1edbi m\u00f4i tr\u01b0\u1eddng: Carbon dioxide r\u1ea5t d\u1ed3i d\u00e0o v\u00e0 an to\u00e0n v\u1edbi m\u00f4i tr\u01b0\u1eddng, khi\u1ebfn n\u00f3 tr\u1edf th\u00e0nh l\u1ef1a ch\u1ecdn l\u00fd t\u01b0\u1edfng cho c\u00e1c doanh nghi\u1ec7p t\u1eadp trung v\u00e0o vi\u1ec7c gi\u1ea3m thi\u1ec3u d\u1ea5u ch\u00e2n sinh th\u00e1i.<\/span><\/li>\n<li aria-level=\"1\"><span>H\u1ed7 tr\u1ee3 cho c\u00e1c m\u1ee5c ti\u00eau trung h\u00f2a carbon: Vi\u1ec7c tri\u1ec3n khai c\u00e1c b\u1ed9 ph\u1eadn gia nhi\u1ec7t CO2 c\u1ee7a ch\u00fang t\u00f4i gi\u00fap c\u00f4ng ty c\u1ee7a b\u1ea1n \u0111\u1ea1t \u0111\u01b0\u1ee3c c\u00e1c m\u1ee5c ti\u00eau trung h\u00f2a carbon m\u1ed9t c\u00e1ch hi\u1ec7u qu\u1ea3.<\/span><\/li>\n<\/ul>\n<h3><span>\u1ee8ng d\u1ee5ng \u0111a n\u0103ng<\/span><\/h3>\n<p><span>B\u1ed9 ph\u1eadn gia nhi\u1ec7t CO2 c\u1ee7a ch\u00fang t\u00f4i ph\u00f9 h\u1ee3p v\u1edbi nhi\u1ec1u \u1ee9ng d\u1ee5ng kh\u00e1c nhau trong nhi\u1ec1u ng\u00e0nh c\u00f4ng nghi\u1ec7p kh\u00e1c nhau:<\/span><\/p>\n<ul>\n<li aria-level=\"1\"><span>Ch\u1ebf bi\u1ebfn th\u1ef1c ph\u1ea9m: L\u00e0m n\u00f3ng n\u01b0\u1edbc hi\u1ec7u qu\u1ea3 v\u00e0 duy tr\u00ec nhi\u1ec7t \u0111\u1ed9 t\u1ed1i \u01b0u \u0111\u1ec3 \u0111\u1ea3m b\u1ea3o an to\u00e0n th\u1ef1c ph\u1ea9m.<\/span><\/li>\n<li aria-level=\"1\"><span>S\u1ea3n xu\u1ea5t: Cung c\u1ea5p gi\u1ea3i ph\u00e1p s\u01b0\u1edfi \u1ea5m \u0111\u00e1ng tin c\u1eady cho c\u00e1c quy tr\u00ecnh s\u1ea3n xu\u1ea5t \u0111\u00f2i h\u1ecfi ki\u1ec3m so\u00e1t nhi\u1ec7t \u0111\u1ed9 ch\u00ednh x\u00e1c.<\/span><\/li>\n<li aria-level=\"1\"><span>D\u1ecbch v\u1ee5 hi\u1ebfu kh\u00e1ch: N\u00e2ng cao tr\u1ea3i nghi\u1ec7m c\u1ee7a kh\u00e1ch t\u1ea1i kh\u00e1ch s\u1ea1n v\u00e0 khu ngh\u1ec9 d\u01b0\u1ee1ng b\u1eb1ng c\u00e1ch \u0111\u1ea3m b\u1ea3o kh\u00ed h\u1eadu trong nh\u00e0 tho\u1ea3i m\u00e1i.<\/span><\/li>\n<\/ul>\n<h3><span>C\u00f4ng ngh\u1ec7 ti\u00ean ti\u1ebfn trong b\u1ed9 ph\u1eadn gia nhi\u1ec7t CO2<\/span><\/h3>\n<p><span>M\u00e1y s\u01b0\u1edfi Cheri t\u00edch h\u1ee3p c\u00f4ng ngh\u1ec7 ti\u00ean ti\u1ebfn v\u00e0o b\u1ed9 ph\u1eadn gia nhi\u1ec7t CO2, \u0111\u1ea3m b\u1ea3o hi\u1ec7u su\u1ea5t \u0111\u00e1ng tin c\u1eady ngay c\u1ea3 trong \u0111i\u1ec1u ki\u1ec7n kh\u1eafc nghi\u1ec7t.<\/span><\/p>\n<ul>\n<li aria-level=\"1\"><span>Kh\u1ea3 n\u0103ng ch\u1ecbu th\u1eddi ti\u1ebft l\u1ea1nh: H\u1ec7 th\u1ed1ng c\u1ee7a ch\u00fang t\u00f4i ho\u1ea1t \u0111\u1ed9ng hi\u1ec7u qu\u1ea3 \u1edf nhi\u1ec7t \u0111\u1ed9 th\u1ea5p t\u1edbi -4\u00b0F, ph\u00f9 h\u1ee3p v\u1edbi nhi\u1ec1u lo\u1ea1i kh\u00ed h\u1eadu kh\u00e1c nhau.<\/span><\/li>\n<li aria-level=\"1\"><span>B\u1ed9 \u0111i\u1ec1u khi\u1ec3n th\u00f4ng minh: V\u1edbi h\u1ec7 th\u1ed1ng \u0111i\u1ec1u khi\u1ec3n ti\u00ean ti\u1ebfn, d\u1ec5 d\u00e0ng theo d\u00f5i v\u00e0 \u0111i\u1ec1u ch\u1ec9nh c\u00e0i \u0111\u1eb7t s\u01b0\u1edfi \u1ea5m \u0111\u1ec3 c\u00f3 hi\u1ec7u su\u1ea5t t\u1ed1i \u01b0u.<\/span><\/li>\n<\/ul>\n<h3><span>B\u1eaft \u0111\u1ea7u ngay h\u00f4m nay!<\/span><\/h3>\n<p><span><span class=\"\">L\u1ef1a ch\u1ecdn b\u1ed9 ph\u1eadn gia nhi\u1ec7t CO2 c\u1ee7a Cheri Heater c\u00f3 ngh\u0129a l\u00e0 \u0111\u1ea7u t\u01b0 v\u00e0o t\u01b0\u01a1ng lai b\u1ec1n v\u1eefng \u0111\u1ed3ng th\u1eddi n\u00e2ng cao hi\u1ec7u qu\u1ea3 ho\u1ea1t \u0111\u1ed9ng c\u1ee7a doanh nghi\u1ec7p b\u1ea1n. V\u1edbi kh\u1ea3 n\u0103ng ti\u1ebft ki\u1ec7m n\u0103ng l\u01b0\u1ee3ng v\u00f4 song, c\u00f4ng ngh\u1ec7 th\u00e2n thi\u1ec7n v\u1edbi m\u00f4i tr\u01b0\u1eddng v\u00e0 c\u00e1c \u1ee9ng d\u1ee5ng \u0111a d\u1ea1ng, b\u1ed9 ph\u1eadn gia nhi\u1ec7t CO2 c\u1ee7a ch\u00fang t\u00f4i \u0111\u01b0\u1ee3c thi\u1ebft k\u1ebf \u0111\u1ec3 \u0111\u00e1p \u1ee9ng nhu c\u1ea7u c\u1ee7a c\u00e1c ng\u00e0nh c\u00f4ng nghi\u1ec7p hi\u1ec7n \u0111\u1ea1i.<\/span><\/span><\/p>\n","protected":false},"featured_media":1793,"template":"","meta":[],"product_brand":[],"product_cat":[21],"product_tag":[195],"class_list":{"0":"post-1792","1":"product","2":"type-product","3":"status-publish","4":"has-post-thumbnail","6":"product_cat-cartridge-heater","7":"product_tag-thanh-dot-co2","9":"first","10":"instock","11":"shipping-taxable","12":"product-type-simple"},"yoast_head":"<!-- This site is optimized with the Yoast SEO plugin v27.4 - https:\/\/yoast.com\/product\/yoast-seo-wordpress\/ -->\n<title>Nh\u00e0 s\u1ea3n xu\u1ea5t b\u1ed9 ph\u1eadn l\u00e0m n\u00f3ng CO2 t\u1ed1t nh\u1ea5t t\u1ea1i Trung Qu\u1ed1c<\/title>\n<meta name=\"description\" content=\"Nh\u00e0 s\u1ea3n xu\u1ea5t thi\u1ebft b\u1ecb gia nhi\u1ec7t CO2 h\u00e0ng \u0111\u1ea7u cung c\u1ea5p c\u00e1c gi\u1ea3i ph\u00e1p gia nhi\u1ec7t ch\u1ea5t l\u01b0\u1ee3ng cao, hi\u1ec7u qu\u1ea3 v\u00e0 b\u1ec1n b\u1ec9 cho c\u00e1c \u1ee9ng d\u1ee5ng c\u00f4ng nghi\u1ec7p v\u00e0 th\u01b0\u01a1ng m\u1ea1i.\" \/>\n<meta name=\"robots\" content=\"index, follow, max-snippet:-1, max-image-preview:large, max-video-preview:-1\" \/>\n<link rel=\"canonical\" href=\"https:\/\/cheri-heater.com\/vn\/product\/thanh-dot-co2\/\" \/>\n<meta property=\"og:locale\" content=\"en_US\" \/>\n<meta property=\"og:type\" content=\"article\" \/>\n<meta property=\"og:title\" content=\"Nh\u00e0 s\u1ea3n xu\u1ea5t b\u1ed9 ph\u1eadn l\u00e0m n\u00f3ng CO2 t\u1ed1t nh\u1ea5t t\u1ea1i Trung Qu\u1ed1c\" \/>\n<meta property=\"og:description\" content=\"Nh\u00e0 s\u1ea3n xu\u1ea5t thi\u1ebft b\u1ecb gia nhi\u1ec7t CO2 h\u00e0ng \u0111\u1ea7u cung c\u1ea5p c\u00e1c gi\u1ea3i ph\u00e1p gia nhi\u1ec7t ch\u1ea5t l\u01b0\u1ee3ng cao, hi\u1ec7u qu\u1ea3 v\u00e0 b\u1ec1n b\u1ec9 cho c\u00e1c \u1ee9ng d\u1ee5ng c\u00f4ng nghi\u1ec7p v\u00e0 th\u01b0\u01a1ng m\u1ea1i.\" \/>\n<meta property=\"og:url\" content=\"https:\/\/cheri-heater.com\/vn\/product\/thanh-dot-co2\/\" \/>\n<meta property=\"og:site_name\" content=\"Cheri Heater Technology Co.,Ltd.\" \/>\n<meta property=\"article:modified_time\" content=\"2025-05-12T01:44:43+00:00\" \/>\n<meta property=\"og:image\" content=\"http:\/\/cheri-heater.com\/vn\/wp-content\/uploads\/2025\/05\/CO1.jpg\" \/>\n\t<meta property=\"og:image:width\" content=\"750\" \/>\n\t<meta property=\"og:image:height\" content=\"650\" \/>\n\t<meta property=\"og:image:type\" content=\"image\/jpeg\" \/>\n<meta name=\"twitter:card\" content=\"summary_large_image\" \/>\n<meta name=\"twitter:label1\" content=\"Est. reading time\" \/>\n\t<meta name=\"twitter:data1\" content=\"1 minute\" \/>\n<!-- \/ Yoast SEO plugin. -->","yoast_head_json":{"title":"Nh\u00e0 s\u1ea3n xu\u1ea5t b\u1ed9 ph\u1eadn l\u00e0m n\u00f3ng CO2 t\u1ed1t nh\u1ea5t t\u1ea1i Trung Qu\u1ed1c","description":"Nh\u00e0 s\u1ea3n xu\u1ea5t thi\u1ebft b\u1ecb gia nhi\u1ec7t CO2 h\u00e0ng \u0111\u1ea7u cung c\u1ea5p c\u00e1c gi\u1ea3i ph\u00e1p gia nhi\u1ec7t ch\u1ea5t l\u01b0\u1ee3ng cao, hi\u1ec7u qu\u1ea3 v\u00e0 b\u1ec1n b\u1ec9 cho c\u00e1c \u1ee9ng d\u1ee5ng c\u00f4ng nghi\u1ec7p v\u00e0 th\u01b0\u01a1ng m\u1ea1i.","robots":{"index":"index","follow":"follow","max-snippet":"max-snippet:-1","max-image-preview":"max-image-preview:large","max-video-preview":"max-video-preview:-1"},"canonical":"https:\/\/cheri-heater.com\/vn\/product\/thanh-dot-co2\/","og_locale":"en_US","og_type":"article","og_title":"Nh\u00e0 s\u1ea3n xu\u1ea5t b\u1ed9 ph\u1eadn l\u00e0m n\u00f3ng CO2 t\u1ed1t nh\u1ea5t t\u1ea1i Trung Qu\u1ed1c","og_description":"Nh\u00e0 s\u1ea3n xu\u1ea5t thi\u1ebft b\u1ecb gia nhi\u1ec7t CO2 h\u00e0ng \u0111\u1ea7u cung c\u1ea5p c\u00e1c gi\u1ea3i ph\u00e1p gia nhi\u1ec7t ch\u1ea5t l\u01b0\u1ee3ng cao, hi\u1ec7u qu\u1ea3 v\u00e0 b\u1ec1n b\u1ec9 cho c\u00e1c \u1ee9ng d\u1ee5ng c\u00f4ng nghi\u1ec7p v\u00e0 th\u01b0\u01a1ng m\u1ea1i.","og_url":"https:\/\/cheri-heater.com\/vn\/product\/thanh-dot-co2\/","og_site_name":"Cheri Heater Technology Co.,Ltd.","article_modified_time":"2025-05-12T01:44:43+00:00","og_image":[{"width":750,"height":650,"url":"http:\/\/cheri-heater.com\/vn\/wp-content\/uploads\/2025\/05\/CO1.jpg","type":"image\/jpeg"}],"twitter_card":"summary_large_image","twitter_misc":{"Est. reading time":"1 minute"},"schema":{"@context":"https:\/\/schema.org","@graph":[{"@type":"WebPage","@id":"https:\/\/cheri-heater.com\/vn\/product\/thanh-dot-co2\/","url":"https:\/\/cheri-heater.com\/vn\/product\/thanh-dot-co2\/","name":"Nh\u00e0 s\u1ea3n xu\u1ea5t b\u1ed9 ph\u1eadn l\u00e0m n\u00f3ng CO2 t\u1ed1t nh\u1ea5t t\u1ea1i Trung Qu\u1ed1c","isPartOf":{"@id":"https:\/\/cheri-heater.com\/vn\/#website"},"primaryImageOfPage":{"@id":"https:\/\/cheri-heater.com\/vn\/product\/thanh-dot-co2\/#primaryimage"},"image":{"@id":"https:\/\/cheri-heater.com\/vn\/product\/thanh-dot-co2\/#primaryimage"},"thumbnailUrl":"https:\/\/cheri-heater.com\/vn\/wp-content\/uploads\/2025\/05\/CO1.jpg","datePublished":"2025-05-12T01:44:42+00:00","dateModified":"2025-05-12T01:44:43+00:00","description":"Nh\u00e0 s\u1ea3n xu\u1ea5t thi\u1ebft b\u1ecb gia nhi\u1ec7t CO2 h\u00e0ng \u0111\u1ea7u cung c\u1ea5p c\u00e1c gi\u1ea3i ph\u00e1p gia nhi\u1ec7t ch\u1ea5t l\u01b0\u1ee3ng cao, hi\u1ec7u qu\u1ea3 v\u00e0 b\u1ec1n b\u1ec9 cho c\u00e1c \u1ee9ng d\u1ee5ng c\u00f4ng nghi\u1ec7p v\u00e0 th\u01b0\u01a1ng m\u1ea1i.","breadcrumb":{"@id":"https:\/\/cheri-heater.com\/vn\/product\/thanh-dot-co2\/#breadcrumb"},"inLanguage":"en-US","potentialAction":[{"@type":"ReadAction","target":["https:\/\/cheri-heater.com\/vn\/product\/thanh-dot-co2\/"]}]},{"@type":"ImageObject","inLanguage":"en-US","@id":"https:\/\/cheri-heater.com\/vn\/product\/thanh-dot-co2\/#primaryimage","url":"https:\/\/cheri-heater.com\/vn\/wp-content\/uploads\/2025\/05\/CO1.jpg","contentUrl":"https:\/\/cheri-heater.com\/vn\/wp-content\/uploads\/2025\/05\/CO1.jpg","width":750,"height":650,"caption":"Thanh \u0110\u1ed1t CO2"},{"@type":"BreadcrumbList","@id":"https:\/\/cheri-heater.com\/vn\/product\/thanh-dot-co2\/#breadcrumb","itemListElement":[{"@type":"ListItem","position":1,"name":"Home","item":"https:\/\/cheri-heater.com\/vn\/"},{"@type":"ListItem","position":2,"name":"Products","item":"https:\/\/cheri-heater.com\/vn\/products\/"},{"@type":"ListItem","position":3,"name":"Thanh \u0110\u1ed1t CO2"}]},{"@type":"WebSite","@id":"https:\/\/cheri-heater.com\/vn\/#website","url":"https:\/\/cheri-heater.com\/vn\/","name":"Cheri Heater Technology Co.,Ltd.","description":"","publisher":{"@id":"https:\/\/cheri-heater.com\/vn\/#organization"},"potentialAction":[{"@type":"SearchAction","target":{"@type":"EntryPoint","urlTemplate":"https:\/\/cheri-heater.com\/vn\/?s={search_term_string}"},"query-input":{"@type":"PropertyValueSpecification","valueRequired":true,"valueName":"search_term_string"}}],"inLanguage":"en-US"},{"@type":"Organization","@id":"https:\/\/cheri-heater.com\/vn\/#organization","name":"Cheri Heater Technology Co.,Ltd.","url":"https:\/\/cheri-heater.com\/vn\/","logo":{"@type":"ImageObject","inLanguage":"en-US","@id":"https:\/\/cheri-heater.com\/vn\/#\/schema\/logo\/image\/","url":"https:\/\/cheri-heater.com\/vn\/wp-content\/uploads\/2024\/06\/cropped-logo-resize.png","contentUrl":"https:\/\/cheri-heater.com\/vn\/wp-content\/uploads\/2024\/06\/cropped-logo-resize.png","width":346,"height":99,"caption":"Cheri Heater Technology Co.,Ltd."},"image":{"@id":"https:\/\/cheri-heater.com\/vn\/#\/schema\/logo\/image\/"}}]}},"_links":{"self":[{"href":"https:\/\/cheri-heater.com\/vn\/wp-json\/wp\/v2\/product\/1792","targetHints":{"allow":["GET"]}}],"collection":[{"href":"https:\/\/cheri-heater.com\/vn\/wp-json\/wp\/v2\/product"}],"about":[{"href":"https:\/\/cheri-heater.com\/vn\/wp-json\/wp\/v2\/types\/product"}],"wp:featuredmedia":[{"embeddable":true,"href":"https:\/\/cheri-heater.com\/vn\/wp-json\/wp\/v2\/media\/1793"}],"wp:attachment":[{"href":"https:\/\/cheri-heater.com\/vn\/wp-json\/wp\/v2\/media?parent=1792"}],"wp:term":[{"taxonomy":"product_brand","embeddable":true,"href":"https:\/\/cheri-heater.com\/vn\/wp-json\/wp\/v2\/product_brand?post=1792"},{"taxonomy":"product_cat","embeddable":true,"href":"https:\/\/cheri-heater.com\/vn\/wp-json\/wp\/v2\/product_cat?post=1792"},{"taxonomy":"product_tag","embeddable":true,"href":"https:\/\/cheri-heater.com\/vn\/wp-json\/wp\/v2\/product_tag?post=1792"}],"curies":[{"name":"wp","href":"https:\/\/api.w.org\/{rel}","templated":true}]}}