{"id":1794,"date":"2025-05-12T01:51:48","date_gmt":"2025-05-12T01:51:48","guid":{"rendered":"https:\/\/cheri-heater.com\/vn\/?post_type=product&#038;p=1794"},"modified":"2025-05-12T01:51:48","modified_gmt":"2025-05-12T01:51:48","slug":"may-suoi-hop-muc-sieu-nho","status":"publish","type":"product","link":"https:\/\/cheri-heater.com\/vn\/product\/may-suoi-hop-muc-sieu-nho\/","title":{"rendered":"M\u00e1y S\u01b0\u1edfi H\u1ed9p M\u1ef1c Si\u00eau Nh\u1ecf"},"content":{"rendered":"","protected":false},"excerpt":{"rendered":"<h1 class=\"\" data-start=\"131\" data-end=\"169\"><span><span class=\"\">Nh\u00e0 s\u1ea3n xu\u1ea5t m\u00e1y s\u01b0\u1edfi Micro Cartridge<\/span><\/span><\/h1>\n<p class=\"\" data-start=\"171\" data-end=\"657\"><span>Khi \u0111\u1ed9 ch\u00ednh x\u00e1c, \u0111\u1ed9 tin c\u1eady v\u00e0 c\u00e1c gi\u1ea3i ph\u00e1p s\u01b0\u1edfi \u1ea5m nh\u1ecf g\u1ecdn l\u00e0 \u0111i\u1ec1u c\u1ea7n thi\u1ebft, vi\u1ec7c l\u1ef1a ch\u1ecdn \u0111\u00fang nh\u00e0 s\u1ea3n xu\u1ea5t m\u00e1y s\u01b0\u1edfi h\u1ed9p m\u1ef1c si\u00eau nh\u1ecf s\u1ebd t\u1ea1o n\u00ean s\u1ef1 kh\u00e1c bi\u1ec7t. T\u1ea1i Cheri-heater.com, ch\u00fang t\u00f4i chuy\u00ean s\u1ea3n xu\u1ea5t m\u00e1y s\u01b0\u1edfi h\u1ed9p m\u1ef1c si\u00eau nh\u1ecf hi\u1ec7u su\u1ea5t cao \u0111\u00e1p \u1ee9ng nhu c\u1ea7u kh\u1eaft khe c\u1ee7a c\u00e1c ng\u00e0nh c\u00f4ng nghi\u1ec7p tr\u00ean to\u00e0n th\u1ebf gi\u1edbi. V\u1edbi nhi\u1ec1u n\u0103m kinh nghi\u1ec7m, kh\u1ea3 n\u0103ng s\u1ea3n xu\u1ea5t ti\u00ean ti\u1ebfn v\u00e0 cam k\u1ebft v\u1ec1 ch\u1ea5t l\u01b0\u1ee3ng, ch\u00fang t\u00f4i t\u1ef1 h\u00e0o l\u00e0 m\u1ed9t trong nh\u1eefng nh\u00e0 s\u1ea3n xu\u1ea5t m\u00e1y s\u01b0\u1edfi h\u1ed9p m\u1ef1c si\u00eau nh\u1ecf h\u00e0ng \u0111\u1ea7u tr\u00ean th\u1ecb tr\u01b0\u1eddng.<\/span><\/p>\n<h2 class=\"\" data-start=\"659\" data-end=\"707\"><span>Nh\u00e0 s\u1ea3n xu\u1ea5t m\u00e1y s\u01b0\u1edfi Micro Cartridge l\u00e0 ai?<\/span><\/h2>\n<p class=\"\" data-start=\"709\" data-end=\"1158\"><span>C\u00e1c nh\u00e0 s\u1ea3n xu\u1ea5t m\u00e1y s\u01b0\u1edfi h\u1ed9p m\u1ef1c si\u00eau nh\u1ecf thi\u1ebft k\u1ebf v\u00e0 s\u1ea3n xu\u1ea5t c\u00e1c b\u1ed9 ph\u1eadn gia nhi\u1ec7t thu nh\u1ecf \u0111\u01b0\u1ee3c ch\u1ebf t\u1ea1o \u0111\u1ec3 s\u1eed d\u1ee5ng trong kh\u00f4ng gian nh\u1ecf, h\u1ea1n ch\u1ebf. C\u00e1c nh\u00e0 s\u1ea3n xu\u1ea5t n\u00e0y ph\u1ea3i cung c\u1ea5p c\u00e1c s\u1ea3n ph\u1ea9m k\u1ebft h\u1ee3p m\u1eadt \u0111\u1ed9 watt cao, kh\u1ea3 n\u0103ng ki\u1ec3m so\u00e1t nhi\u1ec7t \u0111\u1ed9 tuy\u1ec7t v\u1eddi v\u00e0 \u0111\u1ed9 b\u1ec1n trong k\u00edch th\u01b0\u1edbc r\u1ea5t nh\u1ecf g\u1ecdn. C\u00e1c \u1ee9ng d\u1ee5ng nh\u01b0 thi\u1ebft b\u1ecb y t\u1ebf, in 3D, h\u00e0ng kh\u00f4ng v\u0169 tr\u1ee5, \u0111\u00f3ng g\u00f3i v\u00e0 ng\u00e0nh c\u00f4ng nghi\u1ec7p \u00f4 t\u00f4 d\u1ef1a v\u00e0o hi\u1ec7u su\u1ea5t nh\u1ea5t qu\u00e1n c\u1ee7a c\u00e1c m\u00e1y s\u01b0\u1edfi nh\u1ecf nh\u01b0ng m\u1ea1nh m\u1ebd n\u00e0y.<\/span><\/p>\n<p class=\"\" data-start=\"1160\" data-end=\"1472\"><span>L\u00e0 nh\u00e0 s\u1ea3n xu\u1ea5t m\u00e1y s\u01b0\u1edfi h\u1ed9p m\u1ef1c si\u00eau nh\u1ecf \u0111\u00e1ng tin c\u1eady, ch\u00fang t\u00f4i hi\u1ec3u vai tr\u00f2 quan tr\u1ecdng c\u1ee7a s\u1ea3n ph\u1ea9m trong ho\u1ea1t \u0111\u1ed9ng c\u1ee7a b\u1ea1n. \u0110\u00f3 l\u00e0 l\u00fd do t\u1ea1i sao ch\u00fang t\u00f4i s\u1eed d\u1ee5ng th\u00e9p kh\u00f4ng g\u1ec9 cao c\u1ea5p, l\u1edbp c\u00e1ch nhi\u1ec7t magi\u00ea oxit tinh khi\u1ebft cao v\u00e0 c\u00f4ng ngh\u1ec7 d\u00e2y \u0111i\u1ec7n tr\u1edf ti\u00ean ti\u1ebfn \u0111\u1ec3 \u0111\u1ea3m b\u1ea3o m\u1ecdi m\u00e1y s\u01b0\u1edfi ch\u00fang t\u00f4i cung c\u1ea5p \u0111\u1ec1u \u0111\u00e1p \u1ee9ng c\u00e1c ti\u00eau chu\u1ea9n cao nh\u1ea5t.<\/span><\/p>\n<h3 data-start=\"1474\" data-end=\"1552\"><span>T\u1ea1i sao n\u00ean ch\u1ecdn Cheri-heater.com l\u00e0m nh\u00e0 s\u1ea3n xu\u1ea5t m\u00e1y s\u01b0\u1edfi h\u1ed9p m\u1ef1c si\u00eau nh\u1ecf c\u1ee7a b\u1ea1n?<\/span><\/h3>\n<p class=\"\" data-start=\"1554\" data-end=\"1742\"><span>T\u1ea1i Cheri-heater.com, ch\u00fang t\u00f4i kh\u00f4ng ch\u1ec9 l\u00e0 nh\u00e0 s\u1ea3n xu\u1ea5t m\u00e1y s\u01b0\u1edfi h\u1ed9p m\u1ef1c si\u00eau nh\u1ecf m\u00e0 c\u00f2n l\u00e0 \u0111\u1ed1i t\u00e1c c\u1ee7a b\u1ea1n trong \u0111\u1ed5i m\u1edbi h\u1ec7 th\u1ed1ng s\u01b0\u1edfi \u1ea5m. Sau \u0111\u00e2y l\u00e0 l\u00fd do t\u1ea1i sao kh\u00e1ch h\u00e0ng trong nhi\u1ec1u ng\u00e0nh c\u00f4ng nghi\u1ec7p kh\u00e1c nhau ch\u1ecdn ch\u00fang t\u00f4i:<\/span><\/p>\n<ul data-start=\"1744\" data-end=\"2426\">\n<li class=\"\" data-start=\"1744\" data-end=\"1912\">\n<p class=\"\" data-start=\"1746\" data-end=\"1912\"><strong data-start=\"1746\" data-end=\"1772\"><span>T\u00f9y ch\u1ecdn t\u00f9y ch\u1ec9nh:<\/span><\/strong><span>\u00a0Ch\u00fang t\u00f4i cung c\u1ea5p nhi\u1ec1u k\u00edch c\u1ee1, c\u00f4ng su\u1ea5t, \u0111i\u1ec7n \u00e1p, c\u1ea5u h\u00ecnh d\u00e2y d\u1eabn v\u00e0 t\u00f9y ch\u1ecdn l\u1eafp \u0111\u1eb7t t\u00f9y ch\u1ec9nh \u0111\u1ec3 ph\u00f9 h\u1ee3p v\u1edbi \u1ee9ng d\u1ee5ng c\u1ee5 th\u1ec3 c\u1ee7a b\u1ea1n.<\/span><\/p>\n<\/li>\n<li class=\"\" data-start=\"1913\" data-end=\"2036\">\n<p class=\"\" data-start=\"1915\" data-end=\"2036\"><strong data-start=\"1915\" data-end=\"1932\"><span>Ch\u1ea5t l\u01b0\u1ee3ng cao:<\/span><\/strong><span>\u00a0M\u00e1y s\u01b0\u1edfi c\u1ee7a ch\u00fang t\u00f4i \u0111\u01b0\u1ee3c ch\u1ebf t\u1ea1o ch\u00ednh x\u00e1c v\u00e0 \u0111\u01b0\u1ee3c th\u1eed nghi\u1ec7m nghi\u00eam ng\u1eb7t \u0111\u1ec3 \u0111\u1ea3m b\u1ea3o hi\u1ec7u su\u1ea5t v\u00e0 \u0111\u1ed9 b\u1ec1n t\u1ed1i \u0111a.<\/span><\/p>\n<\/li>\n<li class=\"\" data-start=\"2037\" data-end=\"2160\">\n<p class=\"\" data-start=\"2039\" data-end=\"2160\"><strong data-start=\"2039\" data-end=\"2059\"><span>Th\u1eddi gian giao h\u00e0ng nhanh:<\/span><\/strong><span>\u00a0Nh\u1edd quy tr\u00ecnh s\u1ea3n xu\u1ea5t hi\u1ec7u qu\u1ea3, ch\u00fang t\u00f4i giao h\u00e0ng nhanh ch\u00f3ng m\u00e0 kh\u00f4ng \u1ea3nh h\u01b0\u1edfng \u0111\u1ebfn ch\u1ea5t l\u01b0\u1ee3ng.<\/span><\/p>\n<\/li>\n<li class=\"\" data-start=\"2161\" data-end=\"2280\">\n<p class=\"\" data-start=\"2163\" data-end=\"2280\"><strong data-start=\"2163\" data-end=\"2187\"><span>Chuy\u00ean m\u00f4n k\u1ef9 thu\u1eadt:<\/span><\/strong><span>\u00a0\u0110\u1ed9i ng\u0169 k\u1ef9 s\u01b0 c\u1ee7a ch\u00fang t\u00f4i cung c\u1ea5p h\u1ed7 tr\u1ee3 to\u00e0n di\u1ec7n, t\u1eeb t\u01b0 v\u1ea5n thi\u1ebft k\u1ebf \u0111\u1ebfn d\u1ecbch v\u1ee5 sau b\u00e1n h\u00e0ng.<\/span><\/p>\n<\/li>\n<li class=\"\" data-start=\"2281\" data-end=\"2426\">\n<p class=\"\" data-start=\"2283\" data-end=\"2426\"><strong data-start=\"2283\" data-end=\"2307\"><span>Gi\u00e1 c\u1ea3 c\u1ea1nh tranh:<\/span><\/strong><span>\u00a0Ch\u1ea5t l\u01b0\u1ee3ng cao kh\u00f4ng nh\u1ea5t thi\u1ebft ph\u1ea3i \u0111i k\u00e8m v\u1edbi m\u1ee9c gi\u00e1 cao \u2014 ch\u00fang t\u00f4i cung c\u1ea5p gi\u00e1 c\u1ea3 c\u1ea1nh tranh cho t\u1ea5t c\u1ea3 c\u00e1c m\u00e1y s\u01b0\u1edfi h\u1ed9p m\u1ef1c si\u00eau nh\u1ecf c\u1ee7a m\u00ecnh.<\/span><\/p>\n<\/li>\n<\/ul>\n<h4 data-start=\"2550\" data-end=\"2592\"><span>\u1ee8ng d\u1ee5ng c\u1ee7a m\u00e1y s\u01b0\u1edfi Micro Cartridge<\/span><\/h4>\n<p class=\"\" data-start=\"2594\" data-end=\"2711\"><span>C\u00e1c nh\u00e0 s\u1ea3n xu\u1ea5t m\u00e1y s\u01b0\u1edfi h\u1ed9p m\u1ef1c si\u00eau nh\u1ecf h\u00e0ng \u0111\u1ea7u ph\u1ee5c v\u1ee5 cho nhi\u1ec1u ng\u00e0nh c\u00f4ng nghi\u1ec7p v\u00e0 \u1ee9ng d\u1ee5ng kh\u00e1c nhau, bao g\u1ed3m:<\/span><\/p>\n<ul data-start=\"2713\" data-end=\"3127\">\n<li class=\"\" data-start=\"2713\" data-end=\"2789\">\n<p class=\"\" data-start=\"2715\" data-end=\"2789\"><strong data-start=\"2715\" data-end=\"2735\"><span>Thi\u1ebft b\u1ecb y t\u1ebf:<\/span><\/strong><span>\u00a0D\u00f9ng \u0111\u1ec3 gia nhi\u1ec7t ch\u00ednh x\u00e1c trong c\u00e1c d\u1ee5ng c\u1ee5 ch\u1ea9n \u0111o\u00e1n v\u00e0 ph\u1eabu thu\u1eadt.<\/span><\/p>\n<\/li>\n<li class=\"\" data-start=\"2790\" data-end=\"2870\">\n<p class=\"\" data-start=\"2792\" data-end=\"2870\"><strong data-start=\"2792\" data-end=\"2808\"><span>M\u00e1y in 3D:<\/span><\/strong><span>\u00a0D\u00f9ng \u0111\u1ec3 gia nhi\u1ec7t v\u00f2i phun v\u00e0 gi\u01b0\u1eddng in v\u1edbi kh\u1ea3 n\u0103ng ki\u1ec3m so\u00e1t nhi\u1ec7t \u0111\u1ed9 ch\u00ednh x\u00e1c.<\/span><\/p>\n<\/li>\n<li class=\"\" data-start=\"2871\" data-end=\"2945\">\n<p class=\"\" data-start=\"2873\" data-end=\"2945\"><strong data-start=\"2873\" data-end=\"2897\"><span>Thi\u1ebft b\u1ecb \u0111\u00f3ng g\u00f3i:<\/span><\/strong><span>\u00a0D\u00f9ng cho c\u00e1c \u1ee9ng d\u1ee5ng ni\u00eam phong, c\u1eaft v\u00e0 h\u00e0n.<\/span><\/p>\n<\/li>\n<li class=\"\" data-start=\"2946\" data-end=\"3037\">\n<p class=\"\" data-start=\"2948\" data-end=\"3037\"><strong data-start=\"2948\" data-end=\"2977\"><span>H\u00e0ng kh\u00f4ng v\u0169 tr\u1ee5 v\u00e0 \u00f4 t\u00f4:<\/span><\/strong><span>\u00a0D\u00e0nh cho c\u00e1c gi\u1ea3i ph\u00e1p s\u01b0\u1edfi \u1ea5m nh\u1ecf g\u1ecdn, n\u01a1i \u0111\u1ed9 tin c\u1eady l\u00e0 y\u1ebfu t\u1ed1 quan tr\u1ecdng.<\/span><\/p>\n<\/li>\n<li class=\"\" data-start=\"3038\" data-end=\"3127\">\n<p class=\"\" data-start=\"3040\" data-end=\"3127\"><strong data-start=\"3040\" data-end=\"3060\"><span>Ch\u1ebf bi\u1ebfn th\u1ef1c ph\u1ea9m:<\/span><\/strong><span>\u00a0D\u00e0nh cho nhu c\u1ea7u gia nhi\u1ec7t d\u1ea1ng nh\u1ecf trong m\u00e1y m\u00f3c v\u00e0 d\u1ee5ng c\u1ee5.<\/span><\/p>\n<\/li>\n<\/ul>\n<p class=\"\" data-start=\"3129\" data-end=\"3225\"><span>D\u00f9 \u1ee9ng d\u1ee5ng c\u1ee7a b\u1ea1n l\u00e0 g\u00ec, m\u00e1y s\u01b0\u1edfi c\u1ee7a ch\u00fang t\u00f4i \u0111\u1ec1u \u0111\u01b0\u1ee3c ch\u1ebf t\u1ea1o \u0111\u1ec3 ho\u1ea1t \u0111\u1ed9ng trong nh\u1eefng \u0111i\u1ec1u ki\u1ec7n kh\u1eafc nghi\u1ec7t nh\u1ea5t.<\/span><\/p>\n<h2 class=\"\" data-start=\"3227\" data-end=\"3254\"><span>H\u1ee3p t\u00e1c v\u1edbi c\u00e1c chuy\u00ean gia<\/span><\/h2>\n<p class=\"\" data-start=\"3256\" data-end=\"3527\"><span>Vi\u1ec7c l\u1ef1a ch\u1ecdn \u0111\u00fang nh\u00e0 s\u1ea3n xu\u1ea5t m\u00e1y s\u01b0\u1edfi h\u1ed9p m\u1ef1c si\u00eau nh\u1ecf c\u00f3 th\u1ec3 \u1ea3nh h\u01b0\u1edfng l\u1edbn \u0111\u1ebfn hi\u1ec7u qu\u1ea3, tu\u1ed5i th\u1ecd v\u00e0 hi\u1ec7u su\u1ea5t c\u1ee7a s\u1ea3n ph\u1ea9m. T\u1ea1i Cheri-heater.com, ch\u00fang t\u00f4i t\u1ef1 h\u00e0o cung c\u1ea5p c\u00e1c m\u00e1y s\u01b0\u1edfi c\u00f3 ch\u1ea5t l\u01b0\u1ee3ng v\u01b0\u1ee3t tr\u1ed9i, thi\u1ebft k\u1ebf s\u00e1ng t\u1ea1o v\u00e0 \u0111\u1ed9 tin c\u1eady v\u00f4 song.<\/span><\/p>\n","protected":false},"featured_media":1795,"template":"","meta":[],"product_brand":[],"product_cat":[21],"product_tag":[],"class_list":{"0":"post-1794","1":"product","2":"type-product","3":"status-publish","4":"has-post-thumbnail","6":"product_cat-cartridge-heater","8":"first","9":"instock","10":"shipping-taxable","11":"product-type-simple"},"yoast_head":"<!-- This site is optimized with the Yoast SEO plugin v27.3 - https:\/\/yoast.com\/product\/yoast-seo-wordpress\/ -->\n<title>Top Micro Cartridge Heater Manufacturers | Cheri-heater.com<\/title>\n<meta name=\"description\" content=\"B\u1ea1n \u0111ang t\u00ecm nh\u00e0 s\u1ea3n xu\u1ea5t m\u00e1y s\u01b0\u1edfi h\u1ed9p m\u1ef1c si\u00eau nh\u1ecf chuy\u00ean nghi\u1ec7p? Ch\u00fang t\u00f4i cung c\u1ea5p m\u00e1y s\u01b0\u1edfi b\u1ec1n, nh\u1ecf g\u1ecdn v\u1edbi thi\u1ebft k\u1ebf t\u00f9y ch\u1ec9nh theo nhu c\u1ea7u c\u1ee5 th\u1ec3 c\u1ee7a b\u1ea1n.\" \/>\n<meta name=\"robots\" content=\"index, follow, max-snippet:-1, max-image-preview:large, max-video-preview:-1\" \/>\n<link rel=\"canonical\" href=\"https:\/\/cheri-heater.com\/vn\/product\/may-suoi-hop-muc-sieu-nho\/\" \/>\n<meta property=\"og:locale\" content=\"en_US\" \/>\n<meta property=\"og:type\" content=\"article\" \/>\n<meta property=\"og:title\" content=\"Top Micro Cartridge Heater Manufacturers | Cheri-heater.com\" \/>\n<meta property=\"og:description\" content=\"B\u1ea1n \u0111ang t\u00ecm nh\u00e0 s\u1ea3n xu\u1ea5t m\u00e1y s\u01b0\u1edfi h\u1ed9p m\u1ef1c si\u00eau nh\u1ecf chuy\u00ean nghi\u1ec7p? Ch\u00fang t\u00f4i cung c\u1ea5p m\u00e1y s\u01b0\u1edfi b\u1ec1n, nh\u1ecf g\u1ecdn v\u1edbi thi\u1ebft k\u1ebf t\u00f9y ch\u1ec9nh theo nhu c\u1ea7u c\u1ee5 th\u1ec3 c\u1ee7a b\u1ea1n.\" \/>\n<meta property=\"og:url\" content=\"https:\/\/cheri-heater.com\/vn\/product\/may-suoi-hop-muc-sieu-nho\/\" \/>\n<meta property=\"og:site_name\" content=\"Cheri Heater Technology Co.,Ltd.\" \/>\n<meta property=\"og:image\" content=\"http:\/\/cheri-heater.com\/vn\/wp-content\/uploads\/2025\/05\/947e7888-1ef1-4c90-9131-0a9107b41814.jpg\" \/>\n\t<meta property=\"og:image:width\" content=\"960\" \/>\n\t<meta property=\"og:image:height\" content=\"1280\" \/>\n\t<meta property=\"og:image:type\" content=\"image\/jpeg\" \/>\n<meta name=\"twitter:card\" content=\"summary_large_image\" \/>\n<meta name=\"twitter:label1\" content=\"Est. reading time\" \/>\n\t<meta name=\"twitter:data1\" content=\"1 minute\" \/>\n<!-- \/ Yoast SEO plugin. -->","yoast_head_json":{"title":"Top Micro Cartridge Heater Manufacturers | Cheri-heater.com","description":"B\u1ea1n \u0111ang t\u00ecm nh\u00e0 s\u1ea3n xu\u1ea5t m\u00e1y s\u01b0\u1edfi h\u1ed9p m\u1ef1c si\u00eau nh\u1ecf chuy\u00ean nghi\u1ec7p? Ch\u00fang t\u00f4i cung c\u1ea5p m\u00e1y s\u01b0\u1edfi b\u1ec1n, nh\u1ecf g\u1ecdn v\u1edbi thi\u1ebft k\u1ebf t\u00f9y ch\u1ec9nh theo nhu c\u1ea7u c\u1ee5 th\u1ec3 c\u1ee7a b\u1ea1n.","robots":{"index":"index","follow":"follow","max-snippet":"max-snippet:-1","max-image-preview":"max-image-preview:large","max-video-preview":"max-video-preview:-1"},"canonical":"https:\/\/cheri-heater.com\/vn\/product\/may-suoi-hop-muc-sieu-nho\/","og_locale":"en_US","og_type":"article","og_title":"Top Micro Cartridge Heater Manufacturers | Cheri-heater.com","og_description":"B\u1ea1n \u0111ang t\u00ecm nh\u00e0 s\u1ea3n xu\u1ea5t m\u00e1y s\u01b0\u1edfi h\u1ed9p m\u1ef1c si\u00eau nh\u1ecf chuy\u00ean nghi\u1ec7p? Ch\u00fang t\u00f4i cung c\u1ea5p m\u00e1y s\u01b0\u1edfi b\u1ec1n, nh\u1ecf g\u1ecdn v\u1edbi thi\u1ebft k\u1ebf t\u00f9y ch\u1ec9nh theo nhu c\u1ea7u c\u1ee5 th\u1ec3 c\u1ee7a b\u1ea1n.","og_url":"https:\/\/cheri-heater.com\/vn\/product\/may-suoi-hop-muc-sieu-nho\/","og_site_name":"Cheri Heater Technology Co.,Ltd.","og_image":[{"width":960,"height":1280,"url":"http:\/\/cheri-heater.com\/vn\/wp-content\/uploads\/2025\/05\/947e7888-1ef1-4c90-9131-0a9107b41814.jpg","type":"image\/jpeg"}],"twitter_card":"summary_large_image","twitter_misc":{"Est. reading time":"1 minute"},"schema":{"@context":"https:\/\/schema.org","@graph":[{"@type":"WebPage","@id":"https:\/\/cheri-heater.com\/vn\/product\/may-suoi-hop-muc-sieu-nho\/","url":"https:\/\/cheri-heater.com\/vn\/product\/may-suoi-hop-muc-sieu-nho\/","name":"Top Micro Cartridge Heater Manufacturers | Cheri-heater.com","isPartOf":{"@id":"https:\/\/cheri-heater.com\/vn\/#website"},"primaryImageOfPage":{"@id":"https:\/\/cheri-heater.com\/vn\/product\/may-suoi-hop-muc-sieu-nho\/#primaryimage"},"image":{"@id":"https:\/\/cheri-heater.com\/vn\/product\/may-suoi-hop-muc-sieu-nho\/#primaryimage"},"thumbnailUrl":"https:\/\/cheri-heater.com\/vn\/wp-content\/uploads\/2025\/05\/947e7888-1ef1-4c90-9131-0a9107b41814.jpg","datePublished":"2025-05-12T01:51:48+00:00","description":"B\u1ea1n \u0111ang t\u00ecm nh\u00e0 s\u1ea3n xu\u1ea5t m\u00e1y s\u01b0\u1edfi h\u1ed9p m\u1ef1c si\u00eau nh\u1ecf chuy\u00ean nghi\u1ec7p? Ch\u00fang t\u00f4i cung c\u1ea5p m\u00e1y s\u01b0\u1edfi b\u1ec1n, nh\u1ecf g\u1ecdn v\u1edbi thi\u1ebft k\u1ebf t\u00f9y ch\u1ec9nh theo nhu c\u1ea7u c\u1ee5 th\u1ec3 c\u1ee7a b\u1ea1n.","breadcrumb":{"@id":"https:\/\/cheri-heater.com\/vn\/product\/may-suoi-hop-muc-sieu-nho\/#breadcrumb"},"inLanguage":"en-US","potentialAction":[{"@type":"ReadAction","target":["https:\/\/cheri-heater.com\/vn\/product\/may-suoi-hop-muc-sieu-nho\/"]}]},{"@type":"ImageObject","inLanguage":"en-US","@id":"https:\/\/cheri-heater.com\/vn\/product\/may-suoi-hop-muc-sieu-nho\/#primaryimage","url":"https:\/\/cheri-heater.com\/vn\/wp-content\/uploads\/2025\/05\/947e7888-1ef1-4c90-9131-0a9107b41814.jpg","contentUrl":"https:\/\/cheri-heater.com\/vn\/wp-content\/uploads\/2025\/05\/947e7888-1ef1-4c90-9131-0a9107b41814.jpg","width":960,"height":1280,"caption":"M\u00e1y S\u01b0\u1edfi H\u1ed9p M\u1ef1c Si\u00eau Nh\u1ecf"},{"@type":"BreadcrumbList","@id":"https:\/\/cheri-heater.com\/vn\/product\/may-suoi-hop-muc-sieu-nho\/#breadcrumb","itemListElement":[{"@type":"ListItem","position":1,"name":"Home","item":"https:\/\/cheri-heater.com\/vn\/"},{"@type":"ListItem","position":2,"name":"Products","item":"https:\/\/cheri-heater.com\/vn\/products\/"},{"@type":"ListItem","position":3,"name":"M\u00e1y S\u01b0\u1edfi H\u1ed9p M\u1ef1c Si\u00eau Nh\u1ecf"}]},{"@type":"WebSite","@id":"https:\/\/cheri-heater.com\/vn\/#website","url":"https:\/\/cheri-heater.com\/vn\/","name":"Cheri Heater Technology Co.,Ltd.","description":"","publisher":{"@id":"https:\/\/cheri-heater.com\/vn\/#organization"},"potentialAction":[{"@type":"SearchAction","target":{"@type":"EntryPoint","urlTemplate":"https:\/\/cheri-heater.com\/vn\/?s={search_term_string}"},"query-input":{"@type":"PropertyValueSpecification","valueRequired":true,"valueName":"search_term_string"}}],"inLanguage":"en-US"},{"@type":"Organization","@id":"https:\/\/cheri-heater.com\/vn\/#organization","name":"Cheri Heater Technology Co.,Ltd.","url":"https:\/\/cheri-heater.com\/vn\/","logo":{"@type":"ImageObject","inLanguage":"en-US","@id":"https:\/\/cheri-heater.com\/vn\/#\/schema\/logo\/image\/","url":"https:\/\/cheri-heater.com\/vn\/wp-content\/uploads\/2024\/06\/cropped-logo-resize.png","contentUrl":"https:\/\/cheri-heater.com\/vn\/wp-content\/uploads\/2024\/06\/cropped-logo-resize.png","width":346,"height":99,"caption":"Cheri Heater Technology Co.,Ltd."},"image":{"@id":"https:\/\/cheri-heater.com\/vn\/#\/schema\/logo\/image\/"}}]}},"_links":{"self":[{"href":"https:\/\/cheri-heater.com\/vn\/wp-json\/wp\/v2\/product\/1794","targetHints":{"allow":["GET"]}}],"collection":[{"href":"https:\/\/cheri-heater.com\/vn\/wp-json\/wp\/v2\/product"}],"about":[{"href":"https:\/\/cheri-heater.com\/vn\/wp-json\/wp\/v2\/types\/product"}],"wp:featuredmedia":[{"embeddable":true,"href":"https:\/\/cheri-heater.com\/vn\/wp-json\/wp\/v2\/media\/1795"}],"wp:attachment":[{"href":"https:\/\/cheri-heater.com\/vn\/wp-json\/wp\/v2\/media?parent=1794"}],"wp:term":[{"taxonomy":"product_brand","embeddable":true,"href":"https:\/\/cheri-heater.com\/vn\/wp-json\/wp\/v2\/product_brand?post=1794"},{"taxonomy":"product_cat","embeddable":true,"href":"https:\/\/cheri-heater.com\/vn\/wp-json\/wp\/v2\/product_cat?post=1794"},{"taxonomy":"product_tag","embeddable":true,"href":"https:\/\/cheri-heater.com\/vn\/wp-json\/wp\/v2\/product_tag?post=1794"}],"curies":[{"name":"wp","href":"https:\/\/api.w.org\/{rel}","templated":true}]}}