{"id":1799,"date":"2025-05-12T02:02:17","date_gmt":"2025-05-12T02:02:17","guid":{"rendered":"https:\/\/cheri-heater.com\/vn\/?post_type=product&#038;p=1799"},"modified":"2025-05-12T02:02:17","modified_gmt":"2025-05-12T02:02:17","slug":"may-suoi-khuon-hop-muc","status":"publish","type":"product","link":"https:\/\/cheri-heater.com\/vn\/product\/may-suoi-khuon-hop-muc\/","title":{"rendered":"M\u00e1y S\u01b0\u1edfi Khu\u00f4n H\u1ed9p M\u1ef1c"},"content":{"rendered":"","protected":false},"excerpt":{"rendered":"<h2><span><span class=\"\">Nh\u00e0 s\u1ea3n xu\u1ea5t m\u00e1y s\u01b0\u1edfi khu\u00f4n chuy\u00ean nghi\u1ec7p<\/span><\/span><\/h2>\n<p><span>B\u1ea1n \u0111ang t\u00ecm ki\u1ebfm m\u00e1y s\u01b0\u1edfi h\u1ed9p khu\u00f4n ch\u1ea5t l\u01b0\u1ee3ng cao \u0111\u01b0\u1ee3c thi\u1ebft k\u1ebf \u0111\u1ec3 c\u00f3 hi\u1ec7u su\u1ea5t v\u00e0 \u0111\u1ed9 tin c\u1eady v\u01b0\u1ee3t tr\u1ed9i? H\u00e3y \u0111\u1ebfn v\u1edbi Cheri Heater Technology Co., Ltd \u2013 nh\u00e0 s\u1ea3n xu\u1ea5t h\u00e0ng \u0111\u1ea7u chuy\u00ean s\u1ea3n xu\u1ea5t\u00a0<\/span><a href=\"https:\/\/cheri-heater.com\/\"><span>m\u00e1y s\u01b0\u1edfi c\u00f4ng nghi\u1ec7p ch\u1ea5t l\u01b0\u1ee3ng cao<\/span><\/a><span>\u00a0, bao g\u1ed3m m\u00e1y s\u01b0\u1edfi h\u1ed9p khu\u00f4n \u0111\u01b0\u1ee3c ch\u1ebf t\u1ea1o ch\u00ednh x\u00e1c.<\/span><\/p>\n<h2><span>D\u00f2ng s\u1ea3n ph\u1ea9m M\u00e1y gia nhi\u1ec7t khu\u00f4n m\u1eabu h\u00e0ng \u0111\u1ea7u c\u1ee7a ch\u00fang t\u00f4i<\/span><\/h2>\n<p><span>Cheri Heater Technology Co., Ltd t\u1ef1 h\u00e0o c\u00f3 nhi\u1ec1u lo\u1ea1i m\u00e1y gia nhi\u1ec7t khu\u00f4n m\u1eabu \u0111\u01b0\u1ee3c thi\u1ebft k\u1ebf \u0111\u1ec3 \u0111\u00e1p \u1ee9ng nhu c\u1ea7u kh\u1eaft khe c\u1ee7a c\u00e1c \u1ee9ng d\u1ee5ng c\u00f4ng nghi\u1ec7p. T\u1eadp trung v\u00e0o ch\u1ea5t l\u01b0\u1ee3ng v\u01b0\u1ee3t tr\u1ed9i v\u00e0 k\u1ef9 thu\u1eadt ch\u00ednh x\u00e1c, m\u00e1y gia nhi\u1ec7t khu\u00f4n m\u1eabu c\u1ee7a ch\u00fang t\u00f4i c\u00f3 s\u1eb5n cho nhi\u1ec1u y\u00eau c\u1ea7u c\u00f4ng nghi\u1ec7p kh\u00e1c nhau v\u00e0 \u0111\u01b0\u1ee3c thi\u1ebft k\u1ebf t\u1ec9 m\u1ec9 \u0111\u1ec3 \u0111\u1ea3m b\u1ea3o hi\u1ec7u su\u1ea5t nhi\u1ec7t v\u00e0 tu\u1ed5i th\u1ecd t\u1ed1i \u01b0u.<\/span><\/p>\n<h3><span>T\u1ea1i sao n\u00ean ch\u1ecdn m\u00e1y s\u01b0\u1edfi Cheri cho m\u00e1y s\u01b0\u1edfi khu\u00f4n?<\/span><\/h3>\n<p><span><span class=\"VIpgJd-yAWNEb-VIpgJd-fmcmS-sn54Q\">B\u1eb1ng c\u00e1ch ch\u1ecdn Cheri Heater Technology Co., Ltd l\u00e0m nh\u00e0 s\u1ea3n xu\u1ea5t m\u00e1y s\u01b0\u1edfi h\u1ed9p khu\u00f4n c\u1ee7a b\u1ea1n, b\u1ea1n s\u1ebd \u0111\u01b0\u1ee3c ti\u1ebfp c\u1eadn v\u1edbi d\u1ecbch v\u1ee5 h\u1ed7 tr\u1ee3 kh\u00e1ch h\u00e0ng v\u00f4 song, c\u00e1c gi\u1ea3i ph\u00e1p s\u01b0\u1edfi \u1ea5m \u0111\u01b0\u1ee3c thi\u1ebft k\u1ebf ri\u00eang v\u00e0 s\u1ef1 t\u1eadn t\u00e2m cung c\u1ea5p ch\u1ebf \u0111\u1ed9 b\u1ea3o h\u00e0nh m\u1ea1nh m\u1ebd. \u0110\u1ed9i ng\u0169 gi\u00e0u kinh nghi\u1ec7m c\u1ee7a ch\u00fang t\u00f4i t\u1eadn t\u00e2m thi\u1ebft k\u1ebf m\u00e1y s\u01b0\u1edfi h\u1ed9p khu\u00f4n v\u1edbi h\u00ecnh d\u1ea1ng, k\u00edch th\u01b0\u1edbc v\u00e0 v\u1eadt li\u1ec7u ch\u00ednh x\u00e1c, \u0111\u1ea3m b\u1ea3o \u0111\u00e1p \u1ee9ng nhu c\u1ea7u ri\u00eang bi\u1ec7t c\u1ee7a kh\u00e1ch h\u00e0ng c\u00f4ng nghi\u1ec7p c\u1ee7a ch\u00fang t\u00f4i.<\/span><\/span><\/p>\n","protected":false},"featured_media":1801,"template":"","meta":[],"product_brand":[],"product_cat":[21],"product_tag":[196],"class_list":{"0":"post-1799","1":"product","2":"type-product","3":"status-publish","4":"has-post-thumbnail","6":"product_cat-cartridge-heater","7":"product_tag-may-suoi-khuon-hop-muc","9":"first","10":"instock","11":"shipping-taxable","12":"product-type-simple"},"yoast_head":"<!-- This site is optimized with the Yoast SEO plugin v27.4 - https:\/\/yoast.com\/product\/yoast-seo-wordpress\/ -->\n<title>Nh\u00e0 s\u1ea3n xu\u1ea5t m\u00e1y s\u01b0\u1edfi h\u1ed9p m\u1ef1c khu\u00f4n h\u00e0ng \u0111\u1ea7u | Gi\u1ea3i ph\u00e1p s\u01b0\u1edfi \u1ea5m ch\u1ea5t l\u01b0\u1ee3ng<\/title>\n<meta name=\"description\" content=\"B\u1ea1n \u0111ang t\u00ecm ki\u1ebfm m\u00e1y gia nhi\u1ec7t h\u1ed9p m\u1ef1c khu\u00f4n \u0111\u00e1ng tin c\u1eady? C\u00e1c d\u1ecbch v\u1ee5 s\u1ea3n xu\u1ea5t \u0111\u01b0\u1ee3c \u0111\u00e1nh gi\u00e1 cao nh\u1ea5t c\u1ee7a ch\u00fang t\u00f4i cung c\u1ea5p c\u00e1c gi\u1ea3i ph\u00e1p gia nhi\u1ec7t \u0111\u01b0\u1ee3c thi\u1ebft k\u1ebf ch\u00ednh x\u00e1c cho nhu c\u1ea7u c\u00f4ng nghi\u1ec7p c\u1ee7a b\u1ea1n.\" \/>\n<meta name=\"robots\" content=\"index, follow, max-snippet:-1, max-image-preview:large, max-video-preview:-1\" \/>\n<link rel=\"canonical\" href=\"https:\/\/cheri-heater.com\/vn\/product\/may-suoi-khuon-hop-muc\/\" \/>\n<meta property=\"og:locale\" content=\"en_US\" \/>\n<meta property=\"og:type\" content=\"article\" \/>\n<meta property=\"og:title\" content=\"Nh\u00e0 s\u1ea3n xu\u1ea5t m\u00e1y s\u01b0\u1edfi h\u1ed9p m\u1ef1c khu\u00f4n h\u00e0ng \u0111\u1ea7u | Gi\u1ea3i ph\u00e1p s\u01b0\u1edfi \u1ea5m ch\u1ea5t l\u01b0\u1ee3ng\" \/>\n<meta property=\"og:description\" content=\"B\u1ea1n \u0111ang t\u00ecm ki\u1ebfm m\u00e1y gia nhi\u1ec7t h\u1ed9p m\u1ef1c khu\u00f4n \u0111\u00e1ng tin c\u1eady? C\u00e1c d\u1ecbch v\u1ee5 s\u1ea3n xu\u1ea5t \u0111\u01b0\u1ee3c \u0111\u00e1nh gi\u00e1 cao nh\u1ea5t c\u1ee7a ch\u00fang t\u00f4i cung c\u1ea5p c\u00e1c gi\u1ea3i ph\u00e1p gia nhi\u1ec7t \u0111\u01b0\u1ee3c thi\u1ebft k\u1ebf ch\u00ednh x\u00e1c cho nhu c\u1ea7u c\u00f4ng nghi\u1ec7p c\u1ee7a b\u1ea1n.\" \/>\n<meta property=\"og:url\" content=\"https:\/\/cheri-heater.com\/vn\/product\/may-suoi-khuon-hop-muc\/\" \/>\n<meta property=\"og:site_name\" content=\"Cheri Heater Technology Co.,Ltd.\" \/>\n<meta property=\"og:image\" content=\"http:\/\/cheri-heater.com\/vn\/wp-content\/uploads\/2025\/05\/Cheri-Electrothermal-Equipment-Limited-Company-9.jpg\" \/>\n\t<meta property=\"og:image:width\" content=\"790\" \/>\n\t<meta property=\"og:image:height\" content=\"545\" \/>\n\t<meta property=\"og:image:type\" content=\"image\/jpeg\" \/>\n<meta name=\"twitter:card\" content=\"summary_large_image\" \/>\n<meta name=\"twitter:label1\" content=\"Est. reading time\" \/>\n\t<meta name=\"twitter:data1\" content=\"1 minute\" \/>\n<!-- \/ Yoast SEO plugin. -->","yoast_head_json":{"title":"Nh\u00e0 s\u1ea3n xu\u1ea5t m\u00e1y s\u01b0\u1edfi h\u1ed9p m\u1ef1c khu\u00f4n h\u00e0ng \u0111\u1ea7u | Gi\u1ea3i ph\u00e1p s\u01b0\u1edfi \u1ea5m ch\u1ea5t l\u01b0\u1ee3ng","description":"B\u1ea1n \u0111ang t\u00ecm ki\u1ebfm m\u00e1y gia nhi\u1ec7t h\u1ed9p m\u1ef1c khu\u00f4n \u0111\u00e1ng tin c\u1eady? C\u00e1c d\u1ecbch v\u1ee5 s\u1ea3n xu\u1ea5t \u0111\u01b0\u1ee3c \u0111\u00e1nh gi\u00e1 cao nh\u1ea5t c\u1ee7a ch\u00fang t\u00f4i cung c\u1ea5p c\u00e1c gi\u1ea3i ph\u00e1p gia nhi\u1ec7t \u0111\u01b0\u1ee3c thi\u1ebft k\u1ebf ch\u00ednh x\u00e1c cho nhu c\u1ea7u c\u00f4ng nghi\u1ec7p c\u1ee7a b\u1ea1n.","robots":{"index":"index","follow":"follow","max-snippet":"max-snippet:-1","max-image-preview":"max-image-preview:large","max-video-preview":"max-video-preview:-1"},"canonical":"https:\/\/cheri-heater.com\/vn\/product\/may-suoi-khuon-hop-muc\/","og_locale":"en_US","og_type":"article","og_title":"Nh\u00e0 s\u1ea3n xu\u1ea5t m\u00e1y s\u01b0\u1edfi h\u1ed9p m\u1ef1c khu\u00f4n h\u00e0ng \u0111\u1ea7u | Gi\u1ea3i ph\u00e1p s\u01b0\u1edfi \u1ea5m ch\u1ea5t l\u01b0\u1ee3ng","og_description":"B\u1ea1n \u0111ang t\u00ecm ki\u1ebfm m\u00e1y gia nhi\u1ec7t h\u1ed9p m\u1ef1c khu\u00f4n \u0111\u00e1ng tin c\u1eady? C\u00e1c d\u1ecbch v\u1ee5 s\u1ea3n xu\u1ea5t \u0111\u01b0\u1ee3c \u0111\u00e1nh gi\u00e1 cao nh\u1ea5t c\u1ee7a ch\u00fang t\u00f4i cung c\u1ea5p c\u00e1c gi\u1ea3i ph\u00e1p gia nhi\u1ec7t \u0111\u01b0\u1ee3c thi\u1ebft k\u1ebf ch\u00ednh x\u00e1c cho nhu c\u1ea7u c\u00f4ng nghi\u1ec7p c\u1ee7a b\u1ea1n.","og_url":"https:\/\/cheri-heater.com\/vn\/product\/may-suoi-khuon-hop-muc\/","og_site_name":"Cheri Heater Technology Co.,Ltd.","og_image":[{"width":790,"height":545,"url":"http:\/\/cheri-heater.com\/vn\/wp-content\/uploads\/2025\/05\/Cheri-Electrothermal-Equipment-Limited-Company-9.jpg","type":"image\/jpeg"}],"twitter_card":"summary_large_image","twitter_misc":{"Est. reading time":"1 minute"},"schema":{"@context":"https:\/\/schema.org","@graph":[{"@type":"WebPage","@id":"https:\/\/cheri-heater.com\/vn\/product\/may-suoi-khuon-hop-muc\/","url":"https:\/\/cheri-heater.com\/vn\/product\/may-suoi-khuon-hop-muc\/","name":"Nh\u00e0 s\u1ea3n xu\u1ea5t m\u00e1y s\u01b0\u1edfi h\u1ed9p m\u1ef1c khu\u00f4n h\u00e0ng \u0111\u1ea7u | Gi\u1ea3i ph\u00e1p s\u01b0\u1edfi \u1ea5m ch\u1ea5t l\u01b0\u1ee3ng","isPartOf":{"@id":"https:\/\/cheri-heater.com\/vn\/#website"},"primaryImageOfPage":{"@id":"https:\/\/cheri-heater.com\/vn\/product\/may-suoi-khuon-hop-muc\/#primaryimage"},"image":{"@id":"https:\/\/cheri-heater.com\/vn\/product\/may-suoi-khuon-hop-muc\/#primaryimage"},"thumbnailUrl":"https:\/\/cheri-heater.com\/vn\/wp-content\/uploads\/2025\/05\/Cheri-Electrothermal-Equipment-Limited-Company-9.jpg","datePublished":"2025-05-12T02:02:17+00:00","description":"B\u1ea1n \u0111ang t\u00ecm ki\u1ebfm m\u00e1y gia nhi\u1ec7t h\u1ed9p m\u1ef1c khu\u00f4n \u0111\u00e1ng tin c\u1eady? C\u00e1c d\u1ecbch v\u1ee5 s\u1ea3n xu\u1ea5t \u0111\u01b0\u1ee3c \u0111\u00e1nh gi\u00e1 cao nh\u1ea5t c\u1ee7a ch\u00fang t\u00f4i cung c\u1ea5p c\u00e1c gi\u1ea3i ph\u00e1p gia nhi\u1ec7t \u0111\u01b0\u1ee3c thi\u1ebft k\u1ebf ch\u00ednh x\u00e1c cho nhu c\u1ea7u c\u00f4ng nghi\u1ec7p c\u1ee7a b\u1ea1n.","breadcrumb":{"@id":"https:\/\/cheri-heater.com\/vn\/product\/may-suoi-khuon-hop-muc\/#breadcrumb"},"inLanguage":"en-US","potentialAction":[{"@type":"ReadAction","target":["https:\/\/cheri-heater.com\/vn\/product\/may-suoi-khuon-hop-muc\/"]}]},{"@type":"ImageObject","inLanguage":"en-US","@id":"https:\/\/cheri-heater.com\/vn\/product\/may-suoi-khuon-hop-muc\/#primaryimage","url":"https:\/\/cheri-heater.com\/vn\/wp-content\/uploads\/2025\/05\/Cheri-Electrothermal-Equipment-Limited-Company-9.jpg","contentUrl":"https:\/\/cheri-heater.com\/vn\/wp-content\/uploads\/2025\/05\/Cheri-Electrothermal-Equipment-Limited-Company-9.jpg","width":790,"height":545,"caption":"M\u00e1y S\u01b0\u1edfi Khu\u00f4n H\u1ed9p M\u1ef1c"},{"@type":"BreadcrumbList","@id":"https:\/\/cheri-heater.com\/vn\/product\/may-suoi-khuon-hop-muc\/#breadcrumb","itemListElement":[{"@type":"ListItem","position":1,"name":"Home","item":"https:\/\/cheri-heater.com\/vn\/"},{"@type":"ListItem","position":2,"name":"Products","item":"https:\/\/cheri-heater.com\/vn\/products\/"},{"@type":"ListItem","position":3,"name":"M\u00e1y S\u01b0\u1edfi Khu\u00f4n H\u1ed9p M\u1ef1c"}]},{"@type":"WebSite","@id":"https:\/\/cheri-heater.com\/vn\/#website","url":"https:\/\/cheri-heater.com\/vn\/","name":"Cheri Heater Technology Co.,Ltd.","description":"","publisher":{"@id":"https:\/\/cheri-heater.com\/vn\/#organization"},"potentialAction":[{"@type":"SearchAction","target":{"@type":"EntryPoint","urlTemplate":"https:\/\/cheri-heater.com\/vn\/?s={search_term_string}"},"query-input":{"@type":"PropertyValueSpecification","valueRequired":true,"valueName":"search_term_string"}}],"inLanguage":"en-US"},{"@type":"Organization","@id":"https:\/\/cheri-heater.com\/vn\/#organization","name":"Cheri Heater Technology Co.,Ltd.","url":"https:\/\/cheri-heater.com\/vn\/","logo":{"@type":"ImageObject","inLanguage":"en-US","@id":"https:\/\/cheri-heater.com\/vn\/#\/schema\/logo\/image\/","url":"https:\/\/cheri-heater.com\/vn\/wp-content\/uploads\/2024\/06\/cropped-logo-resize.png","contentUrl":"https:\/\/cheri-heater.com\/vn\/wp-content\/uploads\/2024\/06\/cropped-logo-resize.png","width":346,"height":99,"caption":"Cheri Heater Technology Co.,Ltd."},"image":{"@id":"https:\/\/cheri-heater.com\/vn\/#\/schema\/logo\/image\/"}}]}},"_links":{"self":[{"href":"https:\/\/cheri-heater.com\/vn\/wp-json\/wp\/v2\/product\/1799","targetHints":{"allow":["GET"]}}],"collection":[{"href":"https:\/\/cheri-heater.com\/vn\/wp-json\/wp\/v2\/product"}],"about":[{"href":"https:\/\/cheri-heater.com\/vn\/wp-json\/wp\/v2\/types\/product"}],"wp:featuredmedia":[{"embeddable":true,"href":"https:\/\/cheri-heater.com\/vn\/wp-json\/wp\/v2\/media\/1801"}],"wp:attachment":[{"href":"https:\/\/cheri-heater.com\/vn\/wp-json\/wp\/v2\/media?parent=1799"}],"wp:term":[{"taxonomy":"product_brand","embeddable":true,"href":"https:\/\/cheri-heater.com\/vn\/wp-json\/wp\/v2\/product_brand?post=1799"},{"taxonomy":"product_cat","embeddable":true,"href":"https:\/\/cheri-heater.com\/vn\/wp-json\/wp\/v2\/product_cat?post=1799"},{"taxonomy":"product_tag","embeddable":true,"href":"https:\/\/cheri-heater.com\/vn\/wp-json\/wp\/v2\/product_tag?post=1799"}],"curies":[{"name":"wp","href":"https:\/\/api.w.org\/{rel}","templated":true}]}}