{"id":1809,"date":"2025-05-12T02:07:12","date_gmt":"2025-05-12T02:07:12","guid":{"rendered":"https:\/\/cheri-heater.com\/vn\/?post_type=product&#038;p=1809"},"modified":"2025-05-12T02:07:12","modified_gmt":"2025-05-12T02:07:12","slug":"may-suoi-but-chi","status":"publish","type":"product","link":"https:\/\/cheri-heater.com\/vn\/product\/may-suoi-but-chi\/","title":{"rendered":"M\u00e1y S\u01b0\u1edfi B\u00fat Ch\u00ec"},"content":{"rendered":"","protected":false},"excerpt":{"rendered":"<h2><b><span><span class=\"\">Nh\u00e0 s\u1ea3n xu\u1ea5t m\u00e1y s\u01b0\u1edfi b\u00fat ch\u00ec h\u00e0ng \u0111\u1ea7u<\/span><\/span><\/b><\/h2>\n<p><span>Khi gia nhi\u1ec7t ch\u00ednh x\u00e1c l\u00e0 n\u1ec1n t\u1ea3ng c\u1ee7a c\u00e1c quy tr\u00ecnh c\u00f4ng nghi\u1ec7p c\u1ee7a b\u1ea1n,\u00a0<\/span><b><span>Cheri Heater\u00a0<\/span><\/b><span>l\u00e0\u00a0<\/span><b><span>nh\u00e0 s\u1ea3n xu\u1ea5t m\u00e1y gia nhi\u1ec7t b\u00fat ch\u00ec \u0111\u00e1ng tin c\u1eady c\u1ee7a b\u1ea1n\u00a0<\/span><\/b><span>. \u0110\u01b0\u1ee3c thi\u1ebft k\u1ebf \u0111\u1ec3 \u0111\u1ea1t \u0111\u1ebfn s\u1ef1 ho\u00e0n h\u1ea3o, m\u00e1y gia nhi\u1ec7t b\u00fat ch\u00ec c\u1ee7a ch\u00fang t\u00f4i cung c\u1ea5p c\u00e1c gi\u1ea3i ph\u00e1p gia nhi\u1ec7t hi\u1ec7u qu\u1ea3, c\u00f3 m\u1ee5c ti\u00eau, \u0111\u01b0\u1ee3c thi\u1ebft k\u1ebf ri\u00eang \u0111\u1ec3 \u0111\u00e1p \u1ee9ng nhu c\u1ea7u c\u1ee7a nhi\u1ec1u ng\u00e0nh c\u00f4ng nghi\u1ec7p kh\u00e1c nhau. Cho d\u00f9 b\u1ea1n \u0111ang l\u00e0m vi\u1ec7c trong ng\u00e0nh nh\u1ef1a, bao b\u00ec, thi\u1ebft b\u1ecb y t\u1ebf hay h\u01a1n th\u1ebf n\u1eefa, m\u00e1y gia nhi\u1ec7t c\u1ee7a ch\u00fang t\u00f4i \u0111\u1ea3m b\u1ea3o hi\u1ec7u su\u1ea5t t\u1ed1i \u01b0u trong m\u1ecdi \u1ee9ng d\u1ee5ng.<\/span><\/p>\n<h2><b><span>T\u1ea1i sao n\u00ean ch\u1ecdn Cheri Heater l\u00e0m nh\u00e0 s\u1ea3n xu\u1ea5t m\u00e1y s\u01b0\u1edfi b\u00fat ch\u00ec c\u1ee7a b\u1ea1n?<\/span><\/b><\/h2>\n<p><span>L\u00e0\u00a0<\/span><b><span>nh\u00e0 s\u1ea3n xu\u1ea5t m\u00e1y s\u01b0\u1edfi b\u00fat ch\u00ec h\u00e0ng \u0111\u1ea7u trong ng\u00e0nh\u00a0<\/span><\/b><span>, Cheri Heater cung c\u1ea5p ch\u1ea5t l\u01b0\u1ee3ng v\u00e0 s\u1ef1 \u0111\u1ed5i m\u1edbi v\u00f4 song. V\u1edbi nhi\u1ec1u n\u0103m kinh nghi\u1ec7m trong vi\u1ec7c thi\u1ebft k\u1ebf c\u00e1c gi\u1ea3i ph\u00e1p s\u01b0\u1edfi \u1ea5m ti\u00ean ti\u1ebfn, ch\u00fang t\u00f4i hi\u1ec3u \u0111\u01b0\u1ee3c nhu c\u1ea7u v\u1ec1 m\u00e1y s\u01b0\u1edfi b\u1ec1n b\u1ec9, hi\u1ec7u su\u1ea5t cao gi\u00fap ho\u1ea1t \u0111\u1ed9ng c\u1ee7a b\u1ea1n di\u1ec5n ra su\u00f4n s\u1ebb.\u00a0<\/span><\/p>\n<p><span>M\u00e1y s\u01b0\u1edfi b\u00fat ch\u00ec c\u1ee7a ch\u00fang t\u00f4i \u0111\u01b0\u1ee3c thi\u1ebft k\u1ebf \u0111\u1ec3 truy\u1ec1n nhi\u1ec7t nhanh, ki\u1ec3m so\u00e1t nhi\u1ec7t \u0111\u1ed9 ch\u00ednh x\u00e1c v\u00e0 c\u00f3 h\u00ecnh th\u1ee9c nh\u1ecf g\u1ecdn \u0111\u1ec3 t\u00edch h\u1ee3p li\u1ec1n m\u1ea1ch v\u00e0o h\u1ec7 th\u1ed1ng c\u1ee7a b\u1ea1n.<\/span><\/p>\n<h3><b><span>L\u1ee3i \u00edch ch\u00ednh khi ch\u1ecdn m\u00e1y s\u01b0\u1edfi Cheri:<\/span><\/b><\/h3>\n<ol>\n<li aria-level=\"1\"><b><span>K\u1ef9 thu\u1eadt t\u00f9y ch\u1ec9nh\u00a0<\/span><\/b><span>: Ch\u00fang t\u00f4i chuy\u00ean thi\u1ebft k\u1ebf m\u00e1y s\u01b0\u1edfi b\u00fat ch\u00ec theo th\u00f4ng s\u1ed1 k\u1ef9 thu\u1eadt c\u1ee7a b\u1ea1n. T\u1eeb m\u1eadt \u0111\u1ed9 watt \u0111\u1ebfn v\u1eadt li\u1ec7u v\u1ecf, m\u1ecdi chi ti\u1ebft \u0111\u1ec1u \u0111\u01b0\u1ee3c \u0111i\u1ec1u ch\u1ec9nh theo y\u00eau c\u1ea7u ri\u00eang c\u1ee7a b\u1ea1n.<\/span><\/li>\n<li aria-level=\"1\"><b><span>\u0110\u1ed9 b\u1ec1n v\u01b0\u1ee3t tr\u1ed9i\u00a0<\/span><\/b><span>: \u0110\u01b0\u1ee3c ch\u1ebf t\u1ea1o b\u1eb1ng v\u1eadt li\u1ec7u cao c\u1ea5p, m\u00e1y s\u01b0\u1edfi c\u1ee7a ch\u00fang t\u00f4i c\u00f3 th\u1ec3 ch\u1ecbu \u0111\u01b0\u1ee3c m\u00f4i tr\u01b0\u1eddng kh\u1eafc nghi\u1ec7t, \u0111\u1ea3m b\u1ea3o tu\u1ed5i th\u1ecd d\u00e0i h\u01a1n v\u00e0 hi\u1ec7u su\u1ea5t \u1ed5n \u0111\u1ecbnh.<\/span><\/li>\n<li aria-level=\"1\"><b><span>S\u01b0\u1edfi \u1ea5m ch\u00ednh x\u00e1c\u00a0<\/span><\/b><span>: V\u1edbi kh\u1ea3 n\u0103ng ki\u1ec3m so\u00e1t nhi\u1ec7t \u0111\u1ed9 ti\u00ean ti\u1ebfn, m\u00e1y s\u01b0\u1edfi b\u00fat ch\u00ec c\u1ee7a ch\u00fang t\u00f4i cung c\u1ea5p kh\u1ea3 n\u0103ng s\u01b0\u1edfi \u1ea5m ch\u00ednh x\u00e1c v\u00e0 hi\u1ec7u qu\u1ea3 cho c\u00e1c \u1ee9ng d\u1ee5ng quan tr\u1ecdng.<\/span><\/li>\n<\/ol>\n<h2><b><span>C\u00e1c ng\u00e0nh c\u00f4ng nghi\u1ec7p d\u1ef1a v\u00e0o m\u00e1y s\u01b0\u1edfi b\u00fat ch\u00ec c\u1ee7a ch\u00fang t\u00f4i<\/span><\/b><\/h2>\n<p><span>Cheri Heater ph\u1ee5c v\u1ee5 nhi\u1ec1u ng\u00e0nh c\u00f4ng nghi\u1ec7p kh\u00e1c nhau v\u1edbi c\u00e1c gi\u1ea3i ph\u00e1p s\u01b0\u1edfi \u1ea5m \u0111\u01b0\u1ee3c thi\u1ebft k\u1ebf ri\u00eang. L\u00e0\u00a0<\/span><b><span>nh\u00e0 s\u1ea3n xu\u1ea5t m\u00e1y s\u01b0\u1edfi b\u00fat ch\u00ec h\u00e0ng \u0111\u1ea7u\u00a0<\/span><\/b><span>, ch\u00fang t\u00f4i t\u1ef1 h\u00e0o t\u1ea1o ra c\u00e1c s\u1ea3n ph\u1ea9m n\u00e2ng cao hi\u1ec7u qu\u1ea3 ho\u1ea1t \u0111\u1ed9ng tr\u00ean:<\/span><\/p>\n<ul>\n<li aria-level=\"1\"><b><span>Nh\u1ef1a &amp; Bao b\u00ec\u00a0<\/span><\/b><span>: Th\u00edch h\u1ee3p cho c\u00e1c \u1ee9ng d\u1ee5ng \u00e9p phun, ni\u00eam phong v\u00e0 c\u1eaft.<\/span><\/li>\n<li aria-level=\"1\"><b><span>Thi\u1ebft b\u1ecb y t\u1ebf\u00a0<\/span><\/b><span>: \u0110\u1ea3m b\u1ea3o gia nhi\u1ec7t ch\u00ednh x\u00e1c cho nhu c\u1ea7u s\u1ea3n xu\u1ea5t nh\u1ea1y c\u1ea3m.<\/span><\/li>\n<li aria-level=\"1\"><b><span>H\u00e0ng kh\u00f4ng v\u0169 tr\u1ee5 &amp; \u00d4 t\u00f4\u00a0<\/span><\/b><span>: Cung c\u1ea5p nhi\u1ec7t \u0111\u1ed9 \u0111\u00e1ng tin c\u1eady cho c\u00e1c b\u1ed9 ph\u1eadn \u0111\u01b0\u1ee3c s\u1eed d\u1ee5ng trong m\u00f4i tr\u01b0\u1eddng kh\u1eafc nghi\u1ec7t.<\/span><\/li>\n<\/ul>\n<h2><b><span>H\u1ee3p t\u00e1c v\u1edbi Cheri Heater ngay h\u00f4m nay<\/span><\/b><\/h2>\n<p><span>T\u1ea1i Cheri Heater, ch\u00fang t\u00f4i hi\u1ec3u r\u1eb1ng m\u1ed7i \u1ee9ng d\u1ee5ng \u0111\u1ec1u l\u00e0 duy nh\u1ea5t. L\u00e0\u00a0<\/span><b><span>nh\u00e0 s\u1ea3n xu\u1ea5t m\u00e1y s\u01b0\u1edfi b\u00fat ch\u00ec c\u1ee7a b\u1ea1n\u00a0<\/span><\/b><span>, ch\u00fang t\u00f4i cam k\u1ebft v\u01b0\u1ee3t qu\u00e1 mong \u0111\u1ee3i c\u1ee7a b\u1ea1n th\u00f4ng qua c\u00e1c s\u1ea3n ph\u1ea9m ch\u1ea5t l\u01b0\u1ee3ng v\u00e0 d\u1ecbch v\u1ee5 \u0111\u1eb7c bi\u1ec7t.<\/span><\/p>\n<h3><b><span>Li\u00ean h\u1ec7 v\u1edbi ch\u00fang t\u00f4i \u0111\u1ec3 c\u00f3 gi\u1ea3i ph\u00e1p ph\u00f9 h\u1ee3p<\/span><\/b><\/h3>\n<p><span><span class=\"VIpgJd-yAWNEb-VIpgJd-fmcmS-sn54Q\">S\u1eb5n s\u00e0ng t\u1ed1i \u01b0u h\u00f3a quy tr\u00ecnh s\u01b0\u1edfi \u1ea5m c\u00f4ng nghi\u1ec7p c\u1ee7a b\u1ea1n? H\u00e3y li\u00ean h\u1ec7 v\u1edbi Cheri Heater ngay h\u00f4m nay \u0111\u1ec3 th\u1ea3o lu\u1eadn v\u1ec1 c\u00e1c y\u00eau c\u1ea7u c\u1ee5 th\u1ec3 c\u1ee7a b\u1ea1n. Cho d\u00f9 b\u1ea1n c\u1ea7n m\u00e1y s\u01b0\u1edfi b\u00fat ch\u00ec ti\u00eau chu\u1ea9n hay gi\u1ea3i ph\u00e1p t\u00f9y ch\u1ec9nh, ch\u00fang t\u00f4i lu\u00f4n \u1edf \u0111\u00e2y \u0111\u1ec3 gi\u00fap doanh nghi\u1ec7p c\u1ee7a b\u1ea1n \u0111\u1ea1t \u0111\u01b0\u1ee3c m\u1ee5c ti\u00eau.<\/span><\/span><\/p>\n","protected":false},"featured_media":1810,"template":"","meta":[],"product_brand":[],"product_cat":[21],"product_tag":[197],"class_list":{"0":"post-1809","1":"product","2":"type-product","3":"status-publish","4":"has-post-thumbnail","6":"product_cat-cartridge-heater","7":"product_tag-may-suoi-but-chi","9":"first","10":"instock","11":"shipping-taxable","12":"product-type-simple"},"yoast_head":"<!-- This site is optimized with the Yoast SEO plugin v27.3 - https:\/\/yoast.com\/product\/yoast-seo-wordpress\/ -->\n<title>C\u00e1c nh\u00e0 s\u1ea3n xu\u1ea5t m\u00e1y s\u01b0\u1edfi b\u00fat ch\u00ec h\u00e0ng \u0111\u1ea7u t\u1ea1i Trung Qu\u1ed1c | Cheri-heater.com<\/title>\n<meta name=\"description\" content=\"M\u00e1y s\u01b0\u1edfi b\u00fat ch\u00ec cao c\u1ea5p t\u1eeb c\u00e1c nh\u00e0 s\u1ea3n xu\u1ea5t h\u00e0ng \u0111\u1ea7u. Gi\u1ea3i ph\u00e1p \u0111\u00e1ng tin c\u1eady, hi\u1ec7u qu\u1ea3 v\u00e0 c\u00f3 th\u1ec3 t\u00f9y ch\u1ec9nh cho nhu c\u1ea7u s\u01b0\u1edfi \u1ea5m c\u00f4ng nghi\u1ec7p v\u00e0 th\u01b0\u01a1ng m\u1ea1i.\" \/>\n<meta name=\"robots\" content=\"index, follow, max-snippet:-1, max-image-preview:large, max-video-preview:-1\" \/>\n<link rel=\"canonical\" href=\"https:\/\/cheri-heater.com\/vn\/product\/may-suoi-but-chi\/\" \/>\n<meta property=\"og:locale\" content=\"en_US\" \/>\n<meta property=\"og:type\" content=\"article\" \/>\n<meta property=\"og:title\" content=\"C\u00e1c nh\u00e0 s\u1ea3n xu\u1ea5t m\u00e1y s\u01b0\u1edfi b\u00fat ch\u00ec h\u00e0ng \u0111\u1ea7u t\u1ea1i Trung Qu\u1ed1c | Cheri-heater.com\" \/>\n<meta property=\"og:description\" content=\"M\u00e1y s\u01b0\u1edfi b\u00fat ch\u00ec cao c\u1ea5p t\u1eeb c\u00e1c nh\u00e0 s\u1ea3n xu\u1ea5t h\u00e0ng \u0111\u1ea7u. Gi\u1ea3i ph\u00e1p \u0111\u00e1ng tin c\u1eady, hi\u1ec7u qu\u1ea3 v\u00e0 c\u00f3 th\u1ec3 t\u00f9y ch\u1ec9nh cho nhu c\u1ea7u s\u01b0\u1edfi \u1ea5m c\u00f4ng nghi\u1ec7p v\u00e0 th\u01b0\u01a1ng m\u1ea1i.\" \/>\n<meta property=\"og:url\" content=\"https:\/\/cheri-heater.com\/vn\/product\/may-suoi-but-chi\/\" \/>\n<meta property=\"og:site_name\" content=\"Cheri Heater Technology Co.,Ltd.\" \/>\n<meta property=\"og:image\" content=\"http:\/\/cheri-heater.com\/vn\/wp-content\/uploads\/2025\/05\/hot-rod-cartridge-heater-500x500-1.jpg\" \/>\n\t<meta property=\"og:image:width\" content=\"500\" \/>\n\t<meta property=\"og:image:height\" content=\"500\" \/>\n\t<meta property=\"og:image:type\" content=\"image\/jpeg\" \/>\n<meta name=\"twitter:card\" content=\"summary_large_image\" \/>\n<meta name=\"twitter:label1\" content=\"Est. reading time\" \/>\n\t<meta name=\"twitter:data1\" content=\"1 minute\" \/>\n<!-- \/ Yoast SEO plugin. -->","yoast_head_json":{"title":"C\u00e1c nh\u00e0 s\u1ea3n xu\u1ea5t m\u00e1y s\u01b0\u1edfi b\u00fat ch\u00ec h\u00e0ng \u0111\u1ea7u t\u1ea1i Trung Qu\u1ed1c | Cheri-heater.com","description":"M\u00e1y s\u01b0\u1edfi b\u00fat ch\u00ec cao c\u1ea5p t\u1eeb c\u00e1c nh\u00e0 s\u1ea3n xu\u1ea5t h\u00e0ng \u0111\u1ea7u. Gi\u1ea3i ph\u00e1p \u0111\u00e1ng tin c\u1eady, hi\u1ec7u qu\u1ea3 v\u00e0 c\u00f3 th\u1ec3 t\u00f9y ch\u1ec9nh cho nhu c\u1ea7u s\u01b0\u1edfi \u1ea5m c\u00f4ng nghi\u1ec7p v\u00e0 th\u01b0\u01a1ng m\u1ea1i.","robots":{"index":"index","follow":"follow","max-snippet":"max-snippet:-1","max-image-preview":"max-image-preview:large","max-video-preview":"max-video-preview:-1"},"canonical":"https:\/\/cheri-heater.com\/vn\/product\/may-suoi-but-chi\/","og_locale":"en_US","og_type":"article","og_title":"C\u00e1c nh\u00e0 s\u1ea3n xu\u1ea5t m\u00e1y s\u01b0\u1edfi b\u00fat ch\u00ec h\u00e0ng \u0111\u1ea7u t\u1ea1i Trung Qu\u1ed1c | Cheri-heater.com","og_description":"M\u00e1y s\u01b0\u1edfi b\u00fat ch\u00ec cao c\u1ea5p t\u1eeb c\u00e1c nh\u00e0 s\u1ea3n xu\u1ea5t h\u00e0ng \u0111\u1ea7u. Gi\u1ea3i ph\u00e1p \u0111\u00e1ng tin c\u1eady, hi\u1ec7u qu\u1ea3 v\u00e0 c\u00f3 th\u1ec3 t\u00f9y ch\u1ec9nh cho nhu c\u1ea7u s\u01b0\u1edfi \u1ea5m c\u00f4ng nghi\u1ec7p v\u00e0 th\u01b0\u01a1ng m\u1ea1i.","og_url":"https:\/\/cheri-heater.com\/vn\/product\/may-suoi-but-chi\/","og_site_name":"Cheri Heater Technology Co.,Ltd.","og_image":[{"width":500,"height":500,"url":"http:\/\/cheri-heater.com\/vn\/wp-content\/uploads\/2025\/05\/hot-rod-cartridge-heater-500x500-1.jpg","type":"image\/jpeg"}],"twitter_card":"summary_large_image","twitter_misc":{"Est. reading time":"1 minute"},"schema":{"@context":"https:\/\/schema.org","@graph":[{"@type":"WebPage","@id":"https:\/\/cheri-heater.com\/vn\/product\/may-suoi-but-chi\/","url":"https:\/\/cheri-heater.com\/vn\/product\/may-suoi-but-chi\/","name":"C\u00e1c nh\u00e0 s\u1ea3n xu\u1ea5t m\u00e1y s\u01b0\u1edfi b\u00fat ch\u00ec h\u00e0ng \u0111\u1ea7u t\u1ea1i Trung Qu\u1ed1c | Cheri-heater.com","isPartOf":{"@id":"https:\/\/cheri-heater.com\/vn\/#website"},"primaryImageOfPage":{"@id":"https:\/\/cheri-heater.com\/vn\/product\/may-suoi-but-chi\/#primaryimage"},"image":{"@id":"https:\/\/cheri-heater.com\/vn\/product\/may-suoi-but-chi\/#primaryimage"},"thumbnailUrl":"https:\/\/cheri-heater.com\/vn\/wp-content\/uploads\/2025\/05\/hot-rod-cartridge-heater-500x500-1.jpg","datePublished":"2025-05-12T02:07:12+00:00","description":"M\u00e1y s\u01b0\u1edfi b\u00fat ch\u00ec cao c\u1ea5p t\u1eeb c\u00e1c nh\u00e0 s\u1ea3n xu\u1ea5t h\u00e0ng \u0111\u1ea7u. Gi\u1ea3i ph\u00e1p \u0111\u00e1ng tin c\u1eady, hi\u1ec7u qu\u1ea3 v\u00e0 c\u00f3 th\u1ec3 t\u00f9y ch\u1ec9nh cho nhu c\u1ea7u s\u01b0\u1edfi \u1ea5m c\u00f4ng nghi\u1ec7p v\u00e0 th\u01b0\u01a1ng m\u1ea1i.","breadcrumb":{"@id":"https:\/\/cheri-heater.com\/vn\/product\/may-suoi-but-chi\/#breadcrumb"},"inLanguage":"en-US","potentialAction":[{"@type":"ReadAction","target":["https:\/\/cheri-heater.com\/vn\/product\/may-suoi-but-chi\/"]}]},{"@type":"ImageObject","inLanguage":"en-US","@id":"https:\/\/cheri-heater.com\/vn\/product\/may-suoi-but-chi\/#primaryimage","url":"https:\/\/cheri-heater.com\/vn\/wp-content\/uploads\/2025\/05\/hot-rod-cartridge-heater-500x500-1.jpg","contentUrl":"https:\/\/cheri-heater.com\/vn\/wp-content\/uploads\/2025\/05\/hot-rod-cartridge-heater-500x500-1.jpg","width":500,"height":500,"caption":"M\u00e1y S\u01b0\u1edfi B\u00fat Ch\u00ec"},{"@type":"BreadcrumbList","@id":"https:\/\/cheri-heater.com\/vn\/product\/may-suoi-but-chi\/#breadcrumb","itemListElement":[{"@type":"ListItem","position":1,"name":"Home","item":"https:\/\/cheri-heater.com\/vn\/"},{"@type":"ListItem","position":2,"name":"Products","item":"https:\/\/cheri-heater.com\/vn\/products\/"},{"@type":"ListItem","position":3,"name":"M\u00e1y S\u01b0\u1edfi B\u00fat Ch\u00ec"}]},{"@type":"WebSite","@id":"https:\/\/cheri-heater.com\/vn\/#website","url":"https:\/\/cheri-heater.com\/vn\/","name":"Cheri Heater Technology Co.,Ltd.","description":"","publisher":{"@id":"https:\/\/cheri-heater.com\/vn\/#organization"},"potentialAction":[{"@type":"SearchAction","target":{"@type":"EntryPoint","urlTemplate":"https:\/\/cheri-heater.com\/vn\/?s={search_term_string}"},"query-input":{"@type":"PropertyValueSpecification","valueRequired":true,"valueName":"search_term_string"}}],"inLanguage":"en-US"},{"@type":"Organization","@id":"https:\/\/cheri-heater.com\/vn\/#organization","name":"Cheri Heater Technology Co.,Ltd.","url":"https:\/\/cheri-heater.com\/vn\/","logo":{"@type":"ImageObject","inLanguage":"en-US","@id":"https:\/\/cheri-heater.com\/vn\/#\/schema\/logo\/image\/","url":"https:\/\/cheri-heater.com\/vn\/wp-content\/uploads\/2024\/06\/cropped-logo-resize.png","contentUrl":"https:\/\/cheri-heater.com\/vn\/wp-content\/uploads\/2024\/06\/cropped-logo-resize.png","width":346,"height":99,"caption":"Cheri Heater Technology Co.,Ltd."},"image":{"@id":"https:\/\/cheri-heater.com\/vn\/#\/schema\/logo\/image\/"}}]}},"_links":{"self":[{"href":"https:\/\/cheri-heater.com\/vn\/wp-json\/wp\/v2\/product\/1809","targetHints":{"allow":["GET"]}}],"collection":[{"href":"https:\/\/cheri-heater.com\/vn\/wp-json\/wp\/v2\/product"}],"about":[{"href":"https:\/\/cheri-heater.com\/vn\/wp-json\/wp\/v2\/types\/product"}],"wp:featuredmedia":[{"embeddable":true,"href":"https:\/\/cheri-heater.com\/vn\/wp-json\/wp\/v2\/media\/1810"}],"wp:attachment":[{"href":"https:\/\/cheri-heater.com\/vn\/wp-json\/wp\/v2\/media?parent=1809"}],"wp:term":[{"taxonomy":"product_brand","embeddable":true,"href":"https:\/\/cheri-heater.com\/vn\/wp-json\/wp\/v2\/product_brand?post=1809"},{"taxonomy":"product_cat","embeddable":true,"href":"https:\/\/cheri-heater.com\/vn\/wp-json\/wp\/v2\/product_cat?post=1809"},{"taxonomy":"product_tag","embeddable":true,"href":"https:\/\/cheri-heater.com\/vn\/wp-json\/wp\/v2\/product_tag?post=1809"}],"curies":[{"name":"wp","href":"https:\/\/api.w.org\/{rel}","templated":true}]}}