{"id":1811,"date":"2025-05-12T02:14:42","date_gmt":"2025-05-12T02:14:42","guid":{"rendered":"https:\/\/cheri-heater.com\/vn\/?post_type=product&#038;p=1811"},"modified":"2025-05-12T02:14:42","modified_gmt":"2025-05-12T02:14:42","slug":"may-suoi-thanh-but-chi","status":"publish","type":"product","link":"https:\/\/cheri-heater.com\/vn\/product\/may-suoi-thanh-but-chi\/","title":{"rendered":"M\u00e1y S\u01b0\u1edfi Thanh B\u00fat Ch\u00ec"},"content":{"rendered":"","protected":false},"excerpt":{"rendered":"<h2><b><span><span class=\"\">M\u00e1y s\u01b0\u1edfi thanh b\u00fat ch\u00ec \u2013 H\u1ec7 th\u1ed1ng s\u01b0\u1edfi hi\u1ec7u su\u1ea5t cao c\u1ee7a Cheri Heater<\/span><\/span><\/b><\/h2>\n<p><b><span>M\u00e1y s\u01b0\u1edfi thanh ch\u00ec\u00a0<\/span><\/b><span>c\u1ee7a Cheri Heater\u00a0<\/span><span>\u0111\u01b0\u1ee3c thi\u1ebft k\u1ebf \u0111\u1ec3 \u0111\u1ea1t hi\u1ec7u qu\u1ea3, \u0111\u1ed9 b\u1ec1n v\u00e0 \u0111\u1ed9 ch\u00ednh x\u00e1c trong nhi\u1ec1u \u1ee9ng d\u1ee5ng c\u00f4ng nghi\u1ec7p kh\u00e1c nhau. V\u1edbi thi\u1ebft k\u1ebf nh\u1ecf g\u1ecdn v\u00e0 v\u1eadt li\u1ec7u cao c\u1ea5p, m\u00e1y mang l\u1ea1i hi\u1ec7u su\u1ea5t nh\u1ea5t qu\u00e1n cho c\u00e1c t\u00e1c v\u1ee5 nhi\u1ec7t \u0111\u1ed9 cao nh\u01b0 \u0111\u00fac khu\u00f4n, ni\u00eam phong v\u00e0 x\u1eed l\u00fd. \u0110\u01b0\u1ee3c thi\u1ebft k\u1ebf \u0111\u1ec3 ti\u1ebft ki\u1ec7m n\u0103ng l\u01b0\u1ee3ng, \u0111\u00e2y l\u00e0 l\u1ef1a ch\u1ecdn l\u00fd t\u01b0\u1edfng cho c\u00e1c ng\u00e0nh c\u00f4ng nghi\u1ec7p y\u00eau c\u1ea7u c\u00e1c gi\u1ea3i ph\u00e1p s\u01b0\u1edfi \u1ea5m \u0111\u00e1ng tin c\u1eady trong kh\u00f4ng gian nh\u1ecf.<\/span><\/p>\n<p><span>Cho d\u00f9 b\u1ea1n c\u1ea7n c\u00f4ng su\u1ea5t, \u0111i\u1ec7n \u00e1p hay k\u00edch th\u01b0\u1edbc t\u00f9y ch\u1ec9nh, Cheri Heater \u0111\u1ea3m b\u1ea3o m\u1ecdi\u00a0<\/span><b><span>m\u00e1y s\u01b0\u1edfi thanh b\u00fat ch\u00ec\u00a0<\/span><\/b><span>\u0111\u1ec1u ph\u00f9 h\u1ee3p v\u1edbi nhu c\u1ea7u c\u1ee5 th\u1ec3 c\u1ee7a b\u1ea1n.<\/span><\/p>\n<h3><b><span>C\u00e1c t\u00ednh n\u0103ng ch\u00ednh c\u1ee7a m\u00e1y s\u01b0\u1edfi thanh b\u00fat ch\u00ec<\/span><\/b><\/h3>\n<p><span>M\u00e1y\u00a0<\/span><b><span>s\u01b0\u1edfi thanh b\u00fat ch\u00ec\u00a0<\/span><\/b><span>c\u1ee7a Cheri Heater cung c\u1ea5p:<\/span><\/p>\n<ul>\n<li aria-level=\"1\"><b><span>Thi\u1ebft k\u1ebf nh\u1ecf g\u1ecdn\u00a0<\/span><\/b><span>: Ph\u00f9 h\u1ee3p v\u1edbi nh\u1eefng kh\u00f4ng gian ch\u1eadt h\u1eb9p.<\/span><\/li>\n<li aria-level=\"1\"><b><span>Hi\u1ec7u su\u1ea5t nhi\u1ec7t \u0111\u1ed9 cao\u00a0<\/span><\/b><span>: Ho\u1ea1t \u0111\u1ed9ng hi\u1ec7u qu\u1ea3 trong \u0111i\u1ec1u ki\u1ec7n kh\u1eafc nghi\u1ec7t.<\/span><\/li>\n<li aria-level=\"1\"><b><span>V\u1eadt li\u1ec7u b\u1ec1n\u00a0<\/span><\/b><span>: \u0110\u1ea3m b\u1ea3o s\u1eed d\u1ee5ng l\u00e2u d\u00e0i ngay c\u1ea3 trong m\u00f4i tr\u01b0\u1eddng kh\u1eafc nghi\u1ec7t.<\/span><\/li>\n<li aria-level=\"1\"><b><span>T\u00f9y ch\u1ecdn t\u00f9y ch\u1ec9nh\u00a0<\/span><\/b><span>: C\u00f4ng su\u1ea5t, \u0111i\u1ec7n \u00e1p v\u00e0 chi\u1ec1u d\u00e0i \u0111\u01b0\u1ee3c \u0111i\u1ec1u ch\u1ec9nh \u0111\u1ec3 ph\u00f9 h\u1ee3p v\u1edbi nhu c\u1ea7u c\u1ee7a b\u1ea1n.<\/span><\/li>\n<\/ul>\n<p><span>V\u1edbi k\u1ef9 thu\u1eadt ch\u00ednh x\u00e1c,\u00a0<\/span><b><span>m\u00e1y gia nhi\u1ec7t thanh b\u00fat ch\u00ec\u00a0<\/span><\/b><span>\u0111\u1ea3m b\u1ea3o gia nhi\u1ec7t \u0111\u1ed3ng \u0111\u1ec1u v\u00e0 ki\u1ec3m so\u00e1t nhi\u1ec7t tuy\u1ec7t v\u1eddi.<\/span><\/p>\n<h3><b><span>\u1ee8ng d\u1ee5ng c\u1ee7a thanh gia nhi\u1ec7t b\u00fat ch\u00ec<\/span><\/b><\/h3>\n<p><b><span>M\u00e1y s\u01b0\u1edfi thanh b\u00fat ch\u00ec\u00a0<\/span><\/b><span>c\u1ee7a Cheri Heater\u00a0<\/span><span>l\u00e0 gi\u1ea3i ph\u00e1p \u0111a n\u0103ng cho c\u00e1c ng\u00e0nh c\u00f4ng nghi\u1ec7p nh\u01b0:<\/span><\/p>\n<ul>\n<li aria-level=\"1\"><b><span>M\u00e1y m\u00f3c c\u00f4ng nghi\u1ec7p\u00a0<\/span><\/b><span>: Cung c\u1ea5p nhi\u1ec7t \u0111\u1ed9 \u1ed5n \u0111\u1ecbnh trong c\u00e1c h\u1ec7 th\u1ed1ng ph\u1ee9c t\u1ea1p.<\/span><\/li>\n<li aria-level=\"1\"><b><span>X\u1eed l\u00fd nh\u1ef1a\u00a0<\/span><\/b><span>: Cung c\u1ea5p nhi\u1ec7t \u0111\u1ed3ng \u0111\u1ec1u cho qu\u00e1 tr\u00ecnh \u0111\u00fac v\u00e0 \u0111\u00f9n.<\/span><\/li>\n<li aria-level=\"1\"><b><span>D\u1ee5ng c\u1ee5 y t\u1ebf\u00a0<\/span><\/b><span>: Cung c\u1ea5p kh\u1ea3 n\u0103ng ki\u1ec3m so\u00e1t nhi\u1ec7t \u0111\u1ed9 ch\u00ednh x\u00e1c cho c\u00e1c thi\u1ebft b\u1ecb chuy\u00ean d\u1ee5ng.<\/span><\/li>\n<li aria-level=\"1\"><b><span>Bao b\u00ec th\u1ef1c ph\u1ea9m\u00a0<\/span><\/b><span>: Duy tr\u00ec nhi\u1ec7t \u0111\u1ed9 ch\u00ednh x\u00e1c cho c\u00e1c \u1ee9ng d\u1ee5ng ni\u00eam phong.<\/span><\/li>\n<\/ul>\n<p><span>Kh\u1ea3 n\u0103ng th\u00edch \u1ee9ng c\u1ee7a n\u00f3 khi\u1ebfn n\u00f3 tr\u1edf th\u00e0nh gi\u1ea3i ph\u00e1p s\u01b0\u1edfi \u1ea5m \u0111\u00e1ng tin c\u1eady trong nhi\u1ec1u l\u0129nh v\u1ef1c.<\/span><\/p>\n<h3><b><span>M\u00e1y s\u01b0\u1edfi thanh b\u00fat ch\u00ec \u2013 S\u01b0\u1edfi \u1ea5m ch\u00ednh x\u00e1c c\u1ee7a Cheri Heater<\/span><\/b><\/h3>\n<p><b><span>M\u00e1y s\u01b0\u1edfi thanh ch\u00ec\u00a0<\/span><\/b><span>c\u1ee7a Cheri Heater\u00a0<\/span><span>\u0111\u01b0\u1ee3c ch\u1ebf t\u1ea1o cho c\u00e1c ng\u00e0nh c\u00f4ng nghi\u1ec7p \u0111\u00f2i h\u1ecfi c\u00e1c gi\u1ea3i ph\u00e1p s\u01b0\u1edfi \u1ea5m hi\u1ec7u qu\u1ea3, ti\u1ebft ki\u1ec7m kh\u00f4ng gian. V\u1edbi thi\u1ebft k\u1ebf nh\u1ecf g\u1ecdn v\u00e0 c\u1ea5u tr\u00fac b\u1ec1n b\u1ec9, m\u00e1y \u0111\u1ea3m b\u1ea3o ki\u1ec3m so\u00e1t nhi\u1ec7t \u0111\u1ed9 ch\u00ednh x\u00e1c tr\u00ean c\u00e1c \u1ee9ng d\u1ee5ng nh\u01b0 \u0111\u00fac nh\u1ef1a, \u0111\u00f3ng g\u00f3i v\u00e0 d\u1ee5ng c\u1ee5 y t\u1ebf.\u00a0<\/span><\/p>\n<p><i><span>H\u00e3y ch\u1ecdn\u00a0<\/span><\/i><b><i><span>m\u00e1y s\u01b0\u1edfi thanh b\u00fat ch\u00ec t\u00f9y ch\u1ec9nh c\u1ee7a ch\u00fang t\u00f4i\u00a0<\/span><\/i><\/b><i><span>\u0111\u1ec3 c\u00f3 hi\u1ec7u su\u1ea5t \u0111\u00e1ng tin c\u1eady ph\u00f9 h\u1ee3p v\u1edbi y\u00eau c\u1ea7u c\u1ee5 th\u1ec3 c\u1ee7a b\u1ea1n. Li\u00ean h\u1ec7 v\u1edbi Cheri Heater ngay h\u00f4m nay!<\/span><\/i><\/p>\n<h4><b><span>T\u1ea1i sao n\u00ean ch\u1ecdn m\u00e1y s\u01b0\u1edfi thanh b\u00fat ch\u00ec c\u1ee7a Cheri Heater?<\/span><\/b><\/h4>\n<p><span>Cheri Heater k\u1ebft h\u1ee3p s\u1ef1 \u0111\u1ed5i m\u1edbi v\u00e0 chuy\u00ean m\u00f4n \u0111\u1ec3 t\u1ea1o ra c\u00e1c s\u1ea3n ph\u1ea9m ch\u1ea5t l\u01b0\u1ee3ng cao nh\u01b0\u00a0<\/span><b><span>m\u00e1y s\u01b0\u1edfi thanh b\u00fat ch\u00ec\u00a0<\/span><\/b><span>. \u0110\u01b0\u1ee3c thi\u1ebft k\u1ebf \u0111\u1ec3 c\u00f3 hi\u1ec7u su\u1ea5t v\u00e0 \u0111\u1ed9 tin c\u1eady t\u1ed1i \u01b0u, m\u00e1y s\u01b0\u1edfi c\u1ee7a ch\u00fang t\u00f4i \u0111\u01b0\u1ee3c c\u00e1c chuy\u00ean gia tr\u00ean to\u00e0n th\u1ebf gi\u1edbi tin d\u00f9ng.<\/span><\/p>\n<p><span>H\u00e3y li\u00ean h\u1ec7 v\u1edbi Cheri Heater ngay h\u00f4m nay \u0111\u1ec3 kh\u00e1m ph\u00e1 c\u00e1ch\u00a0<\/span><b><span>m\u00e1y s\u01b0\u1edfi thanh b\u00fat ch\u00ec c\u1ee7a ch\u00fang t\u00f4i\u00a0<\/span><\/b><span>c\u00f3 th\u1ec3 bi\u1ebfn \u0111\u1ed5i quy tr\u00ecnh s\u01b0\u1edfi \u1ea5m c\u1ee7a b\u1ea1n.<\/span><\/p>\n","protected":false},"featured_media":1812,"template":"","meta":[],"product_brand":[],"product_cat":[21],"product_tag":[198],"class_list":{"0":"post-1811","1":"product","2":"type-product","3":"status-publish","4":"has-post-thumbnail","6":"product_cat-cartridge-heater","7":"product_tag-may-suoi-thanh-but-chi","9":"first","10":"instock","11":"shipping-taxable","12":"product-type-simple"},"yoast_head":"<!-- This site is optimized with the Yoast SEO plugin v27.3 - https:\/\/yoast.com\/product\/yoast-seo-wordpress\/ -->\n<title>Nh\u00e0 s\u1ea3n xu\u1ea5t m\u00e1y s\u01b0\u1edfi thanh b\u00fat ch\u00ec ch\u1ea5t l\u01b0\u1ee3ng cao | Cheri-heater.com<\/title>\n<meta name=\"description\" content=\"Kh\u00e1m ph\u00e1 m\u00e1y s\u01b0\u1edfi thanh b\u00fat ch\u00ec ch\u1ea5t l\u01b0\u1ee3ng h\u00e0ng \u0111\u1ea7u t\u1eeb c\u00e1c nh\u00e0 s\u1ea3n xu\u1ea5t \u0111\u00e1ng tin c\u1eady. C\u00e1c gi\u1ea3i ph\u00e1p s\u01b0\u1edfi \u1ea5m b\u1ec1n b\u1ec9, hi\u1ec7u qu\u1ea3 v\u00e0 c\u00f3 th\u1ec3 t\u00f9y ch\u1ec9nh cho nhi\u1ec1u nhu c\u1ea7u c\u00f4ng nghi\u1ec7p kh\u00e1c nhau.\" \/>\n<meta name=\"robots\" content=\"index, follow, max-snippet:-1, max-image-preview:large, max-video-preview:-1\" \/>\n<link rel=\"canonical\" href=\"https:\/\/cheri-heater.com\/vn\/product\/may-suoi-thanh-but-chi\/\" \/>\n<meta property=\"og:locale\" content=\"en_US\" \/>\n<meta property=\"og:type\" content=\"article\" \/>\n<meta property=\"og:title\" content=\"Nh\u00e0 s\u1ea3n xu\u1ea5t m\u00e1y s\u01b0\u1edfi thanh b\u00fat ch\u00ec ch\u1ea5t l\u01b0\u1ee3ng cao | Cheri-heater.com\" \/>\n<meta property=\"og:description\" content=\"Kh\u00e1m ph\u00e1 m\u00e1y s\u01b0\u1edfi thanh b\u00fat ch\u00ec ch\u1ea5t l\u01b0\u1ee3ng h\u00e0ng \u0111\u1ea7u t\u1eeb c\u00e1c nh\u00e0 s\u1ea3n xu\u1ea5t \u0111\u00e1ng tin c\u1eady. C\u00e1c gi\u1ea3i ph\u00e1p s\u01b0\u1edfi \u1ea5m b\u1ec1n b\u1ec9, hi\u1ec7u qu\u1ea3 v\u00e0 c\u00f3 th\u1ec3 t\u00f9y ch\u1ec9nh cho nhi\u1ec1u nhu c\u1ea7u c\u00f4ng nghi\u1ec7p kh\u00e1c nhau.\" \/>\n<meta property=\"og:url\" content=\"https:\/\/cheri-heater.com\/vn\/product\/may-suoi-thanh-but-chi\/\" \/>\n<meta property=\"og:site_name\" content=\"Cheri Heater Technology Co.,Ltd.\" \/>\n<meta property=\"og:image\" content=\"http:\/\/cheri-heater.com\/vn\/wp-content\/uploads\/2025\/05\/pencil.jpg\" \/>\n\t<meta property=\"og:image:width\" content=\"1000\" \/>\n\t<meta property=\"og:image:height\" content=\"1000\" \/>\n\t<meta property=\"og:image:type\" content=\"image\/jpeg\" \/>\n<meta name=\"twitter:card\" content=\"summary_large_image\" \/>\n<meta name=\"twitter:label1\" content=\"Est. reading time\" \/>\n\t<meta name=\"twitter:data1\" content=\"1 minute\" \/>\n<!-- \/ Yoast SEO plugin. -->","yoast_head_json":{"title":"Nh\u00e0 s\u1ea3n xu\u1ea5t m\u00e1y s\u01b0\u1edfi thanh b\u00fat ch\u00ec ch\u1ea5t l\u01b0\u1ee3ng cao | Cheri-heater.com","description":"Kh\u00e1m ph\u00e1 m\u00e1y s\u01b0\u1edfi thanh b\u00fat ch\u00ec ch\u1ea5t l\u01b0\u1ee3ng h\u00e0ng \u0111\u1ea7u t\u1eeb c\u00e1c nh\u00e0 s\u1ea3n xu\u1ea5t \u0111\u00e1ng tin c\u1eady. C\u00e1c gi\u1ea3i ph\u00e1p s\u01b0\u1edfi \u1ea5m b\u1ec1n b\u1ec9, hi\u1ec7u qu\u1ea3 v\u00e0 c\u00f3 th\u1ec3 t\u00f9y ch\u1ec9nh cho nhi\u1ec1u nhu c\u1ea7u c\u00f4ng nghi\u1ec7p kh\u00e1c nhau.","robots":{"index":"index","follow":"follow","max-snippet":"max-snippet:-1","max-image-preview":"max-image-preview:large","max-video-preview":"max-video-preview:-1"},"canonical":"https:\/\/cheri-heater.com\/vn\/product\/may-suoi-thanh-but-chi\/","og_locale":"en_US","og_type":"article","og_title":"Nh\u00e0 s\u1ea3n xu\u1ea5t m\u00e1y s\u01b0\u1edfi thanh b\u00fat ch\u00ec ch\u1ea5t l\u01b0\u1ee3ng cao | Cheri-heater.com","og_description":"Kh\u00e1m ph\u00e1 m\u00e1y s\u01b0\u1edfi thanh b\u00fat ch\u00ec ch\u1ea5t l\u01b0\u1ee3ng h\u00e0ng \u0111\u1ea7u t\u1eeb c\u00e1c nh\u00e0 s\u1ea3n xu\u1ea5t \u0111\u00e1ng tin c\u1eady. C\u00e1c gi\u1ea3i ph\u00e1p s\u01b0\u1edfi \u1ea5m b\u1ec1n b\u1ec9, hi\u1ec7u qu\u1ea3 v\u00e0 c\u00f3 th\u1ec3 t\u00f9y ch\u1ec9nh cho nhi\u1ec1u nhu c\u1ea7u c\u00f4ng nghi\u1ec7p kh\u00e1c nhau.","og_url":"https:\/\/cheri-heater.com\/vn\/product\/may-suoi-thanh-but-chi\/","og_site_name":"Cheri Heater Technology Co.,Ltd.","og_image":[{"width":1000,"height":1000,"url":"http:\/\/cheri-heater.com\/vn\/wp-content\/uploads\/2025\/05\/pencil.jpg","type":"image\/jpeg"}],"twitter_card":"summary_large_image","twitter_misc":{"Est. reading time":"1 minute"},"schema":{"@context":"https:\/\/schema.org","@graph":[{"@type":"WebPage","@id":"https:\/\/cheri-heater.com\/vn\/product\/may-suoi-thanh-but-chi\/","url":"https:\/\/cheri-heater.com\/vn\/product\/may-suoi-thanh-but-chi\/","name":"Nh\u00e0 s\u1ea3n xu\u1ea5t m\u00e1y s\u01b0\u1edfi thanh b\u00fat ch\u00ec ch\u1ea5t l\u01b0\u1ee3ng cao | Cheri-heater.com","isPartOf":{"@id":"https:\/\/cheri-heater.com\/vn\/#website"},"primaryImageOfPage":{"@id":"https:\/\/cheri-heater.com\/vn\/product\/may-suoi-thanh-but-chi\/#primaryimage"},"image":{"@id":"https:\/\/cheri-heater.com\/vn\/product\/may-suoi-thanh-but-chi\/#primaryimage"},"thumbnailUrl":"https:\/\/cheri-heater.com\/vn\/wp-content\/uploads\/2025\/05\/pencil.jpg","datePublished":"2025-05-12T02:14:42+00:00","description":"Kh\u00e1m ph\u00e1 m\u00e1y s\u01b0\u1edfi thanh b\u00fat ch\u00ec ch\u1ea5t l\u01b0\u1ee3ng h\u00e0ng \u0111\u1ea7u t\u1eeb c\u00e1c nh\u00e0 s\u1ea3n xu\u1ea5t \u0111\u00e1ng tin c\u1eady. C\u00e1c gi\u1ea3i ph\u00e1p s\u01b0\u1edfi \u1ea5m b\u1ec1n b\u1ec9, hi\u1ec7u qu\u1ea3 v\u00e0 c\u00f3 th\u1ec3 t\u00f9y ch\u1ec9nh cho nhi\u1ec1u nhu c\u1ea7u c\u00f4ng nghi\u1ec7p kh\u00e1c nhau.","breadcrumb":{"@id":"https:\/\/cheri-heater.com\/vn\/product\/may-suoi-thanh-but-chi\/#breadcrumb"},"inLanguage":"en-US","potentialAction":[{"@type":"ReadAction","target":["https:\/\/cheri-heater.com\/vn\/product\/may-suoi-thanh-but-chi\/"]}]},{"@type":"ImageObject","inLanguage":"en-US","@id":"https:\/\/cheri-heater.com\/vn\/product\/may-suoi-thanh-but-chi\/#primaryimage","url":"https:\/\/cheri-heater.com\/vn\/wp-content\/uploads\/2025\/05\/pencil.jpg","contentUrl":"https:\/\/cheri-heater.com\/vn\/wp-content\/uploads\/2025\/05\/pencil.jpg","width":1000,"height":1000,"caption":"M\u00e1y S\u01b0\u1edfi Thanh B\u00fat Ch\u00ec"},{"@type":"BreadcrumbList","@id":"https:\/\/cheri-heater.com\/vn\/product\/may-suoi-thanh-but-chi\/#breadcrumb","itemListElement":[{"@type":"ListItem","position":1,"name":"Home","item":"https:\/\/cheri-heater.com\/vn\/"},{"@type":"ListItem","position":2,"name":"Products","item":"https:\/\/cheri-heater.com\/vn\/products\/"},{"@type":"ListItem","position":3,"name":"M\u00e1y S\u01b0\u1edfi Thanh B\u00fat Ch\u00ec"}]},{"@type":"WebSite","@id":"https:\/\/cheri-heater.com\/vn\/#website","url":"https:\/\/cheri-heater.com\/vn\/","name":"Cheri Heater Technology Co.,Ltd.","description":"","publisher":{"@id":"https:\/\/cheri-heater.com\/vn\/#organization"},"potentialAction":[{"@type":"SearchAction","target":{"@type":"EntryPoint","urlTemplate":"https:\/\/cheri-heater.com\/vn\/?s={search_term_string}"},"query-input":{"@type":"PropertyValueSpecification","valueRequired":true,"valueName":"search_term_string"}}],"inLanguage":"en-US"},{"@type":"Organization","@id":"https:\/\/cheri-heater.com\/vn\/#organization","name":"Cheri Heater Technology Co.,Ltd.","url":"https:\/\/cheri-heater.com\/vn\/","logo":{"@type":"ImageObject","inLanguage":"en-US","@id":"https:\/\/cheri-heater.com\/vn\/#\/schema\/logo\/image\/","url":"https:\/\/cheri-heater.com\/vn\/wp-content\/uploads\/2024\/06\/cropped-logo-resize.png","contentUrl":"https:\/\/cheri-heater.com\/vn\/wp-content\/uploads\/2024\/06\/cropped-logo-resize.png","width":346,"height":99,"caption":"Cheri Heater Technology Co.,Ltd."},"image":{"@id":"https:\/\/cheri-heater.com\/vn\/#\/schema\/logo\/image\/"}}]}},"_links":{"self":[{"href":"https:\/\/cheri-heater.com\/vn\/wp-json\/wp\/v2\/product\/1811","targetHints":{"allow":["GET"]}}],"collection":[{"href":"https:\/\/cheri-heater.com\/vn\/wp-json\/wp\/v2\/product"}],"about":[{"href":"https:\/\/cheri-heater.com\/vn\/wp-json\/wp\/v2\/types\/product"}],"wp:featuredmedia":[{"embeddable":true,"href":"https:\/\/cheri-heater.com\/vn\/wp-json\/wp\/v2\/media\/1812"}],"wp:attachment":[{"href":"https:\/\/cheri-heater.com\/vn\/wp-json\/wp\/v2\/media?parent=1811"}],"wp:term":[{"taxonomy":"product_brand","embeddable":true,"href":"https:\/\/cheri-heater.com\/vn\/wp-json\/wp\/v2\/product_brand?post=1811"},{"taxonomy":"product_cat","embeddable":true,"href":"https:\/\/cheri-heater.com\/vn\/wp-json\/wp\/v2\/product_cat?post=1811"},{"taxonomy":"product_tag","embeddable":true,"href":"https:\/\/cheri-heater.com\/vn\/wp-json\/wp\/v2\/product_tag?post=1811"}],"curies":[{"name":"wp","href":"https:\/\/api.w.org\/{rel}","templated":true}]}}