{"id":1816,"date":"2025-05-12T02:39:10","date_gmt":"2025-05-12T02:39:10","guid":{"rendered":"https:\/\/cheri-heater.com\/vn\/?post_type=product&#038;p=1816"},"modified":"2025-05-12T02:39:11","modified_gmt":"2025-05-12T02:39:11","slug":"may-suoi-ong-ren-1-1-2-inch","status":"publish","type":"product","link":"https:\/\/cheri-heater.com\/vn\/product\/may-suoi-ong-ren-1-1-2-inch\/","title":{"rendered":"M\u00e1y S\u01b0\u1edfi \u1ed0ng Ren 1 1\/2 Inch"},"content":{"rendered":"","protected":false},"excerpt":{"rendered":"<h2><span><span class=\"\">M\u00e1y s\u01b0\u1edfi \u1ed1ng ren 1 1\/2 inch \u2013 Gi\u1ea3i ph\u00e1p s\u01b0\u1edfi \u1ea5m \u0111\u00e1ng tin c\u1eady t\u1ea1i Cheri Heater<\/span><\/span><\/h2>\n<p><span>Ch\u00e0o m\u1eebng \u0111\u1ebfn v\u1edbi\u00a0<\/span><strong><span>Cheri Heater<\/span><\/strong><span>\u00a0, ngu\u1ed3n cung c\u1ea5p \u0111\u00e1ng tin c\u1eady c\u1ee7a b\u1ea1n cho c\u00e1c gi\u1ea3i ph\u00e1p s\u01b0\u1edfi \u1ea5m cao c\u1ea5p.\u00a0<\/span><strong><span>M\u00e1y s\u01b0\u1edfi \u1ed1ng ren 1 1\/2 inch<\/span><\/strong><span>\u00a0c\u1ee7a ch\u00fang t\u00f4i l\u00e0 m\u1ed9t b\u1ed9 ph\u1eadn gia nhi\u1ec7t linh ho\u1ea1t v\u00e0 b\u1ec1n b\u1ec9 \u0111\u01b0\u1ee3c thi\u1ebft k\u1ebf \u0111\u1ec3 \u0111\u00e1p \u1ee9ng nhi\u1ec1u nhu c\u1ea7u s\u01b0\u1edfi \u1ea5m c\u00f4ng nghi\u1ec7p v\u00e0 th\u01b0\u01a1ng m\u1ea1i. Cho d\u00f9 b\u1ea1n \u0111ang qu\u1ea3n l\u00fd quy tr\u00ecnh s\u1ea3n xu\u1ea5t, v\u1eadn h\u00e0nh m\u00e1y m\u00f3c hay t\u00ecm ki\u1ebfm c\u00e1c t\u00f9y ch\u1ecdn s\u01b0\u1edfi \u1ea5m t\u00f9y ch\u1ec9nh, m\u00e1y s\u01b0\u1edfi \u1ed1ng c\u1ee7a ch\u00fang t\u00f4i \u0111\u1ec1u mang l\u1ea1i hi\u1ec7u su\u1ea5t v\u01b0\u1ee3t tr\u1ed9i.<\/span><\/p>\n<p><span>Thi\u1ebft k\u1ebf ren 1 1\/2 inch \u0111\u1ea3m b\u1ea3o l\u1eafp \u0111\u1eb7t d\u1ec5 d\u00e0ng, l\u00fd t\u01b0\u1edfng cho c\u00e1c \u1ee9ng d\u1ee5ng \u0111\u00f2i h\u1ecfi s\u01b0\u1edfi \u1ea5m ch\u00ednh x\u00e1c v\u00e0 an to\u00e0n. \u0110\u01b0\u1ee3c ch\u1ebf t\u1ea1o t\u1eeb v\u1eadt li\u1ec7u ch\u1ea5t l\u01b0\u1ee3ng cao, m\u00e1y s\u01b0\u1edfi n\u00e0y \u0111\u01b0\u1ee3c ch\u1ebf t\u1ea1o \u0111\u1ec3 ch\u1ecbu \u0111\u01b0\u1ee3c m\u00f4i tr\u01b0\u1eddng kh\u1eafc nghi\u1ec7t, cung c\u1ea5p kh\u1ea3 n\u0103ng truy\u1ec1n nhi\u1ec7t v\u00e0 hi\u1ec7u qu\u1ea3 n\u0103ng l\u01b0\u1ee3ng v\u01b0\u1ee3t tr\u1ed9i. C\u1ea5u tr\u00fac ch\u1eafc ch\u1eafn c\u1ee7a n\u00f3 \u0111\u1ea3m b\u1ea3o tu\u1ed5i th\u1ecd, gi\u1ea3m th\u1eddi gian ng\u1eebng ho\u1ea1t \u0111\u1ed9ng v\u00e0 chi ph\u00ed b\u1ea3o tr\u00ec.<\/span><\/p>\n<p><span>T\u1ea1i\u00a0<\/span><strong><span>Cheri Heater<\/span><\/strong><span>\u00a0, ch\u00fang t\u00f4i \u01b0u ti\u00ean s\u1ef1 \u0111\u1ed5i m\u1edbi v\u00e0 s\u1ef1 h\u00e0i l\u00f2ng c\u1ee7a kh\u00e1ch h\u00e0ng. M\u00e1y s\u01b0\u1edfi \u1ed1ng c\u1ee7a ch\u00fang t\u00f4i c\u00f3 th\u1ec3 t\u00f9y ch\u1ec9nh \u0111\u1ec3 ph\u00f9 h\u1ee3p v\u1edbi c\u00e1c ph\u1ea1m vi nhi\u1ec7t \u0111\u1ed9, m\u1eadt \u0111\u1ed9 watt v\u00e0 t\u00f9y ch\u1ecdn l\u1eafp \u0111\u1eb7t c\u1ee5 th\u1ec3. S\u1ef1 linh ho\u1ea1t n\u00e0y cho ph\u00e9p c\u00e1c doanh nghi\u1ec7p t\u1ed1i \u01b0u h\u00f3a ho\u1ea1t \u0111\u1ed9ng c\u1ee7a m\u00ecnh v\u00e0 \u0111\u1ea1t \u0111\u01b0\u1ee3c k\u1ebft qu\u1ea3 nh\u1ea5t qu\u00e1n.<\/span><\/p>\n<h3><span>T\u1ea1i sao n\u00ean ch\u1ecdn Cheri Heater?<\/span><\/h3>\n<p><span>V\u1edbi nhi\u1ec1u n\u0103m kinh nghi\u1ec7m trong ng\u00e0nh s\u01b0\u1edfi \u1ea5m, ch\u00fang t\u00f4i t\u1ef1 h\u00e0o cung c\u1ea5p c\u00e1c s\u1ea3n ph\u1ea9m \u0111\u00e1ng tin c\u1eady \u0111\u01b0\u1ee3c h\u1ed7 tr\u1ee3 b\u1edfi d\u1ecbch v\u1ee5 h\u1ed7 tr\u1ee3 kh\u00e1ch h\u00e0ng \u0111\u1eb7c bi\u1ec7t. \u0110\u1ed9i ng\u0169 chuy\u00ean gia c\u1ee7a ch\u00fang t\u00f4i \u1edf \u0111\u00e2y \u0111\u1ec3 gi\u00fap b\u1ea1n t\u00ecm gi\u1ea3i ph\u00e1p s\u01b0\u1edfi \u1ea5m ho\u00e0n h\u1ea3o ph\u00f9 h\u1ee3p v\u1edbi nhu c\u1ea7u c\u1ee7a b\u1ea1n.<\/span><\/p>\n","protected":false},"featured_media":1817,"template":"","meta":[],"product_brand":[],"product_cat":[28],"product_tag":[199],"class_list":{"0":"post-1816","1":"product","2":"type-product","3":"status-publish","4":"has-post-thumbnail","6":"product_cat-tubular-heater","7":"product_tag-may-suoi-ong-ren-1-1-2-inch","9":"first","10":"instock","11":"shipping-taxable","12":"product-type-simple"},"yoast_head":"<!-- This site is optimized with the Yoast SEO plugin v27.3 - https:\/\/yoast.com\/product\/yoast-seo-wordpress\/ -->\n<title>M\u00e1y s\u01b0\u1edfi \u1ed1ng ren 1 1\/2 inch t\u1ed1t nh\u1ea5t | Cheri-heater.com<\/title>\n<meta name=\"description\" content=\"M\u00e1y s\u01b0\u1edfi \u1ed1ng ren cao c\u1ea5p 1 1\/2 inch t\u1ea1i Cheri Heater. \u0110\u01b0\u1ee3c thi\u1ebft k\u1ebf \u0111\u1ec3 c\u00f3 \u0111\u1ed9 b\u1ec1n v\u00e0 hi\u1ec7u qu\u1ea3, c\u00e1c b\u1ed9 ph\u1eadn gia nhi\u1ec7t n\u00e0y \u0111\u1ea3m b\u1ea3o truy\u1ec1n nhi\u1ec7t ch\u00ednh x\u00e1c cho c\u00e1c \u1ee9ng d\u1ee5ng c\u00f4ng nghi\u1ec7p v\u00e0 th\u01b0\u01a1ng m\u1ea1i. Ho\u00e0n h\u1ea3o cho c\u00e1c l\u1eafp \u0111\u1eb7t an to\u00e0n v\u00e0 c\u00f3 th\u1ec3 t\u00f9y ch\u1ec9nh \u0111\u1ec3 \u0111\u00e1p \u1ee9ng c\u00e1c y\u00eau c\u1ea7u c\u1ee5 th\u1ec3. Truy c\u1eadp cheri-heater.com ngay h\u00f4m nay.\" \/>\n<meta name=\"robots\" content=\"index, follow, max-snippet:-1, max-image-preview:large, max-video-preview:-1\" \/>\n<link rel=\"canonical\" href=\"https:\/\/cheri-heater.com\/vn\/product\/may-suoi-ong-ren-1-1-2-inch\/\" \/>\n<meta property=\"og:locale\" content=\"en_US\" \/>\n<meta property=\"og:type\" content=\"article\" \/>\n<meta property=\"og:title\" content=\"M\u00e1y s\u01b0\u1edfi \u1ed1ng ren 1 1\/2 inch t\u1ed1t nh\u1ea5t | Cheri-heater.com\" \/>\n<meta property=\"og:description\" content=\"M\u00e1y s\u01b0\u1edfi \u1ed1ng ren cao c\u1ea5p 1 1\/2 inch t\u1ea1i Cheri Heater. \u0110\u01b0\u1ee3c thi\u1ebft k\u1ebf \u0111\u1ec3 c\u00f3 \u0111\u1ed9 b\u1ec1n v\u00e0 hi\u1ec7u qu\u1ea3, c\u00e1c b\u1ed9 ph\u1eadn gia nhi\u1ec7t n\u00e0y \u0111\u1ea3m b\u1ea3o truy\u1ec1n nhi\u1ec7t ch\u00ednh x\u00e1c cho c\u00e1c \u1ee9ng d\u1ee5ng c\u00f4ng nghi\u1ec7p v\u00e0 th\u01b0\u01a1ng m\u1ea1i. Ho\u00e0n h\u1ea3o cho c\u00e1c l\u1eafp \u0111\u1eb7t an to\u00e0n v\u00e0 c\u00f3 th\u1ec3 t\u00f9y ch\u1ec9nh \u0111\u1ec3 \u0111\u00e1p \u1ee9ng c\u00e1c y\u00eau c\u1ea7u c\u1ee5 th\u1ec3. Truy c\u1eadp cheri-heater.com ngay h\u00f4m nay.\" \/>\n<meta property=\"og:url\" content=\"https:\/\/cheri-heater.com\/vn\/product\/may-suoi-ong-ren-1-1-2-inch\/\" \/>\n<meta property=\"og:site_name\" content=\"Cheri Heater Technology Co.,Ltd.\" \/>\n<meta property=\"article:modified_time\" content=\"2025-05-12T02:39:11+00:00\" \/>\n<meta property=\"og:image\" content=\"http:\/\/cheri-heater.com\/vn\/wp-content\/uploads\/2025\/05\/i-14.jpg\" \/>\n\t<meta property=\"og:image:width\" content=\"320\" \/>\n\t<meta property=\"og:image:height\" content=\"320\" \/>\n\t<meta property=\"og:image:type\" content=\"image\/jpeg\" \/>\n<meta name=\"twitter:card\" content=\"summary_large_image\" \/>\n<meta name=\"twitter:label1\" content=\"Est. reading time\" \/>\n\t<meta name=\"twitter:data1\" content=\"1 minute\" \/>\n<!-- \/ Yoast SEO plugin. -->","yoast_head_json":{"title":"M\u00e1y s\u01b0\u1edfi \u1ed1ng ren 1 1\/2 inch t\u1ed1t nh\u1ea5t | Cheri-heater.com","description":"M\u00e1y s\u01b0\u1edfi \u1ed1ng ren cao c\u1ea5p 1 1\/2 inch t\u1ea1i Cheri Heater. \u0110\u01b0\u1ee3c thi\u1ebft k\u1ebf \u0111\u1ec3 c\u00f3 \u0111\u1ed9 b\u1ec1n v\u00e0 hi\u1ec7u qu\u1ea3, c\u00e1c b\u1ed9 ph\u1eadn gia nhi\u1ec7t n\u00e0y \u0111\u1ea3m b\u1ea3o truy\u1ec1n nhi\u1ec7t ch\u00ednh x\u00e1c cho c\u00e1c \u1ee9ng d\u1ee5ng c\u00f4ng nghi\u1ec7p v\u00e0 th\u01b0\u01a1ng m\u1ea1i. Ho\u00e0n h\u1ea3o cho c\u00e1c l\u1eafp \u0111\u1eb7t an to\u00e0n v\u00e0 c\u00f3 th\u1ec3 t\u00f9y ch\u1ec9nh \u0111\u1ec3 \u0111\u00e1p \u1ee9ng c\u00e1c y\u00eau c\u1ea7u c\u1ee5 th\u1ec3. Truy c\u1eadp cheri-heater.com ngay h\u00f4m nay.","robots":{"index":"index","follow":"follow","max-snippet":"max-snippet:-1","max-image-preview":"max-image-preview:large","max-video-preview":"max-video-preview:-1"},"canonical":"https:\/\/cheri-heater.com\/vn\/product\/may-suoi-ong-ren-1-1-2-inch\/","og_locale":"en_US","og_type":"article","og_title":"M\u00e1y s\u01b0\u1edfi \u1ed1ng ren 1 1\/2 inch t\u1ed1t nh\u1ea5t | Cheri-heater.com","og_description":"M\u00e1y s\u01b0\u1edfi \u1ed1ng ren cao c\u1ea5p 1 1\/2 inch t\u1ea1i Cheri Heater. \u0110\u01b0\u1ee3c thi\u1ebft k\u1ebf \u0111\u1ec3 c\u00f3 \u0111\u1ed9 b\u1ec1n v\u00e0 hi\u1ec7u qu\u1ea3, c\u00e1c b\u1ed9 ph\u1eadn gia nhi\u1ec7t n\u00e0y \u0111\u1ea3m b\u1ea3o truy\u1ec1n nhi\u1ec7t ch\u00ednh x\u00e1c cho c\u00e1c \u1ee9ng d\u1ee5ng c\u00f4ng nghi\u1ec7p v\u00e0 th\u01b0\u01a1ng m\u1ea1i. Ho\u00e0n h\u1ea3o cho c\u00e1c l\u1eafp \u0111\u1eb7t an to\u00e0n v\u00e0 c\u00f3 th\u1ec3 t\u00f9y ch\u1ec9nh \u0111\u1ec3 \u0111\u00e1p \u1ee9ng c\u00e1c y\u00eau c\u1ea7u c\u1ee5 th\u1ec3. Truy c\u1eadp cheri-heater.com ngay h\u00f4m nay.","og_url":"https:\/\/cheri-heater.com\/vn\/product\/may-suoi-ong-ren-1-1-2-inch\/","og_site_name":"Cheri Heater Technology Co.,Ltd.","article_modified_time":"2025-05-12T02:39:11+00:00","og_image":[{"width":320,"height":320,"url":"http:\/\/cheri-heater.com\/vn\/wp-content\/uploads\/2025\/05\/i-14.jpg","type":"image\/jpeg"}],"twitter_card":"summary_large_image","twitter_misc":{"Est. reading time":"1 minute"},"schema":{"@context":"https:\/\/schema.org","@graph":[{"@type":"WebPage","@id":"https:\/\/cheri-heater.com\/vn\/product\/may-suoi-ong-ren-1-1-2-inch\/","url":"https:\/\/cheri-heater.com\/vn\/product\/may-suoi-ong-ren-1-1-2-inch\/","name":"M\u00e1y s\u01b0\u1edfi \u1ed1ng ren 1 1\/2 inch t\u1ed1t nh\u1ea5t | Cheri-heater.com","isPartOf":{"@id":"https:\/\/cheri-heater.com\/vn\/#website"},"primaryImageOfPage":{"@id":"https:\/\/cheri-heater.com\/vn\/product\/may-suoi-ong-ren-1-1-2-inch\/#primaryimage"},"image":{"@id":"https:\/\/cheri-heater.com\/vn\/product\/may-suoi-ong-ren-1-1-2-inch\/#primaryimage"},"thumbnailUrl":"https:\/\/cheri-heater.com\/vn\/wp-content\/uploads\/2025\/05\/i-14.jpg","datePublished":"2025-05-12T02:39:10+00:00","dateModified":"2025-05-12T02:39:11+00:00","description":"M\u00e1y s\u01b0\u1edfi \u1ed1ng ren cao c\u1ea5p 1 1\/2 inch t\u1ea1i Cheri Heater. \u0110\u01b0\u1ee3c thi\u1ebft k\u1ebf \u0111\u1ec3 c\u00f3 \u0111\u1ed9 b\u1ec1n v\u00e0 hi\u1ec7u qu\u1ea3, c\u00e1c b\u1ed9 ph\u1eadn gia nhi\u1ec7t n\u00e0y \u0111\u1ea3m b\u1ea3o truy\u1ec1n nhi\u1ec7t ch\u00ednh x\u00e1c cho c\u00e1c \u1ee9ng d\u1ee5ng c\u00f4ng nghi\u1ec7p v\u00e0 th\u01b0\u01a1ng m\u1ea1i. Ho\u00e0n h\u1ea3o cho c\u00e1c l\u1eafp \u0111\u1eb7t an to\u00e0n v\u00e0 c\u00f3 th\u1ec3 t\u00f9y ch\u1ec9nh \u0111\u1ec3 \u0111\u00e1p \u1ee9ng c\u00e1c y\u00eau c\u1ea7u c\u1ee5 th\u1ec3. Truy c\u1eadp cheri-heater.com ngay h\u00f4m nay.","breadcrumb":{"@id":"https:\/\/cheri-heater.com\/vn\/product\/may-suoi-ong-ren-1-1-2-inch\/#breadcrumb"},"inLanguage":"en-US","potentialAction":[{"@type":"ReadAction","target":["https:\/\/cheri-heater.com\/vn\/product\/may-suoi-ong-ren-1-1-2-inch\/"]}]},{"@type":"ImageObject","inLanguage":"en-US","@id":"https:\/\/cheri-heater.com\/vn\/product\/may-suoi-ong-ren-1-1-2-inch\/#primaryimage","url":"https:\/\/cheri-heater.com\/vn\/wp-content\/uploads\/2025\/05\/i-14.jpg","contentUrl":"https:\/\/cheri-heater.com\/vn\/wp-content\/uploads\/2025\/05\/i-14.jpg","width":320,"height":320,"caption":"M\u00e1y S\u01b0\u1edfi \u1ed0ng Ren 1 1\/2 Inch"},{"@type":"BreadcrumbList","@id":"https:\/\/cheri-heater.com\/vn\/product\/may-suoi-ong-ren-1-1-2-inch\/#breadcrumb","itemListElement":[{"@type":"ListItem","position":1,"name":"Home","item":"https:\/\/cheri-heater.com\/vn\/"},{"@type":"ListItem","position":2,"name":"Products","item":"https:\/\/cheri-heater.com\/vn\/products\/"},{"@type":"ListItem","position":3,"name":"M\u00e1y S\u01b0\u1edfi \u1ed0ng Ren 1 1\/2 Inch"}]},{"@type":"WebSite","@id":"https:\/\/cheri-heater.com\/vn\/#website","url":"https:\/\/cheri-heater.com\/vn\/","name":"Cheri Heater Technology Co.,Ltd.","description":"","publisher":{"@id":"https:\/\/cheri-heater.com\/vn\/#organization"},"potentialAction":[{"@type":"SearchAction","target":{"@type":"EntryPoint","urlTemplate":"https:\/\/cheri-heater.com\/vn\/?s={search_term_string}"},"query-input":{"@type":"PropertyValueSpecification","valueRequired":true,"valueName":"search_term_string"}}],"inLanguage":"en-US"},{"@type":"Organization","@id":"https:\/\/cheri-heater.com\/vn\/#organization","name":"Cheri Heater Technology Co.,Ltd.","url":"https:\/\/cheri-heater.com\/vn\/","logo":{"@type":"ImageObject","inLanguage":"en-US","@id":"https:\/\/cheri-heater.com\/vn\/#\/schema\/logo\/image\/","url":"https:\/\/cheri-heater.com\/vn\/wp-content\/uploads\/2024\/06\/cropped-logo-resize.png","contentUrl":"https:\/\/cheri-heater.com\/vn\/wp-content\/uploads\/2024\/06\/cropped-logo-resize.png","width":346,"height":99,"caption":"Cheri Heater Technology Co.,Ltd."},"image":{"@id":"https:\/\/cheri-heater.com\/vn\/#\/schema\/logo\/image\/"}}]}},"_links":{"self":[{"href":"https:\/\/cheri-heater.com\/vn\/wp-json\/wp\/v2\/product\/1816","targetHints":{"allow":["GET"]}}],"collection":[{"href":"https:\/\/cheri-heater.com\/vn\/wp-json\/wp\/v2\/product"}],"about":[{"href":"https:\/\/cheri-heater.com\/vn\/wp-json\/wp\/v2\/types\/product"}],"wp:featuredmedia":[{"embeddable":true,"href":"https:\/\/cheri-heater.com\/vn\/wp-json\/wp\/v2\/media\/1817"}],"wp:attachment":[{"href":"https:\/\/cheri-heater.com\/vn\/wp-json\/wp\/v2\/media?parent=1816"}],"wp:term":[{"taxonomy":"product_brand","embeddable":true,"href":"https:\/\/cheri-heater.com\/vn\/wp-json\/wp\/v2\/product_brand?post=1816"},{"taxonomy":"product_cat","embeddable":true,"href":"https:\/\/cheri-heater.com\/vn\/wp-json\/wp\/v2\/product_cat?post=1816"},{"taxonomy":"product_tag","embeddable":true,"href":"https:\/\/cheri-heater.com\/vn\/wp-json\/wp\/v2\/product_tag?post=1816"}],"curies":[{"name":"wp","href":"https:\/\/api.w.org\/{rel}","templated":true}]}}