{"id":1818,"date":"2025-05-12T02:44:28","date_gmt":"2025-05-12T02:44:28","guid":{"rendered":"https:\/\/cheri-heater.com\/vn\/?post_type=product&#038;p=1818"},"modified":"2025-05-12T02:44:28","modified_gmt":"2025-05-12T02:44:28","slug":"may-suoi-ong-nang-luong-mat-troi-1-inch","status":"publish","type":"product","link":"https:\/\/cheri-heater.com\/vn\/product\/may-suoi-ong-nang-luong-mat-troi-1-inch\/","title":{"rendered":"M\u00e1y S\u01b0\u1edfi \u1ed0ng N\u0103ng L\u01b0\u1ee3ng M\u1eb7t Tr\u1eddi 1 Inch"},"content":{"rendered":"","protected":false},"excerpt":{"rendered":"<h2><span><span class=\"\">M\u00e1y s\u01b0\u1edfi \u1ed1ng n\u0103ng l\u01b0\u1ee3ng m\u1eb7t tr\u1eddi 1 inch h\u00e0ng \u0111\u1ea7u<\/span><\/span><\/h2>\n<p><span>T\u1ea1i Cheri Heater, ch\u00fang t\u00f4i chuy\u00ean cung c\u1ea5p c\u00e1c gi\u1ea3i ph\u00e1p s\u01b0\u1edfi \u1ea5m s\u00e1ng t\u1ea1o v\u00e0 ti\u1ebft ki\u1ec7m n\u0103ng l\u01b0\u1ee3ng, v\u00e0\u00a0<\/span><strong><span>M\u00e1y s\u01b0\u1edfi \u1ed1ng n\u0103ng l\u01b0\u1ee3ng m\u1eb7t tr\u1eddi 1 inch<\/span><\/strong><span>\u00a0c\u1ee7a ch\u00fang t\u00f4i l\u00e0 m\u1ed9t trong nh\u1eefng s\u1ea3n ph\u1ea9m h\u00e0ng \u0111\u1ea7u c\u1ee7a ch\u00fang t\u00f4i. \u0110\u01b0\u1ee3c thi\u1ebft k\u1ebf \u0111\u1ec3 khai th\u00e1c n\u0103ng l\u01b0\u1ee3ng m\u1eb7t tr\u1eddi \u0111\u1ec3 s\u01b0\u1edfi \u1ea5m hi\u1ec7u qu\u1ea3 v\u00e0 th\u00e2n thi\u1ec7n v\u1edbi m\u00f4i tr\u01b0\u1eddng, m\u00e1y s\u01b0\u1edfi \u1ed1ng n\u00e0y l\u00fd t\u01b0\u1edfng cho c\u1ea3 \u1ee9ng d\u1ee5ng d\u00e2n d\u1ee5ng v\u00e0 c\u00f4ng nghi\u1ec7p, n\u01a1i c\u1ea7n c\u00e1c gi\u1ea3i ph\u00e1p n\u0103ng l\u01b0\u1ee3ng b\u1ec1n v\u1eefng.<\/span><\/p>\n<p><span>M\u00e1y s\u01b0\u1edfi \u1ed1ng n\u0103ng l\u01b0\u1ee3ng m\u1eb7t tr\u1eddi 1 inch k\u1ebft h\u1ee3p c\u00f4ng ngh\u1ec7 n\u0103ng l\u01b0\u1ee3ng m\u1eb7t tr\u1eddi ti\u00ean ti\u1ebfn v\u1edbi \u0111\u1ed9 tin c\u1eady c\u1ee7a m\u00e1y s\u01b0\u1edfi \u1ed1ng truy\u1ec1n th\u1ed1ng. M\u00e1y c\u00f3 \u0111\u01b0\u1eddng k\u00ednh 1 inch nh\u1ecf g\u1ecdn, d\u1ec5 l\u1eafp \u0111\u1eb7t trong nhi\u1ec1u h\u1ec7 th\u1ed1ng kh\u00e1c nhau, t\u1eeb m\u00e1y n\u01b0\u1edbc n\u00f3ng n\u0103ng l\u01b0\u1ee3ng m\u1eb7t tr\u1eddi \u0111\u1ebfn h\u1ec7 th\u1ed1ng s\u01b0\u1edfi \u1ea5m kh\u00f4ng gian. B\u1ed9 thu n\u0103ng l\u01b0\u1ee3ng m\u1eb7t tr\u1eddi thu v\u00e0 chuy\u1ec3n \u0111\u1ed5i hi\u1ec7u qu\u1ea3 \u00e1nh s\u00e1ng m\u1eb7t tr\u1eddi th\u00e0nh n\u0103ng l\u01b0\u1ee3ng nhi\u1ec7t, cung c\u1ea5p ngu\u1ed3n nhi\u1ec7t \u1ed5n \u0111\u1ecbnh v\u00e0 c\u00f3 th\u1ec3 t\u00e1i t\u1ea1o. \u0110i\u1ec1u n\u00e0y l\u00e0m gi\u1ea3m s\u1ef1 ph\u1ee5 thu\u1ed9c v\u00e0o c\u00e1c ngu\u1ed3n n\u0103ng l\u01b0\u1ee3ng th\u00f4ng th\u01b0\u1eddng, gi\u00fap b\u1ea1n c\u1eaft gi\u1ea3m chi ph\u00ed \u0111i\u1ec7n trong khi v\u1eabn th\u00fac \u0111\u1ea9y t\u00ednh b\u1ec1n v\u1eefng c\u1ee7a m\u00f4i tr\u01b0\u1eddng.<\/span><\/p>\n<p><span>\u0110\u01b0\u1ee3c ch\u1ebf t\u1ea1o t\u1eeb v\u1eadt li\u1ec7u b\u1ec1n b\u1ec9, ch\u1ea5t l\u01b0\u1ee3ng cao, M\u00e1y s\u01b0\u1edfi \u1ed1ng n\u0103ng l\u01b0\u1ee3ng m\u1eb7t tr\u1eddi 1 inch \u0111\u01b0\u1ee3c ch\u1ebf t\u1ea1o \u0111\u1ec3 b\u1ec1n l\u00e2u v\u00e0 ho\u1ea1t \u0111\u1ed9ng t\u1ed1t ngay c\u1ea3 trong \u0111i\u1ec1u ki\u1ec7n th\u1eddi ti\u1ebft kh\u1eafc nghi\u1ec7t. Thi\u1ebft k\u1ebf ch\u1ed1ng \u0103n m\u00f2n \u0111\u1ea3m b\u1ea3o \u0111\u1ed9 b\u1ec1n l\u00e2u d\u00e0i v\u00e0 \u0111\u01b0\u1ee3c thi\u1ebft k\u1ebf \u0111\u1ec3 mang l\u1ea1i hi\u1ec7u su\u1ea5t nhi\u1ec7t cao v\u1edbi y\u00eau c\u1ea7u b\u1ea3o tr\u00ec t\u1ed1i thi\u1ec3u.<\/span><\/p>\n<p><span>Cho d\u00f9 b\u1ea1n mu\u1ed1n \u0111un n\u01b0\u1edbc, kh\u00f4ng kh\u00ed hay c\u00e1c ch\u1ea5t l\u1ecfng kh\u00e1c,\u00a0<\/span><strong><span>M\u00e1y s\u01b0\u1edfi \u1ed1ng n\u0103ng l\u01b0\u1ee3ng m\u1eb7t tr\u1eddi 1 inch<\/span><\/strong><span>\u00a0c\u1ee7a Cheri Heater cung c\u1ea5p gi\u1ea3i ph\u00e1p b\u1ec1n v\u1eefng v\u00e0 ti\u1ebft ki\u1ec7m chi ph\u00ed. S\u1ea3n ph\u1ea9m ho\u00e0n h\u1ea3o cho c\u00e1c doanh nghi\u1ec7p v\u00e0 ch\u1ee7 nh\u00e0 c\u00f3 \u00fd th\u1ee9c b\u1ea3o v\u1ec7 m\u00f4i tr\u01b0\u1eddng mu\u1ed1n gi\u1ea3m l\u01b0\u1ee3ng kh\u00ed th\u1ea3i carbon v\u00e0 chi ph\u00ed n\u0103ng l\u01b0\u1ee3ng.<\/span><\/p>\n","protected":false},"featured_media":1819,"template":"","meta":[],"product_brand":[],"product_cat":[28],"product_tag":[200],"class_list":{"0":"post-1818","1":"product","2":"type-product","3":"status-publish","4":"has-post-thumbnail","6":"product_cat-tubular-heater","7":"product_tag-may-suoi-ong-nang-luong-mat-troi-1-inch","9":"first","10":"instock","11":"shipping-taxable","12":"product-type-simple"},"yoast_head":"<!-- This site is optimized with the Yoast SEO plugin v27.3 - https:\/\/yoast.com\/product\/yoast-seo-wordpress\/ -->\n<title>M\u00e1y s\u01b0\u1edfi \u1ed1ng n\u0103ng l\u01b0\u1ee3ng m\u1eb7t tr\u1eddi 1 inch t\u1ed1t nh\u1ea5t | Cheri-heater.com<\/title>\n<meta name=\"description\" content=\"Cheri Heater cung c\u1ea5p M\u00e1y s\u01b0\u1edfi \u1ed1ng n\u0103ng l\u01b0\u1ee3ng m\u1eb7t tr\u1eddi 1 inch, \u0111\u01b0\u1ee3c thi\u1ebft k\u1ebf \u0111\u1ec3 khai th\u00e1c n\u0103ng l\u01b0\u1ee3ng m\u1eb7t tr\u1eddi \u0111\u1ec3 s\u01b0\u1edfi \u1ea5m hi\u1ec7u qu\u1ea3 v\u00e0 b\u1ec1n v\u1eefng. L\u00fd t\u01b0\u1edfng cho c\u00e1c \u1ee9ng d\u1ee5ng d\u00e2n d\u1ee5ng v\u00e0 c\u00f4ng nghi\u1ec7p, m\u00e1y s\u01b0\u1edfi nh\u1ecf g\u1ecdn v\u00e0 b\u1ec1n b\u1ec9 n\u00e0y cung c\u1ea5p gi\u1ea3i ph\u00e1p ti\u1ebft ki\u1ec7m chi ph\u00ed \u0111\u1ec3 s\u01b0\u1edfi \u1ea5m n\u01b0\u1edbc, kh\u00f4ng kh\u00ed v\u00e0 ch\u1ea5t l\u1ecfng. V\u1edbi hi\u1ec7u su\u1ea5t nhi\u1ec7t cao v\u00e0 b\u1ea3o tr\u00ec th\u1ea5p, \u0111\u00e2y l\u00e0 l\u1ef1a ch\u1ecdn ho\u00e0n h\u1ea3o \u0111\u1ec3 gi\u1ea3m chi ph\u00ed n\u0103ng l\u01b0\u1ee3ng v\u00e0 gi\u1ea3m thi\u1ec3u t\u00e1c \u0111\u1ed9ng \u0111\u1ebfn m\u00f4i tr\u01b0\u1eddng. Truy c\u1eadp Cheri Heater \u0111\u1ec3 bi\u1ebft th\u00eam chi ti\u1ebft v\u00e0 t\u00ecm gi\u1ea3i ph\u00e1p s\u01b0\u1edfi \u1ea5m b\u1eb1ng n\u0103ng l\u01b0\u1ee3ng m\u1eb7t tr\u1eddi l\u00fd t\u01b0\u1edfng c\u1ee7a b\u1ea1n.\" \/>\n<meta name=\"robots\" content=\"index, follow, max-snippet:-1, max-image-preview:large, max-video-preview:-1\" \/>\n<link rel=\"canonical\" href=\"https:\/\/cheri-heater.com\/vn\/product\/may-suoi-ong-nang-luong-mat-troi-1-inch\/\" \/>\n<meta property=\"og:locale\" content=\"en_US\" \/>\n<meta property=\"og:type\" content=\"article\" \/>\n<meta property=\"og:title\" content=\"M\u00e1y s\u01b0\u1edfi \u1ed1ng n\u0103ng l\u01b0\u1ee3ng m\u1eb7t tr\u1eddi 1 inch t\u1ed1t nh\u1ea5t | Cheri-heater.com\" \/>\n<meta property=\"og:description\" content=\"Cheri Heater cung c\u1ea5p M\u00e1y s\u01b0\u1edfi \u1ed1ng n\u0103ng l\u01b0\u1ee3ng m\u1eb7t tr\u1eddi 1 inch, \u0111\u01b0\u1ee3c thi\u1ebft k\u1ebf \u0111\u1ec3 khai th\u00e1c n\u0103ng l\u01b0\u1ee3ng m\u1eb7t tr\u1eddi \u0111\u1ec3 s\u01b0\u1edfi \u1ea5m hi\u1ec7u qu\u1ea3 v\u00e0 b\u1ec1n v\u1eefng. L\u00fd t\u01b0\u1edfng cho c\u00e1c \u1ee9ng d\u1ee5ng d\u00e2n d\u1ee5ng v\u00e0 c\u00f4ng nghi\u1ec7p, m\u00e1y s\u01b0\u1edfi nh\u1ecf g\u1ecdn v\u00e0 b\u1ec1n b\u1ec9 n\u00e0y cung c\u1ea5p gi\u1ea3i ph\u00e1p ti\u1ebft ki\u1ec7m chi ph\u00ed \u0111\u1ec3 s\u01b0\u1edfi \u1ea5m n\u01b0\u1edbc, kh\u00f4ng kh\u00ed v\u00e0 ch\u1ea5t l\u1ecfng. V\u1edbi hi\u1ec7u su\u1ea5t nhi\u1ec7t cao v\u00e0 b\u1ea3o tr\u00ec th\u1ea5p, \u0111\u00e2y l\u00e0 l\u1ef1a ch\u1ecdn ho\u00e0n h\u1ea3o \u0111\u1ec3 gi\u1ea3m chi ph\u00ed n\u0103ng l\u01b0\u1ee3ng v\u00e0 gi\u1ea3m thi\u1ec3u t\u00e1c \u0111\u1ed9ng \u0111\u1ebfn m\u00f4i tr\u01b0\u1eddng. Truy c\u1eadp Cheri Heater \u0111\u1ec3 bi\u1ebft th\u00eam chi ti\u1ebft v\u00e0 t\u00ecm gi\u1ea3i ph\u00e1p s\u01b0\u1edfi \u1ea5m b\u1eb1ng n\u0103ng l\u01b0\u1ee3ng m\u1eb7t tr\u1eddi l\u00fd t\u01b0\u1edfng c\u1ee7a b\u1ea1n.\" \/>\n<meta property=\"og:url\" content=\"https:\/\/cheri-heater.com\/vn\/product\/may-suoi-ong-nang-luong-mat-troi-1-inch\/\" \/>\n<meta property=\"og:site_name\" content=\"Cheri Heater Technology Co.,Ltd.\" \/>\n<meta property=\"og:image\" content=\"http:\/\/cheri-heater.com\/vn\/wp-content\/uploads\/2025\/05\/solar.jpg\" \/>\n\t<meta property=\"og:image:width\" content=\"320\" \/>\n\t<meta property=\"og:image:height\" content=\"320\" \/>\n\t<meta property=\"og:image:type\" content=\"image\/jpeg\" \/>\n<meta name=\"twitter:card\" content=\"summary_large_image\" \/>\n<meta name=\"twitter:label1\" content=\"Est. reading time\" \/>\n\t<meta name=\"twitter:data1\" content=\"1 minute\" \/>\n<!-- \/ Yoast SEO plugin. -->","yoast_head_json":{"title":"M\u00e1y s\u01b0\u1edfi \u1ed1ng n\u0103ng l\u01b0\u1ee3ng m\u1eb7t tr\u1eddi 1 inch t\u1ed1t nh\u1ea5t | Cheri-heater.com","description":"Cheri Heater cung c\u1ea5p M\u00e1y s\u01b0\u1edfi \u1ed1ng n\u0103ng l\u01b0\u1ee3ng m\u1eb7t tr\u1eddi 1 inch, \u0111\u01b0\u1ee3c thi\u1ebft k\u1ebf \u0111\u1ec3 khai th\u00e1c n\u0103ng l\u01b0\u1ee3ng m\u1eb7t tr\u1eddi \u0111\u1ec3 s\u01b0\u1edfi \u1ea5m hi\u1ec7u qu\u1ea3 v\u00e0 b\u1ec1n v\u1eefng. L\u00fd t\u01b0\u1edfng cho c\u00e1c \u1ee9ng d\u1ee5ng d\u00e2n d\u1ee5ng v\u00e0 c\u00f4ng nghi\u1ec7p, m\u00e1y s\u01b0\u1edfi nh\u1ecf g\u1ecdn v\u00e0 b\u1ec1n b\u1ec9 n\u00e0y cung c\u1ea5p gi\u1ea3i ph\u00e1p ti\u1ebft ki\u1ec7m chi ph\u00ed \u0111\u1ec3 s\u01b0\u1edfi \u1ea5m n\u01b0\u1edbc, kh\u00f4ng kh\u00ed v\u00e0 ch\u1ea5t l\u1ecfng. V\u1edbi hi\u1ec7u su\u1ea5t nhi\u1ec7t cao v\u00e0 b\u1ea3o tr\u00ec th\u1ea5p, \u0111\u00e2y l\u00e0 l\u1ef1a ch\u1ecdn ho\u00e0n h\u1ea3o \u0111\u1ec3 gi\u1ea3m chi ph\u00ed n\u0103ng l\u01b0\u1ee3ng v\u00e0 gi\u1ea3m thi\u1ec3u t\u00e1c \u0111\u1ed9ng \u0111\u1ebfn m\u00f4i tr\u01b0\u1eddng. Truy c\u1eadp Cheri Heater \u0111\u1ec3 bi\u1ebft th\u00eam chi ti\u1ebft v\u00e0 t\u00ecm gi\u1ea3i ph\u00e1p s\u01b0\u1edfi \u1ea5m b\u1eb1ng n\u0103ng l\u01b0\u1ee3ng m\u1eb7t tr\u1eddi l\u00fd t\u01b0\u1edfng c\u1ee7a b\u1ea1n.","robots":{"index":"index","follow":"follow","max-snippet":"max-snippet:-1","max-image-preview":"max-image-preview:large","max-video-preview":"max-video-preview:-1"},"canonical":"https:\/\/cheri-heater.com\/vn\/product\/may-suoi-ong-nang-luong-mat-troi-1-inch\/","og_locale":"en_US","og_type":"article","og_title":"M\u00e1y s\u01b0\u1edfi \u1ed1ng n\u0103ng l\u01b0\u1ee3ng m\u1eb7t tr\u1eddi 1 inch t\u1ed1t nh\u1ea5t | Cheri-heater.com","og_description":"Cheri Heater cung c\u1ea5p M\u00e1y s\u01b0\u1edfi \u1ed1ng n\u0103ng l\u01b0\u1ee3ng m\u1eb7t tr\u1eddi 1 inch, \u0111\u01b0\u1ee3c thi\u1ebft k\u1ebf \u0111\u1ec3 khai th\u00e1c n\u0103ng l\u01b0\u1ee3ng m\u1eb7t tr\u1eddi \u0111\u1ec3 s\u01b0\u1edfi \u1ea5m hi\u1ec7u qu\u1ea3 v\u00e0 b\u1ec1n v\u1eefng. L\u00fd t\u01b0\u1edfng cho c\u00e1c \u1ee9ng d\u1ee5ng d\u00e2n d\u1ee5ng v\u00e0 c\u00f4ng nghi\u1ec7p, m\u00e1y s\u01b0\u1edfi nh\u1ecf g\u1ecdn v\u00e0 b\u1ec1n b\u1ec9 n\u00e0y cung c\u1ea5p gi\u1ea3i ph\u00e1p ti\u1ebft ki\u1ec7m chi ph\u00ed \u0111\u1ec3 s\u01b0\u1edfi \u1ea5m n\u01b0\u1edbc, kh\u00f4ng kh\u00ed v\u00e0 ch\u1ea5t l\u1ecfng. V\u1edbi hi\u1ec7u su\u1ea5t nhi\u1ec7t cao v\u00e0 b\u1ea3o tr\u00ec th\u1ea5p, \u0111\u00e2y l\u00e0 l\u1ef1a ch\u1ecdn ho\u00e0n h\u1ea3o \u0111\u1ec3 gi\u1ea3m chi ph\u00ed n\u0103ng l\u01b0\u1ee3ng v\u00e0 gi\u1ea3m thi\u1ec3u t\u00e1c \u0111\u1ed9ng \u0111\u1ebfn m\u00f4i tr\u01b0\u1eddng. Truy c\u1eadp Cheri Heater \u0111\u1ec3 bi\u1ebft th\u00eam chi ti\u1ebft v\u00e0 t\u00ecm gi\u1ea3i ph\u00e1p s\u01b0\u1edfi \u1ea5m b\u1eb1ng n\u0103ng l\u01b0\u1ee3ng m\u1eb7t tr\u1eddi l\u00fd t\u01b0\u1edfng c\u1ee7a b\u1ea1n.","og_url":"https:\/\/cheri-heater.com\/vn\/product\/may-suoi-ong-nang-luong-mat-troi-1-inch\/","og_site_name":"Cheri Heater Technology Co.,Ltd.","og_image":[{"width":320,"height":320,"url":"http:\/\/cheri-heater.com\/vn\/wp-content\/uploads\/2025\/05\/solar.jpg","type":"image\/jpeg"}],"twitter_card":"summary_large_image","twitter_misc":{"Est. reading time":"1 minute"},"schema":{"@context":"https:\/\/schema.org","@graph":[{"@type":"WebPage","@id":"https:\/\/cheri-heater.com\/vn\/product\/may-suoi-ong-nang-luong-mat-troi-1-inch\/","url":"https:\/\/cheri-heater.com\/vn\/product\/may-suoi-ong-nang-luong-mat-troi-1-inch\/","name":"M\u00e1y s\u01b0\u1edfi \u1ed1ng n\u0103ng l\u01b0\u1ee3ng m\u1eb7t tr\u1eddi 1 inch t\u1ed1t nh\u1ea5t | Cheri-heater.com","isPartOf":{"@id":"https:\/\/cheri-heater.com\/vn\/#website"},"primaryImageOfPage":{"@id":"https:\/\/cheri-heater.com\/vn\/product\/may-suoi-ong-nang-luong-mat-troi-1-inch\/#primaryimage"},"image":{"@id":"https:\/\/cheri-heater.com\/vn\/product\/may-suoi-ong-nang-luong-mat-troi-1-inch\/#primaryimage"},"thumbnailUrl":"https:\/\/cheri-heater.com\/vn\/wp-content\/uploads\/2025\/05\/solar.jpg","datePublished":"2025-05-12T02:44:28+00:00","description":"Cheri Heater cung c\u1ea5p M\u00e1y s\u01b0\u1edfi \u1ed1ng n\u0103ng l\u01b0\u1ee3ng m\u1eb7t tr\u1eddi 1 inch, \u0111\u01b0\u1ee3c thi\u1ebft k\u1ebf \u0111\u1ec3 khai th\u00e1c n\u0103ng l\u01b0\u1ee3ng m\u1eb7t tr\u1eddi \u0111\u1ec3 s\u01b0\u1edfi \u1ea5m hi\u1ec7u qu\u1ea3 v\u00e0 b\u1ec1n v\u1eefng. L\u00fd t\u01b0\u1edfng cho c\u00e1c \u1ee9ng d\u1ee5ng d\u00e2n d\u1ee5ng v\u00e0 c\u00f4ng nghi\u1ec7p, m\u00e1y s\u01b0\u1edfi nh\u1ecf g\u1ecdn v\u00e0 b\u1ec1n b\u1ec9 n\u00e0y cung c\u1ea5p gi\u1ea3i ph\u00e1p ti\u1ebft ki\u1ec7m chi ph\u00ed \u0111\u1ec3 s\u01b0\u1edfi \u1ea5m n\u01b0\u1edbc, kh\u00f4ng kh\u00ed v\u00e0 ch\u1ea5t l\u1ecfng. V\u1edbi hi\u1ec7u su\u1ea5t nhi\u1ec7t cao v\u00e0 b\u1ea3o tr\u00ec th\u1ea5p, \u0111\u00e2y l\u00e0 l\u1ef1a ch\u1ecdn ho\u00e0n h\u1ea3o \u0111\u1ec3 gi\u1ea3m chi ph\u00ed n\u0103ng l\u01b0\u1ee3ng v\u00e0 gi\u1ea3m thi\u1ec3u t\u00e1c \u0111\u1ed9ng \u0111\u1ebfn m\u00f4i tr\u01b0\u1eddng. Truy c\u1eadp Cheri Heater \u0111\u1ec3 bi\u1ebft th\u00eam chi ti\u1ebft v\u00e0 t\u00ecm gi\u1ea3i ph\u00e1p s\u01b0\u1edfi \u1ea5m b\u1eb1ng n\u0103ng l\u01b0\u1ee3ng m\u1eb7t tr\u1eddi l\u00fd t\u01b0\u1edfng c\u1ee7a b\u1ea1n.","breadcrumb":{"@id":"https:\/\/cheri-heater.com\/vn\/product\/may-suoi-ong-nang-luong-mat-troi-1-inch\/#breadcrumb"},"inLanguage":"en-US","potentialAction":[{"@type":"ReadAction","target":["https:\/\/cheri-heater.com\/vn\/product\/may-suoi-ong-nang-luong-mat-troi-1-inch\/"]}]},{"@type":"ImageObject","inLanguage":"en-US","@id":"https:\/\/cheri-heater.com\/vn\/product\/may-suoi-ong-nang-luong-mat-troi-1-inch\/#primaryimage","url":"https:\/\/cheri-heater.com\/vn\/wp-content\/uploads\/2025\/05\/solar.jpg","contentUrl":"https:\/\/cheri-heater.com\/vn\/wp-content\/uploads\/2025\/05\/solar.jpg","width":320,"height":320},{"@type":"BreadcrumbList","@id":"https:\/\/cheri-heater.com\/vn\/product\/may-suoi-ong-nang-luong-mat-troi-1-inch\/#breadcrumb","itemListElement":[{"@type":"ListItem","position":1,"name":"Home","item":"https:\/\/cheri-heater.com\/vn\/"},{"@type":"ListItem","position":2,"name":"Products","item":"https:\/\/cheri-heater.com\/vn\/products\/"},{"@type":"ListItem","position":3,"name":"M\u00e1y S\u01b0\u1edfi \u1ed0ng N\u0103ng L\u01b0\u1ee3ng M\u1eb7t Tr\u1eddi 1 Inch"}]},{"@type":"WebSite","@id":"https:\/\/cheri-heater.com\/vn\/#website","url":"https:\/\/cheri-heater.com\/vn\/","name":"Cheri Heater Technology Co.,Ltd.","description":"","publisher":{"@id":"https:\/\/cheri-heater.com\/vn\/#organization"},"potentialAction":[{"@type":"SearchAction","target":{"@type":"EntryPoint","urlTemplate":"https:\/\/cheri-heater.com\/vn\/?s={search_term_string}"},"query-input":{"@type":"PropertyValueSpecification","valueRequired":true,"valueName":"search_term_string"}}],"inLanguage":"en-US"},{"@type":"Organization","@id":"https:\/\/cheri-heater.com\/vn\/#organization","name":"Cheri Heater Technology Co.,Ltd.","url":"https:\/\/cheri-heater.com\/vn\/","logo":{"@type":"ImageObject","inLanguage":"en-US","@id":"https:\/\/cheri-heater.com\/vn\/#\/schema\/logo\/image\/","url":"https:\/\/cheri-heater.com\/vn\/wp-content\/uploads\/2024\/06\/cropped-logo-resize.png","contentUrl":"https:\/\/cheri-heater.com\/vn\/wp-content\/uploads\/2024\/06\/cropped-logo-resize.png","width":346,"height":99,"caption":"Cheri Heater Technology Co.,Ltd."},"image":{"@id":"https:\/\/cheri-heater.com\/vn\/#\/schema\/logo\/image\/"}}]}},"_links":{"self":[{"href":"https:\/\/cheri-heater.com\/vn\/wp-json\/wp\/v2\/product\/1818","targetHints":{"allow":["GET"]}}],"collection":[{"href":"https:\/\/cheri-heater.com\/vn\/wp-json\/wp\/v2\/product"}],"about":[{"href":"https:\/\/cheri-heater.com\/vn\/wp-json\/wp\/v2\/types\/product"}],"wp:featuredmedia":[{"embeddable":true,"href":"https:\/\/cheri-heater.com\/vn\/wp-json\/wp\/v2\/media\/1819"}],"wp:attachment":[{"href":"https:\/\/cheri-heater.com\/vn\/wp-json\/wp\/v2\/media?parent=1818"}],"wp:term":[{"taxonomy":"product_brand","embeddable":true,"href":"https:\/\/cheri-heater.com\/vn\/wp-json\/wp\/v2\/product_brand?post=1818"},{"taxonomy":"product_cat","embeddable":true,"href":"https:\/\/cheri-heater.com\/vn\/wp-json\/wp\/v2\/product_cat?post=1818"},{"taxonomy":"product_tag","embeddable":true,"href":"https:\/\/cheri-heater.com\/vn\/wp-json\/wp\/v2\/product_tag?post=1818"}],"curies":[{"name":"wp","href":"https:\/\/api.w.org\/{rel}","templated":true}]}}