{"id":1820,"date":"2025-05-12T02:49:18","date_gmt":"2025-05-12T02:49:18","guid":{"rendered":"https:\/\/cheri-heater.com\/vn\/?post_type=product&#038;p=1820"},"modified":"2025-05-12T02:49:18","modified_gmt":"2025-05-12T02:49:18","slug":"may-suoi-ong-bich-2-inch","status":"publish","type":"product","link":"https:\/\/cheri-heater.com\/vn\/product\/may-suoi-ong-bich-2-inch\/","title":{"rendered":"M\u00e1y S\u01b0\u1edfi \u1ed0ng B\u00edch 2 Inch"},"content":{"rendered":"","protected":false},"excerpt":{"rendered":"<h2><span><span class=\"\">M\u00e1y s\u01b0\u1edfi \u1ed1ng b\u00edch 2 inch<\/span><\/span><\/h2>\n<p><span>T\u1ea1i\u00a0<\/span><strong><span>Cheri Heater<\/span><\/strong><span>\u00a0, ch\u00fang t\u00f4i cung c\u1ea5p c\u00e1c gi\u1ea3i ph\u00e1p s\u01b0\u1edfi \u1ea5m ch\u1ea5t l\u01b0\u1ee3ng cao \u0111\u01b0\u1ee3c thi\u1ebft k\u1ebf ri\u00eang \u0111\u1ec3 \u0111\u00e1p \u1ee9ng nhu c\u1ea7u c\u1ee7a nhi\u1ec1u ng\u00e0nh c\u00f4ng nghi\u1ec7p kh\u00e1c nhau.\u00a0<\/span><strong><span>M\u00e1y s\u01b0\u1edfi \u1ed1ng b\u00edch 2 inch<\/span><\/strong><span>\u00a0c\u1ee7a ch\u00fang t\u00f4i \u0111\u01b0\u1ee3c thi\u1ebft k\u1ebf \u0111\u1ec3 \u0111\u1ea1t hi\u1ec7u qu\u1ea3, \u0111\u1ed9 b\u1ec1n v\u00e0 d\u1ec5 l\u1eafp \u0111\u1eb7t, khi\u1ebfn n\u00f3 tr\u1edf th\u00e0nh l\u1ef1a ch\u1ecdn \u0111\u00e1ng tin c\u1eady cho nhu c\u1ea7u s\u01b0\u1edfi \u1ea5m c\u1ee7a b\u1ea1n.<\/span><\/p>\n<p><span>M\u00e1y s\u01b0\u1edfi d\u1ea1ng \u1ed1ng n\u00e0y c\u00f3 thi\u1ebft k\u1ebf m\u1eb7t b\u00edch 2 inch ch\u1eafc ch\u1eafn, v\u1eeba v\u1eb7n an to\u00e0n cho c\u00e1c \u1ee9ng d\u1ee5ng c\u00f4ng nghi\u1ec7p \u0111\u00f2i h\u1ecfi ph\u00e2n ph\u1ed1i nhi\u1ec7t ch\u00ednh x\u00e1c. \u0110\u01b0\u1ee3c l\u00e0m t\u1eeb v\u1eadt li\u1ec7u cao c\u1ea5p, m\u00e1y mang l\u1ea1i hi\u1ec7u su\u1ea5t \u1ed5n \u0111\u1ecbnh, ngay c\u1ea3 trong m\u00f4i tr\u01b0\u1eddng kh\u1eafc nghi\u1ec7t. T\u00ednh linh ho\u1ea1t c\u1ee7a m\u00e1y l\u00e0m cho m\u00e1y l\u00fd t\u01b0\u1edfng \u0111\u1ec3 s\u1eed d\u1ee5ng trong ch\u1ebf bi\u1ebfn h\u00f3a ch\u1ea5t, thi\u1ebft b\u1ecb th\u1ef1c ph\u1ea9m v\u00e0 \u0111\u1ed3 u\u1ed1ng, \u0111un n\u01b0\u1edbc v\u00e0 c\u00e1c h\u1ec7 th\u1ed1ng c\u00f4ng nghi\u1ec7p kh\u00e1c.<\/span><\/p>\n<p><span>M\u00e1y\u00a0<\/span><strong><span>s\u01b0\u1edfi \u1ed1ng b\u00edch 2 inch<\/span><\/strong><span>\u00a0c\u00f3 th\u1ec3 t\u00f9y ch\u1ec9nh \u0111\u1ec3 \u0111\u00e1p \u1ee9ng c\u00e1c y\u00eau c\u1ea7u v\u1eadn h\u00e0nh c\u1ee5 th\u1ec3. Cho d\u00f9 b\u1ea1n c\u1ea7n \u0111i\u1ec1u ch\u1ec9nh c\u00f4ng su\u1ea5t, \u0111i\u1ec7n \u00e1p hay ph\u1ea1m vi nhi\u1ec7t \u0111\u1ed9, nh\u00f3m c\u1ee7a ch\u00fang t\u00f4i lu\u00f4n s\u1eb5n s\u00e0ng t\u1ea1o ra gi\u1ea3i ph\u00e1p ph\u00f9 h\u1ee3p \u0111\u1ec3 t\u1ed1i \u01b0u h\u00f3a quy tr\u00ecnh c\u1ee7a b\u1ea1n.<\/span><\/p>\n<h3><span>T\u1ea1i sao n\u00ean ch\u1ecdn Cheri Heater?<\/span><\/h3>\n<p><span>V\u1edbi nhi\u1ec1u n\u0103m kinh nghi\u1ec7m trong ng\u00e0nh s\u01b0\u1edfi \u1ea5m, ch\u00fang t\u00f4i cam k\u1ebft cung c\u1ea5p c\u00e1c s\u1ea3n ph\u1ea9m h\u00e0ng \u0111\u1ea7u v\u00e0 d\u1ecbch v\u1ee5 kh\u00e1ch h\u00e0ng \u0111\u1eb7c bi\u1ec7t. M\u00e1y s\u01b0\u1edfi c\u1ee7a ch\u00fang t\u00f4i \u0111\u01b0\u1ee3c s\u1ea3n xu\u1ea5t \u0111\u1ec3 \u0111\u00e1p \u1ee9ng c\u00e1c ti\u00eau chu\u1ea9n ch\u1ea5t l\u01b0\u1ee3ng nghi\u00eam ng\u1eb7t, \u0111\u1ea3m b\u1ea3o ho\u1ea1t \u0111\u1ed9ng \u0111\u00e1ng tin c\u1eady v\u00e0 hi\u1ec7u su\u1ea5t l\u00e2u d\u00e0i.<\/span><\/p>\n<p><span><span class=\"VIpgJd-yAWNEb-VIpgJd-fmcmS-sn54Q\">Truy c\u1eadp\u00a0<\/span><\/span><strong><a href=\"https:\/\/cheri-heater.com\/\" target=\"_new\" rel=\"noopener\"><span><span class=\"VIpgJd-yAWNEb-VIpgJd-fmcmS-sn54Q\">cheri-heater.com<\/span><\/span><\/a><\/strong><span><span class=\"VIpgJd-yAWNEb-VIpgJd-fmcmS-sn54Q\">\u00a0\u0111\u1ec3 kh\u00e1m ph\u00e1 c\u00e1c s\u1ea3n ph\u1ea9m s\u01b0\u1edfi \u1ea5m s\u00e1ng t\u1ea1o c\u1ee7a ch\u00fang t\u00f4i. T\u1eeb l\u1eddi khuy\u00ean c\u1ee7a chuy\u00ean gia \u0111\u1ebfn c\u00e1c gi\u1ea3i ph\u00e1p t\u00f9y ch\u1ec9nh, ch\u00fang t\u00f4i \u1edf \u0111\u00e2y \u0111\u1ec3 gi\u00fap b\u1ea1n n\u00e2ng cao ho\u1ea1t \u0111\u1ed9ng c\u1ee7a m\u00ecnh b\u1eb1ng c\u00f4ng ngh\u1ec7 s\u01b0\u1edfi \u1ea5m \u0111\u00e1ng tin c\u1eady v\u00e0 hi\u1ec7u qu\u1ea3. N\u00e2ng c\u1ea5p h\u1ec7 th\u1ed1ng c\u1ee7a b\u1ea1n v\u1edbi hi\u1ec7u su\u1ea5t \u0111\u00e1ng tin c\u1eady c\u1ee7a\u00a0<\/span><\/span><strong><span><span class=\"VIpgJd-yAWNEb-VIpgJd-fmcmS-sn54Q\">M\u00e1y s\u01b0\u1edfi \u1ed1ng b\u00edch 2 inch<\/span><\/span><\/strong><span><span class=\"VIpgJd-yAWNEb-VIpgJd-fmcmS-sn54Q\">\u00a0c\u1ee7a ch\u00fang t\u00f4i v\u00e0 tr\u1ea3i nghi\u1ec7m s\u1ef1 kh\u00e1c bi\u1ec7t ngay h\u00f4m nay!<\/span><\/span><\/p>\n","protected":false},"featured_media":1821,"template":"","meta":[],"product_brand":[],"product_cat":[28],"product_tag":[201],"class_list":{"0":"post-1820","1":"product","2":"type-product","3":"status-publish","4":"has-post-thumbnail","6":"product_cat-tubular-heater","7":"product_tag-may-suoi-ong-bich-2-inch","9":"first","10":"instock","11":"shipping-taxable","12":"product-type-simple"},"yoast_head":"<!-- This site is optimized with the Yoast SEO plugin v27.3 - https:\/\/yoast.com\/product\/yoast-seo-wordpress\/ -->\n<title>M\u00e1y s\u01b0\u1edfi \u1ed1ng b\u00edch 2 inch ch\u1ea5t l\u01b0\u1ee3ng cao | Cheri-heater.com<\/title>\n<meta name=\"description\" content=\"M\u00e1y s\u01b0\u1edfi \u1ed1ng b\u00edch 2 inch t\u1ea1i Cheri Heater, \u0111\u01b0\u1ee3c thi\u1ebft k\u1ebf \u0111\u1ec3 c\u00f3 \u0111\u1ed9 b\u1ec1n v\u00e0 hi\u1ec7u su\u1ea5t hi\u1ec7u qu\u1ea3 trong c\u00e1c \u1ee9ng d\u1ee5ng c\u00f4ng nghi\u1ec7p. L\u00fd t\u01b0\u1edfng cho c\u00e1c l\u1eafp \u0111\u1eb7t an to\u00e0n v\u00e0 ph\u00e2n ph\u1ed1i nhi\u1ec7t ch\u00ednh x\u00e1c, v\u1edbi c\u00e1c t\u00f9y ch\u1ecdn t\u00f9y ch\u1ec9nh \u0111\u1ec3 \u0111\u00e1p \u1ee9ng nhu c\u1ea7u c\u1ee5 th\u1ec3 c\u1ee7a b\u1ea1n. Truy c\u1eadp cheri-heater.com \u0111\u1ec3 bi\u1ebft th\u00eam th\u00f4ng tin.\" \/>\n<meta name=\"robots\" content=\"index, follow, max-snippet:-1, max-image-preview:large, max-video-preview:-1\" \/>\n<link rel=\"canonical\" href=\"https:\/\/cheri-heater.com\/vn\/product\/may-suoi-ong-bich-2-inch\/\" \/>\n<meta property=\"og:locale\" content=\"en_US\" \/>\n<meta property=\"og:type\" content=\"article\" \/>\n<meta property=\"og:title\" content=\"M\u00e1y s\u01b0\u1edfi \u1ed1ng b\u00edch 2 inch ch\u1ea5t l\u01b0\u1ee3ng cao | Cheri-heater.com\" \/>\n<meta property=\"og:description\" content=\"M\u00e1y s\u01b0\u1edfi \u1ed1ng b\u00edch 2 inch t\u1ea1i Cheri Heater, \u0111\u01b0\u1ee3c thi\u1ebft k\u1ebf \u0111\u1ec3 c\u00f3 \u0111\u1ed9 b\u1ec1n v\u00e0 hi\u1ec7u su\u1ea5t hi\u1ec7u qu\u1ea3 trong c\u00e1c \u1ee9ng d\u1ee5ng c\u00f4ng nghi\u1ec7p. L\u00fd t\u01b0\u1edfng cho c\u00e1c l\u1eafp \u0111\u1eb7t an to\u00e0n v\u00e0 ph\u00e2n ph\u1ed1i nhi\u1ec7t ch\u00ednh x\u00e1c, v\u1edbi c\u00e1c t\u00f9y ch\u1ecdn t\u00f9y ch\u1ec9nh \u0111\u1ec3 \u0111\u00e1p \u1ee9ng nhu c\u1ea7u c\u1ee5 th\u1ec3 c\u1ee7a b\u1ea1n. Truy c\u1eadp cheri-heater.com \u0111\u1ec3 bi\u1ebft th\u00eam th\u00f4ng tin.\" \/>\n<meta property=\"og:url\" content=\"https:\/\/cheri-heater.com\/vn\/product\/may-suoi-ong-bich-2-inch\/\" \/>\n<meta property=\"og:site_name\" content=\"Cheri Heater Technology Co.,Ltd.\" \/>\n<meta property=\"og:image\" content=\"http:\/\/cheri-heater.com\/vn\/wp-content\/uploads\/2025\/05\/82d18ff1-6f1a-4a6b-9ddd-f781f22bb445.jpg\" \/>\n\t<meta property=\"og:image:width\" content=\"1000\" \/>\n\t<meta property=\"og:image:height\" content=\"1000\" \/>\n\t<meta property=\"og:image:type\" content=\"image\/jpeg\" \/>\n<meta name=\"twitter:card\" content=\"summary_large_image\" \/>\n<meta name=\"twitter:label1\" content=\"Est. reading time\" \/>\n\t<meta name=\"twitter:data1\" content=\"1 minute\" \/>\n<!-- \/ Yoast SEO plugin. -->","yoast_head_json":{"title":"M\u00e1y s\u01b0\u1edfi \u1ed1ng b\u00edch 2 inch ch\u1ea5t l\u01b0\u1ee3ng cao | Cheri-heater.com","description":"M\u00e1y s\u01b0\u1edfi \u1ed1ng b\u00edch 2 inch t\u1ea1i Cheri Heater, \u0111\u01b0\u1ee3c thi\u1ebft k\u1ebf \u0111\u1ec3 c\u00f3 \u0111\u1ed9 b\u1ec1n v\u00e0 hi\u1ec7u su\u1ea5t hi\u1ec7u qu\u1ea3 trong c\u00e1c \u1ee9ng d\u1ee5ng c\u00f4ng nghi\u1ec7p. L\u00fd t\u01b0\u1edfng cho c\u00e1c l\u1eafp \u0111\u1eb7t an to\u00e0n v\u00e0 ph\u00e2n ph\u1ed1i nhi\u1ec7t ch\u00ednh x\u00e1c, v\u1edbi c\u00e1c t\u00f9y ch\u1ecdn t\u00f9y ch\u1ec9nh \u0111\u1ec3 \u0111\u00e1p \u1ee9ng nhu c\u1ea7u c\u1ee5 th\u1ec3 c\u1ee7a b\u1ea1n. Truy c\u1eadp cheri-heater.com \u0111\u1ec3 bi\u1ebft th\u00eam th\u00f4ng tin.","robots":{"index":"index","follow":"follow","max-snippet":"max-snippet:-1","max-image-preview":"max-image-preview:large","max-video-preview":"max-video-preview:-1"},"canonical":"https:\/\/cheri-heater.com\/vn\/product\/may-suoi-ong-bich-2-inch\/","og_locale":"en_US","og_type":"article","og_title":"M\u00e1y s\u01b0\u1edfi \u1ed1ng b\u00edch 2 inch ch\u1ea5t l\u01b0\u1ee3ng cao | Cheri-heater.com","og_description":"M\u00e1y s\u01b0\u1edfi \u1ed1ng b\u00edch 2 inch t\u1ea1i Cheri Heater, \u0111\u01b0\u1ee3c thi\u1ebft k\u1ebf \u0111\u1ec3 c\u00f3 \u0111\u1ed9 b\u1ec1n v\u00e0 hi\u1ec7u su\u1ea5t hi\u1ec7u qu\u1ea3 trong c\u00e1c \u1ee9ng d\u1ee5ng c\u00f4ng nghi\u1ec7p. L\u00fd t\u01b0\u1edfng cho c\u00e1c l\u1eafp \u0111\u1eb7t an to\u00e0n v\u00e0 ph\u00e2n ph\u1ed1i nhi\u1ec7t ch\u00ednh x\u00e1c, v\u1edbi c\u00e1c t\u00f9y ch\u1ecdn t\u00f9y ch\u1ec9nh \u0111\u1ec3 \u0111\u00e1p \u1ee9ng nhu c\u1ea7u c\u1ee5 th\u1ec3 c\u1ee7a b\u1ea1n. Truy c\u1eadp cheri-heater.com \u0111\u1ec3 bi\u1ebft th\u00eam th\u00f4ng tin.","og_url":"https:\/\/cheri-heater.com\/vn\/product\/may-suoi-ong-bich-2-inch\/","og_site_name":"Cheri Heater Technology Co.,Ltd.","og_image":[{"width":1000,"height":1000,"url":"http:\/\/cheri-heater.com\/vn\/wp-content\/uploads\/2025\/05\/82d18ff1-6f1a-4a6b-9ddd-f781f22bb445.jpg","type":"image\/jpeg"}],"twitter_card":"summary_large_image","twitter_misc":{"Est. reading time":"1 minute"},"schema":{"@context":"https:\/\/schema.org","@graph":[{"@type":"WebPage","@id":"https:\/\/cheri-heater.com\/vn\/product\/may-suoi-ong-bich-2-inch\/","url":"https:\/\/cheri-heater.com\/vn\/product\/may-suoi-ong-bich-2-inch\/","name":"M\u00e1y s\u01b0\u1edfi \u1ed1ng b\u00edch 2 inch ch\u1ea5t l\u01b0\u1ee3ng cao | Cheri-heater.com","isPartOf":{"@id":"https:\/\/cheri-heater.com\/vn\/#website"},"primaryImageOfPage":{"@id":"https:\/\/cheri-heater.com\/vn\/product\/may-suoi-ong-bich-2-inch\/#primaryimage"},"image":{"@id":"https:\/\/cheri-heater.com\/vn\/product\/may-suoi-ong-bich-2-inch\/#primaryimage"},"thumbnailUrl":"https:\/\/cheri-heater.com\/vn\/wp-content\/uploads\/2025\/05\/82d18ff1-6f1a-4a6b-9ddd-f781f22bb445.jpg","datePublished":"2025-05-12T02:49:18+00:00","description":"M\u00e1y s\u01b0\u1edfi \u1ed1ng b\u00edch 2 inch t\u1ea1i Cheri Heater, \u0111\u01b0\u1ee3c thi\u1ebft k\u1ebf \u0111\u1ec3 c\u00f3 \u0111\u1ed9 b\u1ec1n v\u00e0 hi\u1ec7u su\u1ea5t hi\u1ec7u qu\u1ea3 trong c\u00e1c \u1ee9ng d\u1ee5ng c\u00f4ng nghi\u1ec7p. L\u00fd t\u01b0\u1edfng cho c\u00e1c l\u1eafp \u0111\u1eb7t an to\u00e0n v\u00e0 ph\u00e2n ph\u1ed1i nhi\u1ec7t ch\u00ednh x\u00e1c, v\u1edbi c\u00e1c t\u00f9y ch\u1ecdn t\u00f9y ch\u1ec9nh \u0111\u1ec3 \u0111\u00e1p \u1ee9ng nhu c\u1ea7u c\u1ee5 th\u1ec3 c\u1ee7a b\u1ea1n. Truy c\u1eadp cheri-heater.com \u0111\u1ec3 bi\u1ebft th\u00eam th\u00f4ng tin.","breadcrumb":{"@id":"https:\/\/cheri-heater.com\/vn\/product\/may-suoi-ong-bich-2-inch\/#breadcrumb"},"inLanguage":"en-US","potentialAction":[{"@type":"ReadAction","target":["https:\/\/cheri-heater.com\/vn\/product\/may-suoi-ong-bich-2-inch\/"]}]},{"@type":"ImageObject","inLanguage":"en-US","@id":"https:\/\/cheri-heater.com\/vn\/product\/may-suoi-ong-bich-2-inch\/#primaryimage","url":"https:\/\/cheri-heater.com\/vn\/wp-content\/uploads\/2025\/05\/82d18ff1-6f1a-4a6b-9ddd-f781f22bb445.jpg","contentUrl":"https:\/\/cheri-heater.com\/vn\/wp-content\/uploads\/2025\/05\/82d18ff1-6f1a-4a6b-9ddd-f781f22bb445.jpg","width":1000,"height":1000,"caption":"M\u00e1y S\u01b0\u1edfi \u1ed0ng B\u00edch 2 Inch"},{"@type":"BreadcrumbList","@id":"https:\/\/cheri-heater.com\/vn\/product\/may-suoi-ong-bich-2-inch\/#breadcrumb","itemListElement":[{"@type":"ListItem","position":1,"name":"Home","item":"https:\/\/cheri-heater.com\/vn\/"},{"@type":"ListItem","position":2,"name":"Products","item":"https:\/\/cheri-heater.com\/vn\/products\/"},{"@type":"ListItem","position":3,"name":"M\u00e1y S\u01b0\u1edfi \u1ed0ng B\u00edch 2 Inch"}]},{"@type":"WebSite","@id":"https:\/\/cheri-heater.com\/vn\/#website","url":"https:\/\/cheri-heater.com\/vn\/","name":"Cheri Heater Technology Co.,Ltd.","description":"","publisher":{"@id":"https:\/\/cheri-heater.com\/vn\/#organization"},"potentialAction":[{"@type":"SearchAction","target":{"@type":"EntryPoint","urlTemplate":"https:\/\/cheri-heater.com\/vn\/?s={search_term_string}"},"query-input":{"@type":"PropertyValueSpecification","valueRequired":true,"valueName":"search_term_string"}}],"inLanguage":"en-US"},{"@type":"Organization","@id":"https:\/\/cheri-heater.com\/vn\/#organization","name":"Cheri Heater Technology Co.,Ltd.","url":"https:\/\/cheri-heater.com\/vn\/","logo":{"@type":"ImageObject","inLanguage":"en-US","@id":"https:\/\/cheri-heater.com\/vn\/#\/schema\/logo\/image\/","url":"https:\/\/cheri-heater.com\/vn\/wp-content\/uploads\/2024\/06\/cropped-logo-resize.png","contentUrl":"https:\/\/cheri-heater.com\/vn\/wp-content\/uploads\/2024\/06\/cropped-logo-resize.png","width":346,"height":99,"caption":"Cheri Heater Technology Co.,Ltd."},"image":{"@id":"https:\/\/cheri-heater.com\/vn\/#\/schema\/logo\/image\/"}}]}},"_links":{"self":[{"href":"https:\/\/cheri-heater.com\/vn\/wp-json\/wp\/v2\/product\/1820","targetHints":{"allow":["GET"]}}],"collection":[{"href":"https:\/\/cheri-heater.com\/vn\/wp-json\/wp\/v2\/product"}],"about":[{"href":"https:\/\/cheri-heater.com\/vn\/wp-json\/wp\/v2\/types\/product"}],"wp:featuredmedia":[{"embeddable":true,"href":"https:\/\/cheri-heater.com\/vn\/wp-json\/wp\/v2\/media\/1821"}],"wp:attachment":[{"href":"https:\/\/cheri-heater.com\/vn\/wp-json\/wp\/v2\/media?parent=1820"}],"wp:term":[{"taxonomy":"product_brand","embeddable":true,"href":"https:\/\/cheri-heater.com\/vn\/wp-json\/wp\/v2\/product_brand?post=1820"},{"taxonomy":"product_cat","embeddable":true,"href":"https:\/\/cheri-heater.com\/vn\/wp-json\/wp\/v2\/product_cat?post=1820"},{"taxonomy":"product_tag","embeddable":true,"href":"https:\/\/cheri-heater.com\/vn\/wp-json\/wp\/v2\/product_tag?post=1820"}],"curies":[{"name":"wp","href":"https:\/\/api.w.org\/{rel}","templated":true}]}}