{"id":1822,"date":"2025-05-12T02:57:49","date_gmt":"2025-05-12T02:57:49","guid":{"rendered":"https:\/\/cheri-heater.com\/vn\/?post_type=product&#038;p=1822"},"modified":"2025-05-12T02:57:49","modified_gmt":"2025-05-12T02:57:49","slug":"bo-phan-lam-nong-khong-khi","status":"publish","type":"product","link":"https:\/\/cheri-heater.com\/vn\/product\/bo-phan-lam-nong-khong-khi\/","title":{"rendered":"B\u1ed9 Ph\u1eadn L\u00e0m N\u00f3ng Kh\u00f4ng Kh\u00ed"},"content":{"rendered":"","protected":false},"excerpt":{"rendered":"<h2><span><span class=\"\">B\u1ed9 ph\u1eadn l\u00e0m n\u00f3ng kh\u00f4ng kh\u00ed t\u1ed1t nh\u1ea5t<\/span><\/span><\/h2>\n<p><span>T\u1ea1i Cheri Heater, ch\u00fang t\u00f4i chuy\u00ean cung c\u1ea5p c\u00e1c b\u1ed9 ph\u1eadn l\u00e0m n\u00f3ng kh\u00f4ng kh\u00ed ch\u1ea5t l\u01b0\u1ee3ng h\u00e0ng \u0111\u1ea7u \u0111\u01b0\u1ee3c thi\u1ebft k\u1ebf \u0111\u1ec3 cung c\u1ea5p h\u1ec7 th\u1ed1ng s\u01b0\u1edfi \u1ea5m hi\u1ec7u qu\u1ea3 v\u00e0 \u0111\u00e1ng tin c\u1eady cho c\u00e1c h\u1ec7 th\u1ed1ng kh\u00f4ng kh\u00ed trong nhi\u1ec1u \u1ee9ng d\u1ee5ng th\u01b0\u01a1ng m\u1ea1i v\u00e0 c\u00f4ng nghi\u1ec7p. C\u00e1c b\u1ed9 ph\u1eadn l\u00e0m n\u00f3ng kh\u00f4ng kh\u00ed c\u1ee7a ch\u00fang t\u00f4i \u0111\u01b0\u1ee3c thi\u1ebft k\u1ebf \u0111\u1ec3 \u0111\u00e1p \u1ee9ng c\u00e1c y\u00eau c\u1ea7u kh\u1eaft khe v\u1ec1 s\u01b0\u1edfi \u1ea5m kh\u00f4ng kh\u00ed trong nhi\u1ec1u m\u00f4i tr\u01b0\u1eddng kh\u00e1c nhau, bao g\u1ed3m h\u1ec7 th\u1ed1ng HVAC, quy tr\u00ecnh s\u1ea5y v\u00e0 h\u1ec7 th\u1ed1ng th\u00f4ng gi\u00f3.<\/span><\/p>\n<p><span>B\u1ed9 ph\u1eadn l\u00e0m n\u00f3ng kh\u00f4ng kh\u00ed \u0111\u01b0\u1ee3c thi\u1ebft k\u1ebf \u0111\u1ec3 truy\u1ec1n nhi\u1ec7t t\u1ed1i \u01b0u, \u0111\u1ea3m b\u1ea3o s\u01b0\u1edfi \u1ea5m nhanh v\u00e0 hi\u1ec7u qu\u1ea3 v\u1edbi m\u1ee9c ti\u00eau th\u1ee5 n\u0103ng l\u01b0\u1ee3ng t\u1ed1i thi\u1ec3u. Cho d\u00f9 b\u1ea1n \u0111ang s\u01b0\u1edfi \u1ea5m kh\u00f4ng kh\u00ed cho c\u00e1c quy tr\u00ecnh c\u00f4ng nghi\u1ec7p hay duy tr\u00ec m\u00f4i tr\u01b0\u1eddng tho\u1ea3i m\u00e1i trong kh\u00f4ng gian th\u01b0\u01a1ng m\u1ea1i, c\u00e1c b\u1ed9 ph\u1eadn l\u00e0m n\u00f3ng kh\u00f4ng kh\u00ed c\u1ee7a ch\u00fang t\u00f4i \u0111\u1ec1u cung c\u1ea5p hi\u1ec7u su\u1ea5t nh\u1ea5t qu\u00e1n, gi\u00fap gi\u1ea3m chi ph\u00ed v\u1eadn h\u00e0nh \u0111\u1ed3ng th\u1eddi t\u0103ng c\u01b0\u1eddng hi\u1ec7u qu\u1ea3 n\u0103ng l\u01b0\u1ee3ng.<\/span><\/p>\n<p><span>\u0110\u01b0\u1ee3c l\u00e0m t\u1eeb v\u1eadt li\u1ec7u cao c\u1ea5p, c\u00e1c b\u1ed9 ph\u1eadn l\u00e0m n\u00f3ng kh\u00f4ng kh\u00ed c\u1ee7a ch\u00fang t\u00f4i \u0111\u01b0\u1ee3c ch\u1ebf t\u1ea1o \u0111\u1ec3 b\u1ec1n l\u00e2u. Ch\u00fang ch\u1ed1ng \u0103n m\u00f2n v\u00e0 \u0111\u01b0\u1ee3c thi\u1ebft k\u1ebf \u0111\u1ec3 ch\u1ecbu \u0111\u01b0\u1ee3c s\u1ef1 kh\u1eafc nghi\u1ec7t c\u1ee7a vi\u1ec7c s\u1eed d\u1ee5ng trong c\u00f4ng nghi\u1ec7p. C\u00e1c b\u1ed9 ph\u1eadn c\u00f3 nhi\u1ec1u k\u00edch c\u1ee1, c\u00f4ng su\u1ea5t v\u00e0 c\u1ea5u h\u00ecnh, gi\u00fap ch\u00fang c\u00f3 th\u1ec3 t\u00f9y ch\u1ec9nh \u0111\u1ec3 \u0111\u00e1p \u1ee9ng nhu c\u1ea7u s\u01b0\u1edfi \u1ea5m c\u1ee5 th\u1ec3 c\u1ee7a \u1ee9ng d\u1ee5ng c\u1ee7a b\u1ea1n. T\u1eeb c\u00e1c \u0111\u01a1n v\u1ecb th\u01b0\u01a1ng m\u1ea1i nh\u1ecf \u0111\u1ebfn c\u00e1c h\u1ec7 th\u1ed1ng c\u00f4ng nghi\u1ec7p quy m\u00f4 l\u1edbn, ch\u00fang t\u00f4i cung c\u1ea5p gi\u1ea3i ph\u00e1p ph\u00f9 h\u1ee3p cho d\u1ef1 \u00e1n c\u1ee7a b\u1ea1n.<\/span><\/p>\n<p><span>C\u00e1c b\u1ed9 ph\u1eadn l\u00e0m n\u00f3ng kh\u00f4ng kh\u00ed c\u1ee7a Cheri Heater d\u1ec5 l\u1eafp \u0111\u1eb7t v\u00e0 b\u1ea3o tr\u00ec, cung c\u1ea5p cho b\u1ea1n gi\u1ea3i ph\u00e1p s\u01b0\u1edfi \u1ea5m l\u00e2u d\u00e0i, kh\u00f4ng r\u1eafc r\u1ed1i. \u0110\u1ed9i ng\u0169 chuy\u00ean gia c\u1ee7a ch\u00fang t\u00f4i \u1edf \u0111\u00e2y \u0111\u1ec3 h\u01b0\u1edbng d\u1eabn b\u1ea1n l\u1ef1a ch\u1ecdn b\u1ed9 ph\u1eadn l\u00fd t\u01b0\u1edfng cho h\u1ec7 th\u1ed1ng c\u1ee7a b\u1ea1n, \u0111\u1ea3m b\u1ea3o hi\u1ec7u su\u1ea5t t\u1ed1i \u01b0u v\u00e0 ti\u1ebft ki\u1ec7m n\u0103ng l\u01b0\u1ee3ng.<\/span><\/p>\n","protected":false},"featured_media":1823,"template":"","meta":[],"product_brand":[],"product_cat":[28],"product_tag":[202],"class_list":{"0":"post-1822","1":"product","2":"type-product","3":"status-publish","4":"has-post-thumbnail","6":"product_cat-tubular-heater","7":"product_tag-bo-phan-lam-nong-khong-khi","9":"first","10":"instock","11":"shipping-taxable","12":"product-type-simple"},"yoast_head":"<!-- This site is optimized with the Yoast SEO plugin v27.3 - https:\/\/yoast.com\/product\/yoast-seo-wordpress\/ -->\n<title>B\u1ed9 ph\u1eadn l\u00e0m n\u00f3ng \u1ed1ng d\u1eabn t\u1ed1t nh\u1ea5t | Cheri-heater.com<\/title>\n<meta name=\"description\" content=\"Cheri Heater cung c\u1ea5p c\u00e1c b\u1ed9 ph\u1eadn l\u00e0m n\u00f3ng \u1ed1ng gi\u00f3 hi\u1ec7u su\u1ea5t cao \u0111\u01b0\u1ee3c thi\u1ebft k\u1ebf cho h\u1ec7 th\u1ed1ng HVAC v\u00e0 kh\u00f4ng kh\u00ed c\u00f4ng nghi\u1ec7p. \u0110\u01b0\u1ee3c ch\u1ebf t\u1ea1o \u0111\u1ec3 c\u00f3 \u0111\u1ed9 b\u1ec1n v\u00e0 hi\u1ec7u qu\u1ea3 n\u0103ng l\u01b0\u1ee3ng, c\u00e1c b\u1ed9 ph\u1eadn l\u00e0m n\u00f3ng n\u00e0y \u0111\u1ea3m b\u1ea3o ph\u00e2n ph\u1ed1i nhi\u1ec7t \u0111\u1ed3ng \u0111\u1ec1u tr\u00ean c\u00e1c \u1ed1ng gi\u00f3, khi\u1ebfn ch\u00fang tr\u1edf n\u00ean l\u00fd t\u01b0\u1edfng cho c\u00e1c \u1ee9ng d\u1ee5ng th\u01b0\u01a1ng m\u1ea1i v\u00e0 c\u00f4ng nghi\u1ec7p. C\u00f3 s\u1eb5n c\u00e1c k\u00edch th\u01b0\u1edbc v\u00e0 c\u1ea5u h\u00ecnh t\u00f9y ch\u1ec9nh \u0111\u1ec3 \u0111\u00e1p \u1ee9ng nhu c\u1ea7u s\u01b0\u1edfi \u1ea5m c\u1ee5 th\u1ec3 c\u1ee7a b\u1ea1n. Truy c\u1eadp Cheri Heater \u0111\u1ec3 bi\u1ebft c\u00e1c gi\u1ea3i ph\u00e1p s\u01b0\u1edfi \u1ea5m \u0111\u00e1ng tin c\u1eady ph\u00f9 h\u1ee3p v\u1edbi doanh nghi\u1ec7p c\u1ee7a b\u1ea1n.\" \/>\n<meta name=\"robots\" content=\"index, follow, max-snippet:-1, max-image-preview:large, max-video-preview:-1\" \/>\n<link rel=\"canonical\" href=\"https:\/\/cheri-heater.com\/vn\/product\/bo-phan-lam-nong-khong-khi\/\" \/>\n<meta property=\"og:locale\" content=\"en_US\" \/>\n<meta property=\"og:type\" content=\"article\" \/>\n<meta property=\"og:title\" content=\"B\u1ed9 ph\u1eadn l\u00e0m n\u00f3ng \u1ed1ng d\u1eabn t\u1ed1t nh\u1ea5t | Cheri-heater.com\" \/>\n<meta property=\"og:description\" content=\"Cheri Heater cung c\u1ea5p c\u00e1c b\u1ed9 ph\u1eadn l\u00e0m n\u00f3ng \u1ed1ng gi\u00f3 hi\u1ec7u su\u1ea5t cao \u0111\u01b0\u1ee3c thi\u1ebft k\u1ebf cho h\u1ec7 th\u1ed1ng HVAC v\u00e0 kh\u00f4ng kh\u00ed c\u00f4ng nghi\u1ec7p. \u0110\u01b0\u1ee3c ch\u1ebf t\u1ea1o \u0111\u1ec3 c\u00f3 \u0111\u1ed9 b\u1ec1n v\u00e0 hi\u1ec7u qu\u1ea3 n\u0103ng l\u01b0\u1ee3ng, c\u00e1c b\u1ed9 ph\u1eadn l\u00e0m n\u00f3ng n\u00e0y \u0111\u1ea3m b\u1ea3o ph\u00e2n ph\u1ed1i nhi\u1ec7t \u0111\u1ed3ng \u0111\u1ec1u tr\u00ean c\u00e1c \u1ed1ng gi\u00f3, khi\u1ebfn ch\u00fang tr\u1edf n\u00ean l\u00fd t\u01b0\u1edfng cho c\u00e1c \u1ee9ng d\u1ee5ng th\u01b0\u01a1ng m\u1ea1i v\u00e0 c\u00f4ng nghi\u1ec7p. C\u00f3 s\u1eb5n c\u00e1c k\u00edch th\u01b0\u1edbc v\u00e0 c\u1ea5u h\u00ecnh t\u00f9y ch\u1ec9nh \u0111\u1ec3 \u0111\u00e1p \u1ee9ng nhu c\u1ea7u s\u01b0\u1edfi \u1ea5m c\u1ee5 th\u1ec3 c\u1ee7a b\u1ea1n. Truy c\u1eadp Cheri Heater \u0111\u1ec3 bi\u1ebft c\u00e1c gi\u1ea3i ph\u00e1p s\u01b0\u1edfi \u1ea5m \u0111\u00e1ng tin c\u1eady ph\u00f9 h\u1ee3p v\u1edbi doanh nghi\u1ec7p c\u1ee7a b\u1ea1n.\" \/>\n<meta property=\"og:url\" content=\"https:\/\/cheri-heater.com\/vn\/product\/bo-phan-lam-nong-khong-khi\/\" \/>\n<meta property=\"og:site_name\" content=\"Cheri Heater Technology Co.,Ltd.\" \/>\n<meta property=\"og:image\" content=\"http:\/\/cheri-heater.com\/vn\/wp-content\/uploads\/2025\/05\/finned.jpg\" \/>\n\t<meta property=\"og:image:width\" content=\"712\" \/>\n\t<meta property=\"og:image:height\" content=\"506\" \/>\n\t<meta property=\"og:image:type\" content=\"image\/jpeg\" \/>\n<meta name=\"twitter:card\" content=\"summary_large_image\" \/>\n<meta name=\"twitter:label1\" content=\"Est. reading time\" \/>\n\t<meta name=\"twitter:data1\" content=\"1 minute\" \/>\n<!-- \/ Yoast SEO plugin. -->","yoast_head_json":{"title":"B\u1ed9 ph\u1eadn l\u00e0m n\u00f3ng \u1ed1ng d\u1eabn t\u1ed1t nh\u1ea5t | Cheri-heater.com","description":"Cheri Heater cung c\u1ea5p c\u00e1c b\u1ed9 ph\u1eadn l\u00e0m n\u00f3ng \u1ed1ng gi\u00f3 hi\u1ec7u su\u1ea5t cao \u0111\u01b0\u1ee3c thi\u1ebft k\u1ebf cho h\u1ec7 th\u1ed1ng HVAC v\u00e0 kh\u00f4ng kh\u00ed c\u00f4ng nghi\u1ec7p. \u0110\u01b0\u1ee3c ch\u1ebf t\u1ea1o \u0111\u1ec3 c\u00f3 \u0111\u1ed9 b\u1ec1n v\u00e0 hi\u1ec7u qu\u1ea3 n\u0103ng l\u01b0\u1ee3ng, c\u00e1c b\u1ed9 ph\u1eadn l\u00e0m n\u00f3ng n\u00e0y \u0111\u1ea3m b\u1ea3o ph\u00e2n ph\u1ed1i nhi\u1ec7t \u0111\u1ed3ng \u0111\u1ec1u tr\u00ean c\u00e1c \u1ed1ng gi\u00f3, khi\u1ebfn ch\u00fang tr\u1edf n\u00ean l\u00fd t\u01b0\u1edfng cho c\u00e1c \u1ee9ng d\u1ee5ng th\u01b0\u01a1ng m\u1ea1i v\u00e0 c\u00f4ng nghi\u1ec7p. C\u00f3 s\u1eb5n c\u00e1c k\u00edch th\u01b0\u1edbc v\u00e0 c\u1ea5u h\u00ecnh t\u00f9y ch\u1ec9nh \u0111\u1ec3 \u0111\u00e1p \u1ee9ng nhu c\u1ea7u s\u01b0\u1edfi \u1ea5m c\u1ee5 th\u1ec3 c\u1ee7a b\u1ea1n. Truy c\u1eadp Cheri Heater \u0111\u1ec3 bi\u1ebft c\u00e1c gi\u1ea3i ph\u00e1p s\u01b0\u1edfi \u1ea5m \u0111\u00e1ng tin c\u1eady ph\u00f9 h\u1ee3p v\u1edbi doanh nghi\u1ec7p c\u1ee7a b\u1ea1n.","robots":{"index":"index","follow":"follow","max-snippet":"max-snippet:-1","max-image-preview":"max-image-preview:large","max-video-preview":"max-video-preview:-1"},"canonical":"https:\/\/cheri-heater.com\/vn\/product\/bo-phan-lam-nong-khong-khi\/","og_locale":"en_US","og_type":"article","og_title":"B\u1ed9 ph\u1eadn l\u00e0m n\u00f3ng \u1ed1ng d\u1eabn t\u1ed1t nh\u1ea5t | Cheri-heater.com","og_description":"Cheri Heater cung c\u1ea5p c\u00e1c b\u1ed9 ph\u1eadn l\u00e0m n\u00f3ng \u1ed1ng gi\u00f3 hi\u1ec7u su\u1ea5t cao \u0111\u01b0\u1ee3c thi\u1ebft k\u1ebf cho h\u1ec7 th\u1ed1ng HVAC v\u00e0 kh\u00f4ng kh\u00ed c\u00f4ng nghi\u1ec7p. \u0110\u01b0\u1ee3c ch\u1ebf t\u1ea1o \u0111\u1ec3 c\u00f3 \u0111\u1ed9 b\u1ec1n v\u00e0 hi\u1ec7u qu\u1ea3 n\u0103ng l\u01b0\u1ee3ng, c\u00e1c b\u1ed9 ph\u1eadn l\u00e0m n\u00f3ng n\u00e0y \u0111\u1ea3m b\u1ea3o ph\u00e2n ph\u1ed1i nhi\u1ec7t \u0111\u1ed3ng \u0111\u1ec1u tr\u00ean c\u00e1c \u1ed1ng gi\u00f3, khi\u1ebfn ch\u00fang tr\u1edf n\u00ean l\u00fd t\u01b0\u1edfng cho c\u00e1c \u1ee9ng d\u1ee5ng th\u01b0\u01a1ng m\u1ea1i v\u00e0 c\u00f4ng nghi\u1ec7p. C\u00f3 s\u1eb5n c\u00e1c k\u00edch th\u01b0\u1edbc v\u00e0 c\u1ea5u h\u00ecnh t\u00f9y ch\u1ec9nh \u0111\u1ec3 \u0111\u00e1p \u1ee9ng nhu c\u1ea7u s\u01b0\u1edfi \u1ea5m c\u1ee5 th\u1ec3 c\u1ee7a b\u1ea1n. Truy c\u1eadp Cheri Heater \u0111\u1ec3 bi\u1ebft c\u00e1c gi\u1ea3i ph\u00e1p s\u01b0\u1edfi \u1ea5m \u0111\u00e1ng tin c\u1eady ph\u00f9 h\u1ee3p v\u1edbi doanh nghi\u1ec7p c\u1ee7a b\u1ea1n.","og_url":"https:\/\/cheri-heater.com\/vn\/product\/bo-phan-lam-nong-khong-khi\/","og_site_name":"Cheri Heater Technology Co.,Ltd.","og_image":[{"width":712,"height":506,"url":"http:\/\/cheri-heater.com\/vn\/wp-content\/uploads\/2025\/05\/finned.jpg","type":"image\/jpeg"}],"twitter_card":"summary_large_image","twitter_misc":{"Est. reading time":"1 minute"},"schema":{"@context":"https:\/\/schema.org","@graph":[{"@type":"WebPage","@id":"https:\/\/cheri-heater.com\/vn\/product\/bo-phan-lam-nong-khong-khi\/","url":"https:\/\/cheri-heater.com\/vn\/product\/bo-phan-lam-nong-khong-khi\/","name":"B\u1ed9 ph\u1eadn l\u00e0m n\u00f3ng \u1ed1ng d\u1eabn t\u1ed1t nh\u1ea5t | Cheri-heater.com","isPartOf":{"@id":"https:\/\/cheri-heater.com\/vn\/#website"},"primaryImageOfPage":{"@id":"https:\/\/cheri-heater.com\/vn\/product\/bo-phan-lam-nong-khong-khi\/#primaryimage"},"image":{"@id":"https:\/\/cheri-heater.com\/vn\/product\/bo-phan-lam-nong-khong-khi\/#primaryimage"},"thumbnailUrl":"https:\/\/cheri-heater.com\/vn\/wp-content\/uploads\/2025\/05\/finned.jpg","datePublished":"2025-05-12T02:57:49+00:00","description":"Cheri Heater cung c\u1ea5p c\u00e1c b\u1ed9 ph\u1eadn l\u00e0m n\u00f3ng \u1ed1ng gi\u00f3 hi\u1ec7u su\u1ea5t cao \u0111\u01b0\u1ee3c thi\u1ebft k\u1ebf cho h\u1ec7 th\u1ed1ng HVAC v\u00e0 kh\u00f4ng kh\u00ed c\u00f4ng nghi\u1ec7p. \u0110\u01b0\u1ee3c ch\u1ebf t\u1ea1o \u0111\u1ec3 c\u00f3 \u0111\u1ed9 b\u1ec1n v\u00e0 hi\u1ec7u qu\u1ea3 n\u0103ng l\u01b0\u1ee3ng, c\u00e1c b\u1ed9 ph\u1eadn l\u00e0m n\u00f3ng n\u00e0y \u0111\u1ea3m b\u1ea3o ph\u00e2n ph\u1ed1i nhi\u1ec7t \u0111\u1ed3ng \u0111\u1ec1u tr\u00ean c\u00e1c \u1ed1ng gi\u00f3, khi\u1ebfn ch\u00fang tr\u1edf n\u00ean l\u00fd t\u01b0\u1edfng cho c\u00e1c \u1ee9ng d\u1ee5ng th\u01b0\u01a1ng m\u1ea1i v\u00e0 c\u00f4ng nghi\u1ec7p. C\u00f3 s\u1eb5n c\u00e1c k\u00edch th\u01b0\u1edbc v\u00e0 c\u1ea5u h\u00ecnh t\u00f9y ch\u1ec9nh \u0111\u1ec3 \u0111\u00e1p \u1ee9ng nhu c\u1ea7u s\u01b0\u1edfi \u1ea5m c\u1ee5 th\u1ec3 c\u1ee7a b\u1ea1n. Truy c\u1eadp Cheri Heater \u0111\u1ec3 bi\u1ebft c\u00e1c gi\u1ea3i ph\u00e1p s\u01b0\u1edfi \u1ea5m \u0111\u00e1ng tin c\u1eady ph\u00f9 h\u1ee3p v\u1edbi doanh nghi\u1ec7p c\u1ee7a b\u1ea1n.","breadcrumb":{"@id":"https:\/\/cheri-heater.com\/vn\/product\/bo-phan-lam-nong-khong-khi\/#breadcrumb"},"inLanguage":"en-US","potentialAction":[{"@type":"ReadAction","target":["https:\/\/cheri-heater.com\/vn\/product\/bo-phan-lam-nong-khong-khi\/"]}]},{"@type":"ImageObject","inLanguage":"en-US","@id":"https:\/\/cheri-heater.com\/vn\/product\/bo-phan-lam-nong-khong-khi\/#primaryimage","url":"https:\/\/cheri-heater.com\/vn\/wp-content\/uploads\/2025\/05\/finned.jpg","contentUrl":"https:\/\/cheri-heater.com\/vn\/wp-content\/uploads\/2025\/05\/finned.jpg","width":712,"height":506,"caption":"B\u1ed9 Ph\u1eadn L\u00e0m N\u00f3ng Kh\u00f4ng Kh\u00ed"},{"@type":"BreadcrumbList","@id":"https:\/\/cheri-heater.com\/vn\/product\/bo-phan-lam-nong-khong-khi\/#breadcrumb","itemListElement":[{"@type":"ListItem","position":1,"name":"Home","item":"https:\/\/cheri-heater.com\/vn\/"},{"@type":"ListItem","position":2,"name":"Products","item":"https:\/\/cheri-heater.com\/vn\/products\/"},{"@type":"ListItem","position":3,"name":"B\u1ed9 Ph\u1eadn L\u00e0m N\u00f3ng Kh\u00f4ng Kh\u00ed"}]},{"@type":"WebSite","@id":"https:\/\/cheri-heater.com\/vn\/#website","url":"https:\/\/cheri-heater.com\/vn\/","name":"Cheri Heater Technology Co.,Ltd.","description":"","publisher":{"@id":"https:\/\/cheri-heater.com\/vn\/#organization"},"potentialAction":[{"@type":"SearchAction","target":{"@type":"EntryPoint","urlTemplate":"https:\/\/cheri-heater.com\/vn\/?s={search_term_string}"},"query-input":{"@type":"PropertyValueSpecification","valueRequired":true,"valueName":"search_term_string"}}],"inLanguage":"en-US"},{"@type":"Organization","@id":"https:\/\/cheri-heater.com\/vn\/#organization","name":"Cheri Heater Technology Co.,Ltd.","url":"https:\/\/cheri-heater.com\/vn\/","logo":{"@type":"ImageObject","inLanguage":"en-US","@id":"https:\/\/cheri-heater.com\/vn\/#\/schema\/logo\/image\/","url":"https:\/\/cheri-heater.com\/vn\/wp-content\/uploads\/2024\/06\/cropped-logo-resize.png","contentUrl":"https:\/\/cheri-heater.com\/vn\/wp-content\/uploads\/2024\/06\/cropped-logo-resize.png","width":346,"height":99,"caption":"Cheri Heater Technology Co.,Ltd."},"image":{"@id":"https:\/\/cheri-heater.com\/vn\/#\/schema\/logo\/image\/"}}]}},"_links":{"self":[{"href":"https:\/\/cheri-heater.com\/vn\/wp-json\/wp\/v2\/product\/1822","targetHints":{"allow":["GET"]}}],"collection":[{"href":"https:\/\/cheri-heater.com\/vn\/wp-json\/wp\/v2\/product"}],"about":[{"href":"https:\/\/cheri-heater.com\/vn\/wp-json\/wp\/v2\/types\/product"}],"wp:featuredmedia":[{"embeddable":true,"href":"https:\/\/cheri-heater.com\/vn\/wp-json\/wp\/v2\/media\/1823"}],"wp:attachment":[{"href":"https:\/\/cheri-heater.com\/vn\/wp-json\/wp\/v2\/media?parent=1822"}],"wp:term":[{"taxonomy":"product_brand","embeddable":true,"href":"https:\/\/cheri-heater.com\/vn\/wp-json\/wp\/v2\/product_brand?post=1822"},{"taxonomy":"product_cat","embeddable":true,"href":"https:\/\/cheri-heater.com\/vn\/wp-json\/wp\/v2\/product_cat?post=1822"},{"taxonomy":"product_tag","embeddable":true,"href":"https:\/\/cheri-heater.com\/vn\/wp-json\/wp\/v2\/product_tag?post=1822"}],"curies":[{"name":"wp","href":"https:\/\/api.w.org\/{rel}","templated":true}]}}