{"id":1824,"date":"2025-05-12T03:11:56","date_gmt":"2025-05-12T03:11:56","guid":{"rendered":"https:\/\/cheri-heater.com\/vn\/?post_type=product&#038;p=1824"},"modified":"2025-05-12T03:11:57","modified_gmt":"2025-05-12T03:11:57","slug":"lo-suoi-ong-noi-hoi","status":"publish","type":"product","link":"https:\/\/cheri-heater.com\/vn\/product\/lo-suoi-ong-noi-hoi\/","title":{"rendered":"L\u00f2 S\u01b0\u1edfi \u1ed0ng N\u1ed3i H\u01a1i"},"content":{"rendered":"","protected":false},"excerpt":{"rendered":"<h2><span><span class=\"\">Nh\u00e0 s\u1ea3n xu\u1ea5t l\u00f2 s\u01b0\u1edfi \u1ed1ng n\u1ed3i h\u01a1i ch\u1ea5t l\u01b0\u1ee3ng cao<\/span><\/span><\/h2>\n<p><span>B\u1ea1n \u0111ang t\u00ecm ki\u1ebfm gi\u1ea3i ph\u00e1p s\u01b0\u1edfi \u1ea5m \u0111\u01b0\u1ee3c thi\u1ebft k\u1ebf \u0111\u1ec3 mang l\u1ea1i hi\u1ec7u su\u1ea5t \u1ed5n \u0111\u1ecbnh?\u00a0<\/span><b><span>M\u00e1y s\u01b0\u1edfi \u1ed1ng n\u1ed3i h\u01a1i\u00a0<\/span><\/b><span>c\u1ee7a Cheri Heater \u0111\u01b0\u1ee3c thi\u1ebft k\u1ebf cho c\u00e1c \u1ee9ng d\u1ee5ng c\u00f4ng nghi\u1ec7p, mang l\u1ea1i \u0111\u1ed9 tin c\u1eady v\u00e0 \u0111\u1ed9 b\u1ec1n trong m\u00f4i tr\u01b0\u1eddng c\u00f3 nhu c\u1ea7u cao.\u00a0<\/span><\/p>\n<p><span>Ho\u00e0n h\u1ea3o cho ng\u01b0\u1eddi mua doanh nghi\u1ec7p \u0111ang t\u00ecm ki\u1ebfm \u0111\u01a1n h\u00e0ng s\u1ed1 l\u01b0\u1ee3ng l\u1edbn, nh\u1eefng m\u00e1y s\u01b0\u1edfi n\u00e0y \u0111\u01b0\u1ee3c ch\u1ebf t\u1ea1o \u0111\u1ec3 \u0111\u00e1p \u1ee9ng c\u00e1c ti\u00eau chu\u1ea9n nghi\u00eam ng\u1eb7t \u0111\u1ed3ng th\u1eddi \u0111\u1ea3m b\u1ea3o hi\u1ec7u qu\u1ea3 ti\u1ebft ki\u1ec7m n\u0103ng l\u01b0\u1ee3ng.<\/span><\/p>\n<h3><b><span>L\u00f2 s\u01b0\u1edfi \u1ed1ng n\u1ed3i h\u01a1i cao c\u1ea5p cho c\u00e1c \u1ee9ng d\u1ee5ng c\u00f4ng nghi\u1ec7p<\/span><\/b><\/h3>\n<p><b><span>M\u00e1y s\u01b0\u1edfi \u1ed1ng n\u1ed3i h\u01a1i\u00a0<\/span><\/b><span>c\u1ee7a Cheri Heater\u00a0<\/span><span>n\u1ed5i b\u1eadt v\u1edbi c\u00f4ng ngh\u1ec7 ti\u00ean ti\u1ebfn. \u0110\u01b0\u1ee3c ch\u1ebf t\u1ea1o b\u1eb1ng th\u00e9p kh\u00f4ng g\u1ec9 ho\u1eb7c h\u1ee3p kim niken cao c\u1ea5p, \u0111\u1ea3m b\u1ea3o truy\u1ec1n nhi\u1ec7t t\u1ed1i \u01b0u v\u00e0 hi\u1ec7u su\u1ea5t l\u00e2u d\u00e0i. Nh\u1eefng m\u00e1y s\u01b0\u1edfi n\u00e0y \u0111\u01b0\u1ee3c thi\u1ebft k\u1ebf ri\u00eang cho n\u1ed3i h\u01a1i trong c\u00e1c ng\u00e0nh c\u00f4ng nghi\u1ec7p nh\u01b0 s\u1ea3n xu\u1ea5t, d\u01b0\u1ee3c ph\u1ea9m, ch\u1ebf bi\u1ebfn th\u1ef1c ph\u1ea9m v\u00e0 s\u1ea3n xu\u1ea5t h\u00f3a ch\u1ea5t.<\/span><\/p>\n<ul>\n<li aria-level=\"1\"><b><span>Thi\u1ebft k\u1ebf c\u00f3 th\u1ec3 t\u00f9y ch\u1ec9nh\u00a0<\/span><\/b><span>: T\u00f9y ch\u1ec9nh th\u00f4ng s\u1ed1 k\u1ef9 thu\u1eadt c\u1ee7a l\u00f2 s\u01b0\u1edfi \u0111\u1ec3 ph\u00f9 h\u1ee3p v\u1edbi y\u00eau c\u1ea7u c\u1ee7a l\u00f2 h\u01a1i.<\/span><\/li>\n<li aria-level=\"1\"><b><span>Hi\u1ec7u qu\u1ea3 n\u0103ng l\u01b0\u1ee3ng\u00a0<\/span><\/b><span>: Gi\u1ea3m m\u1ee9c ti\u00eau th\u1ee5 n\u0103ng l\u01b0\u1ee3ng m\u00e0 kh\u00f4ng \u1ea3nh h\u01b0\u1edfng \u0111\u1ebfn l\u01b0\u1ee3ng nhi\u1ec7t t\u1ecfa ra.<\/span><\/li>\n<li aria-level=\"1\"><b><span>\u0110\u1ea3m b\u1ea3o an to\u00e0n\u00a0<\/span><\/b><span>: \u0110\u01b0\u1ee3c thi\u1ebft k\u1ebf \u0111\u1ec3 ho\u1ea1t \u0111\u1ed9ng trong ph\u1ea1m vi nhi\u1ec7t \u0111\u1ed9 an to\u00e0n, b\u1ea3o v\u1ec7 c\u1ea3 thi\u1ebft b\u1ecb v\u00e0 con ng\u01b0\u1eddi.<\/span><\/li>\n<\/ul>\n<p><span>V\u1edbi nh\u1eefng t\u00ednh n\u0103ng n\u00e0y, ho\u1ea1t \u0111\u1ed9ng c\u1ee7a b\u1ea1n s\u1ebd di\u1ec5n ra su\u00f4n s\u1ebb, gi\u1ea3m th\u1eddi gian ch\u1ebft v\u00e0 chi ph\u00ed b\u1ea3o tr\u00ec.<\/span><\/p>\n<h3><b><span>T\u1ea1i sao n\u00ean ch\u1ecdn m\u00e1y s\u01b0\u1edfi \u1ed1ng n\u1ed3i h\u01a1i c\u1ee7a Cheri Heater?<\/span><\/b><\/h3>\n<p><span>Cheri Heater l\u00e0 m\u1ed9t c\u00e1i t\u00ean \u0111\u00e1ng tin c\u1eady trong c\u00e1c gi\u1ea3i ph\u00e1p s\u01b0\u1edfi \u1ea5m c\u00f4ng nghi\u1ec7p. Khi b\u1ea1n ch\u1ecdn\u00a0<\/span><b><span>l\u00f2 s\u01b0\u1edfi \u1ed1ng n\u1ed3i h\u01a1i c\u1ee7a ch\u00fang t\u00f4i\u00a0<\/span><\/b><span>, b\u1ea1n \u0111ang \u0111\u1ea7u t\u01b0 v\u00e0o:<\/span><\/p>\n<ul>\n<li aria-level=\"1\"><b><span>\u0110\u1ed9 b\u1ec1n\u00a0<\/span><\/b><span>: V\u1eadt li\u1ec7u ch\u1ea5t l\u01b0\u1ee3ng cao c\u00f3 th\u1ec3 ch\u1ecbu \u0111\u01b0\u1ee3c nhi\u1ec7t \u0111\u1ed9 kh\u1eafc nghi\u1ec7t v\u00e0 \u0111i\u1ec1u ki\u1ec7n kh\u1eafc nghi\u1ec7t.<\/span><\/li>\n<li aria-level=\"1\"><b><span>Kh\u1ea3 n\u0103ng m\u1edf r\u1ed9ng\u00a0<\/span><\/b><span>: L\u00fd t\u01b0\u1edfng cho ng\u01b0\u1eddi mua doanh nghi\u1ec7p c\u1ea7n gi\u1ea3i ph\u00e1p s\u01b0\u1edfi \u1ea5m quy m\u00f4 l\u1edbn.<\/span><\/li>\n<li aria-level=\"1\"><b><span>Gi\u1ea3i ph\u00e1p ti\u1ebft ki\u1ec7m chi ph\u00ed\u00a0<\/span><\/b><span>: Gi\u00e1 c\u1ea3 c\u1ea1nh tranh cho c\u00e1c \u0111\u01a1n h\u00e0ng s\u1ed1 l\u01b0\u1ee3ng l\u1edbn, \u0111\u1ea3m b\u1ea3o gi\u00e1 tr\u1ecb cho m\u1ed7i \u0111\u01a1n v\u1ecb.<\/span><\/li>\n<\/ul>\n<p><span>Ng\u01b0\u1eddi mua doanh nghi\u1ec7p \u0111\u00e1nh gi\u00e1 cao cam k\u1ebft c\u1ee7a ch\u00fang t\u00f4i v\u1ec1 ch\u1ea5t l\u01b0\u1ee3ng v\u00e0 t\u00ednh nh\u1ea5t qu\u00e1n. M\u1ed7i m\u00e1y s\u01b0\u1edfi \u0111\u1ec1u \u0111\u01b0\u1ee3c ki\u1ec3m tra nghi\u00eam ng\u1eb7t \u0111\u1ec3 \u0111\u00e1p \u1ee9ng c\u00e1c ti\u00eau chu\u1ea9n c\u1ee7a ng\u00e0nh, \u0111\u1ea3m b\u1ea3o b\u1ea1n c\u00f3 \u0111\u01b0\u1ee3c hi\u1ec7u su\u1ea5t c\u1ea7n thi\u1ebft m\u00e0 kh\u00f4ng ph\u1ea3i th\u1ecfa hi\u1ec7p.<\/span><\/p>\n<h3><b><span>C\u00e1c ng\u00e0nh c\u00f4ng nghi\u1ec7p \u0111\u01b0\u1ee3c h\u01b0\u1edfng l\u1ee3i t\u1eeb l\u00f2 s\u01b0\u1edfi \u1ed1ng n\u1ed3i h\u01a1i<\/span><\/b><\/h3>\n<p><b><span>\u1ed0ng s\u01b0\u1edfi \u1ea5m n\u1ed3i h\u01a1i\u00a0<\/span><\/b><span>c\u1ee7a Cheri Heater\u00a0<\/span><span>l\u00e0 gi\u1ea3i ph\u00e1p \u0111a n\u0103ng ph\u1ee5c v\u1ee5 cho nhi\u1ec1u ng\u00e0nh c\u00f4ng nghi\u1ec7p:<\/span><\/p>\n<ul>\n<li aria-level=\"1\"><b><span>D\u1ec7t may\u00a0<\/span><\/b><span>: H\u1ec7 th\u1ed1ng gia nhi\u1ec7t \u0111\u00e1ng tin c\u1eady \u0111\u1ec3 nhu\u1ed9m v\u00e0 x\u1eed l\u00fd.<\/span><\/li>\n<li aria-level=\"1\"><b><span>H\u00f3a ch\u1ea5t\u00a0<\/span><\/b><span>: Ki\u1ec3m so\u00e1t nhi\u1ec7t \u0111\u1ed9 ch\u00ednh x\u00e1c cho c\u00e1c ph\u1ea3n \u1ee9ng nh\u1ea1y c\u1ea3m.<\/span><\/li>\n<li aria-level=\"1\"><b><span>Th\u1ef1c ph\u1ea9m v\u00e0 \u0111\u1ed3 u\u1ed1ng\u00a0<\/span><\/b><span>: L\u00e0m n\u00f3ng an to\u00e0n \u0111\u1ec3 ch\u1ebf bi\u1ebfn v\u00e0 kh\u1eed tr\u00f9ng.<\/span><\/li>\n<\/ul>\n<p><span>N\u00e2ng cao ho\u1ea1t \u0111\u1ed9ng c\u1ee7a b\u1ea1n v\u1edbi chuy\u00ean m\u00f4n v\u00e0 s\u1ea3n ph\u1ea9m \u0111\u1eb3ng c\u1ea5p th\u1ebf gi\u1edbi c\u1ee7a Cheri Heater. H\u00e3y tin t\u01b0\u1edfng ch\u00fang t\u00f4i cung c\u1ea5p c\u00e1c gi\u1ea3i ph\u00e1p s\u01b0\u1edfi \u1ea5m gi\u00fap t\u0103ng hi\u1ec7u qu\u1ea3 v\u00e0 gi\u1ea3m chi ph\u00ed ho\u1ea1t \u0111\u1ed9ng cho doanh nghi\u1ec7p c\u1ee7a b\u1ea1n.<\/span><\/p>\n<p><span>H\u00e3y li\u00ean h\u1ec7 v\u1edbi Cheri Heater ngay h\u00f4m nay \u0111\u1ec3 t\u00ecm hi\u1ec3u th\u00eam v\u1ec1 \u1ed1ng s\u01b0\u1edfi n\u1ed3i h\u01a1i c\u1ee7a ch\u00fang t\u00f4i ho\u1eb7c y\u00eau c\u1ea7u b\u00e1o gi\u00e1 t\u00f9y ch\u1ec9nh cho \u0111\u01a1n h\u00e0ng s\u1ed1 l\u01b0\u1ee3ng l\u1edbn.<\/span><\/p>\n","protected":false},"featured_media":1825,"template":"","meta":[],"product_brand":[],"product_cat":[28],"product_tag":[203],"class_list":{"0":"post-1824","1":"product","2":"type-product","3":"status-publish","4":"has-post-thumbnail","6":"product_cat-tubular-heater","7":"product_tag-lo-suoi-ong-noi-hoi","9":"first","10":"instock","11":"shipping-taxable","12":"product-type-simple"},"yoast_head":"<!-- This site is optimized with the Yoast SEO plugin v27.3 - https:\/\/yoast.com\/product\/yoast-seo-wordpress\/ -->\n<title>Nh\u00e0 s\u1ea3n xu\u1ea5t l\u00f2 s\u01b0\u1edfi \u1ed1ng n\u1ed3i h\u01a1i t\u1ed1t nh\u1ea5t | Cheri-heater.com<\/title>\n<meta name=\"description\" content=\"Nh\u00e0 s\u1ea3n xu\u1ea5t l\u00f2 s\u01b0\u1edfi \u1ed1ng n\u1ed3i h\u01a1i h\u00e0ng \u0111\u1ea7u - L\u00f2 s\u01b0\u1edfi \u1ed1ng b\u1ec1n, hi\u1ec7u qu\u1ea3 cho n\u1ed3i h\u01a1i. Gi\u1ea3i ph\u00e1p ch\u1ea5t l\u01b0\u1ee3ng cho nhu c\u1ea7u s\u01b0\u1edfi \u1ea5m c\u00f4ng nghi\u1ec7p. Li\u00ean h\u1ec7 v\u1edbi ch\u00fang t\u00f4i!\" \/>\n<meta name=\"robots\" content=\"index, follow, max-snippet:-1, max-image-preview:large, max-video-preview:-1\" \/>\n<link rel=\"canonical\" href=\"https:\/\/cheri-heater.com\/vn\/product\/lo-suoi-ong-noi-hoi\/\" \/>\n<meta property=\"og:locale\" content=\"en_US\" \/>\n<meta property=\"og:type\" content=\"article\" \/>\n<meta property=\"og:title\" content=\"Nh\u00e0 s\u1ea3n xu\u1ea5t l\u00f2 s\u01b0\u1edfi \u1ed1ng n\u1ed3i h\u01a1i t\u1ed1t nh\u1ea5t | Cheri-heater.com\" \/>\n<meta property=\"og:description\" content=\"Nh\u00e0 s\u1ea3n xu\u1ea5t l\u00f2 s\u01b0\u1edfi \u1ed1ng n\u1ed3i h\u01a1i h\u00e0ng \u0111\u1ea7u - L\u00f2 s\u01b0\u1edfi \u1ed1ng b\u1ec1n, hi\u1ec7u qu\u1ea3 cho n\u1ed3i h\u01a1i. Gi\u1ea3i ph\u00e1p ch\u1ea5t l\u01b0\u1ee3ng cho nhu c\u1ea7u s\u01b0\u1edfi \u1ea5m c\u00f4ng nghi\u1ec7p. Li\u00ean h\u1ec7 v\u1edbi ch\u00fang t\u00f4i!\" \/>\n<meta property=\"og:url\" content=\"https:\/\/cheri-heater.com\/vn\/product\/lo-suoi-ong-noi-hoi\/\" \/>\n<meta property=\"og:site_name\" content=\"Cheri Heater Technology Co.,Ltd.\" \/>\n<meta property=\"article:modified_time\" content=\"2025-05-12T03:11:57+00:00\" \/>\n<meta property=\"og:image\" content=\"http:\/\/cheri-heater.com\/vn\/wp-content\/uploads\/2025\/05\/boiler.jpg\" \/>\n\t<meta property=\"og:image:width\" content=\"1920\" \/>\n\t<meta property=\"og:image:height\" content=\"1080\" \/>\n\t<meta property=\"og:image:type\" content=\"image\/jpeg\" \/>\n<meta name=\"twitter:card\" content=\"summary_large_image\" \/>\n<meta name=\"twitter:label1\" content=\"Est. reading time\" \/>\n\t<meta name=\"twitter:data1\" content=\"1 minute\" \/>\n<!-- \/ Yoast SEO plugin. -->","yoast_head_json":{"title":"Nh\u00e0 s\u1ea3n xu\u1ea5t l\u00f2 s\u01b0\u1edfi \u1ed1ng n\u1ed3i h\u01a1i t\u1ed1t nh\u1ea5t | Cheri-heater.com","description":"Nh\u00e0 s\u1ea3n xu\u1ea5t l\u00f2 s\u01b0\u1edfi \u1ed1ng n\u1ed3i h\u01a1i h\u00e0ng \u0111\u1ea7u - L\u00f2 s\u01b0\u1edfi \u1ed1ng b\u1ec1n, hi\u1ec7u qu\u1ea3 cho n\u1ed3i h\u01a1i. Gi\u1ea3i ph\u00e1p ch\u1ea5t l\u01b0\u1ee3ng cho nhu c\u1ea7u s\u01b0\u1edfi \u1ea5m c\u00f4ng nghi\u1ec7p. Li\u00ean h\u1ec7 v\u1edbi ch\u00fang t\u00f4i!","robots":{"index":"index","follow":"follow","max-snippet":"max-snippet:-1","max-image-preview":"max-image-preview:large","max-video-preview":"max-video-preview:-1"},"canonical":"https:\/\/cheri-heater.com\/vn\/product\/lo-suoi-ong-noi-hoi\/","og_locale":"en_US","og_type":"article","og_title":"Nh\u00e0 s\u1ea3n xu\u1ea5t l\u00f2 s\u01b0\u1edfi \u1ed1ng n\u1ed3i h\u01a1i t\u1ed1t nh\u1ea5t | Cheri-heater.com","og_description":"Nh\u00e0 s\u1ea3n xu\u1ea5t l\u00f2 s\u01b0\u1edfi \u1ed1ng n\u1ed3i h\u01a1i h\u00e0ng \u0111\u1ea7u - L\u00f2 s\u01b0\u1edfi \u1ed1ng b\u1ec1n, hi\u1ec7u qu\u1ea3 cho n\u1ed3i h\u01a1i. Gi\u1ea3i ph\u00e1p ch\u1ea5t l\u01b0\u1ee3ng cho nhu c\u1ea7u s\u01b0\u1edfi \u1ea5m c\u00f4ng nghi\u1ec7p. Li\u00ean h\u1ec7 v\u1edbi ch\u00fang t\u00f4i!","og_url":"https:\/\/cheri-heater.com\/vn\/product\/lo-suoi-ong-noi-hoi\/","og_site_name":"Cheri Heater Technology Co.,Ltd.","article_modified_time":"2025-05-12T03:11:57+00:00","og_image":[{"width":1920,"height":1080,"url":"http:\/\/cheri-heater.com\/vn\/wp-content\/uploads\/2025\/05\/boiler.jpg","type":"image\/jpeg"}],"twitter_card":"summary_large_image","twitter_misc":{"Est. reading time":"1 minute"},"schema":{"@context":"https:\/\/schema.org","@graph":[{"@type":"WebPage","@id":"https:\/\/cheri-heater.com\/vn\/product\/lo-suoi-ong-noi-hoi\/","url":"https:\/\/cheri-heater.com\/vn\/product\/lo-suoi-ong-noi-hoi\/","name":"Nh\u00e0 s\u1ea3n xu\u1ea5t l\u00f2 s\u01b0\u1edfi \u1ed1ng n\u1ed3i h\u01a1i t\u1ed1t nh\u1ea5t | Cheri-heater.com","isPartOf":{"@id":"https:\/\/cheri-heater.com\/vn\/#website"},"primaryImageOfPage":{"@id":"https:\/\/cheri-heater.com\/vn\/product\/lo-suoi-ong-noi-hoi\/#primaryimage"},"image":{"@id":"https:\/\/cheri-heater.com\/vn\/product\/lo-suoi-ong-noi-hoi\/#primaryimage"},"thumbnailUrl":"https:\/\/cheri-heater.com\/vn\/wp-content\/uploads\/2025\/05\/boiler.jpg","datePublished":"2025-05-12T03:11:56+00:00","dateModified":"2025-05-12T03:11:57+00:00","description":"Nh\u00e0 s\u1ea3n xu\u1ea5t l\u00f2 s\u01b0\u1edfi \u1ed1ng n\u1ed3i h\u01a1i h\u00e0ng \u0111\u1ea7u - L\u00f2 s\u01b0\u1edfi \u1ed1ng b\u1ec1n, hi\u1ec7u qu\u1ea3 cho n\u1ed3i h\u01a1i. Gi\u1ea3i ph\u00e1p ch\u1ea5t l\u01b0\u1ee3ng cho nhu c\u1ea7u s\u01b0\u1edfi \u1ea5m c\u00f4ng nghi\u1ec7p. Li\u00ean h\u1ec7 v\u1edbi ch\u00fang t\u00f4i!","breadcrumb":{"@id":"https:\/\/cheri-heater.com\/vn\/product\/lo-suoi-ong-noi-hoi\/#breadcrumb"},"inLanguage":"en-US","potentialAction":[{"@type":"ReadAction","target":["https:\/\/cheri-heater.com\/vn\/product\/lo-suoi-ong-noi-hoi\/"]}]},{"@type":"ImageObject","inLanguage":"en-US","@id":"https:\/\/cheri-heater.com\/vn\/product\/lo-suoi-ong-noi-hoi\/#primaryimage","url":"https:\/\/cheri-heater.com\/vn\/wp-content\/uploads\/2025\/05\/boiler.jpg","contentUrl":"https:\/\/cheri-heater.com\/vn\/wp-content\/uploads\/2025\/05\/boiler.jpg","width":1920,"height":1080,"caption":"L\u00f2 S\u01b0\u1edfi \u1ed0ng N\u1ed3i H\u01a1i"},{"@type":"BreadcrumbList","@id":"https:\/\/cheri-heater.com\/vn\/product\/lo-suoi-ong-noi-hoi\/#breadcrumb","itemListElement":[{"@type":"ListItem","position":1,"name":"Home","item":"https:\/\/cheri-heater.com\/vn\/"},{"@type":"ListItem","position":2,"name":"Products","item":"https:\/\/cheri-heater.com\/vn\/products\/"},{"@type":"ListItem","position":3,"name":"L\u00f2 S\u01b0\u1edfi \u1ed0ng N\u1ed3i H\u01a1i"}]},{"@type":"WebSite","@id":"https:\/\/cheri-heater.com\/vn\/#website","url":"https:\/\/cheri-heater.com\/vn\/","name":"Cheri Heater Technology Co.,Ltd.","description":"","publisher":{"@id":"https:\/\/cheri-heater.com\/vn\/#organization"},"potentialAction":[{"@type":"SearchAction","target":{"@type":"EntryPoint","urlTemplate":"https:\/\/cheri-heater.com\/vn\/?s={search_term_string}"},"query-input":{"@type":"PropertyValueSpecification","valueRequired":true,"valueName":"search_term_string"}}],"inLanguage":"en-US"},{"@type":"Organization","@id":"https:\/\/cheri-heater.com\/vn\/#organization","name":"Cheri Heater Technology Co.,Ltd.","url":"https:\/\/cheri-heater.com\/vn\/","logo":{"@type":"ImageObject","inLanguage":"en-US","@id":"https:\/\/cheri-heater.com\/vn\/#\/schema\/logo\/image\/","url":"https:\/\/cheri-heater.com\/vn\/wp-content\/uploads\/2024\/06\/cropped-logo-resize.png","contentUrl":"https:\/\/cheri-heater.com\/vn\/wp-content\/uploads\/2024\/06\/cropped-logo-resize.png","width":346,"height":99,"caption":"Cheri Heater Technology Co.,Ltd."},"image":{"@id":"https:\/\/cheri-heater.com\/vn\/#\/schema\/logo\/image\/"}}]}},"_links":{"self":[{"href":"https:\/\/cheri-heater.com\/vn\/wp-json\/wp\/v2\/product\/1824","targetHints":{"allow":["GET"]}}],"collection":[{"href":"https:\/\/cheri-heater.com\/vn\/wp-json\/wp\/v2\/product"}],"about":[{"href":"https:\/\/cheri-heater.com\/vn\/wp-json\/wp\/v2\/types\/product"}],"wp:featuredmedia":[{"embeddable":true,"href":"https:\/\/cheri-heater.com\/vn\/wp-json\/wp\/v2\/media\/1825"}],"wp:attachment":[{"href":"https:\/\/cheri-heater.com\/vn\/wp-json\/wp\/v2\/media?parent=1824"}],"wp:term":[{"taxonomy":"product_brand","embeddable":true,"href":"https:\/\/cheri-heater.com\/vn\/wp-json\/wp\/v2\/product_brand?post=1824"},{"taxonomy":"product_cat","embeddable":true,"href":"https:\/\/cheri-heater.com\/vn\/wp-json\/wp\/v2\/product_cat?post=1824"},{"taxonomy":"product_tag","embeddable":true,"href":"https:\/\/cheri-heater.com\/vn\/wp-json\/wp\/v2\/product_tag?post=1824"}],"curies":[{"name":"wp","href":"https:\/\/api.w.org\/{rel}","templated":true}]}}