{"id":1826,"date":"2025-05-12T03:27:40","date_gmt":"2025-05-12T03:27:40","guid":{"rendered":"https:\/\/cheri-heater.com\/vn\/?post_type=product&#038;p=1826"},"modified":"2025-05-12T03:27:41","modified_gmt":"2025-05-12T03:27:41","slug":"may-suoi-ong-tuy-chinh","status":"publish","type":"product","link":"https:\/\/cheri-heater.com\/vn\/product\/may-suoi-ong-tuy-chinh\/","title":{"rendered":"M\u00e1y S\u01b0\u1edfi \u1ed0ng T\u00f9y Ch\u1ec9nh"},"content":{"rendered":"","protected":false},"excerpt":{"rendered":"<h2><b><span><span class=\"\">M\u00e1y s\u01b0\u1edfi \u1ed1ng t\u00f9y ch\u1ec9nh t\u1ed1t nh\u1ea5t\u00a0<\/span><\/span><\/b><\/h2>\n<p><span>Cheri Heater chuy\u00ean cung c\u1ea5p\u00a0<\/span><b><span>c\u00e1c lo\u1ea1i m\u00e1y s\u01b0\u1edfi \u1ed1ng t\u00f9y ch\u1ec9nh ch\u1ea5t l\u01b0\u1ee3ng cao\u00a0<\/span><\/b><span>\u0111\u01b0\u1ee3c thi\u1ebft k\u1ebf ri\u00eang cho c\u00e1c \u1ee9ng d\u1ee5ng c\u00f4ng nghi\u1ec7p. \u0110\u01b0\u1ee3c thi\u1ebft k\u1ebf \u0111\u1ec3 \u0111\u1ea1t hi\u1ec7u qu\u1ea3 v\u00e0 \u0111\u1ed9 b\u1ec1n, m\u00e1y s\u01b0\u1edfi c\u1ee7a ch\u00fang t\u00f4i \u0111\u01b0\u1ee3c ch\u1ebf t\u1ea1o \u0111\u1ec3 \u0111\u00e1p \u1ee9ng ch\u00ednh x\u00e1c c\u00e1c th\u00f4ng s\u1ed1 k\u1ef9 thu\u1eadt c\u1ee7a d\u1ef1 \u00e1n c\u1ee7a b\u1ea1n, \u0111\u1ea3m b\u1ea3o hi\u1ec7u su\u1ea5t t\u1ed1i \u01b0u trong c\u00e1c m\u00f4i tr\u01b0\u1eddng kh\u1eafc nghi\u1ec7t. Cho d\u00f9 b\u1ea1n c\u1ea7n m\u1eadt \u0111\u1ed9 watt c\u1ee5 th\u1ec3 hay h\u00ecnh d\u1ea1ng t\u00f9y ch\u1ec9nh, ch\u00fang t\u00f4i \u0111\u1ec1u cung c\u1ea5p m\u00e1y s\u01b0\u1edfi ph\u00f9 h\u1ee3p v\u1edbi c\u00e1c y\u00eau c\u1ea7u k\u1ef9 thu\u1eadt c\u1ee7a b\u1ea1n.<\/span><\/p>\n<h3><b><span>\u1ee8ng d\u1ee5ng c\u1ee7a M\u00e1y s\u01b0\u1edfi \u1ed1ng t\u00f9y ch\u1ec9nh<\/span><\/b><\/h3>\n<p><b><span>M\u00e1y s\u01b0\u1edfi \u1ed1ng t\u00f9y ch\u1ec9nh\u00a0<\/span><\/b><span>c\u1ee7a Cheri Heater\u00a0<\/span><span>\u0111\u01b0\u1ee3c tin d\u00f9ng r\u1ed9ng r\u00e3i trong nhi\u1ec1u ng\u00e0nh c\u00f4ng nghi\u1ec7p v\u00ec t\u00ednh linh ho\u1ea1t v\u00e0 hi\u1ec7u su\u1ea5t c\u1ee7a ch\u00fang. M\u1ed9t s\u1ed1 \u1ee9ng d\u1ee5ng ph\u1ed5 bi\u1ebfn bao g\u1ed3m:<\/span><\/p>\n<ul>\n<li aria-level=\"1\"><b><span>S\u1ea3n xu\u1ea5t:\u00a0<\/span><\/b><span>Th\u00edch h\u1ee3p cho qu\u00e1 tr\u00ecnh gia nhi\u1ec7t ch\u00ednh x\u00e1c trong qu\u00e1 tr\u00ecnh \u0111\u00f9n, \u00e9p phun v\u00e0 \u0111\u00f3ng g\u00f3i.<\/span><\/li>\n<li aria-level=\"1\"><b><span>H\u1ec7 th\u1ed1ng HVAC:\u00a0<\/span><\/b><span>Ho\u00e0n h\u1ea3o cho c\u00e1c gi\u1ea3i ph\u00e1p s\u01b0\u1edfi \u1ea5m kh\u00f4ng kh\u00ed v\u00e0 kh\u00f4ng gian trong c\u00e1c c\u01a1 s\u1edf th\u01b0\u01a1ng m\u1ea1i.<\/span><\/li>\n<li aria-level=\"1\"><b><span>Ch\u1ebf bi\u1ebfn th\u1ef1c ph\u1ea9m:\u00a0<\/span><\/b><span>\u0110\u1ea3m b\u1ea3o ki\u1ec3m so\u00e1t nhi\u1ec7t \u0111\u1ed9 \u1ed5n \u0111\u1ecbnh cho l\u00f2 n\u01b0\u1edbng, m\u00e1y chi\u00ean v\u00e0 thi\u1ebft b\u1ecb s\u1ea5y.<\/span><\/li>\n<li aria-level=\"1\"><b><span>Thi\u1ebft b\u1ecb y t\u1ebf:\u00a0<\/span><\/b><span>Cung c\u1ea5p ngu\u1ed3n nhi\u1ec7t \u0111\u00e1ng tin c\u1eady cho m\u00e1y kh\u1eed tr\u00f9ng v\u00e0 thi\u1ebft b\u1ecb ch\u1ea9n \u0111o\u00e1n.<\/span><\/li>\n<\/ul>\n<p><span>M\u00e1y s\u01b0\u1edfi c\u1ee7a ch\u00fang t\u00f4i \u0111\u01b0\u1ee3c thi\u1ebft k\u1ebf \u0111\u1ec3 x\u1eed l\u00fd c\u00e1c \u0111i\u1ec1u ki\u1ec7n kh\u1eafc nghi\u1ec7t, khi\u1ebfn ch\u00fang tr\u1edf th\u00e0nh s\u1ef1 l\u1ef1a ch\u1ecdn \u01b0u ti\u00ean cho c\u00e1c chuy\u00ean gia \u0111ang t\u00ecm ki\u1ebfm gi\u1ea3i ph\u00e1p s\u01b0\u1edfi \u1ea5m m\u1ea1nh m\u1ebd.<\/span><\/p>\n<h3><b><span>C\u00e1c t\u00ednh n\u0103ng v\u01b0\u1ee3t tr\u1ed9i c\u1ee7a m\u00e1y s\u01b0\u1edfi \u1ed1ng t\u00f9y ch\u1ec9nh Cheri Heater<\/span><\/b><\/h3>\n<p><b><span>M\u00e1y s\u01b0\u1edfi \u1ed1ng t\u00f9y ch\u1ec9nh\u00a0<\/span><\/b><span>c\u1ee7a Cheri Heater\u00a0<\/span><span>\u0111\u01b0\u1ee3c trang b\u1ecb c\u00e1c t\u00ednh n\u0103ng ti\u00ean ti\u1ebfn \u0111\u1ec3 \u0111\u00e1p \u1ee9ng m\u1ee5c ti\u00eau v\u1eadn h\u00e0nh c\u1ee7a b\u1ea1n:<\/span><\/p>\n<ul>\n<li aria-level=\"1\"><b><span>T\u00f9y ch\u1ecdn thi\u1ebft k\u1ebf t\u00f9y ch\u1ec9nh:\u00a0<\/span><\/b><span>H\u00ecnh d\u1ea1ng, k\u00edch th\u01b0\u1edbc v\u00e0 c\u00f4ng su\u1ea5t ph\u00f9 h\u1ee3p v\u1edbi \u1ee9ng d\u1ee5ng c\u1ee7a b\u1ea1n.<\/span><\/li>\n<li aria-level=\"1\"><b><span>Ch\u1ed1ng \u0103n m\u00f2n:\u00a0<\/span><\/b><span>\u0110\u01b0\u1ee3c l\u00e0m b\u1eb1ng v\u1eadt li\u1ec7u b\u1ec1n nh\u01b0 th\u00e9p kh\u00f4ng g\u1ec9 v\u00e0 Incoloy \u0111\u1ec3 ch\u1ecbu \u0111\u01b0\u1ee3c m\u00f4i tr\u01b0\u1eddng kh\u1eafc nghi\u1ec7t.<\/span><\/li>\n<li aria-level=\"1\"><b><span>Hi\u1ec7u qu\u1ea3 n\u0103ng l\u01b0\u1ee3ng:\u00a0<\/span><\/b><span>T\u1ed1i \u01b0u h\u00f3a \u0111\u1ec3 truy\u1ec1n nhi\u1ec7t t\u1ed1i \u0111a v\u00e0 gi\u1ea3m m\u1ee9c ti\u00eau th\u1ee5 n\u0103ng l\u01b0\u1ee3ng.<\/span><\/li>\n<li aria-level=\"1\"><b><span>Tu\u00e2n th\u1ee7 ti\u00eau chu\u1ea9n an to\u00e0n:\u00a0<\/span><\/b><span>\u0110\u01b0\u1ee3c ch\u1ebf t\u1ea1o \u0111\u1ec3 \u0111\u00e1p \u1ee9ng c\u00e1c ch\u1ee9ng nh\u1eadn v\u00e0 quy \u0111\u1ecbnh v\u1ec1 an to\u00e0n c\u1ee7a ng\u00e0nh.<\/span><\/li>\n<\/ul>\n<p><span>Khi b\u1ea1n ch\u1ecdn Cheri Heater, b\u1ea1n \u0111ang \u0111\u1ea7u t\u01b0 v\u00e0o c\u00f4ng ngh\u1ec7 cung c\u1ea5p kh\u1ea3 n\u0103ng s\u01b0\u1edfi \u1ea5m ch\u00ednh x\u00e1c v\u1edbi \u0111\u1ed9 tin c\u1eady l\u00e2u d\u00e0i.<\/span><\/p>\n<h3><b><span>T\u1ea1i sao n\u00ean ch\u1ecdn m\u00e1y s\u01b0\u1edfi \u1ed1ng t\u00f9y ch\u1ec9nh c\u1ee7a Cheri Heater?<\/span><\/b><\/h3>\n<p><span>\u0110\u1ed1i v\u1edbi c\u00e1c doanh nghi\u1ec7p c\u1ea7n\u00a0<\/span><b><span>m\u00e1y s\u01b0\u1edfi \u1ed1ng t\u00f9y ch\u1ec9nh\u00a0<\/span><\/b><span>s\u1ed1 l\u01b0\u1ee3ng l\u1edbn, Cheri Heater l\u00e0 \u0111\u1ed1i t\u00e1c \u0111\u00e1ng tin c\u1eady cung c\u1ea5p ch\u1ea5t l\u01b0\u1ee3ng v\u00e0 hi\u1ec7u su\u1ea5t. V\u1edbi nhi\u1ec1u n\u0103m kinh nghi\u1ec7m ph\u1ee5c v\u1ee5 c\u00e1c ng\u00e0nh c\u00f4ng nghi\u1ec7p tr\u00ean to\u00e0n c\u1ea7u, ch\u00fang t\u00f4i \u01b0u ti\u00ean nhu c\u1ea7u ho\u1ea1t \u0111\u1ed9ng c\u1ee7a b\u1ea1n v\u1edbi quy tr\u00ecnh s\u1ea3n xu\u1ea5t hi\u1ec7u qu\u1ea3 v\u00e0 h\u1ed7 tr\u1ee3 t\u1eadn t\u00ecnh.<\/span><\/p>\n<h3><b><span>H\u1ee3p t\u00e1c v\u1edbi Cheri Heater \u0111\u1ec3 c\u00f3 M\u00e1y s\u01b0\u1edfi \u1ed1ng t\u00f9y ch\u1ec9nh\u00a0<\/span><\/b><\/h3>\n<p><span>H\u00e3y li\u00ean h\u1ec7 v\u1edbi nh\u00f3m c\u1ee7a ch\u00fang t\u00f4i ngay h\u00f4m nay \u0111\u1ec3 th\u1ea3o lu\u1eadn v\u1ec1 nhu c\u1ea7u s\u01b0\u1edfi \u1ea5m c\u1ee7a b\u1ea1n v\u00e0 kh\u00e1m ph\u00e1 c\u00e1ch Cheri Heater c\u00f3 th\u1ec3 tr\u1edf th\u00e0nh \u0111\u1ed1i t\u00e1c ph\u00f9 h\u1ee3p cho c\u00e1c gi\u1ea3i ph\u00e1p s\u01b0\u1edfi \u1ea5m c\u00f4ng nghi\u1ec7p c\u1ee7a b\u1ea1n.<\/span><\/p>\n","protected":false},"featured_media":1827,"template":"","meta":[],"product_brand":[],"product_cat":[28],"product_tag":[204],"class_list":{"0":"post-1826","1":"product","2":"type-product","3":"status-publish","4":"has-post-thumbnail","6":"product_cat-tubular-heater","7":"product_tag-may-suoi-ong-tuy-chinh","9":"first","10":"instock","11":"shipping-taxable","12":"product-type-simple"},"yoast_head":"<!-- This site is optimized with the Yoast SEO plugin v27.3 - https:\/\/yoast.com\/product\/yoast-seo-wordpress\/ -->\n<title>Nh\u00e0 s\u1ea3n xu\u1ea5t m\u00e1y s\u01b0\u1edfi \u1ed1ng t\u00f9y ch\u1ec9nh t\u1ed1t nh\u1ea5t | Cheri-heater.com<\/title>\n<meta name=\"description\" content=\"Kh\u00e1m ph\u00e1 c\u00e1c l\u00f2 s\u01b0\u1edfi \u1ed1ng t\u00f9y ch\u1ec9nh ch\u1ea5t l\u01b0\u1ee3ng cao t\u1eeb c\u00e1c nh\u00e0 s\u1ea3n xu\u1ea5t h\u00e0ng \u0111\u1ea7u. Hi\u1ec7u qu\u1ea3, b\u1ec1n b\u1ec9 v\u00e0 ho\u00e0n h\u1ea3o cho nhi\u1ec1u \u1ee9ng d\u1ee5ng s\u01b0\u1edfi \u1ea5m c\u00f4ng nghi\u1ec7p kh\u00e1c nhau.\" \/>\n<meta name=\"robots\" content=\"index, follow, max-snippet:-1, max-image-preview:large, max-video-preview:-1\" \/>\n<link rel=\"canonical\" href=\"https:\/\/cheri-heater.com\/vn\/product\/may-suoi-ong-tuy-chinh\/\" \/>\n<meta property=\"og:locale\" content=\"en_US\" \/>\n<meta property=\"og:type\" content=\"article\" \/>\n<meta property=\"og:title\" content=\"Nh\u00e0 s\u1ea3n xu\u1ea5t m\u00e1y s\u01b0\u1edfi \u1ed1ng t\u00f9y ch\u1ec9nh t\u1ed1t nh\u1ea5t | Cheri-heater.com\" \/>\n<meta property=\"og:description\" content=\"Kh\u00e1m ph\u00e1 c\u00e1c l\u00f2 s\u01b0\u1edfi \u1ed1ng t\u00f9y ch\u1ec9nh ch\u1ea5t l\u01b0\u1ee3ng cao t\u1eeb c\u00e1c nh\u00e0 s\u1ea3n xu\u1ea5t h\u00e0ng \u0111\u1ea7u. Hi\u1ec7u qu\u1ea3, b\u1ec1n b\u1ec9 v\u00e0 ho\u00e0n h\u1ea3o cho nhi\u1ec1u \u1ee9ng d\u1ee5ng s\u01b0\u1edfi \u1ea5m c\u00f4ng nghi\u1ec7p kh\u00e1c nhau.\" \/>\n<meta property=\"og:url\" content=\"https:\/\/cheri-heater.com\/vn\/product\/may-suoi-ong-tuy-chinh\/\" \/>\n<meta property=\"og:site_name\" content=\"Cheri Heater Technology Co.,Ltd.\" \/>\n<meta property=\"article:modified_time\" content=\"2025-05-12T03:27:41+00:00\" \/>\n<meta property=\"og:image\" content=\"http:\/\/cheri-heater.com\/vn\/wp-content\/uploads\/2025\/05\/steam.jpg\" \/>\n\t<meta property=\"og:image:width\" content=\"320\" \/>\n\t<meta property=\"og:image:height\" content=\"320\" \/>\n\t<meta property=\"og:image:type\" content=\"image\/jpeg\" \/>\n<meta name=\"twitter:card\" content=\"summary_large_image\" \/>\n<meta name=\"twitter:label1\" content=\"Est. reading time\" \/>\n\t<meta name=\"twitter:data1\" content=\"1 minute\" \/>\n<!-- \/ Yoast SEO plugin. -->","yoast_head_json":{"title":"Nh\u00e0 s\u1ea3n xu\u1ea5t m\u00e1y s\u01b0\u1edfi \u1ed1ng t\u00f9y ch\u1ec9nh t\u1ed1t nh\u1ea5t | Cheri-heater.com","description":"Kh\u00e1m ph\u00e1 c\u00e1c l\u00f2 s\u01b0\u1edfi \u1ed1ng t\u00f9y ch\u1ec9nh ch\u1ea5t l\u01b0\u1ee3ng cao t\u1eeb c\u00e1c nh\u00e0 s\u1ea3n xu\u1ea5t h\u00e0ng \u0111\u1ea7u. Hi\u1ec7u qu\u1ea3, b\u1ec1n b\u1ec9 v\u00e0 ho\u00e0n h\u1ea3o cho nhi\u1ec1u \u1ee9ng d\u1ee5ng s\u01b0\u1edfi \u1ea5m c\u00f4ng nghi\u1ec7p kh\u00e1c nhau.","robots":{"index":"index","follow":"follow","max-snippet":"max-snippet:-1","max-image-preview":"max-image-preview:large","max-video-preview":"max-video-preview:-1"},"canonical":"https:\/\/cheri-heater.com\/vn\/product\/may-suoi-ong-tuy-chinh\/","og_locale":"en_US","og_type":"article","og_title":"Nh\u00e0 s\u1ea3n xu\u1ea5t m\u00e1y s\u01b0\u1edfi \u1ed1ng t\u00f9y ch\u1ec9nh t\u1ed1t nh\u1ea5t | Cheri-heater.com","og_description":"Kh\u00e1m ph\u00e1 c\u00e1c l\u00f2 s\u01b0\u1edfi \u1ed1ng t\u00f9y ch\u1ec9nh ch\u1ea5t l\u01b0\u1ee3ng cao t\u1eeb c\u00e1c nh\u00e0 s\u1ea3n xu\u1ea5t h\u00e0ng \u0111\u1ea7u. Hi\u1ec7u qu\u1ea3, b\u1ec1n b\u1ec9 v\u00e0 ho\u00e0n h\u1ea3o cho nhi\u1ec1u \u1ee9ng d\u1ee5ng s\u01b0\u1edfi \u1ea5m c\u00f4ng nghi\u1ec7p kh\u00e1c nhau.","og_url":"https:\/\/cheri-heater.com\/vn\/product\/may-suoi-ong-tuy-chinh\/","og_site_name":"Cheri Heater Technology Co.,Ltd.","article_modified_time":"2025-05-12T03:27:41+00:00","og_image":[{"width":320,"height":320,"url":"http:\/\/cheri-heater.com\/vn\/wp-content\/uploads\/2025\/05\/steam.jpg","type":"image\/jpeg"}],"twitter_card":"summary_large_image","twitter_misc":{"Est. reading time":"1 minute"},"schema":{"@context":"https:\/\/schema.org","@graph":[{"@type":"WebPage","@id":"https:\/\/cheri-heater.com\/vn\/product\/may-suoi-ong-tuy-chinh\/","url":"https:\/\/cheri-heater.com\/vn\/product\/may-suoi-ong-tuy-chinh\/","name":"Nh\u00e0 s\u1ea3n xu\u1ea5t m\u00e1y s\u01b0\u1edfi \u1ed1ng t\u00f9y ch\u1ec9nh t\u1ed1t nh\u1ea5t | Cheri-heater.com","isPartOf":{"@id":"https:\/\/cheri-heater.com\/vn\/#website"},"primaryImageOfPage":{"@id":"https:\/\/cheri-heater.com\/vn\/product\/may-suoi-ong-tuy-chinh\/#primaryimage"},"image":{"@id":"https:\/\/cheri-heater.com\/vn\/product\/may-suoi-ong-tuy-chinh\/#primaryimage"},"thumbnailUrl":"https:\/\/cheri-heater.com\/vn\/wp-content\/uploads\/2025\/05\/steam.jpg","datePublished":"2025-05-12T03:27:40+00:00","dateModified":"2025-05-12T03:27:41+00:00","description":"Kh\u00e1m ph\u00e1 c\u00e1c l\u00f2 s\u01b0\u1edfi \u1ed1ng t\u00f9y ch\u1ec9nh ch\u1ea5t l\u01b0\u1ee3ng cao t\u1eeb c\u00e1c nh\u00e0 s\u1ea3n xu\u1ea5t h\u00e0ng \u0111\u1ea7u. Hi\u1ec7u qu\u1ea3, b\u1ec1n b\u1ec9 v\u00e0 ho\u00e0n h\u1ea3o cho nhi\u1ec1u \u1ee9ng d\u1ee5ng s\u01b0\u1edfi \u1ea5m c\u00f4ng nghi\u1ec7p kh\u00e1c nhau.","breadcrumb":{"@id":"https:\/\/cheri-heater.com\/vn\/product\/may-suoi-ong-tuy-chinh\/#breadcrumb"},"inLanguage":"en-US","potentialAction":[{"@type":"ReadAction","target":["https:\/\/cheri-heater.com\/vn\/product\/may-suoi-ong-tuy-chinh\/"]}]},{"@type":"ImageObject","inLanguage":"en-US","@id":"https:\/\/cheri-heater.com\/vn\/product\/may-suoi-ong-tuy-chinh\/#primaryimage","url":"https:\/\/cheri-heater.com\/vn\/wp-content\/uploads\/2025\/05\/steam.jpg","contentUrl":"https:\/\/cheri-heater.com\/vn\/wp-content\/uploads\/2025\/05\/steam.jpg","width":320,"height":320,"caption":"M\u00e1y S\u01b0\u1edfi \u1ed0ng T\u00f9y Ch\u1ec9nh"},{"@type":"BreadcrumbList","@id":"https:\/\/cheri-heater.com\/vn\/product\/may-suoi-ong-tuy-chinh\/#breadcrumb","itemListElement":[{"@type":"ListItem","position":1,"name":"Home","item":"https:\/\/cheri-heater.com\/vn\/"},{"@type":"ListItem","position":2,"name":"Products","item":"https:\/\/cheri-heater.com\/vn\/products\/"},{"@type":"ListItem","position":3,"name":"M\u00e1y S\u01b0\u1edfi \u1ed0ng T\u00f9y Ch\u1ec9nh"}]},{"@type":"WebSite","@id":"https:\/\/cheri-heater.com\/vn\/#website","url":"https:\/\/cheri-heater.com\/vn\/","name":"Cheri Heater Technology Co.,Ltd.","description":"","publisher":{"@id":"https:\/\/cheri-heater.com\/vn\/#organization"},"potentialAction":[{"@type":"SearchAction","target":{"@type":"EntryPoint","urlTemplate":"https:\/\/cheri-heater.com\/vn\/?s={search_term_string}"},"query-input":{"@type":"PropertyValueSpecification","valueRequired":true,"valueName":"search_term_string"}}],"inLanguage":"en-US"},{"@type":"Organization","@id":"https:\/\/cheri-heater.com\/vn\/#organization","name":"Cheri Heater Technology Co.,Ltd.","url":"https:\/\/cheri-heater.com\/vn\/","logo":{"@type":"ImageObject","inLanguage":"en-US","@id":"https:\/\/cheri-heater.com\/vn\/#\/schema\/logo\/image\/","url":"https:\/\/cheri-heater.com\/vn\/wp-content\/uploads\/2024\/06\/cropped-logo-resize.png","contentUrl":"https:\/\/cheri-heater.com\/vn\/wp-content\/uploads\/2024\/06\/cropped-logo-resize.png","width":346,"height":99,"caption":"Cheri Heater Technology Co.,Ltd."},"image":{"@id":"https:\/\/cheri-heater.com\/vn\/#\/schema\/logo\/image\/"}}]}},"_links":{"self":[{"href":"https:\/\/cheri-heater.com\/vn\/wp-json\/wp\/v2\/product\/1826","targetHints":{"allow":["GET"]}}],"collection":[{"href":"https:\/\/cheri-heater.com\/vn\/wp-json\/wp\/v2\/product"}],"about":[{"href":"https:\/\/cheri-heater.com\/vn\/wp-json\/wp\/v2\/types\/product"}],"wp:featuredmedia":[{"embeddable":true,"href":"https:\/\/cheri-heater.com\/vn\/wp-json\/wp\/v2\/media\/1827"}],"wp:attachment":[{"href":"https:\/\/cheri-heater.com\/vn\/wp-json\/wp\/v2\/media?parent=1826"}],"wp:term":[{"taxonomy":"product_brand","embeddable":true,"href":"https:\/\/cheri-heater.com\/vn\/wp-json\/wp\/v2\/product_brand?post=1826"},{"taxonomy":"product_cat","embeddable":true,"href":"https:\/\/cheri-heater.com\/vn\/wp-json\/wp\/v2\/product_cat?post=1826"},{"taxonomy":"product_tag","embeddable":true,"href":"https:\/\/cheri-heater.com\/vn\/wp-json\/wp\/v2\/product_tag?post=1826"}],"curies":[{"name":"wp","href":"https:\/\/api.w.org\/{rel}","templated":true}]}}