{"id":1828,"date":"2025-05-12T03:32:53","date_gmt":"2025-05-12T03:32:53","guid":{"rendered":"https:\/\/cheri-heater.com\/vn\/?post_type=product&#038;p=1828"},"modified":"2025-05-12T03:32:55","modified_gmt":"2025-05-12T03:32:55","slug":"lo-suoi-dien-hinh-ong","status":"publish","type":"product","link":"https:\/\/cheri-heater.com\/vn\/product\/lo-suoi-dien-hinh-ong\/","title":{"rendered":"L\u00f2 S\u01b0\u1edfi \u0110i\u1ec7n H\u00ecnh \u1ed0ng"},"content":{"rendered":"","protected":false},"excerpt":{"rendered":"<h2><span><span class=\"\">M\u00e1y s\u01b0\u1edfi \u1ed1ng \u0111i\u1ec7n h\u00e0ng \u0111\u1ea7u<\/span><\/span><\/h2>\n<p><span>M\u00e1y s\u01b0\u1edfi \u1ed1ng \u0111i\u1ec7n c\u1ee7a ch\u00fang t\u00f4i l\u00e0 m\u1ed9t trong nh\u1eefng m\u00e1y s\u01b0\u1edfi \u0111\u00e1ng tin c\u1eady v\u00e0 hi\u1ec7u qu\u1ea3 nh\u1ea5t m\u00e0 b\u1ea1n c\u00f3 th\u1ec3 t\u00ecm th\u1ea5y tr\u00ean th\u1ecb tr\u01b0\u1eddng. Ch\u00fang t\u00f4i thi\u1ebft k\u1ebf nh\u1eefng m\u00e1y s\u01b0\u1edfi n\u00e0y \u0111\u1ec3 ph\u1ee5c v\u1ee5 nhi\u1ec1u nhu c\u1ea7u c\u00f4ng nghi\u1ec7p kh\u00e1c nhau. Qu\u00e1 tr\u00ecnh truy\u1ec1n nhi\u1ec7t ho\u00e0n h\u1ea3o \u0111\u1ec3 cung c\u1ea5p nhi\u1ec7t cho nhi\u1ec1u ch\u1ebf \u0111\u1ed9 kh\u00e1c nhau, bao g\u1ed3m ch\u1ea5t r\u1eafn, ch\u1ea5t l\u1ecfng v\u00e0 kh\u00ed.\u00a0\u00a0<\/span><\/p>\n<h3><span>C\u00e1c t\u00ednh n\u0103ng ch\u00ednh c\u1ee7a l\u00f2 s\u01b0\u1edfi \u0111i\u1ec7n h\u00ecnh \u1ed1ng c\u1ee7a ch\u00fang t\u00f4i<\/span><\/h3>\n<ul>\n<li>\u00a0 \u00a0 \u00a0\u00a0<span>K\u1ebft c\u1ea5u \u0111\u00e1ng tin c\u1eady \u2013 M\u00e1y s\u01b0\u1edfi \u1ed1ng c\u1ee7a ch\u00fang t\u00f4i \u0111\u01b0\u1ee3c l\u00e0m t\u1eeb nguy\u00ean li\u1ec7u th\u00f4 ch\u1ea5t l\u01b0\u1ee3ng cao, \u0111\u01b0\u1ee3c thi\u1ebft k\u1ebf \u0111\u1ec3 c\u00f3 hi\u1ec7u su\u1ea5t l\u00e2u d\u00e0i.<\/span><\/li>\n<li>\u00a0 \u00a0 \u00a0\u00a0<span>T\u00f9y ch\u1ec9nh \u2013 M\u00e1y s\u01b0\u1edfi \u1ed1ng \u0111i\u1ec7n c\u1ee7a ch\u00fang t\u00f4i c\u00f3 nhi\u1ec1u chi\u1ec1u d\u00e0i, c\u00f4ng su\u1ea5t v\u00e0 \u0111\u01b0\u1eddng k\u00ednh kh\u00e1c nhau. \u0110i\u1ec1u n\u00e0y gi\u00fap \u0111\u00e1p \u1ee9ng nhi\u1ec1u nhu c\u1ea7u \u1ee9ng d\u1ee5ng c\u00f4ng nghi\u1ec7p kh\u00e1c nhau.<\/span><\/li>\n<li>\u00a0 \u00a0 \u00a0\u00a0<span>Hi\u1ec7u qu\u1ea3 cao nh\u1ea5t \u2013 Gi\u1ea3m chi ph\u00ed v\u1eadn h\u00e0nh v\u00e0 m\u1ee9c ti\u00eau th\u1ee5 n\u0103ng l\u01b0\u1ee3ng.<\/span><\/li>\n<\/ul>\n<h3><span>\u1ee8ng d\u1ee5ng c\u1ee7a M\u00e1y s\u01b0\u1edfi \u1ed1ng \u0111i\u1ec7n c\u1ee7a ch\u00fang t\u00f4i<\/span><\/h3>\n<ul>\n<li>\u00a0 \u00a0 \u00a0\u00a0<span>M\u00e1y \u0111\u00f3ng g\u00f3i<\/span><\/li>\n<li>\u00a0 \u00a0 \u00a0\u00a0<span>B\u1ea3o v\u1ec7 ch\u1ed1ng b\u0103ng gi\u00e1 v\u00e0 ch\u1ed1ng ch\u00e1y r\u1eebng<\/span><\/li>\n<li>\u00a0 \u00a0 \u00a0\u00a0<span>Duy tr\u00ec nhi\u1ec7t \u0111\u1ed9 c\u1ea7n thi\u1ebft trong \u1ed1ng<\/span><\/li>\n<li>\u00a0 \u00a0 \u00a0\u00a0<span>M\u00e1y ch\u1ebf bi\u1ebfn th\u1ef1c ph\u1ea9m<\/span><\/li>\n<li>\u00a0 \u00a0 \u00a0\u00a0<span>L\u00e0m n\u00f3ng ch\u1ea5t l\u1ecfng \u0111\u00e3 x\u1eed l\u00fd trong b\u00ecnh v\u00e0 b\u1ec3 ch\u1ee9a<\/span><\/li>\n<\/ul>\n<h3><span>L\u1ee3i \u00edch c\u1ee7a m\u00e1y s\u01b0\u1edfi \u1ed1ng \u0111i\u1ec7n<\/span><\/h3>\n<ul>\n<li>\u00a0 \u00a0 \u00a0\u00a0<span>Hi\u1ec7u qu\u1ea3 quy tr\u00ecnh \u2013 Vi\u1ec7c gia nhi\u1ec7t li\u00ean t\u1ee5c v\u00e0 \u0111\u00e1ng tin c\u1eady gi\u00fap c\u1ea3i thi\u1ec7n n\u0103ng su\u1ea5t s\u1ea3n xu\u1ea5t.<\/span><\/li>\n<li>\u00a0 \u00a0 \u00a0\u00a0<span>Ch\u1ea5t l\u01b0\u1ee3ng \u0111\u01b0\u1ee3c c\u1ea3i thi\u1ec7n \u2013 Ki\u1ec3m so\u00e1t nhi\u1ec7t \u0111\u1ed9 ch\u00ednh x\u00e1c mang l\u1ea1i s\u1ef1 \u0111\u1ed3ng nh\u1ea5t v\u1ec1 ch\u1ea5t l\u01b0\u1ee3ng s\u1ea3n ph\u1ea9m.<\/span><\/li>\n<li>\u00a0 \u00a0 \u00a0\u00a0<span>Gi\u1ea3m thi\u1ec3u m\u1ee9c ti\u00eau th\u1ee5 n\u0103ng l\u01b0\u1ee3ng \u2013 T\u1ed1t nh\u1ea5t l\u00e0 gi\u1ea3m thi\u1ec3u chi ph\u00ed v\u1eadn h\u00e0nh, d\u1eabn \u0111\u1ebfn gi\u1ea3m thi\u1ec3u l\u01b0\u1ee3ng kh\u00ed th\u1ea3i carbon.<\/span><\/li>\n<li>\u00a0 \u00a0 \u00a0\u00a0<span>Nhi\u1ec1u \u1ee9ng d\u1ee5ng kh\u00e1c nhau \u2013 T\u1ed1t nh\u1ea5t cho nhu c\u1ea7u c\u00f4ng nghi\u1ec7p v\u1ec1 s\u01b0\u1edfi \u1ea5m kh\u1ed1i l\u01b0\u1ee3ng l\u1edbn.<\/span><\/li>\n<\/ul>\n<p><span>C\u00e1c t\u00ednh n\u0103ng v\u00e0 l\u1ee3i \u00edch tr\u00ean l\u00e0m cho Cheri tr\u1edf th\u00e0nh m\u1ed9t trong nh\u1eefng nh\u00e0 s\u1ea3n xu\u1ea5t m\u00e1y s\u01b0\u1edfi \u1ed1ng \u0111i\u1ec7n h\u00e0ng \u0111\u1ea7u. Ch\u00fang t\u00f4i t\u1eadp trung v\u00e0o ch\u1ea5t l\u01b0\u1ee3ng v\u00e0 giao h\u00e0ng su\u00f4n s\u1ebb. \u0110\u1ed9i ng\u0169 n\u1ed9i b\u1ed9 c\u1ee7a ch\u00fang t\u00f4i ki\u1ec3m tra v\u00e0 \u0111\u1ea3m b\u1ea3o ch\u1ea5t l\u01b0\u1ee3ng cho t\u1eebng \u0111\u01a1n v\u1ecb. Ch\u00fang t\u00f4i tin t\u01b0\u1edfng v\u00e0o d\u1ecbch v\u1ee5 ch\u1ea5t l\u01b0\u1ee3ng cao v\u00e0 giao h\u00e0ng \u0111\u00fang h\u1ea1n.<\/span><\/p>\n<p><span>V\u00ec v\u1eady, \u0111\u1eebng t\u00ecm \u0111\u00e2u xa n\u1eefa. H\u00e3y g\u1eedi cho ch\u00fang t\u00f4i nhu c\u1ea7u v\u00e0 b\u1ea3ng y\u00eau c\u1ea7u c\u1ee7a b\u1ea1n. Ch\u00fang t\u00f4i s\u1ebd cung c\u1ea5p c\u00e1c m\u00e1y s\u01b0\u1edfi t\u1ed1t nh\u1ea5t \u0111\u1ec3 h\u1ed7 tr\u1ee3 s\u1ea3n xu\u1ea5t ch\u1ea5t l\u01b0\u1ee3ng cao c\u1ee7a b\u1ea1n. H\u00e3y li\u00ean h\u1ec7 v\u1edbi ch\u00fang t\u00f4i v\u00e0 y\u00eau c\u1ea7u b\u00e1o gi\u00e1.<\/span><\/p>\n","protected":false},"featured_media":0,"template":"","meta":[],"product_brand":[],"product_cat":[28],"product_tag":[205],"class_list":{"0":"post-1828","1":"product","2":"type-product","3":"status-publish","5":"product_cat-tubular-heater","6":"product_tag-lo-suoi-dien-hinh-ong","8":"first","9":"instock","10":"shipping-taxable","11":"product-type-simple"},"yoast_head":"<!-- This site is optimized with the Yoast SEO plugin v27.3 - https:\/\/yoast.com\/product\/yoast-seo-wordpress\/ -->\n<title>Nh\u00e0 s\u1ea3n xu\u1ea5t m\u00e1y s\u01b0\u1edfi \u1ed1ng \u0111i\u1ec7n ch\u1ea5t l\u01b0\u1ee3ng | Cheri-heater.com<\/title>\n<meta name=\"description\" content=\"Kh\u00e1m ph\u00e1 hi\u1ec7u qu\u1ea3 c\u1ee7a nh\u00e0 s\u1ea3n xu\u1ea5t m\u00e1y s\u01b0\u1edfi \u1ed1ng \u0111i\u1ec7n \u0111\u1ec3 s\u01b0\u1edfi \u1ea5m ch\u00ednh x\u00e1c trong nhi\u1ec1u \u1ee9ng d\u1ee5ng kh\u00e1c nhau. L\u00fd t\u01b0\u1edfng cho c\u00f4ng nghi\u1ec7p.\" \/>\n<meta name=\"robots\" content=\"index, follow, max-snippet:-1, max-image-preview:large, max-video-preview:-1\" \/>\n<link rel=\"canonical\" href=\"https:\/\/cheri-heater.com\/vn\/product\/lo-suoi-dien-hinh-ong\/\" \/>\n<meta property=\"og:locale\" content=\"en_US\" \/>\n<meta property=\"og:type\" content=\"article\" \/>\n<meta property=\"og:title\" content=\"Nh\u00e0 s\u1ea3n xu\u1ea5t m\u00e1y s\u01b0\u1edfi \u1ed1ng \u0111i\u1ec7n ch\u1ea5t l\u01b0\u1ee3ng | Cheri-heater.com\" \/>\n<meta property=\"og:description\" content=\"Kh\u00e1m ph\u00e1 hi\u1ec7u qu\u1ea3 c\u1ee7a nh\u00e0 s\u1ea3n xu\u1ea5t m\u00e1y s\u01b0\u1edfi \u1ed1ng \u0111i\u1ec7n \u0111\u1ec3 s\u01b0\u1edfi \u1ea5m ch\u00ednh x\u00e1c trong nhi\u1ec1u \u1ee9ng d\u1ee5ng kh\u00e1c nhau. L\u00fd t\u01b0\u1edfng cho c\u00f4ng nghi\u1ec7p.\" \/>\n<meta property=\"og:url\" content=\"https:\/\/cheri-heater.com\/vn\/product\/lo-suoi-dien-hinh-ong\/\" \/>\n<meta property=\"og:site_name\" content=\"Cheri Heater Technology Co.,Ltd.\" \/>\n<meta property=\"article:modified_time\" content=\"2025-05-12T03:32:55+00:00\" \/>\n<meta name=\"twitter:card\" content=\"summary_large_image\" \/>\n<!-- \/ Yoast SEO plugin. -->","yoast_head_json":{"title":"Nh\u00e0 s\u1ea3n xu\u1ea5t m\u00e1y s\u01b0\u1edfi \u1ed1ng \u0111i\u1ec7n ch\u1ea5t l\u01b0\u1ee3ng | Cheri-heater.com","description":"Kh\u00e1m ph\u00e1 hi\u1ec7u qu\u1ea3 c\u1ee7a nh\u00e0 s\u1ea3n xu\u1ea5t m\u00e1y s\u01b0\u1edfi \u1ed1ng \u0111i\u1ec7n \u0111\u1ec3 s\u01b0\u1edfi \u1ea5m ch\u00ednh x\u00e1c trong nhi\u1ec1u \u1ee9ng d\u1ee5ng kh\u00e1c nhau. L\u00fd t\u01b0\u1edfng cho c\u00f4ng nghi\u1ec7p.","robots":{"index":"index","follow":"follow","max-snippet":"max-snippet:-1","max-image-preview":"max-image-preview:large","max-video-preview":"max-video-preview:-1"},"canonical":"https:\/\/cheri-heater.com\/vn\/product\/lo-suoi-dien-hinh-ong\/","og_locale":"en_US","og_type":"article","og_title":"Nh\u00e0 s\u1ea3n xu\u1ea5t m\u00e1y s\u01b0\u1edfi \u1ed1ng \u0111i\u1ec7n ch\u1ea5t l\u01b0\u1ee3ng | Cheri-heater.com","og_description":"Kh\u00e1m ph\u00e1 hi\u1ec7u qu\u1ea3 c\u1ee7a nh\u00e0 s\u1ea3n xu\u1ea5t m\u00e1y s\u01b0\u1edfi \u1ed1ng \u0111i\u1ec7n \u0111\u1ec3 s\u01b0\u1edfi \u1ea5m ch\u00ednh x\u00e1c trong nhi\u1ec1u \u1ee9ng d\u1ee5ng kh\u00e1c nhau. L\u00fd t\u01b0\u1edfng cho c\u00f4ng nghi\u1ec7p.","og_url":"https:\/\/cheri-heater.com\/vn\/product\/lo-suoi-dien-hinh-ong\/","og_site_name":"Cheri Heater Technology Co.,Ltd.","article_modified_time":"2025-05-12T03:32:55+00:00","twitter_card":"summary_large_image","schema":{"@context":"https:\/\/schema.org","@graph":[{"@type":"WebPage","@id":"https:\/\/cheri-heater.com\/vn\/product\/lo-suoi-dien-hinh-ong\/","url":"https:\/\/cheri-heater.com\/vn\/product\/lo-suoi-dien-hinh-ong\/","name":"Nh\u00e0 s\u1ea3n xu\u1ea5t m\u00e1y s\u01b0\u1edfi \u1ed1ng \u0111i\u1ec7n ch\u1ea5t l\u01b0\u1ee3ng | Cheri-heater.com","isPartOf":{"@id":"https:\/\/cheri-heater.com\/vn\/#website"},"datePublished":"2025-05-12T03:32:53+00:00","dateModified":"2025-05-12T03:32:55+00:00","description":"Kh\u00e1m ph\u00e1 hi\u1ec7u qu\u1ea3 c\u1ee7a nh\u00e0 s\u1ea3n xu\u1ea5t m\u00e1y s\u01b0\u1edfi \u1ed1ng \u0111i\u1ec7n \u0111\u1ec3 s\u01b0\u1edfi \u1ea5m ch\u00ednh x\u00e1c trong nhi\u1ec1u \u1ee9ng d\u1ee5ng kh\u00e1c nhau. L\u00fd t\u01b0\u1edfng cho c\u00f4ng nghi\u1ec7p.","breadcrumb":{"@id":"https:\/\/cheri-heater.com\/vn\/product\/lo-suoi-dien-hinh-ong\/#breadcrumb"},"inLanguage":"en-US","potentialAction":[{"@type":"ReadAction","target":["https:\/\/cheri-heater.com\/vn\/product\/lo-suoi-dien-hinh-ong\/"]}]},{"@type":"BreadcrumbList","@id":"https:\/\/cheri-heater.com\/vn\/product\/lo-suoi-dien-hinh-ong\/#breadcrumb","itemListElement":[{"@type":"ListItem","position":1,"name":"Home","item":"https:\/\/cheri-heater.com\/vn\/"},{"@type":"ListItem","position":2,"name":"Products","item":"https:\/\/cheri-heater.com\/vn\/products\/"},{"@type":"ListItem","position":3,"name":"L\u00f2 S\u01b0\u1edfi \u0110i\u1ec7n H\u00ecnh \u1ed0ng"}]},{"@type":"WebSite","@id":"https:\/\/cheri-heater.com\/vn\/#website","url":"https:\/\/cheri-heater.com\/vn\/","name":"Cheri Heater Technology Co.,Ltd.","description":"","publisher":{"@id":"https:\/\/cheri-heater.com\/vn\/#organization"},"potentialAction":[{"@type":"SearchAction","target":{"@type":"EntryPoint","urlTemplate":"https:\/\/cheri-heater.com\/vn\/?s={search_term_string}"},"query-input":{"@type":"PropertyValueSpecification","valueRequired":true,"valueName":"search_term_string"}}],"inLanguage":"en-US"},{"@type":"Organization","@id":"https:\/\/cheri-heater.com\/vn\/#organization","name":"Cheri Heater Technology Co.,Ltd.","url":"https:\/\/cheri-heater.com\/vn\/","logo":{"@type":"ImageObject","inLanguage":"en-US","@id":"https:\/\/cheri-heater.com\/vn\/#\/schema\/logo\/image\/","url":"https:\/\/cheri-heater.com\/vn\/wp-content\/uploads\/2024\/06\/cropped-logo-resize.png","contentUrl":"https:\/\/cheri-heater.com\/vn\/wp-content\/uploads\/2024\/06\/cropped-logo-resize.png","width":346,"height":99,"caption":"Cheri Heater Technology Co.,Ltd."},"image":{"@id":"https:\/\/cheri-heater.com\/vn\/#\/schema\/logo\/image\/"}}]}},"_links":{"self":[{"href":"https:\/\/cheri-heater.com\/vn\/wp-json\/wp\/v2\/product\/1828","targetHints":{"allow":["GET"]}}],"collection":[{"href":"https:\/\/cheri-heater.com\/vn\/wp-json\/wp\/v2\/product"}],"about":[{"href":"https:\/\/cheri-heater.com\/vn\/wp-json\/wp\/v2\/types\/product"}],"wp:attachment":[{"href":"https:\/\/cheri-heater.com\/vn\/wp-json\/wp\/v2\/media?parent=1828"}],"wp:term":[{"taxonomy":"product_brand","embeddable":true,"href":"https:\/\/cheri-heater.com\/vn\/wp-json\/wp\/v2\/product_brand?post=1828"},{"taxonomy":"product_cat","embeddable":true,"href":"https:\/\/cheri-heater.com\/vn\/wp-json\/wp\/v2\/product_cat?post=1828"},{"taxonomy":"product_tag","embeddable":true,"href":"https:\/\/cheri-heater.com\/vn\/wp-json\/wp\/v2\/product_tag?post=1828"}],"curies":[{"name":"wp","href":"https:\/\/api.w.org\/{rel}","templated":true}]}}