{"id":849,"date":"2024-06-03T18:08:33","date_gmt":"2024-06-03T18:08:33","guid":{"rendered":"https:\/\/cheri-heater.com\/vn\/?post_type=product&#038;p=849"},"modified":"2024-07-27T21:34:12","modified_gmt":"2024-07-27T21:34:12","slug":"ceramic-band-heater","status":"publish","type":"product","link":"https:\/\/cheri-heater.com\/vn\/product\/ceramic-band-heater\/","title":{"rendered":"m\u00e1y s\u01b0\u1edfi b\u0103ng g\u1ed1m"},"content":{"rendered":"<table width=\"750\" cellspacing=\"0\" cellpadding=\"0\">\n<tbody>\n<tr valign=\"top\">\n<td bgcolor=\"#ffffff\" width=\"306\" height=\"19\">\n<p class=\"western\" align=\"left\"><span style=\"color: #333333;\"><span style=\"font-family: Helvetica, Arial, sans-serif;\"><span style=\"font-size: small;\">T\u00ean S\u1ea3n Ph\u1ea9m<\/span><\/span><\/span><\/p>\n<\/td>\n<td bgcolor=\"#ffffff\" width=\"442\">\n<p class=\"western\" align=\"left\"><span style=\"color: #333333;\"><span style=\"font-family: Helvetica, Arial, sans-serif;\"><span style=\"font-size: small;\">B\u1ed9 gia nhi\u1ec7t b\u0103ng g\u1ed1m<\/span><\/span><\/span><\/p>\n<\/td>\n<\/tr>\n<tr valign=\"top\">\n<td bgcolor=\"#ffffff\" width=\"306\" height=\"20\">\n<p class=\"western\" align=\"left\"><span style=\"color: #333333;\"><span style=\"font-family: Helvetica, Arial, sans-serif;\"><span style=\"font-size: small;\">V\u1eadt li\u1ec7u c\u00e1ch nhi\u1ec7t<\/span><\/span><\/span><\/p>\n<\/td>\n<td bgcolor=\"#ffffff\" width=\"442\">\n<p class=\"western\" align=\"left\"><span style=\"color: #333333;\"><span style=\"font-family: Helvetica, Arial, sans-serif;\"><span style=\"font-size: small;\">C\u00e1ch nhi\u1ec7t b\u1eb1ng s\u1ee3i g\u1ed1m<\/span><\/span><\/span><\/p>\n<\/td>\n<\/tr>\n<tr valign=\"top\">\n<td bgcolor=\"#ffffff\" width=\"306\" height=\"20\">\n<p class=\"western\" align=\"left\"><span style=\"color: #333333;\"><span style=\"font-family: Helvetica, Arial, sans-serif;\"><span style=\"font-size: small;\">Ph\u1ea1m vi b\u01b0\u1edbc s\u00f3ng<\/span><\/span><\/span><\/p>\n<\/td>\n<td bgcolor=\"#ffffff\" width=\"442\">\n<p class=\"western\" align=\"left\"><span style=\"color: #333333;\"><span style=\"font-family: Helvetica, Arial, sans-serif;\"><span style=\"font-size: small;\">2-10 Micron<\/span><\/span><\/span><\/p>\n<\/td>\n<\/tr>\n<tr valign=\"top\">\n<td bgcolor=\"#ffffff\" width=\"306\" height=\"20\">\n<p class=\"western\" align=\"left\"><span style=\"color: #333333;\"><span style=\"font-family: Helvetica, Arial, sans-serif;\"><span style=\"font-size: small;\">M\u1eadt \u0111\u1ed9 c\u00f4ng su\u1ea5t t\u1ed1i \u0111a<\/span><\/span><\/span><\/p>\n<\/td>\n<td bgcolor=\"#ffffff\" width=\"442\">\n<p class=\"western\" align=\"left\"><span style=\"color: #333333;\"><span style=\"font-family: Helvetica, Arial, sans-serif;\"><span style=\"font-size: small;\">6 W\/cm\u00b2<\/span><\/span><\/span><\/p>\n<\/td>\n<\/tr>\n<tr valign=\"top\">\n<td bgcolor=\"#ffffff\" width=\"306\" height=\"20\">\n<p class=\"western\" align=\"left\"><span style=\"color: #333333;\"><span style=\"font-family: Helvetica, Arial, sans-serif;\"><span style=\"font-size: small;\">Dung sai c\u00f4ng su\u1ea5t<\/span><\/span><\/span><\/p>\n<\/td>\n<td bgcolor=\"#ffffff\" width=\"442\">\n<p class=\"western\" align=\"left\"><span style=\"color: #333333;\"><span style=\"font-family: Helvetica, Arial, sans-serif;\"><span style=\"font-size: small;\">+5% -10%<\/span><\/span><\/span><\/p>\n<\/td>\n<\/tr>\n<tr valign=\"top\">\n<td bgcolor=\"#ffffff\" width=\"306\" height=\"20\">\n<p class=\"western\" align=\"left\"><span style=\"color: #333333;\"><span style=\"font-family: Helvetica, Arial, sans-serif;\"><span style=\"font-size: small;\">Nhi\u1ec7t \u0111\u1ed9 ho\u1ea1t \u0111\u1ed9ng<\/span><\/span><\/span><\/p>\n<\/td>\n<td bgcolor=\"#ffffff\" width=\"442\">\n<p class=\"western\" align=\"left\"><span style=\"color: #333333;\"><span style=\"font-family: Helvetica, Arial, sans-serif;\"><span style=\"font-size: small;\">300\u00b0C \u0111\u1ebfn 700\u00b0C (572\u00b0F &#8211; 1292\u00b0F)<\/span><\/span><\/span><\/p>\n<\/td>\n<\/tr>\n<tr valign=\"top\">\n<td bgcolor=\"#ffffff\" width=\"306\" height=\"20\">\n<p class=\"western\" align=\"left\"><span style=\"color: #333333;\"><span style=\"font-family: Helvetica, Arial, sans-serif;\"><span style=\"font-size: small;\">\u0110\u01b0\u1eddng k\u00ednh t\u1ed1i thi\u1ec3u<\/span><\/span><\/span><\/p>\n<\/td>\n<td bgcolor=\"#ffffff\" width=\"442\">\n<p class=\"western\" align=\"left\"><span style=\"color: #333333;\"><span style=\"font-family: Helvetica, Arial, sans-serif;\"><span style=\"font-size: small;\">60mm<\/span><\/span><\/span><\/p>\n<\/td>\n<\/tr>\n<tr valign=\"top\">\n<td bgcolor=\"#ffffff\" width=\"306\" height=\"20\">\n<p class=\"western\" align=\"left\"><span style=\"color: #333333;\"><span style=\"font-family: Helvetica, Arial, sans-serif;\"><span style=\"font-size: small;\">Chi\u1ec1u cao t\u1ed1i thi\u1ec3u:<\/span><\/span><\/span><\/p>\n<\/td>\n<td bgcolor=\"#ffffff\" width=\"442\">\n<p class=\"western\" align=\"left\"><span style=\"color: #333333;\"><span style=\"font-family: Helvetica, Arial, sans-serif;\"><span style=\"font-size: small;\">25.4mm<\/span><\/span><\/span><\/p>\n<\/td>\n<\/tr>\n<tr valign=\"top\">\n<td bgcolor=\"#ffffff\" width=\"306\" height=\"20\">\n<p class=\"western\" align=\"left\"><span style=\"color: #333333;\"><span style=\"font-family: Helvetica, Arial, sans-serif;\"><span style=\"font-size: small;\">\u0110\u1ed9 d\u00e0y ti\u00eau chu\u1ea9n<\/span><\/span><\/span><\/p>\n<\/td>\n<td bgcolor=\"#ffffff\" width=\"442\">\n<p class=\"western\" align=\"left\"><span style=\"color: #333333;\"><span style=\"font-family: Helvetica, Arial, sans-serif;\"><span style=\"font-size: small;\">12 mm<\/span><\/span><\/span><\/p>\n<\/td>\n<\/tr>\n<tr valign=\"top\">\n<td bgcolor=\"#ffffff\" width=\"306\" height=\"20\">\n<p class=\"western\" align=\"left\"><span style=\"color: #333333;\"><span style=\"font-family: Helvetica, Arial, sans-serif;\"><span style=\"font-size: small;\">Khe h\u1edf ti\u00eau chu\u1ea9n<\/span><\/span><\/span><\/p>\n<\/td>\n<td bgcolor=\"#ffffff\" width=\"442\">\n<p class=\"western\" align=\"left\"><span style=\"color: #333333;\"><span style=\"font-family: Helvetica, Arial, sans-serif;\"><span style=\"font-size: small;\">9 mm<\/span><\/span><\/span><\/p>\n<\/td>\n<\/tr>\n<tr valign=\"top\">\n<td bgcolor=\"#ffffff\" width=\"306\" height=\"19\">\n<p class=\"western\" align=\"left\"><span style=\"color: #333333;\"><span style=\"font-family: Helvetica, Arial, sans-serif;\"><span style=\"font-size: small;\">Tu\u1ed5i th\u1ecd ho\u1ea1t \u0111\u1ed9ng<\/span><\/span><\/span><\/p>\n<\/td>\n<td bgcolor=\"#ffffff\" width=\"442\">\n<p class=\"western\" align=\"left\"><span style=\"color: #333333;\"><span style=\"font-family: Helvetica, Arial, sans-serif;\"><span style=\"font-size: small;\">20000 gi\u1edd<\/span><\/span><\/span><\/p>\n<\/td>\n<\/tr>\n<\/tbody>\n<\/table>\n","protected":false},"excerpt":{"rendered":"<p class=\"western\"><span style=\"color: #333333;\"><span style=\"font-family: Helvetica, Arial, sans-serif;\"><span style=\"font-size: small;\">B\u1ed9 gia nhi\u1ec7t b\u0103ng g\u1ed1m l\u00e0 c\u00e1c b\u1ed9 gia nhi\u1ec7t trung b\u00ecnh \u0111\u1ebfn cao v\u1edbi nhi\u1ec7t \u0111\u1ed9 l\u00e0m vi\u1ec7c t\u1ed1i \u0111a l\u00e0 600\u2103. Ch\u00fang c\u00f3 tu\u1ed5i th\u1ecd d\u00e0i v\u00e0 ti\u00eau th\u1ee5 \u00edt \u0111i\u1ec7n n\u0103ng h\u01a1n (nh\u1edd v\u00e0o c\u00e1ch nhi\u1ec7t) trong c\u00e1c \u1ee9ng d\u1ee5ng \u00e9p \u0111\u00f9n v\u00e0 \u00e9p phun nh\u1ef1a.<\/span><\/span><\/span><\/p>\n<p>B\u1ed9 gia nhi\u1ec7t b\u0103ng g\u1ed1m c\u00f3 s\u1eb5n v\u1edbi c\u00e1c ki\u1ec3u \u0111\u1ea7u cu\u1ed1i kh\u00e1c nhau, ho\u00e0n to\u00e0n linh ho\u1ea1t v\u00e0 c\u00f3 th\u1ec3 ch\u1ee9a c\u00e1c l\u1ed7 v\u00e0 c\u1eaft. K\u1ef9 thu\u1eadt nh\u00e0 m\u00e1y c\u00f3 s\u1eb5n \u0111\u1ec3 h\u1ed7 tr\u1ee3 thi\u1ebft k\u1ebf v\u00e0 ph\u00e1t tri\u1ec3n c\u00e1c b\u1ed9 gia nhi\u1ec7t \u0111\u1eb7c bi\u1ec7t cho c\u00e1c y\u00eau c\u1ea7u c\u1ee5 th\u1ec3.<\/p>\n","protected":false},"featured_media":856,"template":"","meta":[],"product_brand":[],"product_cat":[20],"product_tag":[150],"class_list":{"0":"post-849","1":"product","2":"type-product","3":"status-publish","4":"has-post-thumbnail","6":"product_cat-band-heater","7":"product_tag-ceramic-band-heater","9":"first","10":"instock","11":"shipping-taxable","12":"product-type-simple"},"yoast_head":"<!-- This site is optimized with the Yoast SEO plugin v27.3 - https:\/\/yoast.com\/product\/yoast-seo-wordpress\/ -->\n<title>Nh\u00e0 S\u1ea3n Xu\u1ea5t M\u00e1y S\u01b0\u1edfi B\u0103ng G\u1ed1m H\u00e0ng \u0110\u1ea7u | Gi\u1ea3i Ph\u00e1p S\u01b0\u1edfi Ch\u1ea5t L\u01b0\u1ee3ng<\/title>\n<meta name=\"description\" content=\"C\u00e1c nh\u00e0 s\u1ea3n xu\u1ea5t m\u00e1y s\u01b0\u1edfi b\u0103ng g\u1ed1m h\u00e0ng \u0111\u1ea7u cung c\u1ea5p c\u00e1c gi\u1ea3i ph\u00e1p s\u01b0\u1edfi c\u00f4ng nghi\u1ec7p ch\u1ea5t l\u01b0\u1ee3ng cao v\u00e0 hi\u1ec7u qu\u1ea3. T\u00ecm c\u00e1c s\u1ea3n ph\u1ea9m t\u1ed1t nh\u1ea5t cho nhu c\u1ea7u c\u1ee7a b\u1ea1n v\u1edbi s\u1ef1 h\u01b0\u1edbng d\u1eabn c\u1ee7a chuy\u00ean gia v\u00e0 d\u1ecbch v\u1ee5 kh\u00e1ch h\u00e0ng xu\u1ea5t s\u1eafc. Kh\u00e1m ph\u00e1 l\u1ef1a ch\u1ecdn h\u00e0ng \u0111\u1ea7u c\u1ee7a ch\u00fang t\u00f4i ngay h\u00f4m nay!\" \/>\n<meta name=\"robots\" content=\"index, follow, max-snippet:-1, max-image-preview:large, max-video-preview:-1\" \/>\n<link rel=\"canonical\" href=\"https:\/\/cheri-heater.com\/vn\/product\/ceramic-band-heater\/\" \/>\n<meta property=\"og:locale\" content=\"en_US\" \/>\n<meta property=\"og:type\" content=\"article\" \/>\n<meta property=\"og:title\" content=\"Nh\u00e0 S\u1ea3n Xu\u1ea5t M\u00e1y S\u01b0\u1edfi B\u0103ng G\u1ed1m H\u00e0ng \u0110\u1ea7u | Gi\u1ea3i Ph\u00e1p S\u01b0\u1edfi Ch\u1ea5t L\u01b0\u1ee3ng\" \/>\n<meta property=\"og:description\" content=\"C\u00e1c nh\u00e0 s\u1ea3n xu\u1ea5t m\u00e1y s\u01b0\u1edfi b\u0103ng g\u1ed1m h\u00e0ng \u0111\u1ea7u cung c\u1ea5p c\u00e1c gi\u1ea3i ph\u00e1p s\u01b0\u1edfi c\u00f4ng nghi\u1ec7p ch\u1ea5t l\u01b0\u1ee3ng cao v\u00e0 hi\u1ec7u qu\u1ea3. T\u00ecm c\u00e1c s\u1ea3n ph\u1ea9m t\u1ed1t nh\u1ea5t cho nhu c\u1ea7u c\u1ee7a b\u1ea1n v\u1edbi s\u1ef1 h\u01b0\u1edbng d\u1eabn c\u1ee7a chuy\u00ean gia v\u00e0 d\u1ecbch v\u1ee5 kh\u00e1ch h\u00e0ng xu\u1ea5t s\u1eafc. Kh\u00e1m ph\u00e1 l\u1ef1a ch\u1ecdn h\u00e0ng \u0111\u1ea7u c\u1ee7a ch\u00fang t\u00f4i ngay h\u00f4m nay!\" \/>\n<meta property=\"og:url\" content=\"https:\/\/cheri-heater.com\/vn\/product\/ceramic-band-heater\/\" \/>\n<meta property=\"og:site_name\" content=\"Cheri Heater Technology Co.,Ltd.\" \/>\n<meta property=\"article:modified_time\" content=\"2024-07-27T21:34:12+00:00\" \/>\n<meta property=\"og:image\" content=\"http:\/\/cheri-heater.com\/vn\/wp-content\/uploads\/2024\/06\/HTB1J1hadjfguuRjSspkq6xchpXac-1.jpg\" \/>\n\t<meta property=\"og:image:width\" content=\"800\" \/>\n\t<meta property=\"og:image:height\" content=\"800\" \/>\n\t<meta property=\"og:image:type\" content=\"image\/jpeg\" \/>\n<meta name=\"twitter:card\" content=\"summary_large_image\" \/>\n<meta name=\"twitter:label1\" content=\"Est. reading time\" \/>\n\t<meta name=\"twitter:data1\" content=\"1 minute\" \/>\n<!-- \/ Yoast SEO plugin. -->","yoast_head_json":{"title":"Nh\u00e0 S\u1ea3n Xu\u1ea5t M\u00e1y S\u01b0\u1edfi B\u0103ng G\u1ed1m H\u00e0ng \u0110\u1ea7u | Gi\u1ea3i Ph\u00e1p S\u01b0\u1edfi Ch\u1ea5t L\u01b0\u1ee3ng","description":"C\u00e1c nh\u00e0 s\u1ea3n xu\u1ea5t m\u00e1y s\u01b0\u1edfi b\u0103ng g\u1ed1m h\u00e0ng \u0111\u1ea7u cung c\u1ea5p c\u00e1c gi\u1ea3i ph\u00e1p s\u01b0\u1edfi c\u00f4ng nghi\u1ec7p ch\u1ea5t l\u01b0\u1ee3ng cao v\u00e0 hi\u1ec7u qu\u1ea3. T\u00ecm c\u00e1c s\u1ea3n ph\u1ea9m t\u1ed1t nh\u1ea5t cho nhu c\u1ea7u c\u1ee7a b\u1ea1n v\u1edbi s\u1ef1 h\u01b0\u1edbng d\u1eabn c\u1ee7a chuy\u00ean gia v\u00e0 d\u1ecbch v\u1ee5 kh\u00e1ch h\u00e0ng xu\u1ea5t s\u1eafc. Kh\u00e1m ph\u00e1 l\u1ef1a ch\u1ecdn h\u00e0ng \u0111\u1ea7u c\u1ee7a ch\u00fang t\u00f4i ngay h\u00f4m nay!","robots":{"index":"index","follow":"follow","max-snippet":"max-snippet:-1","max-image-preview":"max-image-preview:large","max-video-preview":"max-video-preview:-1"},"canonical":"https:\/\/cheri-heater.com\/vn\/product\/ceramic-band-heater\/","og_locale":"en_US","og_type":"article","og_title":"Nh\u00e0 S\u1ea3n Xu\u1ea5t M\u00e1y S\u01b0\u1edfi B\u0103ng G\u1ed1m H\u00e0ng \u0110\u1ea7u | Gi\u1ea3i Ph\u00e1p S\u01b0\u1edfi Ch\u1ea5t L\u01b0\u1ee3ng","og_description":"C\u00e1c nh\u00e0 s\u1ea3n xu\u1ea5t m\u00e1y s\u01b0\u1edfi b\u0103ng g\u1ed1m h\u00e0ng \u0111\u1ea7u cung c\u1ea5p c\u00e1c gi\u1ea3i ph\u00e1p s\u01b0\u1edfi c\u00f4ng nghi\u1ec7p ch\u1ea5t l\u01b0\u1ee3ng cao v\u00e0 hi\u1ec7u qu\u1ea3. T\u00ecm c\u00e1c s\u1ea3n ph\u1ea9m t\u1ed1t nh\u1ea5t cho nhu c\u1ea7u c\u1ee7a b\u1ea1n v\u1edbi s\u1ef1 h\u01b0\u1edbng d\u1eabn c\u1ee7a chuy\u00ean gia v\u00e0 d\u1ecbch v\u1ee5 kh\u00e1ch h\u00e0ng xu\u1ea5t s\u1eafc. Kh\u00e1m ph\u00e1 l\u1ef1a ch\u1ecdn h\u00e0ng \u0111\u1ea7u c\u1ee7a ch\u00fang t\u00f4i ngay h\u00f4m nay!","og_url":"https:\/\/cheri-heater.com\/vn\/product\/ceramic-band-heater\/","og_site_name":"Cheri Heater Technology Co.,Ltd.","article_modified_time":"2024-07-27T21:34:12+00:00","og_image":[{"width":800,"height":800,"url":"http:\/\/cheri-heater.com\/vn\/wp-content\/uploads\/2024\/06\/HTB1J1hadjfguuRjSspkq6xchpXac-1.jpg","type":"image\/jpeg"}],"twitter_card":"summary_large_image","twitter_misc":{"Est. reading time":"1 minute"},"schema":{"@context":"https:\/\/schema.org","@graph":[{"@type":"WebPage","@id":"https:\/\/cheri-heater.com\/vn\/product\/ceramic-band-heater\/","url":"https:\/\/cheri-heater.com\/vn\/product\/ceramic-band-heater\/","name":"Nh\u00e0 S\u1ea3n Xu\u1ea5t M\u00e1y S\u01b0\u1edfi B\u0103ng G\u1ed1m H\u00e0ng \u0110\u1ea7u | Gi\u1ea3i Ph\u00e1p S\u01b0\u1edfi Ch\u1ea5t L\u01b0\u1ee3ng","isPartOf":{"@id":"https:\/\/cheri-heater.com\/vn\/#website"},"primaryImageOfPage":{"@id":"https:\/\/cheri-heater.com\/vn\/product\/ceramic-band-heater\/#primaryimage"},"image":{"@id":"https:\/\/cheri-heater.com\/vn\/product\/ceramic-band-heater\/#primaryimage"},"thumbnailUrl":"https:\/\/cheri-heater.com\/vn\/wp-content\/uploads\/2024\/06\/HTB1J1hadjfguuRjSspkq6xchpXac-1.jpg","datePublished":"2024-06-03T18:08:33+00:00","dateModified":"2024-07-27T21:34:12+00:00","description":"C\u00e1c nh\u00e0 s\u1ea3n xu\u1ea5t m\u00e1y s\u01b0\u1edfi b\u0103ng g\u1ed1m h\u00e0ng \u0111\u1ea7u cung c\u1ea5p c\u00e1c gi\u1ea3i ph\u00e1p s\u01b0\u1edfi c\u00f4ng nghi\u1ec7p ch\u1ea5t l\u01b0\u1ee3ng cao v\u00e0 hi\u1ec7u qu\u1ea3. T\u00ecm c\u00e1c s\u1ea3n ph\u1ea9m t\u1ed1t nh\u1ea5t cho nhu c\u1ea7u c\u1ee7a b\u1ea1n v\u1edbi s\u1ef1 h\u01b0\u1edbng d\u1eabn c\u1ee7a chuy\u00ean gia v\u00e0 d\u1ecbch v\u1ee5 kh\u00e1ch h\u00e0ng xu\u1ea5t s\u1eafc. Kh\u00e1m ph\u00e1 l\u1ef1a ch\u1ecdn h\u00e0ng \u0111\u1ea7u c\u1ee7a ch\u00fang t\u00f4i ngay h\u00f4m nay!","breadcrumb":{"@id":"https:\/\/cheri-heater.com\/vn\/product\/ceramic-band-heater\/#breadcrumb"},"inLanguage":"en-US","potentialAction":[{"@type":"ReadAction","target":["https:\/\/cheri-heater.com\/vn\/product\/ceramic-band-heater\/"]}]},{"@type":"ImageObject","inLanguage":"en-US","@id":"https:\/\/cheri-heater.com\/vn\/product\/ceramic-band-heater\/#primaryimage","url":"https:\/\/cheri-heater.com\/vn\/wp-content\/uploads\/2024\/06\/HTB1J1hadjfguuRjSspkq6xchpXac-1.jpg","contentUrl":"https:\/\/cheri-heater.com\/vn\/wp-content\/uploads\/2024\/06\/HTB1J1hadjfguuRjSspkq6xchpXac-1.jpg","width":800,"height":800},{"@type":"BreadcrumbList","@id":"https:\/\/cheri-heater.com\/vn\/product\/ceramic-band-heater\/#breadcrumb","itemListElement":[{"@type":"ListItem","position":1,"name":"Home","item":"https:\/\/cheri-heater.com\/vn\/"},{"@type":"ListItem","position":2,"name":"Products","item":"https:\/\/cheri-heater.com\/vn\/products\/"},{"@type":"ListItem","position":3,"name":"m\u00e1y s\u01b0\u1edfi b\u0103ng g\u1ed1m"}]},{"@type":"WebSite","@id":"https:\/\/cheri-heater.com\/vn\/#website","url":"https:\/\/cheri-heater.com\/vn\/","name":"Cheri Heater Technology Co.,Ltd.","description":"","publisher":{"@id":"https:\/\/cheri-heater.com\/vn\/#organization"},"potentialAction":[{"@type":"SearchAction","target":{"@type":"EntryPoint","urlTemplate":"https:\/\/cheri-heater.com\/vn\/?s={search_term_string}"},"query-input":{"@type":"PropertyValueSpecification","valueRequired":true,"valueName":"search_term_string"}}],"inLanguage":"en-US"},{"@type":"Organization","@id":"https:\/\/cheri-heater.com\/vn\/#organization","name":"Cheri Heater Technology Co.,Ltd.","url":"https:\/\/cheri-heater.com\/vn\/","logo":{"@type":"ImageObject","inLanguage":"en-US","@id":"https:\/\/cheri-heater.com\/vn\/#\/schema\/logo\/image\/","url":"https:\/\/cheri-heater.com\/vn\/wp-content\/uploads\/2024\/06\/cropped-logo-resize.png","contentUrl":"https:\/\/cheri-heater.com\/vn\/wp-content\/uploads\/2024\/06\/cropped-logo-resize.png","width":346,"height":99,"caption":"Cheri Heater Technology Co.,Ltd."},"image":{"@id":"https:\/\/cheri-heater.com\/vn\/#\/schema\/logo\/image\/"}}]}},"_links":{"self":[{"href":"https:\/\/cheri-heater.com\/vn\/wp-json\/wp\/v2\/product\/849","targetHints":{"allow":["GET"]}}],"collection":[{"href":"https:\/\/cheri-heater.com\/vn\/wp-json\/wp\/v2\/product"}],"about":[{"href":"https:\/\/cheri-heater.com\/vn\/wp-json\/wp\/v2\/types\/product"}],"wp:featuredmedia":[{"embeddable":true,"href":"https:\/\/cheri-heater.com\/vn\/wp-json\/wp\/v2\/media\/856"}],"wp:attachment":[{"href":"https:\/\/cheri-heater.com\/vn\/wp-json\/wp\/v2\/media?parent=849"}],"wp:term":[{"taxonomy":"product_brand","embeddable":true,"href":"https:\/\/cheri-heater.com\/vn\/wp-json\/wp\/v2\/product_brand?post=849"},{"taxonomy":"product_cat","embeddable":true,"href":"https:\/\/cheri-heater.com\/vn\/wp-json\/wp\/v2\/product_cat?post=849"},{"taxonomy":"product_tag","embeddable":true,"href":"https:\/\/cheri-heater.com\/vn\/wp-json\/wp\/v2\/product_tag?post=849"}],"curies":[{"name":"wp","href":"https:\/\/api.w.org\/{rel}","templated":true}]}}