{"id":857,"date":"2024-06-03T18:11:47","date_gmt":"2024-06-03T18:11:47","guid":{"rendered":"https:\/\/cheri-heater.com\/vn\/?post_type=product&#038;p=857"},"modified":"2024-07-27T21:40:50","modified_gmt":"2024-07-27T21:40:50","slug":"mica-band-heater","status":"publish","type":"product","link":"https:\/\/cheri-heater.com\/vn\/product\/mica-band-heater\/","title":{"rendered":"m\u00e1y s\u01b0\u1edfi b\u0103ng mica"},"content":{"rendered":"<table width=\"750\" cellspacing=\"0\" cellpadding=\"0\">\n<tbody>\n<tr valign=\"top\">\n<td bgcolor=\"#ffffff\" width=\"158\">\n<p class=\"western\" align=\"left\"><span style=\"font-family: Helvetica, Arial, sans-serif;\"><span style=\"font-size: medium;\"><span style=\"color: #333333;\">T\u00ean s\u1ea3n ph\u1ea9m<\/span><\/span><\/span><\/p>\n<\/td>\n<td bgcolor=\"#ffffff\" width=\"590\">\n<p class=\"western\" align=\"left\"><span style=\"font-family: Helvetica, Arial, sans-serif;\"><span style=\"font-size: medium;\"><span lang=\"en-US\"><span style=\"color: #333333;\">B\u1ed9 gia nhi\u1ec7t b\u0103ng Mica<\/span><\/span><\/span><\/span><\/p>\n<\/td>\n<\/tr>\n<tr valign=\"top\">\n<td bgcolor=\"#ffffff\" width=\"158\">\n<p class=\"western\" align=\"left\"><span style=\"font-family: Helvetica, Arial, sans-serif;\"><span style=\"font-size: medium;\"><span style=\"color: #333333;\">V\u1eadt li\u1ec7u v\u1ecf b\u1ecdc<\/span><\/span><\/span><\/p>\n<\/td>\n<td bgcolor=\"#ffffff\" width=\"590\">\n<p class=\"western\" align=\"left\"><span style=\"font-family: Helvetica, Arial, sans-serif;\"><span style=\"font-size: medium;\"><span style=\"color: #333333;\">Th\u00e9p kh\u00f4ng g\u1ec9 304 ho\u1eb7c t\u00f9y ch\u1ec9nh<\/span><\/span><\/span><\/p>\n<\/td>\n<\/tr>\n<tr valign=\"top\">\n<td bgcolor=\"#ffffff\" width=\"158\">\n<p class=\"western\" align=\"left\"><span style=\"font-family: Helvetica, Arial, sans-serif;\"><span style=\"font-size: medium;\"><span style=\"color: #333333;\">V\u1eadt li\u1ec7u c\u00e1ch nhi\u1ec7t<\/span><\/span><\/span><\/p>\n<\/td>\n<td bgcolor=\"#ffffff\" width=\"590\">\n<p class=\"western\" align=\"left\"><span style=\"font-family: Helvetica, Arial, sans-serif;\"><span style=\"font-size: medium;\"><span style=\"color: #333333;\">Mica<\/span><\/span><\/span><\/p>\n<\/td>\n<\/tr>\n<tr valign=\"top\">\n<td bgcolor=\"#ffffff\" width=\"158\">\n<p class=\"western\" align=\"left\"><span style=\"font-family: Helvetica, Arial, sans-serif;\"><span style=\"font-size: medium;\"><span style=\"color: #333333;\">D\u00e2y \u0111i\u1ec7n tr\u1edf nhi\u1ec7t<\/span><\/span><\/span><\/p>\n<\/td>\n<td bgcolor=\"#ffffff\" width=\"590\">\n<p class=\"western\" align=\"left\"><span style=\"font-family: Helvetica, Arial, sans-serif;\"><span style=\"font-size: medium;\"><span style=\"color: #333333;\">Ni-Cr 8020<\/span><\/span><\/span><\/p>\n<\/td>\n<\/tr>\n<tr valign=\"top\">\n<td bgcolor=\"#ffffff\" width=\"158\">\n<p class=\"western\" align=\"left\"><span style=\"font-family: Helvetica, Arial, sans-serif;\"><span style=\"font-size: medium;\"><span style=\"color: #333333;\">Nhi\u1ec7t \u0111\u1ed9<\/span><\/span><\/span><\/p>\n<\/td>\n<td bgcolor=\"#ffffff\" width=\"590\">\n<p class=\"western\" align=\"left\"><span style=\"font-family: Helvetica, Arial, sans-serif;\"><span style=\"font-size: medium;\"><span style=\"color: #333333;\">500-600 \u0111\u1ed9 C<\/span><\/span><\/span><\/p>\n<\/td>\n<\/tr>\n<tr valign=\"top\">\n<td bgcolor=\"#ffffff\" width=\"158\">\n<p class=\"western\" align=\"left\"><span style=\"font-family: Helvetica, Arial, sans-serif;\"><span style=\"font-size: medium;\"><span style=\"color: #333333;\">M\u1eadt \u0111\u1ed9 c\u00f4ng su\u1ea5t<\/span><\/span><\/span><\/p>\n<\/td>\n<td bgcolor=\"#ffffff\" width=\"590\">\n<p class=\"western\" align=\"left\"><span style=\"font-family: Helvetica, Arial, sans-serif;\"><span style=\"font-size: medium;\"><span style=\"color: #333333;\">3w tr\u00ean m\u1ed7i centimet vu\u00f4ng<\/span><\/span><\/span><\/p>\n<\/td>\n<\/tr>\n<tr valign=\"top\">\n<td bgcolor=\"#ffffff\" width=\"158\">\n<p class=\"western\" align=\"left\"><span style=\"font-family: Helvetica, Arial, sans-serif;\"><span style=\"font-size: medium;\"><span style=\"color: #333333;\">H\u00ecnh d\u1ea1ng<\/span><\/span><\/span><\/p>\n<\/td>\n<td bgcolor=\"#ffffff\" width=\"590\">\n<p class=\"western\" align=\"left\"><span style=\"font-family: Helvetica, Arial, sans-serif;\"><span style=\"font-size: medium;\"><span style=\"color: #333333;\">C\u00f3 s\u1eb5n y\u00eau c\u1ea7u t\u00f9y ch\u1ec9nh<\/span><\/span><\/span><\/p>\n<\/td>\n<\/tr>\n<tr valign=\"top\">\n<td bgcolor=\"#ffffff\" width=\"158\">\n<p class=\"western\" align=\"left\"><span style=\"font-family: Helvetica, Arial, sans-serif;\"><span style=\"font-size: medium;\"><span style=\"color: #333333;\">K\u00edch th\u01b0\u1edbc v\u00e0 K\u00edch th\u01b0\u1edbc<\/span><\/span><\/span><\/p>\n<\/td>\n<td bgcolor=\"#ffffff\" width=\"590\">\n<p class=\"western\" align=\"left\"><span style=\"font-family: Helvetica, Arial, sans-serif;\"><span style=\"font-size: medium;\"><span style=\"color: #333333;\">T\u00f9y ch\u1ec9nh<\/span><\/span><\/span><\/p>\n<\/td>\n<\/tr>\n<tr valign=\"top\">\n<td bgcolor=\"#ffffff\" width=\"158\">\n<p class=\"western\" align=\"left\"><span style=\"font-family: Helvetica, Arial, sans-serif;\"><span style=\"font-size: medium;\"><span style=\"color: #333333;\">\u0110i\u1ec7n \u00e1p v\u00e0 C\u00f4ng su\u1ea5t<\/span><\/span><\/span><\/p>\n<\/td>\n<td bgcolor=\"#ffffff\" width=\"590\">\n<p class=\"western\" align=\"left\"><span style=\"font-family: Helvetica, Arial, sans-serif;\"><span style=\"font-size: medium;\"><span style=\"color: #333333;\">T\u00f9y ch\u1ec9nh<\/span><\/span><\/span><\/p>\n<\/td>\n<\/tr>\n<tr valign=\"top\">\n<td rowspan=\"4\" bgcolor=\"#ffffff\" width=\"158\">\n<p class=\"western\" align=\"left\"><span style=\"font-family: Helvetica, Arial, sans-serif;\"><span style=\"font-size: medium;\"><span style=\"color: #333333;\">\u1ee8ng d\u1ee5ng<\/span><\/span><\/span><\/p>\n<\/td>\n<td bgcolor=\"#ffffff\" width=\"590\">\n<p class=\"western\" align=\"left\"><span style=\"font-family: Helvetica, Arial, sans-serif;\"><span style=\"font-size: medium;\"><span style=\"color: #333333;\">Ph\u1ea7n t\u1eed gia nhi\u1ec7t tr\u00ean nhi\u1ec1u lo\u1ea1i m\u00e1y m\u00f3c v\u00e0 thi\u1ebft b\u1ecb<\/span><\/span><\/span><\/p>\n<\/td>\n<\/tr>\n<tr valign=\"top\">\n<td bgcolor=\"#ffffff\" width=\"590\">\n<p class=\"western\" align=\"left\"><span style=\"font-family: Helvetica, Arial, sans-serif;\"><span style=\"font-size: medium;\"><span style=\"color: #333333;\">\u1ee8ng d\u1ee5ng gia nhi\u1ec7t c\u00f4ng nghi\u1ec7p v\u00e0 n\u00f4ng nghi\u1ec7p<\/span><\/span><\/span><\/p>\n<\/td>\n<\/tr>\n<tr valign=\"top\">\n<td bgcolor=\"#ffffff\" width=\"590\">\n<p class=\"western\" align=\"left\"><span style=\"font-family: Helvetica, Arial, sans-serif;\"><span style=\"font-size: medium;\"><span style=\"color: #333333;\">Thi\u1ebft b\u1ecb s\u01b0\u1edfi, luy\u1ec7n kim, c\u00f4ng nghi\u1ec7p h\u00f3a ch\u1ea5t, ch\u1ebf bi\u1ebfn nh\u1ef1a, c\u00f4ng nghi\u1ec7p \u0111i\u1ec7n<\/span><\/span><\/span><\/p>\n<\/td>\n<\/tr>\n<tr valign=\"top\">\n<td bgcolor=\"#ffffff\" width=\"590\">\n<p class=\"western\" align=\"left\"><span style=\"font-family: Helvetica, Arial, sans-serif;\"><span style=\"font-size: medium;\"><span style=\"color: #333333;\">Ho\u1eb7c thi\u1ebft b\u1ecb gia d\u1ee5ng<\/span><\/span><\/span><\/p>\n<\/td>\n<\/tr>\n<\/tbody>\n<\/table>\n","protected":false},"excerpt":{"rendered":"<p>T\u00ean s\u1ea3n ph\u1ea9m B\u1ed9 gia nhi\u1ec7t b\u0103ng Mica V\u1eadt li\u1ec7u v\u1ecf b\u1ecdc Th\u00e9p kh\u00f4ng g\u1ec9 304 ho\u1eb7c t\u00f9y ch\u1ec9nh V\u1eadt li\u1ec7u c\u00e1ch nhi\u1ec7t Mica D\u00e2y \u0111i\u1ec7n tr\u1edf nhi\u1ec7t Ni-Cr 8020 Nhi\u1ec7t \u0111\u1ed9 500-600 \u0111\u1ed9 C M\u1eadt \u0111\u1ed9 c\u00f4ng su\u1ea5t 3w tr\u00ean m\u1ed7i centimet vu\u00f4ng H\u00ecnh d\u1ea1ng C\u00f3 s\u1eb5n y\u00eau c\u1ea7u t\u00f9y ch\u1ec9nh K\u00edch th\u01b0\u1edbc v\u00e0 [&hellip;]<\/p>\n","protected":false},"featured_media":870,"template":"","meta":[],"product_brand":[],"product_cat":[20],"product_tag":[151],"class_list":{"0":"post-857","1":"product","2":"type-product","3":"status-publish","4":"has-post-thumbnail","6":"product_cat-band-heater","7":"product_tag-mica-band-heater","9":"first","10":"instock","11":"shipping-taxable","12":"product-type-simple"},"yoast_head":"<!-- This site is optimized with the Yoast SEO plugin v27.4 - https:\/\/yoast.com\/product\/yoast-seo-wordpress\/ -->\n<title>Nh\u00e0 S\u1ea3n Xu\u1ea5t M\u00e1y S\u01b0\u1edfi B\u0103ng Mica T\u1ed1t Nh\u1ea5t | Gi\u1ea3i Ph\u00e1p S\u01b0\u1edfi C\u00f4ng Nghi\u1ec7p<\/title>\n<meta name=\"description\" content=\"C\u00e1c nh\u00e0 s\u1ea3n xu\u1ea5t m\u00e1y s\u01b0\u1edfi b\u0103ng mica h\u00e0ng \u0111\u1ea7u \u0111\u01b0\u1ee3c bi\u1ebft \u0111\u1ebfn v\u1edbi c\u00e1c gi\u1ea3i ph\u00e1p s\u01b0\u1edfi c\u00f4ng nghi\u1ec7p v\u01b0\u1ee3t tr\u1ed9i. Nh\u1eadn m\u00e1y s\u01b0\u1edfi b\u0103ng mica ch\u1ea5t l\u01b0\u1ee3ng cao, b\u1ec1n v\u00e0 hi\u1ec7u qu\u1ea3 \u0111\u1ec3 \u0111\u00e1p \u1ee9ng nhu c\u1ea7u c\u1ee5 th\u1ec3 c\u1ee7a b\u1ea1n. T\u00ecm s\u1ea3n ph\u1ea9m ho\u00e0n h\u1ea3o v\u1edbi l\u1eddi khuy\u00ean chuy\u00ean gia v\u00e0 h\u1ed7 tr\u1ee3 kh\u00e1ch h\u00e0ng tuy\u1ec7t v\u1eddi. Mua ngay h\u00f4m nay!\" \/>\n<meta name=\"robots\" content=\"index, follow, max-snippet:-1, max-image-preview:large, max-video-preview:-1\" \/>\n<link rel=\"canonical\" href=\"https:\/\/cheri-heater.com\/vn\/product\/mica-band-heater\/\" \/>\n<meta property=\"og:locale\" content=\"en_US\" \/>\n<meta property=\"og:type\" content=\"article\" \/>\n<meta property=\"og:title\" content=\"Nh\u00e0 S\u1ea3n Xu\u1ea5t M\u00e1y S\u01b0\u1edfi B\u0103ng Mica T\u1ed1t Nh\u1ea5t | Gi\u1ea3i Ph\u00e1p S\u01b0\u1edfi C\u00f4ng Nghi\u1ec7p\" \/>\n<meta property=\"og:description\" content=\"C\u00e1c nh\u00e0 s\u1ea3n xu\u1ea5t m\u00e1y s\u01b0\u1edfi b\u0103ng mica h\u00e0ng \u0111\u1ea7u \u0111\u01b0\u1ee3c bi\u1ebft \u0111\u1ebfn v\u1edbi c\u00e1c gi\u1ea3i ph\u00e1p s\u01b0\u1edfi c\u00f4ng nghi\u1ec7p v\u01b0\u1ee3t tr\u1ed9i. Nh\u1eadn m\u00e1y s\u01b0\u1edfi b\u0103ng mica ch\u1ea5t l\u01b0\u1ee3ng cao, b\u1ec1n v\u00e0 hi\u1ec7u qu\u1ea3 \u0111\u1ec3 \u0111\u00e1p \u1ee9ng nhu c\u1ea7u c\u1ee5 th\u1ec3 c\u1ee7a b\u1ea1n. T\u00ecm s\u1ea3n ph\u1ea9m ho\u00e0n h\u1ea3o v\u1edbi l\u1eddi khuy\u00ean chuy\u00ean gia v\u00e0 h\u1ed7 tr\u1ee3 kh\u00e1ch h\u00e0ng tuy\u1ec7t v\u1eddi. Mua ngay h\u00f4m nay!\" \/>\n<meta property=\"og:url\" content=\"https:\/\/cheri-heater.com\/vn\/product\/mica-band-heater\/\" \/>\n<meta property=\"og:site_name\" content=\"Cheri Heater Technology Co.,Ltd.\" \/>\n<meta property=\"article:modified_time\" content=\"2024-07-27T21:40:50+00:00\" \/>\n<meta property=\"og:image\" content=\"http:\/\/cheri-heater.com\/vn\/wp-content\/uploads\/2024\/06\/\u5fae\u4fe1\u56fe\u7247_202303151536127.jpg\" \/>\n\t<meta property=\"og:image:width\" content=\"760\" \/>\n\t<meta property=\"og:image:height\" content=\"760\" \/>\n\t<meta property=\"og:image:type\" content=\"image\/jpeg\" \/>\n<meta name=\"twitter:card\" content=\"summary_large_image\" \/>\n<meta name=\"twitter:label1\" content=\"Est. reading time\" \/>\n\t<meta name=\"twitter:data1\" content=\"1 minute\" \/>\n<!-- \/ Yoast SEO plugin. -->","yoast_head_json":{"title":"Nh\u00e0 S\u1ea3n Xu\u1ea5t M\u00e1y S\u01b0\u1edfi B\u0103ng Mica T\u1ed1t Nh\u1ea5t | Gi\u1ea3i Ph\u00e1p S\u01b0\u1edfi C\u00f4ng Nghi\u1ec7p","description":"C\u00e1c nh\u00e0 s\u1ea3n xu\u1ea5t m\u00e1y s\u01b0\u1edfi b\u0103ng mica h\u00e0ng \u0111\u1ea7u \u0111\u01b0\u1ee3c bi\u1ebft \u0111\u1ebfn v\u1edbi c\u00e1c gi\u1ea3i ph\u00e1p s\u01b0\u1edfi c\u00f4ng nghi\u1ec7p v\u01b0\u1ee3t tr\u1ed9i. Nh\u1eadn m\u00e1y s\u01b0\u1edfi b\u0103ng mica ch\u1ea5t l\u01b0\u1ee3ng cao, b\u1ec1n v\u00e0 hi\u1ec7u qu\u1ea3 \u0111\u1ec3 \u0111\u00e1p \u1ee9ng nhu c\u1ea7u c\u1ee5 th\u1ec3 c\u1ee7a b\u1ea1n. T\u00ecm s\u1ea3n ph\u1ea9m ho\u00e0n h\u1ea3o v\u1edbi l\u1eddi khuy\u00ean chuy\u00ean gia v\u00e0 h\u1ed7 tr\u1ee3 kh\u00e1ch h\u00e0ng tuy\u1ec7t v\u1eddi. Mua ngay h\u00f4m nay!","robots":{"index":"index","follow":"follow","max-snippet":"max-snippet:-1","max-image-preview":"max-image-preview:large","max-video-preview":"max-video-preview:-1"},"canonical":"https:\/\/cheri-heater.com\/vn\/product\/mica-band-heater\/","og_locale":"en_US","og_type":"article","og_title":"Nh\u00e0 S\u1ea3n Xu\u1ea5t M\u00e1y S\u01b0\u1edfi B\u0103ng Mica T\u1ed1t Nh\u1ea5t | Gi\u1ea3i Ph\u00e1p S\u01b0\u1edfi C\u00f4ng Nghi\u1ec7p","og_description":"C\u00e1c nh\u00e0 s\u1ea3n xu\u1ea5t m\u00e1y s\u01b0\u1edfi b\u0103ng mica h\u00e0ng \u0111\u1ea7u \u0111\u01b0\u1ee3c bi\u1ebft \u0111\u1ebfn v\u1edbi c\u00e1c gi\u1ea3i ph\u00e1p s\u01b0\u1edfi c\u00f4ng nghi\u1ec7p v\u01b0\u1ee3t tr\u1ed9i. Nh\u1eadn m\u00e1y s\u01b0\u1edfi b\u0103ng mica ch\u1ea5t l\u01b0\u1ee3ng cao, b\u1ec1n v\u00e0 hi\u1ec7u qu\u1ea3 \u0111\u1ec3 \u0111\u00e1p \u1ee9ng nhu c\u1ea7u c\u1ee5 th\u1ec3 c\u1ee7a b\u1ea1n. T\u00ecm s\u1ea3n ph\u1ea9m ho\u00e0n h\u1ea3o v\u1edbi l\u1eddi khuy\u00ean chuy\u00ean gia v\u00e0 h\u1ed7 tr\u1ee3 kh\u00e1ch h\u00e0ng tuy\u1ec7t v\u1eddi. Mua ngay h\u00f4m nay!","og_url":"https:\/\/cheri-heater.com\/vn\/product\/mica-band-heater\/","og_site_name":"Cheri Heater Technology Co.,Ltd.","article_modified_time":"2024-07-27T21:40:50+00:00","og_image":[{"width":760,"height":760,"url":"http:\/\/cheri-heater.com\/vn\/wp-content\/uploads\/2024\/06\/\u5fae\u4fe1\u56fe\u7247_202303151536127.jpg","type":"image\/jpeg"}],"twitter_card":"summary_large_image","twitter_misc":{"Est. reading time":"1 minute"},"schema":{"@context":"https:\/\/schema.org","@graph":[{"@type":"WebPage","@id":"https:\/\/cheri-heater.com\/vn\/product\/mica-band-heater\/","url":"https:\/\/cheri-heater.com\/vn\/product\/mica-band-heater\/","name":"Nh\u00e0 S\u1ea3n Xu\u1ea5t M\u00e1y S\u01b0\u1edfi B\u0103ng Mica T\u1ed1t Nh\u1ea5t | Gi\u1ea3i Ph\u00e1p S\u01b0\u1edfi C\u00f4ng Nghi\u1ec7p","isPartOf":{"@id":"https:\/\/cheri-heater.com\/vn\/#website"},"primaryImageOfPage":{"@id":"https:\/\/cheri-heater.com\/vn\/product\/mica-band-heater\/#primaryimage"},"image":{"@id":"https:\/\/cheri-heater.com\/vn\/product\/mica-band-heater\/#primaryimage"},"thumbnailUrl":"https:\/\/cheri-heater.com\/vn\/wp-content\/uploads\/2024\/06\/\u5fae\u4fe1\u56fe\u7247_202303151536127.jpg","datePublished":"2024-06-03T18:11:47+00:00","dateModified":"2024-07-27T21:40:50+00:00","description":"C\u00e1c nh\u00e0 s\u1ea3n xu\u1ea5t m\u00e1y s\u01b0\u1edfi b\u0103ng mica h\u00e0ng \u0111\u1ea7u \u0111\u01b0\u1ee3c bi\u1ebft \u0111\u1ebfn v\u1edbi c\u00e1c gi\u1ea3i ph\u00e1p s\u01b0\u1edfi c\u00f4ng nghi\u1ec7p v\u01b0\u1ee3t tr\u1ed9i. Nh\u1eadn m\u00e1y s\u01b0\u1edfi b\u0103ng mica ch\u1ea5t l\u01b0\u1ee3ng cao, b\u1ec1n v\u00e0 hi\u1ec7u qu\u1ea3 \u0111\u1ec3 \u0111\u00e1p \u1ee9ng nhu c\u1ea7u c\u1ee5 th\u1ec3 c\u1ee7a b\u1ea1n. T\u00ecm s\u1ea3n ph\u1ea9m ho\u00e0n h\u1ea3o v\u1edbi l\u1eddi khuy\u00ean chuy\u00ean gia v\u00e0 h\u1ed7 tr\u1ee3 kh\u00e1ch h\u00e0ng tuy\u1ec7t v\u1eddi. Mua ngay h\u00f4m nay!","breadcrumb":{"@id":"https:\/\/cheri-heater.com\/vn\/product\/mica-band-heater\/#breadcrumb"},"inLanguage":"en-US","potentialAction":[{"@type":"ReadAction","target":["https:\/\/cheri-heater.com\/vn\/product\/mica-band-heater\/"]}]},{"@type":"ImageObject","inLanguage":"en-US","@id":"https:\/\/cheri-heater.com\/vn\/product\/mica-band-heater\/#primaryimage","url":"https:\/\/cheri-heater.com\/vn\/wp-content\/uploads\/2024\/06\/\u5fae\u4fe1\u56fe\u7247_202303151536127.jpg","contentUrl":"https:\/\/cheri-heater.com\/vn\/wp-content\/uploads\/2024\/06\/\u5fae\u4fe1\u56fe\u7247_202303151536127.jpg","width":760,"height":760},{"@type":"BreadcrumbList","@id":"https:\/\/cheri-heater.com\/vn\/product\/mica-band-heater\/#breadcrumb","itemListElement":[{"@type":"ListItem","position":1,"name":"Home","item":"https:\/\/cheri-heater.com\/vn\/"},{"@type":"ListItem","position":2,"name":"Products","item":"https:\/\/cheri-heater.com\/vn\/products\/"},{"@type":"ListItem","position":3,"name":"m\u00e1y s\u01b0\u1edfi b\u0103ng mica"}]},{"@type":"WebSite","@id":"https:\/\/cheri-heater.com\/vn\/#website","url":"https:\/\/cheri-heater.com\/vn\/","name":"Cheri Heater Technology Co.,Ltd.","description":"","publisher":{"@id":"https:\/\/cheri-heater.com\/vn\/#organization"},"potentialAction":[{"@type":"SearchAction","target":{"@type":"EntryPoint","urlTemplate":"https:\/\/cheri-heater.com\/vn\/?s={search_term_string}"},"query-input":{"@type":"PropertyValueSpecification","valueRequired":true,"valueName":"search_term_string"}}],"inLanguage":"en-US"},{"@type":"Organization","@id":"https:\/\/cheri-heater.com\/vn\/#organization","name":"Cheri Heater Technology Co.,Ltd.","url":"https:\/\/cheri-heater.com\/vn\/","logo":{"@type":"ImageObject","inLanguage":"en-US","@id":"https:\/\/cheri-heater.com\/vn\/#\/schema\/logo\/image\/","url":"https:\/\/cheri-heater.com\/vn\/wp-content\/uploads\/2024\/06\/cropped-logo-resize.png","contentUrl":"https:\/\/cheri-heater.com\/vn\/wp-content\/uploads\/2024\/06\/cropped-logo-resize.png","width":346,"height":99,"caption":"Cheri Heater Technology Co.,Ltd."},"image":{"@id":"https:\/\/cheri-heater.com\/vn\/#\/schema\/logo\/image\/"}}]}},"_links":{"self":[{"href":"https:\/\/cheri-heater.com\/vn\/wp-json\/wp\/v2\/product\/857","targetHints":{"allow":["GET"]}}],"collection":[{"href":"https:\/\/cheri-heater.com\/vn\/wp-json\/wp\/v2\/product"}],"about":[{"href":"https:\/\/cheri-heater.com\/vn\/wp-json\/wp\/v2\/types\/product"}],"wp:featuredmedia":[{"embeddable":true,"href":"https:\/\/cheri-heater.com\/vn\/wp-json\/wp\/v2\/media\/870"}],"wp:attachment":[{"href":"https:\/\/cheri-heater.com\/vn\/wp-json\/wp\/v2\/media?parent=857"}],"wp:term":[{"taxonomy":"product_brand","embeddable":true,"href":"https:\/\/cheri-heater.com\/vn\/wp-json\/wp\/v2\/product_brand?post=857"},{"taxonomy":"product_cat","embeddable":true,"href":"https:\/\/cheri-heater.com\/vn\/wp-json\/wp\/v2\/product_cat?post=857"},{"taxonomy":"product_tag","embeddable":true,"href":"https:\/\/cheri-heater.com\/vn\/wp-json\/wp\/v2\/product_tag?post=857"}],"curies":[{"name":"wp","href":"https:\/\/api.w.org\/{rel}","templated":true}]}}