{"id":916,"date":"2024-06-04T18:00:13","date_gmt":"2024-06-04T18:00:13","guid":{"rendered":"https:\/\/cheri-heater.com\/vn\/?post_type=product&#038;p=916"},"modified":"2024-07-27T21:51:58","modified_gmt":"2024-07-27T21:51:58","slug":"cartridge-heater-for-3d-printer","status":"publish","type":"product","link":"https:\/\/cheri-heater.com\/vn\/product\/cartridge-heater-for-3d-printer\/","title":{"rendered":"M\u00e1y s\u01b0\u1edfi h\u1ed9p m\u1ef1c cho m\u00e1y in 3D"},"content":{"rendered":"<table width=\"745\" cellspacing=\"0\" cellpadding=\"0\">\n<tbody>\n<tr>\n<td bgcolor=\"#ffffff\" width=\"291\" height=\"23\">\n<p class=\"western\" align=\"center\"><span style=\"font-size: medium;\"><span style=\"font-family: Arial, sans-serif;\">D\u00e2y s\u01b0\u1edfi \u0111i\u1ec7n tr\u1edf<\/span><\/span><\/p>\n<\/td>\n<td bgcolor=\"#ffffff\" width=\"452\">\n<p class=\"western\" align=\"center\"><span style=\"font-size: medium;\"><span style=\"font-family: Arial, sans-serif;\">D\u00e2y NiCr 80\/20<\/span><\/span><\/p>\n<\/td>\n<\/tr>\n<tr>\n<td bgcolor=\"#ffffff\" width=\"291\" height=\"24\">\n<p class=\"western\" align=\"center\"><span style=\"font-size: medium;\"><span style=\"font-family: Arial, sans-serif;\">Dung sai c\u00f4ng su\u1ea5t<\/span><\/span><\/p>\n<\/td>\n<td bgcolor=\"#ffffff\" width=\"452\">\n<p class=\"western\" align=\"center\"><span style=\"font-size: medium;\"><span style=\"font-family: Arial, sans-serif;\">+5%, -10%<\/span><\/span><\/p>\n<\/td>\n<\/tr>\n<tr>\n<td bgcolor=\"#ffffff\" width=\"291\" height=\"24\">\n<p class=\"western\" align=\"center\"><span style=\"font-size: medium;\"><span style=\"font-family: Arial, sans-serif;\">Dung sai \u0111i\u1ec7n tr\u1edf<\/span><\/span><\/p>\n<\/td>\n<td bgcolor=\"#ffffff\" width=\"452\">\n<p class=\"western\" align=\"center\"><span style=\"font-size: medium;\"><span style=\"font-family: Arial, sans-serif;\">+10%, -5%<\/span><\/span><\/p>\n<\/td>\n<\/tr>\n<tr>\n<td bgcolor=\"#ffffff\" width=\"291\" height=\"24\">\n<p class=\"western\" align=\"center\"><span style=\"font-size: medium;\"><span style=\"font-family: Arial, sans-serif;\">Dung sai chi\u1ec1u d\u00e0i<\/span><\/span><\/p>\n<\/td>\n<td bgcolor=\"#ffffff\" width=\"452\">\n<p class=\"western\" align=\"center\"><span style=\"font-size: medium;\"><span style=\"font-family: Arial, sans-serif;\">\u00b11 mm<\/span><\/span><\/p>\n<\/td>\n<\/tr>\n<tr>\n<td bgcolor=\"#ffffff\" width=\"291\" height=\"24\">\n<p class=\"western\" align=\"center\"><span style=\"font-size: medium;\"><span style=\"font-family: Arial, sans-serif;\">Dung sai \u0111\u01b0\u1eddng k\u00ednh<\/span><\/span><\/p>\n<\/td>\n<td bgcolor=\"#ffffff\" width=\"452\">\n<p class=\"western\" align=\"center\"><span style=\"font-size: medium;\"><span style=\"font-family: Arial, sans-serif;\">-0.02mm<\/span><\/span><\/p>\n<\/td>\n<\/tr>\n<tr>\n<td bgcolor=\"#ffffff\" width=\"291\" height=\"24\">\n<p class=\"western\" align=\"center\"><span style=\"font-size: medium;\"><span style=\"font-family: Arial, sans-serif;\">V\u00f9ng l\u1ea1nh ti\u00eau chu\u1ea9n<\/span><\/span><\/p>\n<\/td>\n<td bgcolor=\"#ffffff\" width=\"452\">\n<p class=\"western\" align=\"center\"><span style=\"font-size: medium;\"><span style=\"font-family: Arial, sans-serif;\">5-10mm<\/span><\/span><\/p>\n<\/td>\n<\/tr>\n<tr>\n<td bgcolor=\"#ffffff\" width=\"291\" height=\"24\">\n<p class=\"western\" align=\"center\"><span style=\"font-size: medium;\"><span style=\"font-family: Arial, sans-serif;\">\u0110i\u1ec7n tr\u1edf c\u00e1ch \u0111i\u1ec7n (l\u1ea1nh)<\/span><\/span><\/p>\n<\/td>\n<td bgcolor=\"#ffffff\" width=\"452\">\n<p class=\"western\" align=\"center\">\u2265 <span style=\"font-family: Arial, sans-serif;\"><span style=\"font-size: medium;\">500 M\u03a9<\/span><\/span><\/p>\n<\/td>\n<\/tr>\n<tr>\n<td bgcolor=\"#ffffff\" width=\"291\" height=\"24\">\n<p class=\"western\" align=\"center\"><span style=\"font-size: medium;\"><span style=\"font-family: Arial, sans-serif;\">D\u00f2ng r\u00f2 t\u1ed1i \u0111a (l\u1ea1nh)<\/span><\/span><\/p>\n<\/td>\n<td bgcolor=\"#ffffff\" width=\"452\">\n<p class=\"western\" align=\"center\">\u2264 <span style=\"font-family: Arial, sans-serif;\"><span style=\"font-size: medium;\">0.5 mA<\/span><\/span><\/p>\n<\/td>\n<\/tr>\n<tr>\n<td bgcolor=\"#ffffff\" width=\"291\" height=\"28\">\n<p class=\"western\" align=\"center\"><span style=\"font-size: medium;\"><span style=\"font-family: Arial, sans-serif;\">V\u1ecb tr\u00ed c\u1eb7p nhi\u1ec7t \u0111i\u1ec7n<\/span><\/span><\/p>\n<\/td>\n<td bgcolor=\"#ffffff\" width=\"452\">\n<p class=\"western\" align=\"center\"><span style=\"font-size: medium;\"><span style=\"font-family: Arial, sans-serif;\">Lo\u1ea1i J \/ K \/ D\u00e2y n\u1ed1i \u0111\u1ea5t<\/span><\/span><\/p>\n<\/td>\n<\/tr>\n<\/tbody>\n<\/table>\n<p><img fetchpriority=\"high\" decoding=\"async\" class=\"aligncenter size-full wp-image-931\" src=\"http:\/\/cheri-heater.com\/vn\/wp-content\/uploads\/2024\/06\/description1-1.jpg\" alt=\"\" width=\"750\" height=\"750\" srcset=\"https:\/\/cheri-heater.com\/vn\/wp-content\/uploads\/2024\/06\/description1-1.jpg 750w, https:\/\/cheri-heater.com\/vn\/wp-content\/uploads\/2024\/06\/description1-1-300x300.jpg 300w, https:\/\/cheri-heater.com\/vn\/wp-content\/uploads\/2024\/06\/description1-1-100x100.jpg 100w, https:\/\/cheri-heater.com\/vn\/wp-content\/uploads\/2024\/06\/description1-1-600x600.jpg 600w, https:\/\/cheri-heater.com\/vn\/wp-content\/uploads\/2024\/06\/description1-1-150x150.jpg 150w\" sizes=\"(max-width: 750px) 100vw, 750px\" \/><br \/>\n<img decoding=\"async\" class=\"aligncenter size-full wp-image-930 lazyload\" data-src=\"http:\/\/cheri-heater.com\/vn\/wp-content\/uploads\/2024\/06\/description2-1.jpg\" alt=\"\" width=\"746\" height=\"607\" data-srcset=\"https:\/\/cheri-heater.com\/vn\/wp-content\/uploads\/2024\/06\/description2-1.jpg 746w, https:\/\/cheri-heater.com\/vn\/wp-content\/uploads\/2024\/06\/description2-1-600x488.jpg 600w, https:\/\/cheri-heater.com\/vn\/wp-content\/uploads\/2024\/06\/description2-1-300x244.jpg 300w\" data-sizes=\"(max-width: 746px) 100vw, 746px\" src=\"data:image\/svg+xml;base64,PHN2ZyB3aWR0aD0iMSIgaGVpZ2h0PSIxIiB4bWxucz0iaHR0cDovL3d3dy53My5vcmcvMjAwMC9zdmciPjwvc3ZnPg==\" style=\"--smush-placeholder-width: 746px; --smush-placeholder-aspect-ratio: 746\/607;\" \/><br \/>\n<img decoding=\"async\" class=\"aligncenter size-full wp-image-929 lazyload\" data-src=\"http:\/\/cheri-heater.com\/vn\/wp-content\/uploads\/2024\/06\/description3-1.jpg\" alt=\"\" width=\"752\" height=\"671\" data-srcset=\"https:\/\/cheri-heater.com\/vn\/wp-content\/uploads\/2024\/06\/description3-1.jpg 752w, https:\/\/cheri-heater.com\/vn\/wp-content\/uploads\/2024\/06\/description3-1-600x535.jpg 600w, https:\/\/cheri-heater.com\/vn\/wp-content\/uploads\/2024\/06\/description3-1-300x268.jpg 300w\" data-sizes=\"(max-width: 752px) 100vw, 752px\" src=\"data:image\/svg+xml;base64,PHN2ZyB3aWR0aD0iMSIgaGVpZ2h0PSIxIiB4bWxucz0iaHR0cDovL3d3dy53My5vcmcvMjAwMC9zdmciPjwvc3ZnPg==\" style=\"--smush-placeholder-width: 752px; --smush-placeholder-aspect-ratio: 752\/671;\" \/><br \/>\n<img decoding=\"async\" class=\"aligncenter size-full wp-image-928 lazyload\" data-src=\"http:\/\/cheri-heater.com\/vn\/wp-content\/uploads\/2024\/06\/description4-1.jpg\" alt=\"\" width=\"960\" height=\"877\" data-srcset=\"https:\/\/cheri-heater.com\/vn\/wp-content\/uploads\/2024\/06\/description4-1.jpg 960w, https:\/\/cheri-heater.com\/vn\/wp-content\/uploads\/2024\/06\/description4-1-600x548.jpg 600w, https:\/\/cheri-heater.com\/vn\/wp-content\/uploads\/2024\/06\/description4-1-300x274.jpg 300w, https:\/\/cheri-heater.com\/vn\/wp-content\/uploads\/2024\/06\/description4-1-768x702.jpg 768w\" data-sizes=\"(max-width: 960px) 100vw, 960px\" src=\"data:image\/svg+xml;base64,PHN2ZyB3aWR0aD0iMSIgaGVpZ2h0PSIxIiB4bWxucz0iaHR0cDovL3d3dy53My5vcmcvMjAwMC9zdmciPjwvc3ZnPg==\" style=\"--smush-placeholder-width: 960px; --smush-placeholder-aspect-ratio: 960\/877;\" \/><br \/>\n<img decoding=\"async\" class=\"aligncenter size-full wp-image-927 lazyload\" data-src=\"http:\/\/cheri-heater.com\/vn\/wp-content\/uploads\/2024\/06\/description5-1.jpg\" alt=\"\" width=\"960\" height=\"679\" data-srcset=\"https:\/\/cheri-heater.com\/vn\/wp-content\/uploads\/2024\/06\/description5-1.jpg 960w, https:\/\/cheri-heater.com\/vn\/wp-content\/uploads\/2024\/06\/description5-1-600x424.jpg 600w, https:\/\/cheri-heater.com\/vn\/wp-content\/uploads\/2024\/06\/description5-1-300x212.jpg 300w, https:\/\/cheri-heater.com\/vn\/wp-content\/uploads\/2024\/06\/description5-1-768x543.jpg 768w\" data-sizes=\"(max-width: 960px) 100vw, 960px\" src=\"data:image\/svg+xml;base64,PHN2ZyB3aWR0aD0iMSIgaGVpZ2h0PSIxIiB4bWxucz0iaHR0cDovL3d3dy53My5vcmcvMjAwMC9zdmciPjwvc3ZnPg==\" style=\"--smush-placeholder-width: 960px; --smush-placeholder-aspect-ratio: 960\/679;\" \/><\/p>\n","protected":false},"excerpt":{"rendered":"<h2><span lang=\"EN\" style=\"color: #000000;\">Nh\u00e0 S\u1ea3n Xu\u1ea5t M\u00e1y S\u01b0\u1edfi M\u00e1y In 3D T\u1ed1t Nh\u1ea5t<\/span><\/h2>\n<p class=\"Normal1\"><span lang=\"EN\" style=\"color: #000000;\">C\u00f4ng ty Cheri Heater l\u00e0 nh\u00e0 s\u1ea3n xu\u1ea5t m\u00e1y s\u01b0\u1edfi m\u00e1y in 3D h\u00e0ng \u0111\u1ea7u v\u1edbi quy tr\u00ecnh ch\u1ea5t l\u01b0\u1ee3ng nghi\u00eam ng\u1eb7t. S\u1ea3n ph\u1ea9m c\u1ee7a ch\u00fang t\u00f4i n\u1ed5i ti\u1ebfng v\u1ec1 ti\u00eau chu\u1ea9n ch\u1ea5t l\u01b0\u1ee3ng cao, mang l\u1ea1i s\u1ef1 an to\u00e0n v\u00e0 \u0111\u1ed9 tin c\u1eady.<\/span><\/p>\n<h3><span style=\"color: #000000;\"><a style=\"color: #000000;\" name=\"_h8hnhmuopb04\"><\/a><span lang=\"EN\">M\u00e1y S\u01b0\u1edfi M\u00e1y In 3D L\u00e0 G\u00ec?<\/span><\/span><\/h3>\n<p class=\"Normal1\"><span lang=\"EN\" style=\"color: #000000;\">M\u00e1y s\u01b0\u1edfi m\u00e1y in 3D l\u00e0 m\u1ed9t lo\u1ea1i c\u1ee5 th\u1ec3 \u0111\u01b0\u1ee3c thi\u1ebft k\u1ebf \u0111\u1ec3 s\u1eed d\u1ee5ng trong m\u00e1y in 3D. N\u00f3 ch\u1ecbu tr\u00e1ch nhi\u1ec7m l\u00e0m n\u00f3ng \u0111\u1ea7u phun v\u00e0 l\u00e0m ch\u1ea3y v\u1eadt li\u1ec7u s\u1ee3i tr\u01b0\u1edbc khi \u0111\u00f9n. Ch\u00fang c\u00f3 d\u1ea1ng h\u00ecnh tr\u1ee5 nh\u1ecf g\u1ecdn \u0111\u1ec3 l\u1eafp v\u1eeba v\u1eb7n v\u00e0o b\u1ed9 ph\u1eadn \u0111\u1ea7u n\u00f3ng.<\/span><\/p>\n<h3><span style=\"color: #000000;\"><a style=\"color: #000000;\" name=\"_q69mu7xpqrm\"><\/a><span lang=\"EN\">L\u1ee3i \u00cdch C\u1ee7a M\u00e1y S\u01b0\u1edfi M\u00e1y In 3D<\/span><\/span><\/h3>\n<p class=\"Normal1\"><span lang=\"EN\" style=\"color: #000000;\">C\u00f4ng ty Cheri Heater \u0111\u01b0\u1ee3c bi\u1ebft \u0111\u1ebfn l\u00e0 nh\u00e0 s\u1ea3n xu\u1ea5t m\u00e1y s\u01b0\u1edfi m\u00e1y in 3D \u0111\u00e1ng tin c\u1eady. C\u00e1c m\u00e1y s\u01b0\u1edfi c\u1ee7a ch\u00fang t\u00f4i \u0111\u00e3 ch\u1ee9ng minh kh\u1ea3 n\u0103ng duy tr\u00ec nhi\u1ec7t \u0111\u1ed9 t\u1eeb 200\u00b0C \u0111\u1ebfn 300\u00b0C. Ch\u00fang c\u00f3 kh\u1ea3 n\u0103ng ki\u1ec3m so\u00e1t nhi\u1ec7t \u0111\u1ed9 ch\u00ednh x\u00e1c v\u00e0 \u1ed5n \u0111\u1ecbnh th\u00f4ng qua c\u00e1c c\u1ea3m bi\u1ebfn nhi\u1ec7t \u0111\u1ed9 v\u00e0 b\u1ed9 \u0111i\u1ec1u khi\u1ec3n.<\/span><\/p>\n<p class=\"Normal1\"><span lang=\"EN\" style=\"color: #000000;\">M\u00e1y s\u01b0\u1edfi c\u1ee7a ch\u00fang t\u00f4i gi\u00fap ti\u1ebft ki\u1ec7m th\u1eddi gian b\u1eb1ng c\u00e1ch cho ph\u00e9p m\u00e1y in \u0111\u1ea1t \u0111\u1ebfn nhi\u1ec7t \u0111\u1ed9 in y\u00eau c\u1ea7u m\u1ed9t c\u00e1ch nhanh ch\u00f3ng. C\u00e1c m\u00e1y s\u01b0\u1edfi cartridge cho m\u00e1y in 3D c\u1ee7a ch\u00fang t\u00f4i \u0111\u01b0\u1ee3c l\u00e0m t\u1eeb v\u1eadt li\u1ec7u ch\u1ea5t l\u01b0\u1ee3ng cao \u0111\u1ec3 \u0111\u1ea3m b\u1ea3o \u0111\u1ed9 b\u1ec1n v\u00e0 kh\u1ea3 n\u0103ng ch\u1ed1ng m\u00f2n ngay c\u1ea3 trong qu\u00e1 tr\u00ecnh s\u1eed d\u1ee5ng k\u00e9o d\u00e0i.<\/span><\/p>\n<h3><span style=\"color: #000000;\"><a style=\"color: #000000;\" name=\"_wq8x5862et7r\"><\/a><span lang=\"EN\">\u1ee8ng D\u1ee5ng C\u1ee7a M\u00e1y S\u01b0\u1edfi M\u00e1y In 3D<\/span><\/span><\/h3>\n<p class=\"Normal1\"><span lang=\"EN\"><span style=\"color: #000000;\">Vi\u1ec7c s\u1eed d\u1ee5ng c\u00e1c m\u00e1y s\u01b0\u1edfi cartridge t\u01b0\u01a1ng th\u00edch v\u00e0 ch\u1ea5t l\u01b0\u1ee3ng cao trong m\u00e1y in 3D l\u00e0 r\u1ea5t quan tr\u1ecdng \u0111\u1ec3 \u0111\u1ea3m b\u1ea3o k\u1ebft qu\u1ea3 in \u1ed5n \u0111\u1ecbnh v\u00e0 nh\u1ea5t qu\u00e1n. \u0110\u01a1n v\u1ecb s\u1ea3n xu\u1ea5t m\u00e1y s\u01b0\u1edfi m\u00e1y in 3D c\u1ee7a ch\u00fang t\u00f4i s\u1ea3n xu\u1ea5t c\u00e1c lo\u1ea1i m\u00e1y s\u01b0\u1edfi kh\u00e1c nhau d\u1ef1a tr\u00ean th\u00f4ng s\u1ed1 k\u1ef9 thu\u1eadt c\u1ee7a m\u00e1y in. In 3D \u0111\u00e3 th\u1ea5y s\u1ef1 ph\u00e1t tri\u1ec3n nhanh ch\u00f3ng \u0111\u00e1ng k\u1ec3 v\u00ec n\u00f3 \u0111\u00e3 th\u00edch nghi v\u1edbi c\u00f4ng ngh\u1ec7. N\u00f3 \u0111\u01b0\u1ee3c s\u1eed d\u1ee5ng r\u1ed9ng r\u00e3i trong qu\u1ea3ng c\u00e1o, nh\u00e3n hi\u1ec7u th\u01b0\u01a1ng hi\u1ec7u, c\u1ea3nh th\u1ef1c t\u1ebf \u1ea3o, v\u00e0 nhi\u1ec1u ng\u00e0nh c\u00f4ng nghi\u1ec7p kh\u00e1c. M\u00e1y s\u01b0\u1edfi m\u00e1y in 3D l\u00e0 m\u1ed9t thi\u1ebft b\u1ecb quan tr\u1ecdng \u0111\u1ec3 \u0111\u1ea3m b\u1ea3o ch\u1ea5t l\u01b0\u1ee3ng in \u1ea5n.<\/span><\/span><\/p>\n","protected":false},"featured_media":938,"template":"","meta":[],"product_brand":[],"product_cat":[21],"product_tag":[152],"class_list":{"0":"post-916","1":"product","2":"type-product","3":"status-publish","4":"has-post-thumbnail","6":"product_cat-cartridge-heater","7":"product_tag-cartridge-heater-for-3d-printer","9":"first","10":"instock","11":"shipping-taxable","12":"product-type-simple"},"yoast_head":"<!-- This site is optimized with the Yoast SEO plugin v27.4 - https:\/\/yoast.com\/product\/yoast-seo-wordpress\/ -->\n<title>Nh\u00e0 S\u1ea3n Xu\u1ea5t M\u00e1y S\u01b0\u1edfi M\u00e1y In 3D Ch\u1ea5t L\u01b0\u1ee3ng Cao | Cheri-heater.com<\/title>\n<meta name=\"description\" content=\"C\u00e1c nh\u00e0 s\u1ea3n xu\u1ea5t m\u00e1y s\u01b0\u1edfi m\u00e1y in 3D h\u00e0ng \u0111\u1ea7u cung c\u1ea5p c\u00e1c gi\u1ea3i ph\u00e1p s\u01b0\u1edfi \u1ea5m \u0111\u00e1ng tin c\u1eady, ch\u00ednh x\u00e1c \u0111\u1ec3 \u0111\u1ea1t hi\u1ec7u su\u1ea5t in 3D t\u1ed1i \u01b0u. Li\u00ean h\u1ec7 v\u1edbi ch\u00fang t\u00f4i \u0111\u1ec3 c\u00f3 thi\u1ebft k\u1ebf t\u00f9y ch\u1ec9nh!\" \/>\n<meta name=\"robots\" content=\"index, follow, max-snippet:-1, max-image-preview:large, max-video-preview:-1\" \/>\n<link rel=\"canonical\" href=\"https:\/\/cheri-heater.com\/vn\/product\/cartridge-heater-for-3d-printer\/\" \/>\n<meta property=\"og:locale\" content=\"en_US\" \/>\n<meta property=\"og:type\" content=\"article\" \/>\n<meta property=\"og:title\" content=\"Nh\u00e0 S\u1ea3n Xu\u1ea5t M\u00e1y S\u01b0\u1edfi M\u00e1y In 3D Ch\u1ea5t L\u01b0\u1ee3ng Cao | Cheri-heater.com\" \/>\n<meta property=\"og:description\" content=\"C\u00e1c nh\u00e0 s\u1ea3n xu\u1ea5t m\u00e1y s\u01b0\u1edfi m\u00e1y in 3D h\u00e0ng \u0111\u1ea7u cung c\u1ea5p c\u00e1c gi\u1ea3i ph\u00e1p s\u01b0\u1edfi \u1ea5m \u0111\u00e1ng tin c\u1eady, ch\u00ednh x\u00e1c \u0111\u1ec3 \u0111\u1ea1t hi\u1ec7u su\u1ea5t in 3D t\u1ed1i \u01b0u. Li\u00ean h\u1ec7 v\u1edbi ch\u00fang t\u00f4i \u0111\u1ec3 c\u00f3 thi\u1ebft k\u1ebf t\u00f9y ch\u1ec9nh!\" \/>\n<meta property=\"og:url\" content=\"https:\/\/cheri-heater.com\/vn\/product\/cartridge-heater-for-3d-printer\/\" \/>\n<meta property=\"og:site_name\" content=\"Cheri Heater Technology Co.,Ltd.\" \/>\n<meta property=\"article:modified_time\" content=\"2024-07-27T21:51:58+00:00\" \/>\n<meta property=\"og:image\" content=\"http:\/\/cheri-heater.com\/vn\/wp-content\/uploads\/2024\/06\/Cheri-Electrothermal-Equipment-Limited-Company-31.jpg\" \/>\n\t<meta property=\"og:image:width\" content=\"786\" \/>\n\t<meta property=\"og:image:height\" content=\"572\" \/>\n\t<meta property=\"og:image:type\" content=\"image\/jpeg\" \/>\n<meta name=\"twitter:card\" content=\"summary_large_image\" \/>\n<meta name=\"twitter:label1\" content=\"Est. reading time\" \/>\n\t<meta name=\"twitter:data1\" content=\"2 minutes\" \/>\n<!-- \/ Yoast SEO plugin. -->","yoast_head_json":{"title":"Nh\u00e0 S\u1ea3n Xu\u1ea5t M\u00e1y S\u01b0\u1edfi M\u00e1y In 3D Ch\u1ea5t L\u01b0\u1ee3ng Cao | Cheri-heater.com","description":"C\u00e1c nh\u00e0 s\u1ea3n xu\u1ea5t m\u00e1y s\u01b0\u1edfi m\u00e1y in 3D h\u00e0ng \u0111\u1ea7u cung c\u1ea5p c\u00e1c gi\u1ea3i ph\u00e1p s\u01b0\u1edfi \u1ea5m \u0111\u00e1ng tin c\u1eady, ch\u00ednh x\u00e1c \u0111\u1ec3 \u0111\u1ea1t hi\u1ec7u su\u1ea5t in 3D t\u1ed1i \u01b0u. Li\u00ean h\u1ec7 v\u1edbi ch\u00fang t\u00f4i \u0111\u1ec3 c\u00f3 thi\u1ebft k\u1ebf t\u00f9y ch\u1ec9nh!","robots":{"index":"index","follow":"follow","max-snippet":"max-snippet:-1","max-image-preview":"max-image-preview:large","max-video-preview":"max-video-preview:-1"},"canonical":"https:\/\/cheri-heater.com\/vn\/product\/cartridge-heater-for-3d-printer\/","og_locale":"en_US","og_type":"article","og_title":"Nh\u00e0 S\u1ea3n Xu\u1ea5t M\u00e1y S\u01b0\u1edfi M\u00e1y In 3D Ch\u1ea5t L\u01b0\u1ee3ng Cao | Cheri-heater.com","og_description":"C\u00e1c nh\u00e0 s\u1ea3n xu\u1ea5t m\u00e1y s\u01b0\u1edfi m\u00e1y in 3D h\u00e0ng \u0111\u1ea7u cung c\u1ea5p c\u00e1c gi\u1ea3i ph\u00e1p s\u01b0\u1edfi \u1ea5m \u0111\u00e1ng tin c\u1eady, ch\u00ednh x\u00e1c \u0111\u1ec3 \u0111\u1ea1t hi\u1ec7u su\u1ea5t in 3D t\u1ed1i \u01b0u. Li\u00ean h\u1ec7 v\u1edbi ch\u00fang t\u00f4i \u0111\u1ec3 c\u00f3 thi\u1ebft k\u1ebf t\u00f9y ch\u1ec9nh!","og_url":"https:\/\/cheri-heater.com\/vn\/product\/cartridge-heater-for-3d-printer\/","og_site_name":"Cheri Heater Technology Co.,Ltd.","article_modified_time":"2024-07-27T21:51:58+00:00","og_image":[{"width":786,"height":572,"url":"http:\/\/cheri-heater.com\/vn\/wp-content\/uploads\/2024\/06\/Cheri-Electrothermal-Equipment-Limited-Company-31.jpg","type":"image\/jpeg"}],"twitter_card":"summary_large_image","twitter_misc":{"Est. reading time":"2 minutes"},"schema":{"@context":"https:\/\/schema.org","@graph":[{"@type":"WebPage","@id":"https:\/\/cheri-heater.com\/vn\/product\/cartridge-heater-for-3d-printer\/","url":"https:\/\/cheri-heater.com\/vn\/product\/cartridge-heater-for-3d-printer\/","name":"Nh\u00e0 S\u1ea3n Xu\u1ea5t M\u00e1y S\u01b0\u1edfi M\u00e1y In 3D Ch\u1ea5t L\u01b0\u1ee3ng Cao | Cheri-heater.com","isPartOf":{"@id":"https:\/\/cheri-heater.com\/vn\/#website"},"primaryImageOfPage":{"@id":"https:\/\/cheri-heater.com\/vn\/product\/cartridge-heater-for-3d-printer\/#primaryimage"},"image":{"@id":"https:\/\/cheri-heater.com\/vn\/product\/cartridge-heater-for-3d-printer\/#primaryimage"},"thumbnailUrl":"https:\/\/cheri-heater.com\/vn\/wp-content\/uploads\/2024\/06\/Cheri-Electrothermal-Equipment-Limited-Company-31.jpg","datePublished":"2024-06-04T18:00:13+00:00","dateModified":"2024-07-27T21:51:58+00:00","description":"C\u00e1c nh\u00e0 s\u1ea3n xu\u1ea5t m\u00e1y s\u01b0\u1edfi m\u00e1y in 3D h\u00e0ng \u0111\u1ea7u cung c\u1ea5p c\u00e1c gi\u1ea3i ph\u00e1p s\u01b0\u1edfi \u1ea5m \u0111\u00e1ng tin c\u1eady, ch\u00ednh x\u00e1c \u0111\u1ec3 \u0111\u1ea1t hi\u1ec7u su\u1ea5t in 3D t\u1ed1i \u01b0u. Li\u00ean h\u1ec7 v\u1edbi ch\u00fang t\u00f4i \u0111\u1ec3 c\u00f3 thi\u1ebft k\u1ebf t\u00f9y ch\u1ec9nh!","breadcrumb":{"@id":"https:\/\/cheri-heater.com\/vn\/product\/cartridge-heater-for-3d-printer\/#breadcrumb"},"inLanguage":"en-US","potentialAction":[{"@type":"ReadAction","target":["https:\/\/cheri-heater.com\/vn\/product\/cartridge-heater-for-3d-printer\/"]}]},{"@type":"ImageObject","inLanguage":"en-US","@id":"https:\/\/cheri-heater.com\/vn\/product\/cartridge-heater-for-3d-printer\/#primaryimage","url":"https:\/\/cheri-heater.com\/vn\/wp-content\/uploads\/2024\/06\/Cheri-Electrothermal-Equipment-Limited-Company-31.jpg","contentUrl":"https:\/\/cheri-heater.com\/vn\/wp-content\/uploads\/2024\/06\/Cheri-Electrothermal-Equipment-Limited-Company-31.jpg","width":786,"height":572},{"@type":"BreadcrumbList","@id":"https:\/\/cheri-heater.com\/vn\/product\/cartridge-heater-for-3d-printer\/#breadcrumb","itemListElement":[{"@type":"ListItem","position":1,"name":"Home","item":"https:\/\/cheri-heater.com\/vn\/"},{"@type":"ListItem","position":2,"name":"Products","item":"https:\/\/cheri-heater.com\/vn\/products\/"},{"@type":"ListItem","position":3,"name":"M\u00e1y s\u01b0\u1edfi h\u1ed9p m\u1ef1c cho m\u00e1y in 3D"}]},{"@type":"WebSite","@id":"https:\/\/cheri-heater.com\/vn\/#website","url":"https:\/\/cheri-heater.com\/vn\/","name":"Cheri Heater Technology Co.,Ltd.","description":"","publisher":{"@id":"https:\/\/cheri-heater.com\/vn\/#organization"},"potentialAction":[{"@type":"SearchAction","target":{"@type":"EntryPoint","urlTemplate":"https:\/\/cheri-heater.com\/vn\/?s={search_term_string}"},"query-input":{"@type":"PropertyValueSpecification","valueRequired":true,"valueName":"search_term_string"}}],"inLanguage":"en-US"},{"@type":"Organization","@id":"https:\/\/cheri-heater.com\/vn\/#organization","name":"Cheri Heater Technology Co.,Ltd.","url":"https:\/\/cheri-heater.com\/vn\/","logo":{"@type":"ImageObject","inLanguage":"en-US","@id":"https:\/\/cheri-heater.com\/vn\/#\/schema\/logo\/image\/","url":"https:\/\/cheri-heater.com\/vn\/wp-content\/uploads\/2024\/06\/cropped-logo-resize.png","contentUrl":"https:\/\/cheri-heater.com\/vn\/wp-content\/uploads\/2024\/06\/cropped-logo-resize.png","width":346,"height":99,"caption":"Cheri Heater Technology Co.,Ltd."},"image":{"@id":"https:\/\/cheri-heater.com\/vn\/#\/schema\/logo\/image\/"}}]}},"_links":{"self":[{"href":"https:\/\/cheri-heater.com\/vn\/wp-json\/wp\/v2\/product\/916","targetHints":{"allow":["GET"]}}],"collection":[{"href":"https:\/\/cheri-heater.com\/vn\/wp-json\/wp\/v2\/product"}],"about":[{"href":"https:\/\/cheri-heater.com\/vn\/wp-json\/wp\/v2\/types\/product"}],"wp:featuredmedia":[{"embeddable":true,"href":"https:\/\/cheri-heater.com\/vn\/wp-json\/wp\/v2\/media\/938"}],"wp:attachment":[{"href":"https:\/\/cheri-heater.com\/vn\/wp-json\/wp\/v2\/media?parent=916"}],"wp:term":[{"taxonomy":"product_brand","embeddable":true,"href":"https:\/\/cheri-heater.com\/vn\/wp-json\/wp\/v2\/product_brand?post=916"},{"taxonomy":"product_cat","embeddable":true,"href":"https:\/\/cheri-heater.com\/vn\/wp-json\/wp\/v2\/product_cat?post=916"},{"taxonomy":"product_tag","embeddable":true,"href":"https:\/\/cheri-heater.com\/vn\/wp-json\/wp\/v2\/product_tag?post=916"}],"curies":[{"name":"wp","href":"https:\/\/api.w.org\/{rel}","templated":true}]}}