{"id":939,"date":"2024-06-04T18:00:32","date_gmt":"2024-06-04T18:00:32","guid":{"rendered":"https:\/\/cheri-heater.com\/vn\/?post_type=product&#038;p=939"},"modified":"2024-07-27T21:55:31","modified_gmt":"2024-07-27T21:55:31","slug":"cartridge-heater-for-co2-heater","status":"publish","type":"product","link":"https:\/\/cheri-heater.com\/vn\/product\/cartridge-heater-for-co2-heater\/","title":{"rendered":"m\u00e1y s\u01b0\u1edfi h\u1ed9p m\u1ef1c cho m\u00e1y s\u01b0\u1edfi CO2"},"content":{"rendered":"","protected":false},"excerpt":{"rendered":"<h2><span lang=\"EN\" style=\"color: #000000;\">Nh\u00e0 S\u1ea3n Xu\u1ea5t M\u00e1y S\u01b0\u1edfi CO2 T\u1ed1t Nh\u1ea5t<\/span><\/h2>\n<p class=\"Normal1\"><span lang=\"EN\" style=\"color: #000000;\">C\u00f4ng ty C\u00f4ng ngh\u1ec7 S\u01b0\u1edfi Cheri l\u00e0 nh\u00e0 s\u1ea3n xu\u1ea5t m\u00e1y s\u01b0\u1edfi CO2 h\u00e0ng \u0111\u1ea7u v\u1edbi m\u1ed9t lo\u1ea1t c\u00e1c s\u1ea3n ph\u1ea9m c\u00f3 kh\u1ea3 n\u0103ng truy\u1ec1n nhi\u1ec7t xu\u1ea5t s\u1eafc v\u00e0 tu\u1ed5i th\u1ecd d\u00e0i. Ch\u00fang t\u00f4i s\u1ea3n xu\u1ea5t c\u00e1c s\u1ea3n ph\u1ea9m c\u1ee7a m\u00ecnh b\u1eb1ng c\u00e1ch s\u1eed d\u1ee5ng c\u00e1c v\u1eadt li\u1ec7u ch\u1ea5t l\u01b0\u1ee3ng cao nh\u1ea5t v\u00e0 \u0111\u00e1p \u1ee9ng c\u00e1c ti\u00eau chu\u1ea9n cao nh\u1ea5t \u0111\u1ec3 ch\u1ecbu \u0111\u01b0\u1ee3c c\u00e1c th\u00f4ng s\u1ed1 m\u00f4i tr\u01b0\u1eddng kh\u1eafc nghi\u1ec7t.<\/span><\/p>\n<p class=\"Normal1\"><span lang=\"EN\" style=\"color: #000000;\">Ch\u00fang t\u00f4i l\u00e0 nh\u00e0 s\u1ea3n xu\u1ea5t m\u00e1y s\u01b0\u1edfi CO2 \u0111\u00e1ng tin c\u1eady cho vi\u1ec7c s\u01b0\u1edfi \u1ea5m khu\u00f4n \u0111\u00fac, t\u1ea5m nhi\u1ec7t, khu\u00f4n m\u1eabu v\u00e0 c\u00e1c \u1ee9ng d\u1ee5ng kh\u00e1c c\u1ea7n s\u01b0\u1edfi c\u1ee5c b\u1ed9. C\u00e1c m\u00e1y s\u01b0\u1edfi c\u1ee7a ch\u00fang t\u00f4i c\u00f3 th\u1ec3 \u0111\u01b0\u1ee3c s\u1eed d\u1ee5ng cho nhi\u1ec7t \u0111\u1ed9 l\u00ean \u0111\u1ebfn 800 \u0111\u1ed9 C.<\/span><\/p>\n<p class=\"Normal1\"><span lang=\"EN\" style=\"color: #000000;\">C\u00e1c m\u00e1y s\u01b0\u1edfi CO2 c\u1ee7a ch\u00fang t\u00f4i ng\u0103n ng\u1eeba \u0111\u00f3ng b\u0103ng v\u00e0 h\u00ecnh th\u00e0nh b\u0103ng kh\u00f4 trong c\u00e1c b\u1ed9 \u0111i\u1ec1u ch\u1ec9nh \u00e1p su\u1ea5t \u0111\u1ec3 cung c\u1ea5p ngu\u1ed3n kh\u00ed b\u1ea3o v\u1ec7 \u1ed5n \u0111\u1ecbnh. \u0110\u00e2y c\u0169ng l\u00e0 c\u00e1c ph\u1ee5 ki\u1ec7n ti\u1ec7n l\u1ee3i cho c\u00e1c xi lanh kh\u00ed. C\u00f4ng ty S\u01b0\u1edfi Cheri \u0111\u1ea3m b\u1ea3o c\u00e1c ti\u00eau chu\u1ea9n an to\u00e0n v\u00e0 \u0111\u1ed9 tin c\u1eady cao \u0111\u1ec3 \u0111\u1ea3m b\u1ea3o r\u1eb1ng thi\u1ebft b\u1ecb v\u00e0 s\u1ea3n ph\u1ea9m c\u1ee7a ch\u00fang t\u00f4i an to\u00e0n khi s\u1eed d\u1ee5ng trong m\u1ecdi lo\u1ea1i nhi\u1ec7t \u0111\u1ed9 kh\u1eafc nghi\u1ec7t.<\/span><\/p>\n<h3><span style=\"color: #000000;\"><a style=\"color: #000000;\" name=\"_dzb2ukqsgyuy\"><\/a><span lang=\"EN\">M\u00e1y S\u01b0\u1edfi CO2 L\u00e0 G\u00ec?<\/span><\/span><\/h3>\n<p class=\"Normal1\"><span lang=\"EN\" style=\"color: #000000;\">M\u00e1y s\u01b0\u1edfi CO2 l\u00e0 c\u00e1c thi\u1ebft b\u1ecb \u0111i\u1ec7n s\u1eed d\u1ee5ng \u0111i\u1ec7n tr\u1edf \u0111\u1ec3 l\u00e0m n\u00f3ng CO2, carbon dioxide ho\u1eb7c nitrogen. C\u00e1c m\u00e1y s\u01b0\u1edfi cartridge c\u1ee7a ch\u00fang t\u00f4i c\u00f3 s\u1eb5n trong c\u00e1c k\u00edch th\u01b0\u1edbc metric v\u00e0 imperial kh\u00e1c nhau t\u00f9y thu\u1ed9c v\u00e0o nhu c\u1ea7u c\u1ee7a b\u1ea1n. Khi CO2 gi\u1ea3i n\u00e9n nhanh ch\u00f3ng ho\u1eb7c \u0111\u01b0\u1ee3c chuy\u1ec3n giao \u1edf t\u1ed1c \u0111\u1ed9 cao, n\u00f3 s\u1ebd g\u00e2y ra s\u1ef1 h\u1ea5p th\u1ee5 nhi\u1ec7t v\u00e0 \u0111\u00f3ng b\u0103ng. Trong t\u00ecnh hu\u1ed1ng n\u00e0y, m\u00e1y s\u01b0\u1edfi CO2 c\u00f3 th\u1ec3 gi\u00fap ng\u0103n ng\u1eeba \u0111\u00f3ng b\u0103ng.<\/span><\/p>\n<h3><span style=\"color: #000000;\"><a style=\"color: #000000;\" name=\"_ibngg91v3xsg\"><\/a><span lang=\"EN\">\u1ee8ng D\u1ee5ng C\u1ee7a M\u00e1y S\u01b0\u1edfi CO2<\/span><\/span><\/h3>\n<p class=\"Normal1\"><span lang=\"EN\" style=\"color: #000000;\">Ch\u00fang t\u00f4i l\u00e0 nh\u00e0 s\u1ea3n xu\u1ea5t m\u00e1y s\u01b0\u1edfi CO2 h\u00e0ng \u0111\u1ea7u cho c\u00e1c ng\u00e0nh c\u00f4ng nghi\u1ec7p ch\u1ebf bi\u1ebfn th\u1ef1c ph\u1ea9m, x\u1eed l\u00fd nhi\u1ec7t v\u00e0 s\u1ea3n xu\u1ea5t. C\u00e1c m\u00e1y s\u01b0\u1edfi cartridge c\u1ee7a ch\u00fang t\u00f4i c\u0169ng c\u00f3 th\u1ec3 l\u00e0m n\u00f3ng n\u01b0\u1edbc ho\u1eb7c kh\u00ed. C\u00e1c \u1ee9ng d\u1ee5ng kh\u00e1c c\u1ee7a m\u00e1y s\u01b0\u1edfi CO2 bao g\u1ed3m, nh\u01b0ng kh\u00f4ng gi\u1edbi h\u1ea1n, c\u00f4ng ngh\u1ec7 y t\u1ebf, h\u00f3a ch\u1ea5t, \u0111i\u1ec7n t\u1eed, \u0111\u00f3ng g\u00f3i v\u00e0 c\u00e1c ng\u00e0nh c\u00f4ng nghi\u1ec7p h\u1ea1t nh\u00e2n.<\/span><\/p>\n","protected":false},"featured_media":942,"template":"","meta":[],"product_brand":[],"product_cat":[21],"product_tag":[153],"class_list":{"0":"post-939","1":"product","2":"type-product","3":"status-publish","4":"has-post-thumbnail","6":"product_cat-cartridge-heater","7":"product_tag-cartridge-heater-for-co2-heater","9":"first","10":"instock","11":"shipping-taxable","12":"product-type-simple"},"yoast_head":"<!-- This site is optimized with the Yoast SEO plugin v27.4 - https:\/\/yoast.com\/product\/yoast-seo-wordpress\/ -->\n<title>Nh\u00e0 S\u1ea3n Xu\u1ea5t M\u00e1y S\u01b0\u1edfi CO2 T\u1ed1t Nh\u1ea5t t\u1ea1i Trung Qu\u1ed1c | Cheri-heater.com<\/title>\n<meta name=\"description\" content=\"\u0110ang t\u00ecm ki\u1ebfm m\u1ed9t nh\u00e0 s\u1ea3n xu\u1ea5t m\u00e1y s\u01b0\u1edfi CO2 \u0111\u00e1ng tin c\u1eady? Ch\u00fang t\u00f4i cung c\u1ea5p c\u00e1c m\u00e1y s\u01b0\u1edfi CO2 h\u00e0ng \u0111\u1ea7u, hi\u1ec7u qu\u1ea3 v\u00e0 \u0111\u00e1ng tin c\u1eady \u0111\u01b0\u1ee3c thi\u1ebft k\u1ebf \u0111\u1ec3 \u0111\u00e1p \u1ee9ng nhu c\u1ea7u c\u1ee5 th\u1ec3 c\u1ee7a b\u1ea1n.\" \/>\n<meta name=\"robots\" content=\"index, follow, max-snippet:-1, max-image-preview:large, max-video-preview:-1\" \/>\n<link rel=\"canonical\" href=\"https:\/\/cheri-heater.com\/vn\/product\/cartridge-heater-for-co2-heater\/\" \/>\n<meta property=\"og:locale\" content=\"en_US\" \/>\n<meta property=\"og:type\" content=\"article\" \/>\n<meta property=\"og:title\" content=\"Nh\u00e0 S\u1ea3n Xu\u1ea5t M\u00e1y S\u01b0\u1edfi CO2 T\u1ed1t Nh\u1ea5t t\u1ea1i Trung Qu\u1ed1c | Cheri-heater.com\" \/>\n<meta property=\"og:description\" content=\"\u0110ang t\u00ecm ki\u1ebfm m\u1ed9t nh\u00e0 s\u1ea3n xu\u1ea5t m\u00e1y s\u01b0\u1edfi CO2 \u0111\u00e1ng tin c\u1eady? Ch\u00fang t\u00f4i cung c\u1ea5p c\u00e1c m\u00e1y s\u01b0\u1edfi CO2 h\u00e0ng \u0111\u1ea7u, hi\u1ec7u qu\u1ea3 v\u00e0 \u0111\u00e1ng tin c\u1eady \u0111\u01b0\u1ee3c thi\u1ebft k\u1ebf \u0111\u1ec3 \u0111\u00e1p \u1ee9ng nhu c\u1ea7u c\u1ee5 th\u1ec3 c\u1ee7a b\u1ea1n.\" \/>\n<meta property=\"og:url\" content=\"https:\/\/cheri-heater.com\/vn\/product\/cartridge-heater-for-co2-heater\/\" \/>\n<meta property=\"og:site_name\" content=\"Cheri Heater Technology Co.,Ltd.\" \/>\n<meta property=\"article:modified_time\" content=\"2024-07-27T21:55:31+00:00\" \/>\n<meta property=\"og:image\" content=\"http:\/\/cheri-heater.com\/vn\/wp-content\/uploads\/2024\/06\/Cheri-Electrothermal-Equipment-Limited-Company-25.jpg\" \/>\n\t<meta property=\"og:image:width\" content=\"780\" \/>\n\t<meta property=\"og:image:height\" content=\"560\" \/>\n\t<meta property=\"og:image:type\" content=\"image\/jpeg\" \/>\n<meta name=\"twitter:card\" content=\"summary_large_image\" \/>\n<meta name=\"twitter:label1\" content=\"Est. reading time\" \/>\n\t<meta name=\"twitter:data1\" content=\"1 minute\" \/>\n<!-- \/ Yoast SEO plugin. -->","yoast_head_json":{"title":"Nh\u00e0 S\u1ea3n Xu\u1ea5t M\u00e1y S\u01b0\u1edfi CO2 T\u1ed1t Nh\u1ea5t t\u1ea1i Trung Qu\u1ed1c | Cheri-heater.com","description":"\u0110ang t\u00ecm ki\u1ebfm m\u1ed9t nh\u00e0 s\u1ea3n xu\u1ea5t m\u00e1y s\u01b0\u1edfi CO2 \u0111\u00e1ng tin c\u1eady? Ch\u00fang t\u00f4i cung c\u1ea5p c\u00e1c m\u00e1y s\u01b0\u1edfi CO2 h\u00e0ng \u0111\u1ea7u, hi\u1ec7u qu\u1ea3 v\u00e0 \u0111\u00e1ng tin c\u1eady \u0111\u01b0\u1ee3c thi\u1ebft k\u1ebf \u0111\u1ec3 \u0111\u00e1p \u1ee9ng nhu c\u1ea7u c\u1ee5 th\u1ec3 c\u1ee7a b\u1ea1n.","robots":{"index":"index","follow":"follow","max-snippet":"max-snippet:-1","max-image-preview":"max-image-preview:large","max-video-preview":"max-video-preview:-1"},"canonical":"https:\/\/cheri-heater.com\/vn\/product\/cartridge-heater-for-co2-heater\/","og_locale":"en_US","og_type":"article","og_title":"Nh\u00e0 S\u1ea3n Xu\u1ea5t M\u00e1y S\u01b0\u1edfi CO2 T\u1ed1t Nh\u1ea5t t\u1ea1i Trung Qu\u1ed1c | Cheri-heater.com","og_description":"\u0110ang t\u00ecm ki\u1ebfm m\u1ed9t nh\u00e0 s\u1ea3n xu\u1ea5t m\u00e1y s\u01b0\u1edfi CO2 \u0111\u00e1ng tin c\u1eady? Ch\u00fang t\u00f4i cung c\u1ea5p c\u00e1c m\u00e1y s\u01b0\u1edfi CO2 h\u00e0ng \u0111\u1ea7u, hi\u1ec7u qu\u1ea3 v\u00e0 \u0111\u00e1ng tin c\u1eady \u0111\u01b0\u1ee3c thi\u1ebft k\u1ebf \u0111\u1ec3 \u0111\u00e1p \u1ee9ng nhu c\u1ea7u c\u1ee5 th\u1ec3 c\u1ee7a b\u1ea1n.","og_url":"https:\/\/cheri-heater.com\/vn\/product\/cartridge-heater-for-co2-heater\/","og_site_name":"Cheri Heater Technology Co.,Ltd.","article_modified_time":"2024-07-27T21:55:31+00:00","og_image":[{"width":780,"height":560,"url":"http:\/\/cheri-heater.com\/vn\/wp-content\/uploads\/2024\/06\/Cheri-Electrothermal-Equipment-Limited-Company-25.jpg","type":"image\/jpeg"}],"twitter_card":"summary_large_image","twitter_misc":{"Est. reading time":"1 minute"},"schema":{"@context":"https:\/\/schema.org","@graph":[{"@type":"WebPage","@id":"https:\/\/cheri-heater.com\/vn\/product\/cartridge-heater-for-co2-heater\/","url":"https:\/\/cheri-heater.com\/vn\/product\/cartridge-heater-for-co2-heater\/","name":"Nh\u00e0 S\u1ea3n Xu\u1ea5t M\u00e1y S\u01b0\u1edfi CO2 T\u1ed1t Nh\u1ea5t t\u1ea1i Trung Qu\u1ed1c | Cheri-heater.com","isPartOf":{"@id":"https:\/\/cheri-heater.com\/vn\/#website"},"primaryImageOfPage":{"@id":"https:\/\/cheri-heater.com\/vn\/product\/cartridge-heater-for-co2-heater\/#primaryimage"},"image":{"@id":"https:\/\/cheri-heater.com\/vn\/product\/cartridge-heater-for-co2-heater\/#primaryimage"},"thumbnailUrl":"https:\/\/cheri-heater.com\/vn\/wp-content\/uploads\/2024\/06\/Cheri-Electrothermal-Equipment-Limited-Company-25.jpg","datePublished":"2024-06-04T18:00:32+00:00","dateModified":"2024-07-27T21:55:31+00:00","description":"\u0110ang t\u00ecm ki\u1ebfm m\u1ed9t nh\u00e0 s\u1ea3n xu\u1ea5t m\u00e1y s\u01b0\u1edfi CO2 \u0111\u00e1ng tin c\u1eady? Ch\u00fang t\u00f4i cung c\u1ea5p c\u00e1c m\u00e1y s\u01b0\u1edfi CO2 h\u00e0ng \u0111\u1ea7u, hi\u1ec7u qu\u1ea3 v\u00e0 \u0111\u00e1ng tin c\u1eady \u0111\u01b0\u1ee3c thi\u1ebft k\u1ebf \u0111\u1ec3 \u0111\u00e1p \u1ee9ng nhu c\u1ea7u c\u1ee5 th\u1ec3 c\u1ee7a b\u1ea1n.","breadcrumb":{"@id":"https:\/\/cheri-heater.com\/vn\/product\/cartridge-heater-for-co2-heater\/#breadcrumb"},"inLanguage":"en-US","potentialAction":[{"@type":"ReadAction","target":["https:\/\/cheri-heater.com\/vn\/product\/cartridge-heater-for-co2-heater\/"]}]},{"@type":"ImageObject","inLanguage":"en-US","@id":"https:\/\/cheri-heater.com\/vn\/product\/cartridge-heater-for-co2-heater\/#primaryimage","url":"https:\/\/cheri-heater.com\/vn\/wp-content\/uploads\/2024\/06\/Cheri-Electrothermal-Equipment-Limited-Company-25.jpg","contentUrl":"https:\/\/cheri-heater.com\/vn\/wp-content\/uploads\/2024\/06\/Cheri-Electrothermal-Equipment-Limited-Company-25.jpg","width":780,"height":560},{"@type":"BreadcrumbList","@id":"https:\/\/cheri-heater.com\/vn\/product\/cartridge-heater-for-co2-heater\/#breadcrumb","itemListElement":[{"@type":"ListItem","position":1,"name":"Home","item":"https:\/\/cheri-heater.com\/vn\/"},{"@type":"ListItem","position":2,"name":"Products","item":"https:\/\/cheri-heater.com\/vn\/products\/"},{"@type":"ListItem","position":3,"name":"m\u00e1y s\u01b0\u1edfi h\u1ed9p m\u1ef1c cho m\u00e1y s\u01b0\u1edfi CO2"}]},{"@type":"WebSite","@id":"https:\/\/cheri-heater.com\/vn\/#website","url":"https:\/\/cheri-heater.com\/vn\/","name":"Cheri Heater Technology Co.,Ltd.","description":"","publisher":{"@id":"https:\/\/cheri-heater.com\/vn\/#organization"},"potentialAction":[{"@type":"SearchAction","target":{"@type":"EntryPoint","urlTemplate":"https:\/\/cheri-heater.com\/vn\/?s={search_term_string}"},"query-input":{"@type":"PropertyValueSpecification","valueRequired":true,"valueName":"search_term_string"}}],"inLanguage":"en-US"},{"@type":"Organization","@id":"https:\/\/cheri-heater.com\/vn\/#organization","name":"Cheri Heater Technology Co.,Ltd.","url":"https:\/\/cheri-heater.com\/vn\/","logo":{"@type":"ImageObject","inLanguage":"en-US","@id":"https:\/\/cheri-heater.com\/vn\/#\/schema\/logo\/image\/","url":"https:\/\/cheri-heater.com\/vn\/wp-content\/uploads\/2024\/06\/cropped-logo-resize.png","contentUrl":"https:\/\/cheri-heater.com\/vn\/wp-content\/uploads\/2024\/06\/cropped-logo-resize.png","width":346,"height":99,"caption":"Cheri Heater Technology Co.,Ltd."},"image":{"@id":"https:\/\/cheri-heater.com\/vn\/#\/schema\/logo\/image\/"}}]}},"_links":{"self":[{"href":"https:\/\/cheri-heater.com\/vn\/wp-json\/wp\/v2\/product\/939","targetHints":{"allow":["GET"]}}],"collection":[{"href":"https:\/\/cheri-heater.com\/vn\/wp-json\/wp\/v2\/product"}],"about":[{"href":"https:\/\/cheri-heater.com\/vn\/wp-json\/wp\/v2\/types\/product"}],"wp:featuredmedia":[{"embeddable":true,"href":"https:\/\/cheri-heater.com\/vn\/wp-json\/wp\/v2\/media\/942"}],"wp:attachment":[{"href":"https:\/\/cheri-heater.com\/vn\/wp-json\/wp\/v2\/media?parent=939"}],"wp:term":[{"taxonomy":"product_brand","embeddable":true,"href":"https:\/\/cheri-heater.com\/vn\/wp-json\/wp\/v2\/product_brand?post=939"},{"taxonomy":"product_cat","embeddable":true,"href":"https:\/\/cheri-heater.com\/vn\/wp-json\/wp\/v2\/product_cat?post=939"},{"taxonomy":"product_tag","embeddable":true,"href":"https:\/\/cheri-heater.com\/vn\/wp-json\/wp\/v2\/product_tag?post=939"}],"curies":[{"name":"wp","href":"https:\/\/api.w.org\/{rel}","templated":true}]}}