{"id":944,"date":"2024-06-04T18:02:15","date_gmt":"2024-06-04T18:02:15","guid":{"rendered":"https:\/\/cheri-heater.com\/vn\/?post_type=product&#038;p=944"},"modified":"2024-07-28T04:21:48","modified_gmt":"2024-07-28T04:21:48","slug":"fined-cartridge-heater","status":"publish","type":"product","link":"https:\/\/cheri-heater.com\/vn\/product\/fined-cartridge-heater\/","title":{"rendered":"m\u00e1y s\u01b0\u1edfi h\u1ed9p m\u1ef1c ph\u1ea1t"},"content":{"rendered":"<table dir=\"ltr\" width=\"750\" cellspacing=\"0\" cellpadding=\"0\" align=\"left\">\n<tbody>\n<tr valign=\"top\">\n<td width=\"402\">\n<p class=\"western\" align=\"left\"><span style=\"font-size: small;\"><span style=\"font-family: \u5b8b\u4f53;\">V\u1eadt li\u1ec7u c\u1ee7a b\u1ed9 gia nhi\u1ec7t cartridge<\/span><\/span><\/p>\n<\/td>\n<td width=\"346\">\n<p class=\"western\" align=\"left\"><span style=\"font-family: \u5b8b\u4f53;\"><span style=\"font-size: small;\"><span lang=\"en-US\">Ss<\/span><\/span><\/span><span style=\"font-family: \u5b8b\u4f53;\"><span style=\"font-size: small;\"><span lang=\"en-US\">304, ss310s,<\/span><\/span><\/span><span style=\"font-family: \u5b8b\u4f53;\"><span style=\"font-size: small;\"><span lang=\"en-US\">ss316, ss316<\/span><\/span><\/span><span style=\"font-family: \u5b8b\u4f53;\"><span style=\"font-size: small;\"><span lang=\"en-US\">L<\/span><\/span><\/span><span style=\"font-family: \u5b8b\u4f53;\"><span style=\"font-size: small;\"><span lang=\"en-US\">, ss3<\/span><\/span><\/span><span style=\"font-family: \u5b8b\u4f53;\"><span style=\"font-size: small;\"><span lang=\"en-US\">21, incoloy,<\/span><\/span><\/span><span style=\"font-family: \u5b8b\u4f53;\"><span style=\"font-size: small;\"><span lang=\"en-US\">etc.<\/span><\/span><\/span><\/p>\n<\/td>\n<\/tr>\n<tr valign=\"top\">\n<td width=\"402\">\n<p class=\"western\" align=\"left\"><span style=\"font-size: small;\"><span style=\"font-family: \u5b8b\u4f53;\">\u0110\u01b0\u1eddng k\u00ednh c\u1ee7a b\u1ed9 gia nhi\u1ec7t cartridge<\/span><\/span><\/p>\n<\/td>\n<td width=\"346\">\n<p class=\"western\" align=\"left\"><span style=\"font-family: \u5b8b\u4f53;\"><span style=\"font-size: small;\"><span lang=\"en-US\">T\u1ed1i thi\u1ec3u: 2<\/span><\/span><\/span><span style=\"font-family: \u5b8b\u4f53;\"><span style=\"font-size: small;\"><span lang=\"en-US\">mm, t\u00f9y ch\u1ec9nh<\/span><\/span><\/span><\/p>\n<\/td>\n<\/tr>\n<tr valign=\"top\">\n<td width=\"402\">\n<p class=\"western\" align=\"left\"><span style=\"font-size: small;\"><span style=\"font-family: \u5b8b\u4f53;\">Th\u01b0\u01a1ng hi\u1ec7u c\u1ee7a b\u1ed9 gia nhi\u1ec7t cartridge<\/span><\/span><\/p>\n<\/td>\n<td width=\"346\">\n<p class=\"western\" align=\"left\"><span style=\"font-size: small;\"><span style=\"font-family: \u5b8b\u4f53;\">OEM<\/span><\/span><\/p>\n<\/td>\n<\/tr>\n<tr valign=\"top\">\n<td width=\"402\">\n<p class=\"western\" align=\"left\"><span style=\"font-size: small;\"><span style=\"font-family: \u5b8b\u4f53;\">Nhi\u1ec7t \u0111\u1ed9 t\u1ed1i \u0111a c\u1ee7a b\u1ed9 gia nhi\u1ec7t cartridge<\/span><\/span><\/p>\n<\/td>\n<td width=\"346\">\n<p class=\"western\" align=\"left\"><span style=\"color: #000000;\"><span style=\"font-family: Verdana;\"><span style=\"font-size: small;\"><span lang=\"en-US\">9<\/span><\/span><\/span><\/span><span style=\"color: #000000;\"><span style=\"font-family: Verdana;\"><span style=\"font-size: small;\"><span lang=\"en-US\">00 \u00baC<\/span><\/span><\/span><\/span><\/p>\n<\/td>\n<\/tr>\n<tr valign=\"top\">\n<td width=\"402\">\n<p class=\"western\" align=\"left\"><span style=\"font-size: small;\"><span style=\"font-family: \u5b8b\u4f53;\">Th\u1eddi gian giao h\u00e0ng c\u1ee7a b\u1ed9 gia nhi\u1ec7t cartridge<\/span><\/span><\/p>\n<\/td>\n<td width=\"346\">\n<p class=\"western\" align=\"left\"><span style=\"font-size: small;\"><span style=\"font-family: \u5b8b\u4f53;\">Th\u1eddi gian giao h\u00e0ng c\u1ee7a b\u1ed9 gia nhi\u1ec7t cartridge<\/span><\/span><\/p>\n<\/td>\n<\/tr>\n<tr valign=\"top\">\n<td width=\"402\">\n<p class=\"western\" align=\"left\"><span style=\"font-size: small;\"><span style=\"font-family: \u5b8b\u4f53;\">C\u1eb7p nhi\u1ec7t \u0111i\u1ec7n b\u00ean trong c\u1ee7a b\u1ed9 gia nhi\u1ec7t cartridge<\/span><\/span><\/p>\n<\/td>\n<td width=\"346\">\n<p class=\"western\" align=\"left\"><span style=\"font-size: small;\"><span style=\"font-family: \u5b8b\u4f53;\">lo\u1ea1i J, K<\/span><\/span><\/p>\n<\/td>\n<\/tr>\n<\/tbody>\n<\/table>\n<h3><\/h3>\n<h3><\/h3>\n<h3><\/h3>\n<h3><\/h3>\n<h3><\/h3>\n<h3><\/h3>\n<h3><\/h3>\n<h3><\/h3>\n<h3 class=\"western\">T\u00ednh n\u0103ng ch\u00ednh<\/h3>\n<p><span style=\"color: #333333;\"><span style=\"font-family: Times New Roman, serif;\"><span style=\"font-size: small;\"><span style=\"font-size: medium;\">1. M\u1eadt \u0111\u1ed9 c\u00f4ng su\u1ea5t cao (c\u00f4ng su\u1ea5t b\u1ec1 m\u1eb7t khu v\u1ef1c nhi\u1ec7t 10-25w\/cm2) Nhi\u1ec7t \u0111\u1ed9 l\u00e0m vi\u1ec7c &lt;450 \u0111\u1ed9<br \/>\n2. M\u1eadt \u0111\u1ed9 c\u00f4ng su\u1ea5t trung b\u00ecnh, th\u1ea5p (c\u00f4ng su\u1ea5t b\u1ec1 m\u1eb7t khu v\u1ef1c nhi\u1ec7t 5-11w\/cm2) Nhi\u1ec7t \u0111\u1ed9 l\u00e0m vi\u1ec7c &lt;300 \u0111\u1ed9<br \/>\n3. \u0110i\u1ec7n \u00e1p: 12-250V ho\u1eb7c theo y\u00eau c\u1ea7u<br \/>\n4. K\u1ebft c\u1ea5u m\u1eadt \u0111\u1ed9 cao<br \/>\n5. K\u1ebft c\u1ea5u th\u00e9p kh\u00f4ng g\u1ec9 ch\u1ea5t l\u01b0\u1ee3ng cao cung c\u1ea5p s\u1ef1 b\u1ea3o v\u1ec7 b\u1ec1n b\u1ec9 ngay c\u1ea3 trong m\u00f4i tr\u01b0\u1eddng c\u00f4ng nghi\u1ec7p kh\u1eafc nghi\u1ec7t nh\u1ea5t. \u0110\u01b0\u1ee3c b\u1ea3o v\u1ec7 b\u1eb1ng v\u1ecf th\u00e9p kh\u00f4ng g\u1ec9, m\u1eadt \u0111\u1ed9 c\u00f4ng su\u1ea5t c\u1ee7a ch\u00fang c\u00f3 th\u1ec3 \u0111\u1ea1t 50w\/cm2 v\u00e0 nhi\u1ec7t \u0111\u1ed9 ho\u1ea1t \u0111\u1ed9ng c\u1ee7a ch\u00fang c\u00f3 th\u1ec3 l\u00ean t\u1edbi 800 \u0111\u1ed9<\/span><\/span><\/span><\/span><\/p>\n","protected":false},"excerpt":{"rendered":"<p>C\u00e1c b\u1ed9 ph\u1eadn l\u00e0m n\u00f3ng d\u1ea1ng h\u1ed9p l\u00e0 c\u00e1c ph\u1ea7n t\u1eed l\u00e0m n\u00f3ng \u0111i\u1ec7n d\u1ea1ng h\u00ecnh tr\u1ee5. Ch\u1ee7 y\u1ebfu \u0111\u01b0\u1ee3c s\u1eed d\u1ee5ng \u0111\u1ec3 l\u00e0m n\u00f3ng c\u00e1c ch\u1ea5t r\u1eafn nh\u01b0 t\u1ea5m gia nhi\u1ec7t \u00e9p phun ho\u1eb7c c\u00e1c c\u00f4ng c\u1ee5 kh\u00e1c nhau, ch\u00fang c\u0169ng c\u00f3 th\u1ec3 \u0111\u01b0\u1ee3c s\u1eed d\u1ee5ng \u0111\u1ec3 l\u00e0m n\u00f3ng n\u01b0\u1edbc ho\u1eb7c kh\u00ed trong m\u1ed9t s\u1ed1 \u0111i\u1ec1u ki\u1ec7n nh\u1ea5t \u0111\u1ecbnh. \u0110\u01b0\u1ee3c s\u1eed d\u1ee5ng r\u1ed9ng r\u00e3i trong s\u1ea3n xu\u1ea5t c\u00e1c b\u1ed9 ph\u1eadn nh\u1ef1a v\u00e0 cao su trong ng\u00e0nh c\u00f4ng nghi\u1ec7p \u00f4 t\u00f4 ho\u1eb7c trong ng\u00e0nh ch\u1ebf bi\u1ebfn th\u1ef1c ph\u1ea9m, v.v., ch\u00fang c\u0169ng th\u01b0\u1eddng \u0111\u01b0\u1ee3c t\u00ecm th\u1ea5y trong c\u00e1c ng\u00e0nh c\u00f4ng nghi\u1ec7p h\u00f3a ch\u1ea5t, \u0111i\u1ec7n t\u1eed, thi\u1ebft b\u1ecb y t\u1ebf, \u0111\u00f3ng g\u00f3i v\u00e0 h\u1ea1t nh\u00e2n.<\/p>\n","protected":false},"featured_media":949,"template":"","meta":[],"product_brand":[],"product_cat":[21],"product_tag":[],"class_list":{"0":"post-944","1":"product","2":"type-product","3":"status-publish","4":"has-post-thumbnail","6":"product_cat-cartridge-heater","8":"first","9":"instock","10":"shipping-taxable","11":"product-type-simple"},"yoast_head":"<!-- This site is optimized with the Yoast SEO plugin v27.3 - https:\/\/yoast.com\/product\/yoast-seo-wordpress\/ -->\n<title>C\u00e1c Nh\u00e0 S\u1ea3n Xu\u1ea5t B\u1ed9 Ph\u1eadn L\u00e0m N\u00f3ng D\u1ea1ng H\u1ed9p C\u00f3 C\u00e1nh T\u1ea3n Nhi\u1ec7t H\u00e0ng \u0110\u1ea7u | Cheri-heater.com<\/title>\n<meta name=\"description\" content=\"C\u00e1c nh\u00e0 s\u1ea3n xu\u1ea5t b\u1ed9 ph\u1eadn l\u00e0m n\u00f3ng d\u1ea1ng h\u1ed9p c\u00f3 c\u00e1nh t\u1ea3n nhi\u1ec7t h\u00e0ng \u0111\u1ea7u cung c\u1ea5p c\u00e1c gi\u1ea3i ph\u00e1p l\u00e0m n\u00f3ng hi\u1ec7u qu\u1ea3 v\u00e0 \u0111\u00e1ng tin c\u1eady. B\u1ed9 ph\u1eadn l\u00e0m n\u00f3ng d\u1ea1ng h\u1ed9p c\u00f3 c\u00e1nh t\u1ea3n nhi\u1ec7t ch\u1ea5t l\u01b0\u1ee3ng cao c\u1ee7a ch\u00fang t\u00f4i \u0111\u01b0\u1ee3c thi\u1ebft k\u1ebf \u0111\u1ec3 t\u1ed1i \u01b0u h\u00f3a vi\u1ec7c truy\u1ec1n nhi\u1ec7t v\u00e0 \u0111\u1ed9 b\u1ec1n. Ho\u00e0n h\u1ea3o cho nhi\u1ec1u \u1ee9ng d\u1ee5ng c\u00f4ng nghi\u1ec7p. Li\u00ean h\u1ec7 v\u1edbi ch\u00fang t\u00f4i ngay h\u00f4m nay \u0111\u1ec3 c\u00f3 c\u00e1c gi\u1ea3i ph\u00e1p t\u00f9y ch\u1ec9nh!\" \/>\n<meta name=\"robots\" content=\"index, follow, max-snippet:-1, max-image-preview:large, max-video-preview:-1\" \/>\n<link rel=\"canonical\" href=\"https:\/\/cheri-heater.com\/vn\/product\/fined-cartridge-heater\/\" \/>\n<meta property=\"og:locale\" content=\"en_US\" \/>\n<meta property=\"og:type\" content=\"article\" \/>\n<meta property=\"og:title\" content=\"C\u00e1c Nh\u00e0 S\u1ea3n Xu\u1ea5t B\u1ed9 Ph\u1eadn L\u00e0m N\u00f3ng D\u1ea1ng H\u1ed9p C\u00f3 C\u00e1nh T\u1ea3n Nhi\u1ec7t H\u00e0ng \u0110\u1ea7u | Cheri-heater.com\" \/>\n<meta property=\"og:description\" content=\"C\u00e1c nh\u00e0 s\u1ea3n xu\u1ea5t b\u1ed9 ph\u1eadn l\u00e0m n\u00f3ng d\u1ea1ng h\u1ed9p c\u00f3 c\u00e1nh t\u1ea3n nhi\u1ec7t h\u00e0ng \u0111\u1ea7u cung c\u1ea5p c\u00e1c gi\u1ea3i ph\u00e1p l\u00e0m n\u00f3ng hi\u1ec7u qu\u1ea3 v\u00e0 \u0111\u00e1ng tin c\u1eady. B\u1ed9 ph\u1eadn l\u00e0m n\u00f3ng d\u1ea1ng h\u1ed9p c\u00f3 c\u00e1nh t\u1ea3n nhi\u1ec7t ch\u1ea5t l\u01b0\u1ee3ng cao c\u1ee7a ch\u00fang t\u00f4i \u0111\u01b0\u1ee3c thi\u1ebft k\u1ebf \u0111\u1ec3 t\u1ed1i \u01b0u h\u00f3a vi\u1ec7c truy\u1ec1n nhi\u1ec7t v\u00e0 \u0111\u1ed9 b\u1ec1n. Ho\u00e0n h\u1ea3o cho nhi\u1ec1u \u1ee9ng d\u1ee5ng c\u00f4ng nghi\u1ec7p. Li\u00ean h\u1ec7 v\u1edbi ch\u00fang t\u00f4i ngay h\u00f4m nay \u0111\u1ec3 c\u00f3 c\u00e1c gi\u1ea3i ph\u00e1p t\u00f9y ch\u1ec9nh!\" \/>\n<meta property=\"og:url\" content=\"https:\/\/cheri-heater.com\/vn\/product\/fined-cartridge-heater\/\" \/>\n<meta property=\"og:site_name\" content=\"Cheri Heater Technology Co.,Ltd.\" \/>\n<meta property=\"article:modified_time\" content=\"2024-07-28T04:21:48+00:00\" \/>\n<meta property=\"og:image\" content=\"http:\/\/cheri-heater.com\/vn\/wp-content\/uploads\/2024\/06\/front2.jpg\" \/>\n\t<meta property=\"og:image:width\" content=\"720\" \/>\n\t<meta property=\"og:image:height\" content=\"720\" \/>\n\t<meta property=\"og:image:type\" content=\"image\/jpeg\" \/>\n<meta name=\"twitter:card\" content=\"summary_large_image\" \/>\n<meta name=\"twitter:label1\" content=\"Est. reading time\" \/>\n\t<meta name=\"twitter:data1\" content=\"1 minute\" \/>\n<!-- \/ Yoast SEO plugin. -->","yoast_head_json":{"title":"C\u00e1c Nh\u00e0 S\u1ea3n Xu\u1ea5t B\u1ed9 Ph\u1eadn L\u00e0m N\u00f3ng D\u1ea1ng H\u1ed9p C\u00f3 C\u00e1nh T\u1ea3n Nhi\u1ec7t H\u00e0ng \u0110\u1ea7u | Cheri-heater.com","description":"C\u00e1c nh\u00e0 s\u1ea3n xu\u1ea5t b\u1ed9 ph\u1eadn l\u00e0m n\u00f3ng d\u1ea1ng h\u1ed9p c\u00f3 c\u00e1nh t\u1ea3n nhi\u1ec7t h\u00e0ng \u0111\u1ea7u cung c\u1ea5p c\u00e1c gi\u1ea3i ph\u00e1p l\u00e0m n\u00f3ng hi\u1ec7u qu\u1ea3 v\u00e0 \u0111\u00e1ng tin c\u1eady. B\u1ed9 ph\u1eadn l\u00e0m n\u00f3ng d\u1ea1ng h\u1ed9p c\u00f3 c\u00e1nh t\u1ea3n nhi\u1ec7t ch\u1ea5t l\u01b0\u1ee3ng cao c\u1ee7a ch\u00fang t\u00f4i \u0111\u01b0\u1ee3c thi\u1ebft k\u1ebf \u0111\u1ec3 t\u1ed1i \u01b0u h\u00f3a vi\u1ec7c truy\u1ec1n nhi\u1ec7t v\u00e0 \u0111\u1ed9 b\u1ec1n. Ho\u00e0n h\u1ea3o cho nhi\u1ec1u \u1ee9ng d\u1ee5ng c\u00f4ng nghi\u1ec7p. Li\u00ean h\u1ec7 v\u1edbi ch\u00fang t\u00f4i ngay h\u00f4m nay \u0111\u1ec3 c\u00f3 c\u00e1c gi\u1ea3i ph\u00e1p t\u00f9y ch\u1ec9nh!","robots":{"index":"index","follow":"follow","max-snippet":"max-snippet:-1","max-image-preview":"max-image-preview:large","max-video-preview":"max-video-preview:-1"},"canonical":"https:\/\/cheri-heater.com\/vn\/product\/fined-cartridge-heater\/","og_locale":"en_US","og_type":"article","og_title":"C\u00e1c Nh\u00e0 S\u1ea3n Xu\u1ea5t B\u1ed9 Ph\u1eadn L\u00e0m N\u00f3ng D\u1ea1ng H\u1ed9p C\u00f3 C\u00e1nh T\u1ea3n Nhi\u1ec7t H\u00e0ng \u0110\u1ea7u | Cheri-heater.com","og_description":"C\u00e1c nh\u00e0 s\u1ea3n xu\u1ea5t b\u1ed9 ph\u1eadn l\u00e0m n\u00f3ng d\u1ea1ng h\u1ed9p c\u00f3 c\u00e1nh t\u1ea3n nhi\u1ec7t h\u00e0ng \u0111\u1ea7u cung c\u1ea5p c\u00e1c gi\u1ea3i ph\u00e1p l\u00e0m n\u00f3ng hi\u1ec7u qu\u1ea3 v\u00e0 \u0111\u00e1ng tin c\u1eady. B\u1ed9 ph\u1eadn l\u00e0m n\u00f3ng d\u1ea1ng h\u1ed9p c\u00f3 c\u00e1nh t\u1ea3n nhi\u1ec7t ch\u1ea5t l\u01b0\u1ee3ng cao c\u1ee7a ch\u00fang t\u00f4i \u0111\u01b0\u1ee3c thi\u1ebft k\u1ebf \u0111\u1ec3 t\u1ed1i \u01b0u h\u00f3a vi\u1ec7c truy\u1ec1n nhi\u1ec7t v\u00e0 \u0111\u1ed9 b\u1ec1n. Ho\u00e0n h\u1ea3o cho nhi\u1ec1u \u1ee9ng d\u1ee5ng c\u00f4ng nghi\u1ec7p. Li\u00ean h\u1ec7 v\u1edbi ch\u00fang t\u00f4i ngay h\u00f4m nay \u0111\u1ec3 c\u00f3 c\u00e1c gi\u1ea3i ph\u00e1p t\u00f9y ch\u1ec9nh!","og_url":"https:\/\/cheri-heater.com\/vn\/product\/fined-cartridge-heater\/","og_site_name":"Cheri Heater Technology Co.,Ltd.","article_modified_time":"2024-07-28T04:21:48+00:00","og_image":[{"width":720,"height":720,"url":"http:\/\/cheri-heater.com\/vn\/wp-content\/uploads\/2024\/06\/front2.jpg","type":"image\/jpeg"}],"twitter_card":"summary_large_image","twitter_misc":{"Est. reading time":"1 minute"},"schema":{"@context":"https:\/\/schema.org","@graph":[{"@type":"WebPage","@id":"https:\/\/cheri-heater.com\/vn\/product\/fined-cartridge-heater\/","url":"https:\/\/cheri-heater.com\/vn\/product\/fined-cartridge-heater\/","name":"C\u00e1c Nh\u00e0 S\u1ea3n Xu\u1ea5t B\u1ed9 Ph\u1eadn L\u00e0m N\u00f3ng D\u1ea1ng H\u1ed9p C\u00f3 C\u00e1nh T\u1ea3n Nhi\u1ec7t H\u00e0ng \u0110\u1ea7u | Cheri-heater.com","isPartOf":{"@id":"https:\/\/cheri-heater.com\/vn\/#website"},"primaryImageOfPage":{"@id":"https:\/\/cheri-heater.com\/vn\/product\/fined-cartridge-heater\/#primaryimage"},"image":{"@id":"https:\/\/cheri-heater.com\/vn\/product\/fined-cartridge-heater\/#primaryimage"},"thumbnailUrl":"https:\/\/cheri-heater.com\/vn\/wp-content\/uploads\/2024\/06\/front2.jpg","datePublished":"2024-06-04T18:02:15+00:00","dateModified":"2024-07-28T04:21:48+00:00","description":"C\u00e1c nh\u00e0 s\u1ea3n xu\u1ea5t b\u1ed9 ph\u1eadn l\u00e0m n\u00f3ng d\u1ea1ng h\u1ed9p c\u00f3 c\u00e1nh t\u1ea3n nhi\u1ec7t h\u00e0ng \u0111\u1ea7u cung c\u1ea5p c\u00e1c gi\u1ea3i ph\u00e1p l\u00e0m n\u00f3ng hi\u1ec7u qu\u1ea3 v\u00e0 \u0111\u00e1ng tin c\u1eady. B\u1ed9 ph\u1eadn l\u00e0m n\u00f3ng d\u1ea1ng h\u1ed9p c\u00f3 c\u00e1nh t\u1ea3n nhi\u1ec7t ch\u1ea5t l\u01b0\u1ee3ng cao c\u1ee7a ch\u00fang t\u00f4i \u0111\u01b0\u1ee3c thi\u1ebft k\u1ebf \u0111\u1ec3 t\u1ed1i \u01b0u h\u00f3a vi\u1ec7c truy\u1ec1n nhi\u1ec7t v\u00e0 \u0111\u1ed9 b\u1ec1n. Ho\u00e0n h\u1ea3o cho nhi\u1ec1u \u1ee9ng d\u1ee5ng c\u00f4ng nghi\u1ec7p. Li\u00ean h\u1ec7 v\u1edbi ch\u00fang t\u00f4i ngay h\u00f4m nay \u0111\u1ec3 c\u00f3 c\u00e1c gi\u1ea3i ph\u00e1p t\u00f9y ch\u1ec9nh!","breadcrumb":{"@id":"https:\/\/cheri-heater.com\/vn\/product\/fined-cartridge-heater\/#breadcrumb"},"inLanguage":"en-US","potentialAction":[{"@type":"ReadAction","target":["https:\/\/cheri-heater.com\/vn\/product\/fined-cartridge-heater\/"]}]},{"@type":"ImageObject","inLanguage":"en-US","@id":"https:\/\/cheri-heater.com\/vn\/product\/fined-cartridge-heater\/#primaryimage","url":"https:\/\/cheri-heater.com\/vn\/wp-content\/uploads\/2024\/06\/front2.jpg","contentUrl":"https:\/\/cheri-heater.com\/vn\/wp-content\/uploads\/2024\/06\/front2.jpg","width":720,"height":720},{"@type":"BreadcrumbList","@id":"https:\/\/cheri-heater.com\/vn\/product\/fined-cartridge-heater\/#breadcrumb","itemListElement":[{"@type":"ListItem","position":1,"name":"Home","item":"https:\/\/cheri-heater.com\/vn\/"},{"@type":"ListItem","position":2,"name":"Products","item":"https:\/\/cheri-heater.com\/vn\/products\/"},{"@type":"ListItem","position":3,"name":"m\u00e1y s\u01b0\u1edfi h\u1ed9p m\u1ef1c ph\u1ea1t"}]},{"@type":"WebSite","@id":"https:\/\/cheri-heater.com\/vn\/#website","url":"https:\/\/cheri-heater.com\/vn\/","name":"Cheri Heater Technology Co.,Ltd.","description":"","publisher":{"@id":"https:\/\/cheri-heater.com\/vn\/#organization"},"potentialAction":[{"@type":"SearchAction","target":{"@type":"EntryPoint","urlTemplate":"https:\/\/cheri-heater.com\/vn\/?s={search_term_string}"},"query-input":{"@type":"PropertyValueSpecification","valueRequired":true,"valueName":"search_term_string"}}],"inLanguage":"en-US"},{"@type":"Organization","@id":"https:\/\/cheri-heater.com\/vn\/#organization","name":"Cheri Heater Technology Co.,Ltd.","url":"https:\/\/cheri-heater.com\/vn\/","logo":{"@type":"ImageObject","inLanguage":"en-US","@id":"https:\/\/cheri-heater.com\/vn\/#\/schema\/logo\/image\/","url":"https:\/\/cheri-heater.com\/vn\/wp-content\/uploads\/2024\/06\/cropped-logo-resize.png","contentUrl":"https:\/\/cheri-heater.com\/vn\/wp-content\/uploads\/2024\/06\/cropped-logo-resize.png","width":346,"height":99,"caption":"Cheri Heater Technology Co.,Ltd."},"image":{"@id":"https:\/\/cheri-heater.com\/vn\/#\/schema\/logo\/image\/"}}]}},"_links":{"self":[{"href":"https:\/\/cheri-heater.com\/vn\/wp-json\/wp\/v2\/product\/944","targetHints":{"allow":["GET"]}}],"collection":[{"href":"https:\/\/cheri-heater.com\/vn\/wp-json\/wp\/v2\/product"}],"about":[{"href":"https:\/\/cheri-heater.com\/vn\/wp-json\/wp\/v2\/types\/product"}],"wp:featuredmedia":[{"embeddable":true,"href":"https:\/\/cheri-heater.com\/vn\/wp-json\/wp\/v2\/media\/949"}],"wp:attachment":[{"href":"https:\/\/cheri-heater.com\/vn\/wp-json\/wp\/v2\/media?parent=944"}],"wp:term":[{"taxonomy":"product_brand","embeddable":true,"href":"https:\/\/cheri-heater.com\/vn\/wp-json\/wp\/v2\/product_brand?post=944"},{"taxonomy":"product_cat","embeddable":true,"href":"https:\/\/cheri-heater.com\/vn\/wp-json\/wp\/v2\/product_cat?post=944"},{"taxonomy":"product_tag","embeddable":true,"href":"https:\/\/cheri-heater.com\/vn\/wp-json\/wp\/v2\/product_tag?post=944"}],"curies":[{"name":"wp","href":"https:\/\/api.w.org\/{rel}","templated":true}]}}