{"id":950,"date":"2024-06-04T18:04:33","date_gmt":"2024-06-04T18:04:33","guid":{"rendered":"https:\/\/cheri-heater.com\/vn\/?post_type=product&#038;p=950"},"modified":"2024-07-28T04:24:03","modified_gmt":"2024-07-28T04:24:03","slug":"immersion-water-heater","status":"publish","type":"product","link":"https:\/\/cheri-heater.com\/vn\/product\/immersion-water-heater\/","title":{"rendered":"M\u00e1y n\u01b0\u1edbc n\u00f3ng ng\u00e2m"},"content":{"rendered":"<table width=\"100%\" cellspacing=\"0\" cellpadding=\"0\">\n<tbody>\n<tr valign=\"top\">\n<td bgcolor=\"#f3f4f8\" width=\"31%\">\n<p class=\"western\" align=\"left\"><span style=\"font-size: medium;\"><b><span style=\"font-family: \u5b8b\u4f53;\">T\u00ean s\u1ea3n ph\u1ea9m<\/span><\/b><\/span><\/p>\n<\/td>\n<td width=\"69%\">\n<p class=\"western\" align=\"left\"><span style=\"font-size: medium;\"><span style=\"font-family: \u5b8b\u4f53;\">B\u1ed9 Gia Nhi\u1ec7t Cartridge Th\u00e9p Kh\u00f4ng G\u1ec9 12 Volt 230w Cho N\u01b0\u1edbc<\/span><\/span><\/p>\n<\/td>\n<\/tr>\n<tr valign=\"top\">\n<td bgcolor=\"#f3f4f8\" width=\"31%\">\n<p class=\"western\" align=\"left\"><span style=\"font-size: medium;\"><b><span style=\"font-family: \u5b8b\u4f53;\">Dung sai c\u00f4ng su\u1ea5t<\/span><\/b><\/span><\/p>\n<\/td>\n<td width=\"69%\">\n<p class=\"western\" align=\"left\"><span style=\"font-size: medium;\"><span style=\"font-family: \u5b8b\u4f53;\">+5%, -10%<\/span><\/span><\/p>\n<\/td>\n<\/tr>\n<tr valign=\"top\">\n<td bgcolor=\"#f3f4f8\" width=\"31%\">\n<p class=\"western\" align=\"left\"><span style=\"font-size: medium;\"><b><span style=\"font-family: \u5b8b\u4f53;\">Dung sai \u0111i\u1ec7n tr\u1edf<\/span><\/b><\/span><\/p>\n<\/td>\n<td width=\"69%\">\n<p class=\"western\" align=\"left\"><span style=\"font-size: medium;\"><span style=\"font-family: \u5b8b\u4f53;\">+10%, -5%<\/span><\/span><\/p>\n<\/td>\n<\/tr>\n<tr valign=\"top\">\n<td bgcolor=\"#f3f4f8\" width=\"31%\">\n<p class=\"western\" align=\"left\"><span style=\"font-size: medium;\"><b><span style=\"font-family: \u5b8b\u4f53;\">C\u00e1c \u0111i\u1ec7n \u00e1p c\u00f3 s\u1eb5n<\/span><\/b><\/span><\/p>\n<\/td>\n<td width=\"69%\">\n<p class=\"western\" align=\"left\"><span style=\"font-size: medium;\"><span style=\"font-family: \u5b8b\u4f53;\">380V, 240V, 220V, 110V, 36V, 24V ho\u1eb7c 12V<\/span><\/span><\/p>\n<\/td>\n<\/tr>\n<tr valign=\"top\">\n<td bgcolor=\"#f3f4f8\" width=\"31%\">\n<p class=\"western\" align=\"left\"><span style=\"font-size: medium;\"><b><span style=\"font-family: \u5b8b\u4f53;\">Nhi\u1ec7t \u0111\u1ed9 ho\u1ea1t \u0111\u1ed9ng t\u1ed1i \u0111a<\/span><\/b><\/span><\/p>\n<\/td>\n<td width=\"69%\">\n<p class=\"western\" align=\"left\"><span style=\"font-size: medium;\"><span style=\"font-family: \u5b8b\u4f53;\">870\u00baC (1600F)<\/span><\/span><\/p>\n<\/td>\n<\/tr>\n<tr valign=\"top\">\n<td bgcolor=\"#f3f4f8\" width=\"31%\">\n<p class=\"western\" align=\"left\"><span style=\"font-size: medium;\"><b><span style=\"font-family: \u5b8b\u4f53;\">Dung sai chi\u1ec1u d\u00e0i<\/span><\/b><\/span><\/p>\n<\/td>\n<td width=\"69%\">\n<p class=\"western\" align=\"left\"><span style=\"font-size: medium;\"><span style=\"font-family: \u5b8b\u4f53;\">\u00b1 2% ho\u1eb7c 3.2mm (1\/8\u201d), t\u00f9y c\u00e1i n\u00e0o l\u1edbn h\u01a1n.<\/span><\/span><\/p>\n<\/td>\n<\/tr>\n<tr valign=\"top\">\n<td bgcolor=\"#f3f4f8\" width=\"31%\">\n<p class=\"western\" align=\"left\"><span style=\"font-size: medium;\"><b><span style=\"font-family: \u5b8b\u4f53;\">Dung sai \u0111\u1ed9 cong<\/span><\/b><\/span><\/p>\n<\/td>\n<td width=\"69%\">\n<p class=\"western\" align=\"left\"><span style=\"font-size: medium;\"><span style=\"font-family: \u5b8b\u4f53;\">1.7mm m\u1ed7i m\u00e9t (0.020\u201d m\u1ed7i foot).<\/span><\/span><\/p>\n<\/td>\n<\/tr>\n<tr valign=\"top\">\n<td bgcolor=\"#f3f4f8\" width=\"31%\">\n<p class=\"western\" align=\"left\"><span style=\"font-size: medium;\"><b><span style=\"font-family: \u5b8b\u4f53;\">Dung sai \u0111\u01b0\u1eddng k\u00ednh<\/span><\/b><\/span><\/p>\n<\/td>\n<td width=\"69%\">\n<p class=\"western\" align=\"left\"><span style=\"font-size: medium;\"><span style=\"font-family: \u5b8b\u4f53;\">\u0110\u01b0\u1eddng k\u00ednh \u1edf m\u1ed7i \u0111\u1ea7u c\u00f3 th\u1ec3 dao \u0111\u1ed9ng +0.05mm -0.1mm (+.002&#8243; -.004&#8243;)<\/span><\/span><\/p>\n<\/td>\n<\/tr>\n<tr valign=\"top\">\n<td bgcolor=\"#f3f4f8\" width=\"31%\">\n<p class=\"western\" align=\"left\"><span style=\"font-size: medium;\"><b><span style=\"font-family: \u5b8b\u4f53;\">Khu v\u1ef1c kh\u00f4ng gia nhi\u1ec7t ti\u00eau chu\u1ea9n<\/span><\/b><\/span><\/p>\n<\/td>\n<td width=\"69%\">\n<p class=\"western\" align=\"left\"><span style=\"font-size: medium;\"><span style=\"font-family: \u5b8b\u4f53;\">5-10mm;<\/span><\/span><\/p>\n<\/td>\n<\/tr>\n<tr valign=\"top\">\n<td bgcolor=\"#f3f4f8\" width=\"31%\">\n<p class=\"western\" align=\"left\"><span style=\"font-size: medium;\"><b><span style=\"font-family: \u5b8b\u4f53;\">C\u1eb7p nhi\u1ec7t \u0111i\u1ec7n b\u00ean trong<\/span><\/b><\/span><\/p>\n<\/td>\n<td width=\"69%\">\n<p class=\"western\" align=\"left\"><span style=\"font-size: medium;\"><span style=\"font-family: \u5b8b\u4f53;\">Lo\u1ea1i J ho\u1eb7c K;<\/span><\/span><\/p>\n<\/td>\n<\/tr>\n<tr valign=\"top\">\n<td bgcolor=\"#f3f4f8\" width=\"31%\">\n<p class=\"western\" align=\"left\"><span style=\"font-size: medium;\"><b><span style=\"font-family: \u5b8b\u4f53;\">V\u1ecb tr\u00ed c\u1eb7p nhi\u1ec7t \u0111i\u1ec7n<\/span><\/b><\/span><\/p>\n<\/td>\n<td width=\"69%\">\n<p class=\"western\" align=\"left\"><span style=\"font-size: medium;\"><span style=\"font-family: \u5b8b\u4f53;\">\u0110\u1ea7u \u0111\u0129a, V\u1ecf, Trung t\u00e2m b\u1ed9 gia nhi\u1ec7t;<\/span><\/span><\/p>\n<\/td>\n<\/tr>\n<tr valign=\"top\">\n<td bgcolor=\"#f3f4f8\" width=\"31%\">\n<p class=\"western\" align=\"left\"><span style=\"font-size: medium;\"><b><span style=\"font-family: \u5b8b\u4f53;\">\u0110i\u1ec7n tr\u1edf c\u00e1ch \u0111i\u1ec7n (l\u1ea1nh)<\/span><\/b><\/span><\/p>\n<\/td>\n<td width=\"69%\">\n<p class=\"western\" align=\"left\">\u2265 <span style=\"font-family: \u5b8b\u4f53;\"><span style=\"font-size: medium;\">500 M\u03a9;<\/span><\/span><\/p>\n<\/td>\n<\/tr>\n<tr valign=\"top\">\n<td bgcolor=\"#f3f4f8\" width=\"31%\">\n<p class=\"western\" align=\"left\"><span style=\"font-size: medium;\"><b><span style=\"font-family: \u5b8b\u4f53;\">D\u00f2ng r\u00f2 t\u1ed1i \u0111a (l\u1ea1nh)<\/span><\/b><\/span><\/p>\n<\/td>\n<td width=\"69%\">\n<p class=\"western\" align=\"left\">\u2264 <span style=\"font-family: \u5b8b\u4f53;\"><span style=\"font-size: medium;\">0.5 mA;<\/span><\/span><\/p>\n<\/td>\n<\/tr>\n<tr valign=\"top\">\n<td bgcolor=\"#f3f4f8\" width=\"31%\">\n<p class=\"western\" align=\"left\"><span style=\"font-size: medium;\"><b><span style=\"font-family: \u5b8b\u4f53;\">\u0110\u01b0\u1eddng k\u00ednh<\/span><\/b><\/span><\/p>\n<\/td>\n<td width=\"69%\">\n<p class=\"western\" align=\"left\"><span style=\"font-family: \u5b8b\u4f53;\"><span style=\"font-size: medium;\"><span lang=\"en-US\">t\u1eeb <\/span><\/span><\/span><span style=\"font-family: \u5b8b\u4f53;\"><span style=\"font-size: medium;\"><span lang=\"en-US\">2<\/span><\/span><\/span><span style=\"font-family: \u5b8b\u4f53;\"><span style=\"font-size: medium;\"><span lang=\"en-US\">.0mm \u0111\u1ebfn 30mm;<\/span><\/span><\/span><\/p>\n<\/td>\n<\/tr>\n<\/tbody>\n<\/table>\n","protected":false},"excerpt":{"rendered":"<p>T\u00ean s\u1ea3n ph\u1ea9m B\u1ed9 Gia Nhi\u1ec7t Cartridge Th\u00e9p Kh\u00f4ng G\u1ec9 12 Volt 230w Cho N\u01b0\u1edbc Dung sai c\u00f4ng su\u1ea5t +5%, -10% Dung sai \u0111i\u1ec7n tr\u1edf +10%, -5% C\u00e1c \u0111i\u1ec7n \u00e1p c\u00f3 s\u1eb5n 380V, 240V, 220V, 110V, 36V, 24V ho\u1eb7c 12V Nhi\u1ec7t \u0111\u1ed9 ho\u1ea1t \u0111\u1ed9ng t\u1ed1i \u0111a 870\u00baC (1600F) Dung sai chi\u1ec1u d\u00e0i \u00b1 2% ho\u1eb7c [&hellip;]<\/p>\n","protected":false},"featured_media":955,"template":"","meta":[],"product_brand":[],"product_cat":[21],"product_tag":[],"class_list":{"0":"post-950","1":"product","2":"type-product","3":"status-publish","4":"has-post-thumbnail","6":"product_cat-cartridge-heater","8":"first","9":"instock","10":"shipping-taxable","11":"product-type-simple"},"yoast_head":"<!-- This site is optimized with the Yoast SEO plugin v27.4 - https:\/\/yoast.com\/product\/yoast-seo-wordpress\/ -->\n<title>M\u00e1y n\u01b0\u1edbc n\u00f3ng ng\u00e2m hi\u1ec7u qu\u1ea3 cho vi\u1ec7c \u0111un n\u00f3ng nhanh ch\u00f3ng<\/title>\n<meta name=\"description\" content=\"M\u00e1y n\u01b0\u1edbc n\u00f3ng ng\u00e2m hi\u1ec7u qu\u1ea3 c\u1ee7a ch\u00fang t\u00f4i \u0111\u01b0\u1ee3c thi\u1ebft k\u1ebf \u0111\u1ec3 \u0111un n\u00f3ng n\u01b0\u1edbc nhanh ch\u00f3ng v\u00e0 \u0111\u00e1ng tin c\u1eady. Ho\u00e0n h\u1ea3o cho nhi\u1ec1u \u1ee9ng d\u1ee5ng, m\u00e1y n\u01b0\u1edbc n\u00f3ng c\u1ee7a ch\u00fang t\u00f4i cung c\u1ea5p hi\u1ec7u su\u1ea5t b\u1ec1n b\u1ec9 v\u00e0 ti\u1ebft ki\u1ec7m n\u0103ng l\u01b0\u1ee3ng. Ch\u1ecdn t\u1eeb d\u00e3y s\u1ea3n ph\u1ea9m m\u00e1y n\u01b0\u1edbc n\u00f3ng ng\u00e2m ch\u1ea5t l\u01b0\u1ee3ng cao c\u1ee7a ch\u00fang t\u00f4i v\u00e0 t\u1eadn h\u01b0\u1edfng n\u01b0\u1edbc n\u00f3ng ngay l\u1eadp t\u1ee9c. Mua ngay!\" \/>\n<meta name=\"robots\" content=\"index, follow, max-snippet:-1, max-image-preview:large, max-video-preview:-1\" \/>\n<link rel=\"canonical\" href=\"https:\/\/cheri-heater.com\/vn\/product\/immersion-water-heater\/\" \/>\n<meta property=\"og:locale\" content=\"en_US\" \/>\n<meta property=\"og:type\" content=\"article\" \/>\n<meta property=\"og:title\" content=\"M\u00e1y n\u01b0\u1edbc n\u00f3ng ng\u00e2m hi\u1ec7u qu\u1ea3 cho vi\u1ec7c \u0111un n\u00f3ng nhanh ch\u00f3ng\" \/>\n<meta property=\"og:description\" content=\"M\u00e1y n\u01b0\u1edbc n\u00f3ng ng\u00e2m hi\u1ec7u qu\u1ea3 c\u1ee7a ch\u00fang t\u00f4i \u0111\u01b0\u1ee3c thi\u1ebft k\u1ebf \u0111\u1ec3 \u0111un n\u00f3ng n\u01b0\u1edbc nhanh ch\u00f3ng v\u00e0 \u0111\u00e1ng tin c\u1eady. Ho\u00e0n h\u1ea3o cho nhi\u1ec1u \u1ee9ng d\u1ee5ng, m\u00e1y n\u01b0\u1edbc n\u00f3ng c\u1ee7a ch\u00fang t\u00f4i cung c\u1ea5p hi\u1ec7u su\u1ea5t b\u1ec1n b\u1ec9 v\u00e0 ti\u1ebft ki\u1ec7m n\u0103ng l\u01b0\u1ee3ng. Ch\u1ecdn t\u1eeb d\u00e3y s\u1ea3n ph\u1ea9m m\u00e1y n\u01b0\u1edbc n\u00f3ng ng\u00e2m ch\u1ea5t l\u01b0\u1ee3ng cao c\u1ee7a ch\u00fang t\u00f4i v\u00e0 t\u1eadn h\u01b0\u1edfng n\u01b0\u1edbc n\u00f3ng ngay l\u1eadp t\u1ee9c. Mua ngay!\" \/>\n<meta property=\"og:url\" content=\"https:\/\/cheri-heater.com\/vn\/product\/immersion-water-heater\/\" \/>\n<meta property=\"og:site_name\" content=\"Cheri Heater Technology Co.,Ltd.\" \/>\n<meta property=\"article:modified_time\" content=\"2024-07-28T04:24:03+00:00\" \/>\n<meta property=\"og:image\" content=\"http:\/\/cheri-heater.com\/vn\/wp-content\/uploads\/2024\/06\/\u5fae\u4fe1\u56fe\u7247_202302171252586.jpg\" \/>\n\t<meta property=\"og:image:width\" content=\"760\" \/>\n\t<meta property=\"og:image:height\" content=\"760\" \/>\n\t<meta property=\"og:image:type\" content=\"image\/jpeg\" \/>\n<meta name=\"twitter:card\" content=\"summary_large_image\" \/>\n<meta name=\"twitter:label1\" content=\"Est. reading time\" \/>\n\t<meta name=\"twitter:data1\" content=\"1 minute\" \/>\n<!-- \/ Yoast SEO plugin. -->","yoast_head_json":{"title":"M\u00e1y n\u01b0\u1edbc n\u00f3ng ng\u00e2m hi\u1ec7u qu\u1ea3 cho vi\u1ec7c \u0111un n\u00f3ng nhanh ch\u00f3ng","description":"M\u00e1y n\u01b0\u1edbc n\u00f3ng ng\u00e2m hi\u1ec7u qu\u1ea3 c\u1ee7a ch\u00fang t\u00f4i \u0111\u01b0\u1ee3c thi\u1ebft k\u1ebf \u0111\u1ec3 \u0111un n\u00f3ng n\u01b0\u1edbc nhanh ch\u00f3ng v\u00e0 \u0111\u00e1ng tin c\u1eady. Ho\u00e0n h\u1ea3o cho nhi\u1ec1u \u1ee9ng d\u1ee5ng, m\u00e1y n\u01b0\u1edbc n\u00f3ng c\u1ee7a ch\u00fang t\u00f4i cung c\u1ea5p hi\u1ec7u su\u1ea5t b\u1ec1n b\u1ec9 v\u00e0 ti\u1ebft ki\u1ec7m n\u0103ng l\u01b0\u1ee3ng. Ch\u1ecdn t\u1eeb d\u00e3y s\u1ea3n ph\u1ea9m m\u00e1y n\u01b0\u1edbc n\u00f3ng ng\u00e2m ch\u1ea5t l\u01b0\u1ee3ng cao c\u1ee7a ch\u00fang t\u00f4i v\u00e0 t\u1eadn h\u01b0\u1edfng n\u01b0\u1edbc n\u00f3ng ngay l\u1eadp t\u1ee9c. Mua ngay!","robots":{"index":"index","follow":"follow","max-snippet":"max-snippet:-1","max-image-preview":"max-image-preview:large","max-video-preview":"max-video-preview:-1"},"canonical":"https:\/\/cheri-heater.com\/vn\/product\/immersion-water-heater\/","og_locale":"en_US","og_type":"article","og_title":"M\u00e1y n\u01b0\u1edbc n\u00f3ng ng\u00e2m hi\u1ec7u qu\u1ea3 cho vi\u1ec7c \u0111un n\u00f3ng nhanh ch\u00f3ng","og_description":"M\u00e1y n\u01b0\u1edbc n\u00f3ng ng\u00e2m hi\u1ec7u qu\u1ea3 c\u1ee7a ch\u00fang t\u00f4i \u0111\u01b0\u1ee3c thi\u1ebft k\u1ebf \u0111\u1ec3 \u0111un n\u00f3ng n\u01b0\u1edbc nhanh ch\u00f3ng v\u00e0 \u0111\u00e1ng tin c\u1eady. Ho\u00e0n h\u1ea3o cho nhi\u1ec1u \u1ee9ng d\u1ee5ng, m\u00e1y n\u01b0\u1edbc n\u00f3ng c\u1ee7a ch\u00fang t\u00f4i cung c\u1ea5p hi\u1ec7u su\u1ea5t b\u1ec1n b\u1ec9 v\u00e0 ti\u1ebft ki\u1ec7m n\u0103ng l\u01b0\u1ee3ng. Ch\u1ecdn t\u1eeb d\u00e3y s\u1ea3n ph\u1ea9m m\u00e1y n\u01b0\u1edbc n\u00f3ng ng\u00e2m ch\u1ea5t l\u01b0\u1ee3ng cao c\u1ee7a ch\u00fang t\u00f4i v\u00e0 t\u1eadn h\u01b0\u1edfng n\u01b0\u1edbc n\u00f3ng ngay l\u1eadp t\u1ee9c. Mua ngay!","og_url":"https:\/\/cheri-heater.com\/vn\/product\/immersion-water-heater\/","og_site_name":"Cheri Heater Technology Co.,Ltd.","article_modified_time":"2024-07-28T04:24:03+00:00","og_image":[{"width":760,"height":760,"url":"http:\/\/cheri-heater.com\/vn\/wp-content\/uploads\/2024\/06\/\u5fae\u4fe1\u56fe\u7247_202302171252586.jpg","type":"image\/jpeg"}],"twitter_card":"summary_large_image","twitter_misc":{"Est. reading time":"1 minute"},"schema":{"@context":"https:\/\/schema.org","@graph":[{"@type":"WebPage","@id":"https:\/\/cheri-heater.com\/vn\/product\/immersion-water-heater\/","url":"https:\/\/cheri-heater.com\/vn\/product\/immersion-water-heater\/","name":"M\u00e1y n\u01b0\u1edbc n\u00f3ng ng\u00e2m hi\u1ec7u qu\u1ea3 cho vi\u1ec7c \u0111un n\u00f3ng nhanh ch\u00f3ng","isPartOf":{"@id":"https:\/\/cheri-heater.com\/vn\/#website"},"primaryImageOfPage":{"@id":"https:\/\/cheri-heater.com\/vn\/product\/immersion-water-heater\/#primaryimage"},"image":{"@id":"https:\/\/cheri-heater.com\/vn\/product\/immersion-water-heater\/#primaryimage"},"thumbnailUrl":"https:\/\/cheri-heater.com\/vn\/wp-content\/uploads\/2024\/06\/\u5fae\u4fe1\u56fe\u7247_202302171252586.jpg","datePublished":"2024-06-04T18:04:33+00:00","dateModified":"2024-07-28T04:24:03+00:00","description":"M\u00e1y n\u01b0\u1edbc n\u00f3ng ng\u00e2m hi\u1ec7u qu\u1ea3 c\u1ee7a ch\u00fang t\u00f4i \u0111\u01b0\u1ee3c thi\u1ebft k\u1ebf \u0111\u1ec3 \u0111un n\u00f3ng n\u01b0\u1edbc nhanh ch\u00f3ng v\u00e0 \u0111\u00e1ng tin c\u1eady. Ho\u00e0n h\u1ea3o cho nhi\u1ec1u \u1ee9ng d\u1ee5ng, m\u00e1y n\u01b0\u1edbc n\u00f3ng c\u1ee7a ch\u00fang t\u00f4i cung c\u1ea5p hi\u1ec7u su\u1ea5t b\u1ec1n b\u1ec9 v\u00e0 ti\u1ebft ki\u1ec7m n\u0103ng l\u01b0\u1ee3ng. Ch\u1ecdn t\u1eeb d\u00e3y s\u1ea3n ph\u1ea9m m\u00e1y n\u01b0\u1edbc n\u00f3ng ng\u00e2m ch\u1ea5t l\u01b0\u1ee3ng cao c\u1ee7a ch\u00fang t\u00f4i v\u00e0 t\u1eadn h\u01b0\u1edfng n\u01b0\u1edbc n\u00f3ng ngay l\u1eadp t\u1ee9c. Mua ngay!","breadcrumb":{"@id":"https:\/\/cheri-heater.com\/vn\/product\/immersion-water-heater\/#breadcrumb"},"inLanguage":"en-US","potentialAction":[{"@type":"ReadAction","target":["https:\/\/cheri-heater.com\/vn\/product\/immersion-water-heater\/"]}]},{"@type":"ImageObject","inLanguage":"en-US","@id":"https:\/\/cheri-heater.com\/vn\/product\/immersion-water-heater\/#primaryimage","url":"https:\/\/cheri-heater.com\/vn\/wp-content\/uploads\/2024\/06\/\u5fae\u4fe1\u56fe\u7247_202302171252586.jpg","contentUrl":"https:\/\/cheri-heater.com\/vn\/wp-content\/uploads\/2024\/06\/\u5fae\u4fe1\u56fe\u7247_202302171252586.jpg","width":760,"height":760},{"@type":"BreadcrumbList","@id":"https:\/\/cheri-heater.com\/vn\/product\/immersion-water-heater\/#breadcrumb","itemListElement":[{"@type":"ListItem","position":1,"name":"Home","item":"https:\/\/cheri-heater.com\/vn\/"},{"@type":"ListItem","position":2,"name":"Products","item":"https:\/\/cheri-heater.com\/vn\/products\/"},{"@type":"ListItem","position":3,"name":"M\u00e1y n\u01b0\u1edbc n\u00f3ng ng\u00e2m"}]},{"@type":"WebSite","@id":"https:\/\/cheri-heater.com\/vn\/#website","url":"https:\/\/cheri-heater.com\/vn\/","name":"Cheri Heater Technology Co.,Ltd.","description":"","publisher":{"@id":"https:\/\/cheri-heater.com\/vn\/#organization"},"potentialAction":[{"@type":"SearchAction","target":{"@type":"EntryPoint","urlTemplate":"https:\/\/cheri-heater.com\/vn\/?s={search_term_string}"},"query-input":{"@type":"PropertyValueSpecification","valueRequired":true,"valueName":"search_term_string"}}],"inLanguage":"en-US"},{"@type":"Organization","@id":"https:\/\/cheri-heater.com\/vn\/#organization","name":"Cheri Heater Technology Co.,Ltd.","url":"https:\/\/cheri-heater.com\/vn\/","logo":{"@type":"ImageObject","inLanguage":"en-US","@id":"https:\/\/cheri-heater.com\/vn\/#\/schema\/logo\/image\/","url":"https:\/\/cheri-heater.com\/vn\/wp-content\/uploads\/2024\/06\/cropped-logo-resize.png","contentUrl":"https:\/\/cheri-heater.com\/vn\/wp-content\/uploads\/2024\/06\/cropped-logo-resize.png","width":346,"height":99,"caption":"Cheri Heater Technology Co.,Ltd."},"image":{"@id":"https:\/\/cheri-heater.com\/vn\/#\/schema\/logo\/image\/"}}]}},"_links":{"self":[{"href":"https:\/\/cheri-heater.com\/vn\/wp-json\/wp\/v2\/product\/950","targetHints":{"allow":["GET"]}}],"collection":[{"href":"https:\/\/cheri-heater.com\/vn\/wp-json\/wp\/v2\/product"}],"about":[{"href":"https:\/\/cheri-heater.com\/vn\/wp-json\/wp\/v2\/types\/product"}],"wp:featuredmedia":[{"embeddable":true,"href":"https:\/\/cheri-heater.com\/vn\/wp-json\/wp\/v2\/media\/955"}],"wp:attachment":[{"href":"https:\/\/cheri-heater.com\/vn\/wp-json\/wp\/v2\/media?parent=950"}],"wp:term":[{"taxonomy":"product_brand","embeddable":true,"href":"https:\/\/cheri-heater.com\/vn\/wp-json\/wp\/v2\/product_brand?post=950"},{"taxonomy":"product_cat","embeddable":true,"href":"https:\/\/cheri-heater.com\/vn\/wp-json\/wp\/v2\/product_cat?post=950"},{"taxonomy":"product_tag","embeddable":true,"href":"https:\/\/cheri-heater.com\/vn\/wp-json\/wp\/v2\/product_tag?post=950"}],"curies":[{"name":"wp","href":"https:\/\/api.w.org\/{rel}","templated":true}]}}