{"id":956,"date":"2024-06-04T18:06:57","date_gmt":"2024-06-04T18:06:57","guid":{"rendered":"https:\/\/cheri-heater.com\/vn\/?post_type=product&#038;p=956"},"modified":"2024-07-27T22:13:13","modified_gmt":"2024-07-27T22:13:13","slug":"mold-cartridge-heater","status":"publish","type":"product","link":"https:\/\/cheri-heater.com\/vn\/product\/mold-cartridge-heater\/","title":{"rendered":"m\u00e1y s\u01b0\u1edfi h\u1ed9p m\u1ef1c cho khu\u00f4n"},"content":{"rendered":"<p align=\"left\"><span style=\"color: #000000;\"><strong><span style=\"font-family: Arial, sans-serif;\"><span style=\"font-size: medium;\">Quy Tr\u00ecnh S\u1ea3n Xu\u1ea5t:<\/span><\/span><\/strong><\/span><\/p>\n<p align=\"left\"><span style=\"font-family: Arial, sans-serif; color: #000000;\"><span style=\"font-size: medium;\">\u0110\u01b0a d\u00e2y \u0111\u1ed1t coil qua \u1ed1ng th\u00e9p kh\u00f4ng g\u1ec9, \u1ed1ng \u0111\u1ed3ng ho\u1eb7c \u1ed1ng nh\u00f4m li\u1ec1n m\u1ea1ch, s\u1eed d\u1ee5ng m\u00e1y \u0111\u1ed5 \u0111\u1ea7y \u0111\u1ec3 \u0111i\u1ec1n \u0111\u1ea7y c\u00e1ch \u0111i\u1ec7n v\u00e0 v\u1eadt li\u1ec7u oxy h\u00f3a nhi\u1ec7t v\u00e0o c\u00e1c kho\u1ea3ng tr\u1ed1ng, ch\u1eb3ng h\u1ea1n nh\u01b0 b\u1ed9t oxit magi\u00ea tinh th\u1ec3 (c\u00e1c v\u1eadt li\u1ec7u nh\u01b0 alumina ho\u1eb7c c\u00e1t th\u1ea1ch anh s\u1ea1ch c\u0169ng c\u00f3 th\u1ec3 \u0111\u01b0\u1ee3c s\u1eed d\u1ee5ng), sau \u0111\u00f3 s\u1eed d\u1ee5ng m\u00e1y co \u1ed1ng \u0111\u1ec3 thu h\u1eb9p \u0111\u01b0\u1eddng k\u00ednh \u1ed1ng, l\u00e0m cho m\u00f4i tr\u01b0\u1eddng oxy h\u00f3a d\u00e0y \u0111\u1eb7c (\u0111\u1ea1t m\u1eadt \u0111\u1ed9 tr\u00ean 3.3 g\/cm3). \u0110\u1ea3m b\u1ea3o d\u00e2y \u0111\u1ed1t kh\u00f4ng ti\u1ebfp x\u00fac v\u1edbi kh\u00f4ng kh\u00ed, n\u1eb1m \u1edf v\u1ecb tr\u00ed trung t\u00e2m v\u00e0 kh\u00f4ng b\u1ecb l\u1ec7ch. \u0110i\u1ec1u n\u00e0y c\u00f3 th\u1ec3 t\u0103ng c\u00f4ng su\u1ea5t \u0111\u1ed1t h\u01a1n m\u01b0\u1eddi l\u1ea7n tr\u00ean m\u1ed7i \u0111\u01a1n v\u1ecb di\u1ec7n t\u00edch. Th\u1eddi gian s\u1eed d\u1ee5ng c\u00f3 th\u1ec3 c\u1ea3i thi\u1ec7n l\u00ean \u0111\u1ebfn h\u01a1n 10 n\u0103m. So v\u1edbi c\u00e1c ph\u1ea7n t\u1eed \u0111\u1ed1t \u0111i\u1ec7n c\u00f3 c\u00f4ng su\u1ea5t l\u1edbn, m\u00e1y s\u01b0\u1edfi d\u1ea1ng \u1ed1ng c\u00f3 th\u1ec3 ti\u1ebft ki\u1ec7m 5% v\u1eadt li\u1ec7u, hi\u1ec7u su\u1ea5t nhi\u1ec7t c\u00f3 th\u1ec3 \u0111\u1ea1t tr\u00ean 90%.<\/span><\/span><\/p>\n<p align=\"left\"><span style=\"color: #000000;\"><strong><span style=\"font-family: Arial Black, sans-serif;\"><span style=\"font-size: large;\">\u1ee8ng D\u1ee5ng:<\/span><\/span><\/strong><\/span><\/p>\n<p align=\"left\"><span style=\"font-family: Arial, sans-serif; color: #000000;\"><span style=\"font-size: medium;\">1. L\u00e0m n\u00f3ng bu\u1ed3ng b\u00e1n d\u1eabn<\/span><\/span><\/p>\n<p align=\"left\"><span style=\"font-size: medium; color: #000000;\"><span style=\"font-family: Arial, sans-serif;\">2. K\u1ebft n\u1ed1i d\u00e2y d\u1eabn wafer b\u00e1n d\u1eabn<\/span><\/span><\/p>\n<p align=\"left\"><span style=\"font-family: Arial, sans-serif; color: #000000;\"><span style=\"font-size: medium;\">3. H\u00e0n d\u00e2y v\u00e0 khu\u00f4n b\u00e1n d\u1eabn<\/span><\/span><\/p>\n<p align=\"left\"><span style=\"font-family: Arial, sans-serif; color: #000000;\"><span style=\"font-size: medium;\">4. B\u1ea3o v\u1ec7 ch\u1ed1ng \u0111\u00f3ng b\u0103ng v\u00e0 lo\u1ea1i b\u1ecf b\u0103ng tuy\u1ebft cho thi\u1ebft b\u1ecb trong c\u00e1c m\u00f4i tr\u01b0\u1eddng l\u1ea1nh<\/span><\/span><\/p>\n<p align=\"left\"><span style=\"font-family: Arial, sans-serif; color: #000000;\"><span style=\"font-size: medium;\">5. Ki\u1ec3m so\u00e1t \u0111\u1ed9 \u1ea9m<\/span><\/span><\/p>\n<p align=\"left\"><span style=\"font-family: Arial, sans-serif; color: #000000;\"><span style=\"font-size: medium;\">6. S\u01b0\u1edfi \u1ea5m cho b\u1ec7nh nh\u00e2n trong c\u00e1c thi\u1ebft b\u1ecb y t\u1ebf<\/span><\/span><\/p>\n<p align=\"left\"><span style=\"font-family: Arial, sans-serif; color: #000000;\"><span style=\"font-size: medium;\">7. L\u00e0m n\u00f3ng khu\u00f4n m\u1eabu v\u00e0 t\u1ea5m nhi\u1ec7t<\/span><\/span><\/p>\n<p align=\"left\"><span style=\"font-family: Arial, sans-serif; color: #000000;\"><span style=\"font-size: medium;\">8. Thanh ni\u00eam phong s\u1eed d\u1ee5ng trong thi\u1ebft b\u1ecb \u0111\u00f3ng g\u00f3i<\/span><\/span><\/p>\n<p align=\"left\"><span style=\"font-family: Arial, sans-serif; color: #000000;\"><span style=\"font-size: medium;\">9. L\u00e0m n\u00f3ng m\u1eabu th\u1eed trong s\u1eafc k\u00fd kh\u00ed<\/span><\/span><\/p>\n<p align=\"left\"><span style=\"font-size: medium; color: #000000;\"><span style=\"font-family: Arial, sans-serif;\"><span style=\"font-size: large;\"><b>\u0110\u1eb7c \u0110i\u1ec3m &amp; T\u00ednh Ch\u1ea5t<\/b><\/span><\/span><span style=\"font-family: Arial, sans-serif;\"><span style=\"font-size: large;\">\u00a0<\/span><\/span><span style=\"font-family: Arial, sans-serif;\"><span style=\"font-size: large;\"><b>\u00a0<\/b><\/span><\/span><\/span><\/p>\n<p align=\"left\"><span style=\"font-size: medium; color: #000000;\"><span style=\"font-family: Arial, sans-serif;\">\u0110\u01b0\u1eddng k\u00ednh \u1ed1ng: \u03a6<\/span><span style=\"font-family: Arial, sans-serif;\"><span lang=\"en-US\">2<\/span><\/span><span style=\"font-family: Arial, sans-serif;\">mm-\u03a630mm<\/span><\/span><\/p>\n<p align=\"left\"><span style=\"font-family: Arial, sans-serif; color: #000000;\"><span style=\"font-size: medium;\">V\u1eadt li\u1ec7u \u1ed1ng: SS201, SS304, SS316, SS321 v\u00e0 INCOLOY800 v.v.<\/span><\/span><\/p>\n<p align=\"left\"><span style=\"font-family: Arial, sans-serif; color: #000000;\"><span style=\"font-size: medium;\">V\u1eadt li\u1ec7u c\u00e1ch \u0111i\u1ec7n: MgO<\/span><\/span><\/p>\n<p align=\"left\"><span style=\"font-family: Arial, sans-serif; color: #000000;\"><span style=\"font-size: medium;\">V\u1eadt li\u1ec7u d\u00e2y d\u1eabn: D\u00e2y \u0111i\u1ec7n tr\u1edf Nichrome<\/span><\/span><\/p>\n<p align=\"left\"><span style=\"font-family: Arial, sans-serif; color: #000000;\"><span style=\"font-size: medium;\">M\u1eadt \u0111\u1ed9 c\u00f4ng su\u1ea5t: Cao\/Trung B\u00ecnh\/Th\u1ea5p (5-25w\/cm2)<\/span><\/span><\/p>\n<p align=\"left\"><span style=\"font-family: Arial, sans-serif; color: #000000;\"><span style=\"font-size: medium;\">T\u00f9y ch\u1ecdn k\u1ebft n\u1ed1i d\u00e2y d\u1eabn: \u0110\u1ea7u n\u1ed1i ren ho\u1eb7c d\u00e2y d\u1eabn<\/span><\/span><\/p>\n<p align=\"left\"><span style=\"font-family: Arial, sans-serif; color: #000000;\"><span style=\"font-size: medium;\">Lo\u1ea1i d\u00e2y d\u1eabn: 300mm ti\u00eau chu\u1ea9n (Teflon\/Silicone Fiberglass ch\u1ecbu nhi\u1ec7t cao c\u00f3 s\u1eb5n cho m\u00e1y s\u01b0\u1edfi \u0111i\u1ec7n cartridge)<\/span><\/span><\/p>\n<p align=\"left\"><span style=\"color: #000000;\"><strong class=\"western\"><span style=\"font-family: Arial, sans-serif;\"><span style=\"font-size: large;\"><b><span style=\"font-size: medium;\">\u01afu \u0110i\u1ec3m<\/span><\/b><\/span><\/span><\/strong><\/span><\/p>\n<p align=\"left\"><span style=\"font-size: medium; color: #000000;\"><span style=\"font-family: Arial, sans-serif;\">D\u00e2y d\u1eabn b\u00ean trong: ch\u1ecbu nhi\u1ec7t cao, t\u1ecfa nhi\u1ec7t \u0111\u1ec1u, d\u1eabn nhi\u1ec7t cao v\u00e0 kh\u00f3 g\u00e3y d\u00e2y.<\/span><\/span><\/p>\n<p align=\"left\"><span style=\"color: #000000;\">\u00a0 \u00a0 \u00a0 \u00a0 \u00a0 \u00a0 \u00a0 \u00a0 \u00a0 \u00a0 \u00a0 \u00a0 <span style=\"font-family: Arial, sans-serif;\"><span style=\"font-size: medium;\">D\u00e2y d\u1eabn b\u00ean ngo\u00e0i: ch\u1ecbu nhi\u1ec7t cao, t\u1ecfa nhi\u1ec7t \u0111\u1ec1u v\u00e0 d\u1eabn nhi\u1ec7t cao.<\/span><\/span><\/span><\/p>\n<p align=\"left\"><span style=\"color: #000000;\"><strong class=\"western\"><span style=\"font-family: Arial, sans-serif;\"><span style=\"font-size: small;\"><b><span style=\"font-size: medium;\">B\u1ea3ng D\u1eef Li\u1ec7u<\/span><\/b><\/span><\/span><\/strong><\/span><\/p>\n<table width=\"745\" cellspacing=\"0\" cellpadding=\"0\">\n<tbody>\n<tr>\n<td bgcolor=\"#ffffff\" width=\"291\" height=\"17\">\n<p class=\"western\" align=\"center\"><span style=\"font-size: medium; color: #000000;\"><span style=\"font-family: Arial, sans-serif;\">D\u00e2y \u0111i\u1ec7n tr\u1edf \u0111\u1ed1t<\/span><\/span><\/p>\n<\/td>\n<td bgcolor=\"#ffffff\" width=\"452\">\n<p class=\"western\" align=\"center\"><span style=\"font-size: medium; color: #000000;\"><span style=\"font-family: Arial, sans-serif;\">D\u00e2y NiCr 80\/20<\/span><\/span><\/p>\n<\/td>\n<\/tr>\n<tr>\n<td bgcolor=\"#ffffff\" width=\"291\" height=\"18\">\n<p class=\"western\" align=\"center\"><span style=\"font-size: medium; color: #000000;\"><span style=\"font-family: Arial, sans-serif;\">Dung sai c\u00f4ng su\u1ea5t<\/span><\/span><\/p>\n<\/td>\n<td bgcolor=\"#ffffff\" width=\"452\">\n<p class=\"western\" align=\"center\"><span style=\"font-size: medium; color: #000000;\"><span style=\"font-family: Arial, sans-serif;\">+5%, -10%<\/span><\/span><\/p>\n<\/td>\n<\/tr>\n<tr>\n<td bgcolor=\"#ffffff\" width=\"291\" height=\"18\">\n<p class=\"western\" align=\"center\"><span style=\"font-size: medium; color: #000000;\"><span style=\"font-family: Arial, sans-serif;\">Dung sai \u0111i\u1ec7n tr\u1edf<\/span><\/span><\/p>\n<\/td>\n<td bgcolor=\"#ffffff\" width=\"452\">\n<p class=\"western\" align=\"center\"><span style=\"font-size: medium; color: #000000;\"><span style=\"font-family: Arial, sans-serif;\">+10%, -5%<\/span><\/span><\/p>\n<\/td>\n<\/tr>\n<tr>\n<td bgcolor=\"#ffffff\" width=\"291\" height=\"18\">\n<p class=\"western\" align=\"center\"><span style=\"font-size: medium; color: #000000;\"><span style=\"font-family: Arial, sans-serif;\">Dung sai chi\u1ec1u d\u00e0i<\/span><\/span><\/p>\n<\/td>\n<td bgcolor=\"#ffffff\" width=\"452\">\n<p class=\"western\" align=\"center\"><span style=\"font-size: medium; color: #000000;\"><span style=\"font-family: Arial, sans-serif;\">\u00b11 mm<\/span><\/span><\/p>\n<\/td>\n<\/tr>\n<tr>\n<td bgcolor=\"#ffffff\" width=\"291\" height=\"18\">\n<p class=\"western\" align=\"center\"><span style=\"font-size: medium; color: #000000;\"><span style=\"font-family: Arial, sans-serif;\">Dung sai \u0111\u01b0\u1eddng k\u00ednh<\/span><\/span><\/p>\n<\/td>\n<td bgcolor=\"#ffffff\" width=\"452\">\n<p class=\"western\" align=\"center\"><span style=\"color: #000000;\"><span style=\"font-family: Arial, sans-serif;\"><span style=\"font-size: medium;\"><span lang=\"en-US\">\u00b1<\/span><\/span><\/span><span style=\"font-family: Arial, sans-serif;\"><span style=\"font-size: medium;\"><span lang=\"en-US\"> 0.02mm<\/span><\/span><\/span><\/span><\/p>\n<\/td>\n<\/tr>\n<tr>\n<td bgcolor=\"#ffffff\" width=\"291\" height=\"18\">\n<p class=\"western\" align=\"center\"><span style=\"font-size: medium; color: #000000;\"><span style=\"font-family: Arial, sans-serif;\">V\u00f9ng l\u1ea1nh ti\u00eau chu\u1ea9n<\/span><\/span><\/p>\n<\/td>\n<td bgcolor=\"#ffffff\" width=\"452\">\n<p class=\"western\" align=\"center\"><span style=\"font-size: medium; color: #000000;\"><span style=\"font-family: Arial, sans-serif;\">5-10mm<\/span><\/span><\/p>\n<\/td>\n<\/tr>\n<tr>\n<td bgcolor=\"#ffffff\" width=\"291\" height=\"18\">\n<p class=\"western\" align=\"center\"><span style=\"font-size: medium; color: #000000;\"><span style=\"font-family: Arial, sans-serif;\">\u0110i\u1ec7n tr\u1edf c\u00e1ch \u0111i\u1ec7n (l\u1ea1nh)<\/span><\/span><\/p>\n<\/td>\n<td bgcolor=\"#ffffff\" width=\"452\">\n<p class=\"western\" align=\"center\"><span style=\"color: #000000;\">\u2265 <span style=\"font-family: Arial, sans-serif;\"><span style=\"font-size: medium;\">500 M\u03a9<\/span><\/span><\/span><\/p>\n<\/td>\n<\/tr>\n<tr>\n<td bgcolor=\"#ffffff\" width=\"291\" height=\"18\">\n<p class=\"western\" align=\"center\"><span style=\"font-size: medium; color: #000000;\"><span style=\"font-family: Arial, sans-serif;\">D\u00f2ng r\u00f2 t\u1ed1i \u0111a (l\u1ea1nh)<\/span><\/span><\/p>\n<\/td>\n<td bgcolor=\"#ffffff\" width=\"452\">\n<p class=\"western\" align=\"center\"><span style=\"color: #000000;\">\u2264 <span style=\"font-family: Arial, sans-serif;\"><span style=\"font-size: medium;\">0.5 mA<\/span><\/span><\/span><\/p>\n<\/td>\n<\/tr>\n<tr>\n<td bgcolor=\"#ffffff\" width=\"291\" height=\"35\">\n<p class=\"western\" align=\"center\"><span style=\"font-size: medium; color: #000000;\"><span style=\"font-family: Arial, sans-serif;\">V\u1ecb tr\u00ed c\u1eb7p nhi\u1ec7t \u0111i\u1ec7n<\/span><\/span><\/p>\n<\/td>\n<td bgcolor=\"#ffffff\" width=\"452\">\n<p class=\"western\" align=\"center\"><span style=\"font-size: medium; color: #000000;\"><span style=\"font-family: Arial, sans-serif;\">lo\u1ea1i J \/ K \/ d\u00e2y n\u1ed1i \u0111\u1ea5t<\/span><\/span><\/p>\n<\/td>\n<\/tr>\n<\/tbody>\n<\/table>\n<p><span style=\"color: #000000;\"><img fetchpriority=\"high\" decoding=\"async\" class=\"aligncenter size-full wp-image-967\" src=\"http:\/\/cheri-heater.com\/vn\/wp-content\/uploads\/2024\/06\/H4fb30f9ec0f74e66949697022506984dA.jpg\" alt=\"\" width=\"750\" height=\"789\" srcset=\"https:\/\/cheri-heater.com\/vn\/wp-content\/uploads\/2024\/06\/H4fb30f9ec0f74e66949697022506984dA.jpg 750w, https:\/\/cheri-heater.com\/vn\/wp-content\/uploads\/2024\/06\/H4fb30f9ec0f74e66949697022506984dA-600x631.jpg 600w, https:\/\/cheri-heater.com\/vn\/wp-content\/uploads\/2024\/06\/H4fb30f9ec0f74e66949697022506984dA-285x300.jpg 285w\" sizes=\"(max-width: 750px) 100vw, 750px\" \/> <img decoding=\"async\" class=\"aligncenter size-full wp-image-968 lazyload\" data-src=\"http:\/\/cheri-heater.com\/vn\/wp-content\/uploads\/2024\/06\/H8e04086bbf3d44f3bf7703abaf948773c.jpg\" alt=\"\" width=\"800\" height=\"735\" data-srcset=\"https:\/\/cheri-heater.com\/vn\/wp-content\/uploads\/2024\/06\/H8e04086bbf3d44f3bf7703abaf948773c.jpg 800w, https:\/\/cheri-heater.com\/vn\/wp-content\/uploads\/2024\/06\/H8e04086bbf3d44f3bf7703abaf948773c-600x551.jpg 600w, https:\/\/cheri-heater.com\/vn\/wp-content\/uploads\/2024\/06\/H8e04086bbf3d44f3bf7703abaf948773c-300x276.jpg 300w, https:\/\/cheri-heater.com\/vn\/wp-content\/uploads\/2024\/06\/H8e04086bbf3d44f3bf7703abaf948773c-768x706.jpg 768w\" data-sizes=\"(max-width: 800px) 100vw, 800px\" src=\"data:image\/svg+xml;base64,PHN2ZyB3aWR0aD0iMSIgaGVpZ2h0PSIxIiB4bWxucz0iaHR0cDovL3d3dy53My5vcmcvMjAwMC9zdmciPjwvc3ZnPg==\" style=\"--smush-placeholder-width: 800px; --smush-placeholder-aspect-ratio: 800\/735;\" \/> <img decoding=\"async\" class=\"aligncenter size-full wp-image-969 lazyload\" data-src=\"http:\/\/cheri-heater.com\/vn\/wp-content\/uploads\/2024\/06\/HTB1jF1kaOjrK1RjSsplq6xHmVXaC.jpg\" alt=\"\" width=\"750\" height=\"600\" data-srcset=\"https:\/\/cheri-heater.com\/vn\/wp-content\/uploads\/2024\/06\/HTB1jF1kaOjrK1RjSsplq6xHmVXaC.jpg 750w, https:\/\/cheri-heater.com\/vn\/wp-content\/uploads\/2024\/06\/HTB1jF1kaOjrK1RjSsplq6xHmVXaC-600x480.jpg 600w, https:\/\/cheri-heater.com\/vn\/wp-content\/uploads\/2024\/06\/HTB1jF1kaOjrK1RjSsplq6xHmVXaC-300x240.jpg 300w\" data-sizes=\"(max-width: 750px) 100vw, 750px\" src=\"data:image\/svg+xml;base64,PHN2ZyB3aWR0aD0iMSIgaGVpZ2h0PSIxIiB4bWxucz0iaHR0cDovL3d3dy53My5vcmcvMjAwMC9zdmciPjwvc3ZnPg==\" style=\"--smush-placeholder-width: 750px; --smush-placeholder-aspect-ratio: 750\/600;\" \/><\/span><\/p>\n","protected":false},"excerpt":{"rendered":"<h1><span style=\"color: #000000;\">Nh\u00e0 S\u1ea3n Xu\u1ea5t Chuy\u00ean Nghi\u1ec7p B\u1ed9 Gia Nhi\u1ec7t Cartridge Cho Khu\u00f4n<\/span><\/h1>\n<p><span style=\"color: #000000;\">B\u1ea1n \u0111ang t\u00ecm ki\u1ebfm c\u00e1c b\u1ed9 gia nhi\u1ec7t cartridge cho khu\u00f4n ch\u1ea5t l\u01b0\u1ee3ng cao, \u0111\u01b0\u1ee3c thi\u1ebft k\u1ebf cho hi\u1ec7u su\u1ea5t v\u01b0\u1ee3t tr\u1ed9i v\u00e0 \u0111\u1ed9 tin c\u1eady? \u0110\u1eebng t\u00ecm \u0111\u00e2u xa, h\u00e3y \u0111\u1ebfn v\u1edbi C\u00f4ng Ty C\u00f4ng Ngh\u1ec7 Gia Nhi\u1ec7t Cheri &#8211; m\u1ed9t nh\u00e0 s\u1ea3n xu\u1ea5t h\u00e0ng \u0111\u1ea7u chuy\u00ean s\u1ea3n xu\u1ea5t <a href=\"https:\/\/cheri-heater.com\/vn\/\">c\u00e1c b\u1ed9 gia nhi\u1ec7t c\u00f4ng nghi\u1ec7p ch\u1ea5t l\u01b0\u1ee3ng cao<\/a>, bao g\u1ed3m c\u1ea3 b\u1ed9 gia nhi\u1ec7t cartridge cho khu\u00f4n \u0111\u01b0\u1ee3c ch\u1ebf t\u00e1c ch\u00ednh x\u00e1c.<\/span><\/p>\n<h2><span style=\"color: #000000;\">D\u00f2ng S\u1ea3n Ph\u1ea9m B\u1ed9 Gia Nhi\u1ec7t Cartridge Cho Khu\u00f4n H\u00e0ng \u0110\u1ea7u C\u1ee7a Ch\u00fang T\u00f4i<\/span><\/h2>\n<p><span style=\"color: #000000;\">C\u00f4ng Ty C\u00f4ng Ngh\u1ec7 Gia Nhi\u1ec7t Cheri t\u1ef1 h\u00e0o c\u00f3 m\u1ed9t lo\u1ea1t c\u00e1c b\u1ed9 gia nhi\u1ec7t cartridge cho khu\u00f4n \u0111\u01b0\u1ee3c thi\u1ebft k\u1ebf \u0111\u1ec3 \u0111\u00e1p \u1ee9ng nh\u1eefng y\u00eau c\u1ea7u kh\u1eaft khe c\u1ee7a c\u00e1c \u1ee9ng d\u1ee5ng c\u00f4ng nghi\u1ec7p. V\u1edbi s\u1ef1 t\u1eadp trung v\u00e0o ch\u1ea5t l\u01b0\u1ee3ng v\u01b0\u1ee3t tr\u1ed9i v\u00e0 k\u1ef9 thu\u1eadt ch\u00ednh x\u00e1c, c\u00e1c b\u1ed9 gia nhi\u1ec7t cartridge cho khu\u00f4n c\u1ee7a ch\u00fang t\u00f4i c\u00f3 s\u1eb5n cho c\u00e1c y\u00eau c\u1ea7u c\u00f4ng nghi\u1ec7p kh\u00e1c nhau v\u00e0 \u0111\u01b0\u1ee3c thi\u1ebft k\u1ebf t\u1ec9 m\u1ec9 \u0111\u1ec3 \u0111\u1ea3m b\u1ea3o hi\u1ec7u su\u1ea5t nhi\u1ec7t t\u1ed1i \u01b0u v\u00e0 \u0111\u1ed9 b\u1ec1n l\u00e2u d\u00e0i.<\/span><\/p>\n<h3><span style=\"color: #000000;\">T\u1ea1i Sao Ch\u1ecdn Cheri Heater Cho B\u1ed9 Gia Nhi\u1ec7t Cartridge Cho Khu\u00f4n?<\/span><\/h3>\n<p><span style=\"color: #000000;\">B\u1eb1ng c\u00e1ch ch\u1ecdn C\u00f4ng Ty C\u00f4ng Ngh\u1ec7 Gia Nhi\u1ec7t Cheri l\u00e0m nh\u00e0 s\u1ea3n xu\u1ea5t b\u1ed9 gia nhi\u1ec7t cartridge cho khu\u00f4n, b\u1ea1n s\u1ebd nh\u1eadn \u0111\u01b0\u1ee3c s\u1ef1 h\u1ed7 tr\u1ee3 kh\u00e1ch h\u00e0ng v\u00f4 song, c\u00e1c gi\u1ea3i ph\u00e1p gia nhi\u1ec7t t\u00f9y ch\u1ec9nh v\u00e0 cam k\u1ebft cung c\u1ea5p c\u00e1c b\u1ea3o h\u00e0nh v\u1eefng ch\u1eafc. \u0110\u1ed9i ng\u0169 gi\u00e0u kinh nghi\u1ec7m c\u1ee7a ch\u00fang t\u00f4i lu\u00f4n t\u1eadn t\u00e2m thi\u1ebft k\u1ebf c\u00e1c b\u1ed9 gia nhi\u1ec7t cartridge cho khu\u00f4n v\u1edbi c\u00e1c h\u00ecnh d\u1ea1ng, k\u00edch th\u01b0\u1edbc v\u00e0 v\u1eadt li\u1ec7u ch\u00ednh x\u00e1c, \u0111\u1ea3m b\u1ea3o \u0111\u00e1p \u1ee9ng c\u00e1c nhu c\u1ea7u \u0111\u1ed9c \u0111\u00e1o c\u1ee7a kh\u00e1ch h\u00e0ng c\u00f4ng nghi\u1ec7p c\u1ee7a ch\u00fang t\u00f4i.<\/span><\/p>\n","protected":false},"featured_media":964,"template":"","meta":[],"product_brand":[],"product_cat":[21],"product_tag":[154],"class_list":{"0":"post-956","1":"product","2":"type-product","3":"status-publish","4":"has-post-thumbnail","6":"product_cat-cartridge-heater","7":"product_tag-mold-cartridge-heater","9":"first","10":"instock","11":"shipping-taxable","12":"product-type-simple"},"yoast_head":"<!-- This site is optimized with the Yoast SEO plugin v27.3 - https:\/\/yoast.com\/product\/yoast-seo-wordpress\/ -->\n<title>Nh\u00e0 S\u1ea3n Xu\u1ea5t M\u00e1y S\u01b0\u1edfi H\u1ed9p M\u1ef1c Cho Khu\u00f4n H\u00e0ng \u0110\u1ea7u | Gi\u1ea3i Ph\u00e1p S\u01b0\u1edfi Ch\u1ea5t L\u01b0\u1ee3ng<\/title>\n<meta name=\"description\" content=\"\u0110ang t\u00ecm ki\u1ebfm m\u00e1y s\u01b0\u1edfi h\u1ed9p m\u1ef1c cho khu\u00f4n \u0111\u00e1ng tin c\u1eady? D\u1ecbch v\u1ee5 s\u1ea3n xu\u1ea5t h\u00e0ng \u0111\u1ea7u c\u1ee7a ch\u00fang t\u00f4i cung c\u1ea5p c\u00e1c gi\u1ea3i ph\u00e1p s\u01b0\u1edfi ch\u00ednh x\u00e1c \u0111\u01b0\u1ee3c thi\u1ebft k\u1ebf cho nhu c\u1ea7u c\u00f4ng nghi\u1ec7p c\u1ee7a b\u1ea1n.\" \/>\n<meta name=\"robots\" content=\"index, follow, max-snippet:-1, max-image-preview:large, max-video-preview:-1\" \/>\n<link rel=\"canonical\" href=\"https:\/\/cheri-heater.com\/vn\/product\/mold-cartridge-heater\/\" \/>\n<meta property=\"og:locale\" content=\"en_US\" \/>\n<meta property=\"og:type\" content=\"article\" \/>\n<meta property=\"og:title\" content=\"Nh\u00e0 S\u1ea3n Xu\u1ea5t M\u00e1y S\u01b0\u1edfi H\u1ed9p M\u1ef1c Cho Khu\u00f4n H\u00e0ng \u0110\u1ea7u | Gi\u1ea3i Ph\u00e1p S\u01b0\u1edfi Ch\u1ea5t L\u01b0\u1ee3ng\" \/>\n<meta property=\"og:description\" content=\"\u0110ang t\u00ecm ki\u1ebfm m\u00e1y s\u01b0\u1edfi h\u1ed9p m\u1ef1c cho khu\u00f4n \u0111\u00e1ng tin c\u1eady? D\u1ecbch v\u1ee5 s\u1ea3n xu\u1ea5t h\u00e0ng \u0111\u1ea7u c\u1ee7a ch\u00fang t\u00f4i cung c\u1ea5p c\u00e1c gi\u1ea3i ph\u00e1p s\u01b0\u1edfi ch\u00ednh x\u00e1c \u0111\u01b0\u1ee3c thi\u1ebft k\u1ebf cho nhu c\u1ea7u c\u00f4ng nghi\u1ec7p c\u1ee7a b\u1ea1n.\" \/>\n<meta property=\"og:url\" content=\"https:\/\/cheri-heater.com\/vn\/product\/mold-cartridge-heater\/\" \/>\n<meta property=\"og:site_name\" content=\"Cheri Heater Technology Co.,Ltd.\" \/>\n<meta property=\"article:modified_time\" content=\"2024-07-27T22:13:13+00:00\" \/>\n<meta property=\"og:image\" content=\"http:\/\/cheri-heater.com\/vn\/wp-content\/uploads\/2024\/06\/Cheri-Electrothermal-Equipment-Limited-Company-9.jpg\" \/>\n\t<meta property=\"og:image:width\" content=\"790\" \/>\n\t<meta property=\"og:image:height\" content=\"545\" \/>\n\t<meta property=\"og:image:type\" content=\"image\/jpeg\" \/>\n<meta name=\"twitter:card\" content=\"summary_large_image\" \/>\n<meta name=\"twitter:label1\" content=\"Est. reading time\" \/>\n\t<meta name=\"twitter:data1\" content=\"3 minutes\" \/>\n<!-- \/ Yoast SEO plugin. -->","yoast_head_json":{"title":"Nh\u00e0 S\u1ea3n Xu\u1ea5t M\u00e1y S\u01b0\u1edfi H\u1ed9p M\u1ef1c Cho Khu\u00f4n H\u00e0ng \u0110\u1ea7u | Gi\u1ea3i Ph\u00e1p S\u01b0\u1edfi Ch\u1ea5t L\u01b0\u1ee3ng","description":"\u0110ang t\u00ecm ki\u1ebfm m\u00e1y s\u01b0\u1edfi h\u1ed9p m\u1ef1c cho khu\u00f4n \u0111\u00e1ng tin c\u1eady? D\u1ecbch v\u1ee5 s\u1ea3n xu\u1ea5t h\u00e0ng \u0111\u1ea7u c\u1ee7a ch\u00fang t\u00f4i cung c\u1ea5p c\u00e1c gi\u1ea3i ph\u00e1p s\u01b0\u1edfi ch\u00ednh x\u00e1c \u0111\u01b0\u1ee3c thi\u1ebft k\u1ebf cho nhu c\u1ea7u c\u00f4ng nghi\u1ec7p c\u1ee7a b\u1ea1n.","robots":{"index":"index","follow":"follow","max-snippet":"max-snippet:-1","max-image-preview":"max-image-preview:large","max-video-preview":"max-video-preview:-1"},"canonical":"https:\/\/cheri-heater.com\/vn\/product\/mold-cartridge-heater\/","og_locale":"en_US","og_type":"article","og_title":"Nh\u00e0 S\u1ea3n Xu\u1ea5t M\u00e1y S\u01b0\u1edfi H\u1ed9p M\u1ef1c Cho Khu\u00f4n H\u00e0ng \u0110\u1ea7u | Gi\u1ea3i Ph\u00e1p S\u01b0\u1edfi Ch\u1ea5t L\u01b0\u1ee3ng","og_description":"\u0110ang t\u00ecm ki\u1ebfm m\u00e1y s\u01b0\u1edfi h\u1ed9p m\u1ef1c cho khu\u00f4n \u0111\u00e1ng tin c\u1eady? D\u1ecbch v\u1ee5 s\u1ea3n xu\u1ea5t h\u00e0ng \u0111\u1ea7u c\u1ee7a ch\u00fang t\u00f4i cung c\u1ea5p c\u00e1c gi\u1ea3i ph\u00e1p s\u01b0\u1edfi ch\u00ednh x\u00e1c \u0111\u01b0\u1ee3c thi\u1ebft k\u1ebf cho nhu c\u1ea7u c\u00f4ng nghi\u1ec7p c\u1ee7a b\u1ea1n.","og_url":"https:\/\/cheri-heater.com\/vn\/product\/mold-cartridge-heater\/","og_site_name":"Cheri Heater Technology Co.,Ltd.","article_modified_time":"2024-07-27T22:13:13+00:00","og_image":[{"width":790,"height":545,"url":"http:\/\/cheri-heater.com\/vn\/wp-content\/uploads\/2024\/06\/Cheri-Electrothermal-Equipment-Limited-Company-9.jpg","type":"image\/jpeg"}],"twitter_card":"summary_large_image","twitter_misc":{"Est. reading time":"3 minutes"},"schema":{"@context":"https:\/\/schema.org","@graph":[{"@type":"WebPage","@id":"https:\/\/cheri-heater.com\/vn\/product\/mold-cartridge-heater\/","url":"https:\/\/cheri-heater.com\/vn\/product\/mold-cartridge-heater\/","name":"Nh\u00e0 S\u1ea3n Xu\u1ea5t M\u00e1y S\u01b0\u1edfi H\u1ed9p M\u1ef1c Cho Khu\u00f4n H\u00e0ng \u0110\u1ea7u | Gi\u1ea3i Ph\u00e1p S\u01b0\u1edfi Ch\u1ea5t L\u01b0\u1ee3ng","isPartOf":{"@id":"https:\/\/cheri-heater.com\/vn\/#website"},"primaryImageOfPage":{"@id":"https:\/\/cheri-heater.com\/vn\/product\/mold-cartridge-heater\/#primaryimage"},"image":{"@id":"https:\/\/cheri-heater.com\/vn\/product\/mold-cartridge-heater\/#primaryimage"},"thumbnailUrl":"https:\/\/cheri-heater.com\/vn\/wp-content\/uploads\/2024\/06\/Cheri-Electrothermal-Equipment-Limited-Company-9.jpg","datePublished":"2024-06-04T18:06:57+00:00","dateModified":"2024-07-27T22:13:13+00:00","description":"\u0110ang t\u00ecm ki\u1ebfm m\u00e1y s\u01b0\u1edfi h\u1ed9p m\u1ef1c cho khu\u00f4n \u0111\u00e1ng tin c\u1eady? D\u1ecbch v\u1ee5 s\u1ea3n xu\u1ea5t h\u00e0ng \u0111\u1ea7u c\u1ee7a ch\u00fang t\u00f4i cung c\u1ea5p c\u00e1c gi\u1ea3i ph\u00e1p s\u01b0\u1edfi ch\u00ednh x\u00e1c \u0111\u01b0\u1ee3c thi\u1ebft k\u1ebf cho nhu c\u1ea7u c\u00f4ng nghi\u1ec7p c\u1ee7a b\u1ea1n.","breadcrumb":{"@id":"https:\/\/cheri-heater.com\/vn\/product\/mold-cartridge-heater\/#breadcrumb"},"inLanguage":"en-US","potentialAction":[{"@type":"ReadAction","target":["https:\/\/cheri-heater.com\/vn\/product\/mold-cartridge-heater\/"]}]},{"@type":"ImageObject","inLanguage":"en-US","@id":"https:\/\/cheri-heater.com\/vn\/product\/mold-cartridge-heater\/#primaryimage","url":"https:\/\/cheri-heater.com\/vn\/wp-content\/uploads\/2024\/06\/Cheri-Electrothermal-Equipment-Limited-Company-9.jpg","contentUrl":"https:\/\/cheri-heater.com\/vn\/wp-content\/uploads\/2024\/06\/Cheri-Electrothermal-Equipment-Limited-Company-9.jpg","width":790,"height":545},{"@type":"BreadcrumbList","@id":"https:\/\/cheri-heater.com\/vn\/product\/mold-cartridge-heater\/#breadcrumb","itemListElement":[{"@type":"ListItem","position":1,"name":"Home","item":"https:\/\/cheri-heater.com\/vn\/"},{"@type":"ListItem","position":2,"name":"Products","item":"https:\/\/cheri-heater.com\/vn\/products\/"},{"@type":"ListItem","position":3,"name":"m\u00e1y s\u01b0\u1edfi h\u1ed9p m\u1ef1c cho khu\u00f4n"}]},{"@type":"WebSite","@id":"https:\/\/cheri-heater.com\/vn\/#website","url":"https:\/\/cheri-heater.com\/vn\/","name":"Cheri Heater Technology Co.,Ltd.","description":"","publisher":{"@id":"https:\/\/cheri-heater.com\/vn\/#organization"},"potentialAction":[{"@type":"SearchAction","target":{"@type":"EntryPoint","urlTemplate":"https:\/\/cheri-heater.com\/vn\/?s={search_term_string}"},"query-input":{"@type":"PropertyValueSpecification","valueRequired":true,"valueName":"search_term_string"}}],"inLanguage":"en-US"},{"@type":"Organization","@id":"https:\/\/cheri-heater.com\/vn\/#organization","name":"Cheri Heater Technology Co.,Ltd.","url":"https:\/\/cheri-heater.com\/vn\/","logo":{"@type":"ImageObject","inLanguage":"en-US","@id":"https:\/\/cheri-heater.com\/vn\/#\/schema\/logo\/image\/","url":"https:\/\/cheri-heater.com\/vn\/wp-content\/uploads\/2024\/06\/cropped-logo-resize.png","contentUrl":"https:\/\/cheri-heater.com\/vn\/wp-content\/uploads\/2024\/06\/cropped-logo-resize.png","width":346,"height":99,"caption":"Cheri Heater Technology Co.,Ltd."},"image":{"@id":"https:\/\/cheri-heater.com\/vn\/#\/schema\/logo\/image\/"}}]}},"_links":{"self":[{"href":"https:\/\/cheri-heater.com\/vn\/wp-json\/wp\/v2\/product\/956","targetHints":{"allow":["GET"]}}],"collection":[{"href":"https:\/\/cheri-heater.com\/vn\/wp-json\/wp\/v2\/product"}],"about":[{"href":"https:\/\/cheri-heater.com\/vn\/wp-json\/wp\/v2\/types\/product"}],"wp:featuredmedia":[{"embeddable":true,"href":"https:\/\/cheri-heater.com\/vn\/wp-json\/wp\/v2\/media\/964"}],"wp:attachment":[{"href":"https:\/\/cheri-heater.com\/vn\/wp-json\/wp\/v2\/media?parent=956"}],"wp:term":[{"taxonomy":"product_brand","embeddable":true,"href":"https:\/\/cheri-heater.com\/vn\/wp-json\/wp\/v2\/product_brand?post=956"},{"taxonomy":"product_cat","embeddable":true,"href":"https:\/\/cheri-heater.com\/vn\/wp-json\/wp\/v2\/product_cat?post=956"},{"taxonomy":"product_tag","embeddable":true,"href":"https:\/\/cheri-heater.com\/vn\/wp-json\/wp\/v2\/product_tag?post=956"}],"curies":[{"name":"wp","href":"https:\/\/api.w.org\/{rel}","templated":true}]}}