{"id":965,"date":"2024-06-04T18:08:44","date_gmt":"2024-06-04T18:08:44","guid":{"rendered":"https:\/\/cheri-heater.com\/vn\/?post_type=product&#038;p=965"},"modified":"2024-07-28T04:14:05","modified_gmt":"2024-07-28T04:14:05","slug":"pellet-stove-igniter-heater","status":"publish","type":"product","link":"https:\/\/cheri-heater.com\/vn\/product\/pellet-stove-igniter-heater\/","title":{"rendered":"M\u00e1y \u0111\u00e1nh l\u1eeda b\u1ebfp vi\u00ean n\u00e9n"},"content":{"rendered":"","protected":false},"excerpt":{"rendered":"","protected":false},"featured_media":973,"template":"","meta":[],"product_brand":[],"product_cat":[21],"product_tag":[],"class_list":{"0":"post-965","1":"product","2":"type-product","3":"status-publish","4":"has-post-thumbnail","6":"product_cat-cartridge-heater","8":"first","9":"instock","10":"shipping-taxable","11":"product-type-simple"},"yoast_head":"<!-- This site is optimized with the Yoast SEO plugin v27.4 - https:\/\/yoast.com\/product\/yoast-seo-wordpress\/ -->\n<title>Thi\u1ebft b\u1ecb \u0111\u00e1nh l\u1eeda b\u1ebfp vi\u00ean n\u00e9n \u0111\u00e1ng tin c\u1eady | Cheri-heater.com<\/title>\n<meta name=\"description\" content=\"Thi\u1ebft b\u1ecb \u0111\u00e1nh l\u1eeda b\u1ebfp vi\u00ean n\u00e9n \u0111\u00e1ng tin c\u1eady c\u1ee7a ch\u00fang t\u00f4i, \u0111\u01b0\u1ee3c thi\u1ebft k\u1ebf \u0111\u1ec3 \u0111\u00e1nh l\u1eeda hi\u1ec7u qu\u1ea3 v\u00e0 nhanh ch\u00f3ng cho b\u1ebfp vi\u00ean n\u00e9n. \u0110\u1ea3m b\u1ea3o hi\u1ec7u su\u1ea5t t\u1ed1i \u01b0u v\u00e0 \u0111\u1ed9 b\u1ec1n v\u1edbi c\u00e1c thi\u1ebft b\u1ecb \u0111\u00e1nh l\u1eeda ch\u1ea5t l\u01b0\u1ee3ng cao c\u1ee7a ch\u00fang t\u00f4i. Ho\u00e0n h\u1ea3o cho vi\u1ec7c s\u1eed d\u1ee5ng t\u1ea1i gia \u0111\u00ecnh v\u00e0 th\u01b0\u01a1ng m\u1ea1i. Mua ngay \u0111\u1ec3 c\u00f3 tr\u1ea3i nghi\u1ec7m s\u01b0\u1edfi \u1ea5m m\u01b0\u1ee3t m\u00e0!\" \/>\n<meta name=\"robots\" content=\"index, follow, max-snippet:-1, max-image-preview:large, max-video-preview:-1\" \/>\n<link rel=\"canonical\" href=\"https:\/\/cheri-heater.com\/vn\/product\/pellet-stove-igniter-heater\/\" \/>\n<meta property=\"og:locale\" content=\"en_US\" \/>\n<meta property=\"og:type\" content=\"article\" \/>\n<meta property=\"og:title\" content=\"Thi\u1ebft b\u1ecb \u0111\u00e1nh l\u1eeda b\u1ebfp vi\u00ean n\u00e9n \u0111\u00e1ng tin c\u1eady | Cheri-heater.com\" \/>\n<meta property=\"og:description\" content=\"Thi\u1ebft b\u1ecb \u0111\u00e1nh l\u1eeda b\u1ebfp vi\u00ean n\u00e9n \u0111\u00e1ng tin c\u1eady c\u1ee7a ch\u00fang t\u00f4i, \u0111\u01b0\u1ee3c thi\u1ebft k\u1ebf \u0111\u1ec3 \u0111\u00e1nh l\u1eeda hi\u1ec7u qu\u1ea3 v\u00e0 nhanh ch\u00f3ng cho b\u1ebfp vi\u00ean n\u00e9n. \u0110\u1ea3m b\u1ea3o hi\u1ec7u su\u1ea5t t\u1ed1i \u01b0u v\u00e0 \u0111\u1ed9 b\u1ec1n v\u1edbi c\u00e1c thi\u1ebft b\u1ecb \u0111\u00e1nh l\u1eeda ch\u1ea5t l\u01b0\u1ee3ng cao c\u1ee7a ch\u00fang t\u00f4i. Ho\u00e0n h\u1ea3o cho vi\u1ec7c s\u1eed d\u1ee5ng t\u1ea1i gia \u0111\u00ecnh v\u00e0 th\u01b0\u01a1ng m\u1ea1i. Mua ngay \u0111\u1ec3 c\u00f3 tr\u1ea3i nghi\u1ec7m s\u01b0\u1edfi \u1ea5m m\u01b0\u1ee3t m\u00e0!\" \/>\n<meta property=\"og:url\" content=\"https:\/\/cheri-heater.com\/vn\/product\/pellet-stove-igniter-heater\/\" \/>\n<meta property=\"og:site_name\" content=\"Cheri Heater Technology Co.,Ltd.\" \/>\n<meta property=\"article:modified_time\" content=\"2024-07-28T04:14:05+00:00\" \/>\n<meta property=\"og:image\" content=\"http:\/\/cheri-heater.com\/vn\/wp-content\/uploads\/2024\/06\/Cheri-Electrothermal-Equipment-Limited-Company-2.jpg\" \/>\n\t<meta property=\"og:image:width\" content=\"1920\" \/>\n\t<meta property=\"og:image:height\" content=\"1685\" \/>\n\t<meta property=\"og:image:type\" content=\"image\/jpeg\" \/>\n<meta name=\"twitter:card\" content=\"summary_large_image\" \/>\n<meta name=\"twitter:label1\" content=\"Est. reading time\" \/>\n\t<meta name=\"twitter:data1\" content=\"1 minute\" \/>\n<!-- \/ Yoast SEO plugin. -->","yoast_head_json":{"title":"Thi\u1ebft b\u1ecb \u0111\u00e1nh l\u1eeda b\u1ebfp vi\u00ean n\u00e9n \u0111\u00e1ng tin c\u1eady | Cheri-heater.com","description":"Thi\u1ebft b\u1ecb \u0111\u00e1nh l\u1eeda b\u1ebfp vi\u00ean n\u00e9n \u0111\u00e1ng tin c\u1eady c\u1ee7a ch\u00fang t\u00f4i, \u0111\u01b0\u1ee3c thi\u1ebft k\u1ebf \u0111\u1ec3 \u0111\u00e1nh l\u1eeda hi\u1ec7u qu\u1ea3 v\u00e0 nhanh ch\u00f3ng cho b\u1ebfp vi\u00ean n\u00e9n. \u0110\u1ea3m b\u1ea3o hi\u1ec7u su\u1ea5t t\u1ed1i \u01b0u v\u00e0 \u0111\u1ed9 b\u1ec1n v\u1edbi c\u00e1c thi\u1ebft b\u1ecb \u0111\u00e1nh l\u1eeda ch\u1ea5t l\u01b0\u1ee3ng cao c\u1ee7a ch\u00fang t\u00f4i. Ho\u00e0n h\u1ea3o cho vi\u1ec7c s\u1eed d\u1ee5ng t\u1ea1i gia \u0111\u00ecnh v\u00e0 th\u01b0\u01a1ng m\u1ea1i. Mua ngay \u0111\u1ec3 c\u00f3 tr\u1ea3i nghi\u1ec7m s\u01b0\u1edfi \u1ea5m m\u01b0\u1ee3t m\u00e0!","robots":{"index":"index","follow":"follow","max-snippet":"max-snippet:-1","max-image-preview":"max-image-preview:large","max-video-preview":"max-video-preview:-1"},"canonical":"https:\/\/cheri-heater.com\/vn\/product\/pellet-stove-igniter-heater\/","og_locale":"en_US","og_type":"article","og_title":"Thi\u1ebft b\u1ecb \u0111\u00e1nh l\u1eeda b\u1ebfp vi\u00ean n\u00e9n \u0111\u00e1ng tin c\u1eady | Cheri-heater.com","og_description":"Thi\u1ebft b\u1ecb \u0111\u00e1nh l\u1eeda b\u1ebfp vi\u00ean n\u00e9n \u0111\u00e1ng tin c\u1eady c\u1ee7a ch\u00fang t\u00f4i, \u0111\u01b0\u1ee3c thi\u1ebft k\u1ebf \u0111\u1ec3 \u0111\u00e1nh l\u1eeda hi\u1ec7u qu\u1ea3 v\u00e0 nhanh ch\u00f3ng cho b\u1ebfp vi\u00ean n\u00e9n. \u0110\u1ea3m b\u1ea3o hi\u1ec7u su\u1ea5t t\u1ed1i \u01b0u v\u00e0 \u0111\u1ed9 b\u1ec1n v\u1edbi c\u00e1c thi\u1ebft b\u1ecb \u0111\u00e1nh l\u1eeda ch\u1ea5t l\u01b0\u1ee3ng cao c\u1ee7a ch\u00fang t\u00f4i. Ho\u00e0n h\u1ea3o cho vi\u1ec7c s\u1eed d\u1ee5ng t\u1ea1i gia \u0111\u00ecnh v\u00e0 th\u01b0\u01a1ng m\u1ea1i. Mua ngay \u0111\u1ec3 c\u00f3 tr\u1ea3i nghi\u1ec7m s\u01b0\u1edfi \u1ea5m m\u01b0\u1ee3t m\u00e0!","og_url":"https:\/\/cheri-heater.com\/vn\/product\/pellet-stove-igniter-heater\/","og_site_name":"Cheri Heater Technology Co.,Ltd.","article_modified_time":"2024-07-28T04:14:05+00:00","og_image":[{"width":1920,"height":1685,"url":"http:\/\/cheri-heater.com\/vn\/wp-content\/uploads\/2024\/06\/Cheri-Electrothermal-Equipment-Limited-Company-2.jpg","type":"image\/jpeg"}],"twitter_card":"summary_large_image","twitter_misc":{"Est. reading time":"1 minute"},"schema":{"@context":"https:\/\/schema.org","@graph":[{"@type":"WebPage","@id":"https:\/\/cheri-heater.com\/vn\/product\/pellet-stove-igniter-heater\/","url":"https:\/\/cheri-heater.com\/vn\/product\/pellet-stove-igniter-heater\/","name":"Thi\u1ebft b\u1ecb \u0111\u00e1nh l\u1eeda b\u1ebfp vi\u00ean n\u00e9n \u0111\u00e1ng tin c\u1eady | Cheri-heater.com","isPartOf":{"@id":"https:\/\/cheri-heater.com\/vn\/#website"},"primaryImageOfPage":{"@id":"https:\/\/cheri-heater.com\/vn\/product\/pellet-stove-igniter-heater\/#primaryimage"},"image":{"@id":"https:\/\/cheri-heater.com\/vn\/product\/pellet-stove-igniter-heater\/#primaryimage"},"thumbnailUrl":"https:\/\/cheri-heater.com\/vn\/wp-content\/uploads\/2024\/06\/Cheri-Electrothermal-Equipment-Limited-Company-2.jpg","datePublished":"2024-06-04T18:08:44+00:00","dateModified":"2024-07-28T04:14:05+00:00","description":"Thi\u1ebft b\u1ecb \u0111\u00e1nh l\u1eeda b\u1ebfp vi\u00ean n\u00e9n \u0111\u00e1ng tin c\u1eady c\u1ee7a ch\u00fang t\u00f4i, \u0111\u01b0\u1ee3c thi\u1ebft k\u1ebf \u0111\u1ec3 \u0111\u00e1nh l\u1eeda hi\u1ec7u qu\u1ea3 v\u00e0 nhanh ch\u00f3ng cho b\u1ebfp vi\u00ean n\u00e9n. \u0110\u1ea3m b\u1ea3o hi\u1ec7u su\u1ea5t t\u1ed1i \u01b0u v\u00e0 \u0111\u1ed9 b\u1ec1n v\u1edbi c\u00e1c thi\u1ebft b\u1ecb \u0111\u00e1nh l\u1eeda ch\u1ea5t l\u01b0\u1ee3ng cao c\u1ee7a ch\u00fang t\u00f4i. Ho\u00e0n h\u1ea3o cho vi\u1ec7c s\u1eed d\u1ee5ng t\u1ea1i gia \u0111\u00ecnh v\u00e0 th\u01b0\u01a1ng m\u1ea1i. Mua ngay \u0111\u1ec3 c\u00f3 tr\u1ea3i nghi\u1ec7m s\u01b0\u1edfi \u1ea5m m\u01b0\u1ee3t m\u00e0!","breadcrumb":{"@id":"https:\/\/cheri-heater.com\/vn\/product\/pellet-stove-igniter-heater\/#breadcrumb"},"inLanguage":"en-US","potentialAction":[{"@type":"ReadAction","target":["https:\/\/cheri-heater.com\/vn\/product\/pellet-stove-igniter-heater\/"]}]},{"@type":"ImageObject","inLanguage":"en-US","@id":"https:\/\/cheri-heater.com\/vn\/product\/pellet-stove-igniter-heater\/#primaryimage","url":"https:\/\/cheri-heater.com\/vn\/wp-content\/uploads\/2024\/06\/Cheri-Electrothermal-Equipment-Limited-Company-2.jpg","contentUrl":"https:\/\/cheri-heater.com\/vn\/wp-content\/uploads\/2024\/06\/Cheri-Electrothermal-Equipment-Limited-Company-2.jpg","width":1920,"height":1685},{"@type":"BreadcrumbList","@id":"https:\/\/cheri-heater.com\/vn\/product\/pellet-stove-igniter-heater\/#breadcrumb","itemListElement":[{"@type":"ListItem","position":1,"name":"Home","item":"https:\/\/cheri-heater.com\/vn\/"},{"@type":"ListItem","position":2,"name":"Products","item":"https:\/\/cheri-heater.com\/vn\/products\/"},{"@type":"ListItem","position":3,"name":"M\u00e1y \u0111\u00e1nh l\u1eeda b\u1ebfp vi\u00ean n\u00e9n"}]},{"@type":"WebSite","@id":"https:\/\/cheri-heater.com\/vn\/#website","url":"https:\/\/cheri-heater.com\/vn\/","name":"Cheri Heater Technology Co.,Ltd.","description":"","publisher":{"@id":"https:\/\/cheri-heater.com\/vn\/#organization"},"potentialAction":[{"@type":"SearchAction","target":{"@type":"EntryPoint","urlTemplate":"https:\/\/cheri-heater.com\/vn\/?s={search_term_string}"},"query-input":{"@type":"PropertyValueSpecification","valueRequired":true,"valueName":"search_term_string"}}],"inLanguage":"en-US"},{"@type":"Organization","@id":"https:\/\/cheri-heater.com\/vn\/#organization","name":"Cheri Heater Technology Co.,Ltd.","url":"https:\/\/cheri-heater.com\/vn\/","logo":{"@type":"ImageObject","inLanguage":"en-US","@id":"https:\/\/cheri-heater.com\/vn\/#\/schema\/logo\/image\/","url":"https:\/\/cheri-heater.com\/vn\/wp-content\/uploads\/2024\/06\/cropped-logo-resize.png","contentUrl":"https:\/\/cheri-heater.com\/vn\/wp-content\/uploads\/2024\/06\/cropped-logo-resize.png","width":346,"height":99,"caption":"Cheri Heater Technology Co.,Ltd."},"image":{"@id":"https:\/\/cheri-heater.com\/vn\/#\/schema\/logo\/image\/"}}]}},"_links":{"self":[{"href":"https:\/\/cheri-heater.com\/vn\/wp-json\/wp\/v2\/product\/965","targetHints":{"allow":["GET"]}}],"collection":[{"href":"https:\/\/cheri-heater.com\/vn\/wp-json\/wp\/v2\/product"}],"about":[{"href":"https:\/\/cheri-heater.com\/vn\/wp-json\/wp\/v2\/types\/product"}],"wp:featuredmedia":[{"embeddable":true,"href":"https:\/\/cheri-heater.com\/vn\/wp-json\/wp\/v2\/media\/973"}],"wp:attachment":[{"href":"https:\/\/cheri-heater.com\/vn\/wp-json\/wp\/v2\/media?parent=965"}],"wp:term":[{"taxonomy":"product_brand","embeddable":true,"href":"https:\/\/cheri-heater.com\/vn\/wp-json\/wp\/v2\/product_brand?post=965"},{"taxonomy":"product_cat","embeddable":true,"href":"https:\/\/cheri-heater.com\/vn\/wp-json\/wp\/v2\/product_cat?post=965"},{"taxonomy":"product_tag","embeddable":true,"href":"https:\/\/cheri-heater.com\/vn\/wp-json\/wp\/v2\/product_tag?post=965"}],"curies":[{"name":"wp","href":"https:\/\/api.w.org\/{rel}","templated":true}]}}