{"id":974,"date":"2024-06-04T18:13:00","date_gmt":"2024-06-04T18:13:00","guid":{"rendered":"https:\/\/cheri-heater.com\/vn\/?post_type=product&#038;p=974"},"modified":"2024-07-28T04:16:57","modified_gmt":"2024-07-28T04:16:57","slug":"threaded-cartridge-heater","status":"publish","type":"product","link":"https:\/\/cheri-heater.com\/vn\/product\/threaded-cartridge-heater\/","title":{"rendered":"B\u1ed9 gia nhi\u1ec7t h\u1ed9p m\u1ef1c c\u00f3 ren"},"content":{"rendered":"<p class=\"western\" align=\"left\"><span style=\"color: #333333;\"><span style=\"font-family: Times New Roman, serif;\"><span style=\"font-size: medium;\"><span lang=\"en-US\">B\u1ed9 gia nhi\u1ec7t d\u1ea1ng cartridge c\u00f3 kh\u1ea3 n\u0103ng ho\u1ea1t \u0111\u1ed9ng \u1edf nhi\u1ec7t \u0111\u1ed9 l\u00ean \u0111\u1ebfn 750\u2103 v\u00e0 \u0111\u1ea1t m\u1eadt \u0111\u1ed9 c\u00f4ng su\u1ea5t l\u00ean \u0111\u1ebfn 30 watt tr\u00ean m\u1ed7i cm\u00b2. C\u00f3 s\u1eb5n t\u1eeb kho ho\u1eb7c \u0111\u01b0\u1ee3c s\u1ea3n xu\u1ea5t t\u00f9y ch\u1ec9nh theo nhu c\u1ea7u \u1ee9ng d\u1ee5ng c\u1ee7a b\u1ea1n, ch\u00fang c\u00f3 s\u1eb5n trong nhi\u1ec1u \u0111\u01b0\u1eddng k\u00ednh v\u00e0 chi\u1ec1u d\u00e0i kh\u00e1c nhau theo ti\u00eau chu\u1ea9n inch v\u00e0 m\u00e9t v\u1edbi nhi\u1ec1u ki\u1ec3u k\u1ebft n\u1ed1i, c\u00f4ng su\u1ea5t v\u00e0 \u0111i\u1ec7n \u00e1p kh\u00e1c nhau.<br \/>\nB\u1ed9 gia nhi\u1ec7t d\u1ea1ng cartridge l\u00e0 l\u1ef1a ch\u1ecdn tuy\u1ec7t v\u1eddi \u0111\u1ec3 s\u1eed d\u1ee5ng l\u00e0m ngu\u1ed3n d\u1eabn nhi\u1ec7t cho c\u00e1c t\u1ea5m kim lo\u1ea1i r\u1eafn, kh\u1ed1i v\u00e0 khu\u00f4n ho\u1eb7c l\u00e0m ngu\u1ed3n nhi\u1ec7t \u0111\u1ed1i l\u01b0u \u0111\u1ec3 s\u1eed d\u1ee5ng trong nhi\u1ec1u lo\u1ea1i ch\u1ea5t l\u1ecfng v\u00e0 kh\u00ed kh\u00e1c nhau. B\u1ed9 gia nhi\u1ec7t d\u1ea1ng cartridge c\u00f3 th\u1ec3 \u0111\u01b0\u1ee3c s\u1eed d\u1ee5ng trong m\u00f4i tr\u01b0\u1eddng ch\u00e2n kh\u00f4ng v\u1edbi c\u00e1c h\u01b0\u1edbng d\u1eabn thi\u1ebft k\u1ebf ph\u00f9 h\u1ee3p.<\/span><\/span><\/span><\/span><\/p>\n<table width=\"750\" cellspacing=\"0\" cellpadding=\"0\">\n<tbody>\n<tr valign=\"top\">\n<td bgcolor=\"#f3f4f8\" width=\"151\">\n<p class=\"western\" align=\"left\"><span style=\"font-size: medium;\"><span style=\"font-family: Times New Roman, serif;\">T\u00ean s\u1ea3n ph\u1ea9m<\/span><\/span><\/p>\n<\/td>\n<td width=\"597\">\n<p class=\"western\" align=\"left\"><span style=\"font-family: Times New Roman, serif;\"><span style=\"font-size: medium;\"><span lang=\"en-US\">B\u1ed9 gia nhi\u1ec7t d\u1ea1ng cartridge ren c\u00f4ng su\u1ea5t cao<\/span><\/span><\/span><\/p>\n<\/td>\n<\/tr>\n<tr valign=\"top\">\n<td bgcolor=\"#f3f4f8\" width=\"151\">\n<p class=\"western\" align=\"left\"><span style=\"font-size: medium;\"><span style=\"font-family: Times New Roman, serif;\">D\u00e2y \u0111i\u1ec7n tr\u1edf<\/span><\/span><\/p>\n<\/td>\n<td width=\"597\">\n<p class=\"western\" align=\"left\"><span style=\"font-size: medium;\"><span style=\"font-family: Times New Roman, serif;\">Ni-Cr ho\u1eb7c FeCr<\/span><\/span><\/p>\n<\/td>\n<\/tr>\n<tr valign=\"top\">\n<td bgcolor=\"#f3f4f8\" width=\"151\">\n<p class=\"western\" align=\"left\"><span style=\"font-size: medium;\"><span style=\"font-family: Times New Roman, serif;\">V\u1ecf<\/span><\/span><\/p>\n<\/td>\n<td width=\"597\">\n<p class=\"western\" align=\"left\"><span style=\"font-size: medium;\"><span style=\"font-family: Times New Roman, serif;\">th\u00e9p kh\u00f4ng g\u1ec9 304,321,316, Incoloy 800, Incoloy 840, Ti<\/span><\/span><\/p>\n<\/td>\n<\/tr>\n<tr valign=\"top\">\n<td bgcolor=\"#f3f4f8\" width=\"151\">\n<p class=\"western\" align=\"left\"><span style=\"font-size: medium;\"><span style=\"font-family: Times New Roman, serif;\">C\u00e1ch nhi\u1ec7t<\/span><\/span><\/p>\n<\/td>\n<td width=\"597\">\n<p class=\"western\" align=\"left\"><span style=\"font-size: medium;\"><span style=\"font-family: Times New Roman, serif;\">MgO tinh khi\u1ebft cao<\/span><\/span><\/p>\n<\/td>\n<\/tr>\n<tr valign=\"top\">\n<td bgcolor=\"#f3f4f8\" width=\"151\">\n<p class=\"western\" align=\"left\"><span style=\"font-size: medium;\"><span style=\"font-family: Times New Roman, serif;\">Nhi\u1ec7t \u0111\u1ed9 t\u1ed1i \u0111a<\/span><\/span><\/p>\n<\/td>\n<td width=\"597\">\n<p class=\"western\" align=\"left\"><span style=\"font-family: Times New Roman, serif;\"><span style=\"font-size: medium;\"><span lang=\"en-US\">900 \u0111\u1ed9 C<\/span><\/span><\/span><\/p>\n<\/td>\n<\/tr>\n<tr valign=\"top\">\n<td bgcolor=\"#f3f4f8\" width=\"151\">\n<p class=\"western\" align=\"left\"><span style=\"font-size: medium;\"><span style=\"font-family: Times New Roman, serif;\">D\u00f2ng r\u00f2<\/span><\/span><\/p>\n<\/td>\n<td width=\"597\">\n<p class=\"western\" align=\"left\"><span style=\"font-size: medium;\"><span style=\"font-family: Times New Roman, serif;\">750\u2103, <span style=\"font-family: \u5b8b\u4f53;\"><span lang=\"zh-CN\">\uff1c<\/span><\/span>0.3mA<\/span><\/span><\/p>\n<\/td>\n<\/tr>\n<tr valign=\"top\">\n<td bgcolor=\"#f3f4f8\" width=\"151\">\n<p class=\"western\" align=\"left\"><span style=\"font-size: medium;\"><span style=\"font-family: Times New Roman, serif;\">\u0110i\u1ec7n \u00e1p ch\u1ecbu \u0111\u1ef1ng<\/span><\/span><\/p>\n<\/td>\n<td width=\"597\">\n<p class=\"western\" align=\"left\"><span style=\"font-size: medium;\"><span lang=\"zh-CN\"><span style=\"font-family: \u5b8b\u4f53;\">\uff1e<\/span><\/span>2KV, <span style=\"font-family: \u5b8b\u4f53;\"><span lang=\"zh-CN\">\uff0c <\/span><\/span>1 ph\u00fat<\/span><\/p>\n<\/td>\n<\/tr>\n<tr valign=\"top\">\n<td bgcolor=\"#f3f4f8\" width=\"151\">\n<p class=\"western\" align=\"left\"><span style=\"font-size: medium;\"><span style=\"font-family: Times New Roman, serif;\">Ki\u1ec3m tra b\u1eadt t\u1eaft AC<\/span><\/span><\/p>\n<\/td>\n<td width=\"597\">\n<p class=\"western\" align=\"left\"><span style=\"font-size: medium;\"><span style=\"font-family: Times New Roman, serif;\">2000 l\u1ea7n<\/span><\/span><\/p>\n<\/td>\n<\/tr>\n<tr valign=\"top\">\n<td bgcolor=\"#f3f4f8\" width=\"151\">\n<p class=\"western\" align=\"left\"><span style=\"font-size: medium;\"><span style=\"font-family: Times New Roman, serif;\">\u0110i\u1ec7n \u00e1p c\u00f3 s\u1eb5n<\/span><\/span><\/p>\n<\/td>\n<td width=\"597\">\n<p class=\"western\" align=\"left\"><span style=\"font-size: medium;\"><span style=\"font-family: Times New Roman, serif;\">380V, 240V, 220V, 110V, 36V, 24V ho\u1eb7c 12V<\/span><\/span><\/p>\n<\/td>\n<\/tr>\n<tr valign=\"top\">\n<td bgcolor=\"#f3f4f8\" width=\"151\">\n<p class=\"western\" align=\"left\"><span style=\"font-size: medium;\"><span style=\"font-family: Times New Roman, serif;\">Sai s\u1ed1 c\u00f4ng su\u1ea5t<\/span><\/span><\/p>\n<\/td>\n<td width=\"597\">\n<p class=\"western\" align=\"left\"><span style=\"font-size: medium;\"><span style=\"font-family: Times New Roman, serif;\">+5%, -10%<\/span><\/span><\/p>\n<\/td>\n<\/tr>\n<tr valign=\"top\">\n<td bgcolor=\"#f3f4f8\" width=\"151\">\n<p class=\"western\" align=\"left\"><span style=\"font-size: medium;\"><span style=\"font-family: Times New Roman, serif;\">C\u1eb7p nhi\u1ec7t \u0111i\u1ec7n<\/span><\/span><\/p>\n<\/td>\n<td width=\"597\">\n<p class=\"western\" align=\"left\"><span style=\"font-size: medium;\"><span style=\"font-family: Times New Roman, serif;\">Lo\u1ea1i K ho\u1eb7c J<\/span><\/span><\/p>\n<\/td>\n<\/tr>\n<tr valign=\"top\">\n<td bgcolor=\"#f3f4f8\" width=\"151\">\n<p class=\"western\" align=\"left\"><span style=\"font-size: medium;\"><span style=\"font-family: Times New Roman, serif;\">D\u00e2y d\u1eabn<\/span><\/span><\/p>\n<\/td>\n<td width=\"597\">\n<p class=\"western\" align=\"left\"><span style=\"font-size: medium;\"><span style=\"font-family: Times New Roman, serif;\">Chi\u1ec1u d\u00e0i 300mm; Nhi\u1ec1u lo\u1ea1i d\u00e2y kh\u00e1c nhau (Teflon\/silicone, s\u1ee3i th\u1ee7y tinh ch\u1ecbu nhi\u1ec7t cao) c\u00f3 s\u1eb5n<\/span><\/span><\/p>\n<\/td>\n<\/tr>\n<\/tbody>\n<\/table>\n<p><img fetchpriority=\"high\" decoding=\"async\" class=\"aligncenter size-full wp-image-975\" src=\"http:\/\/cheri-heater.com\/vn\/wp-content\/uploads\/2024\/06\/description-1.jpg\" alt=\"\" width=\"899\" height=\"515\" srcset=\"https:\/\/cheri-heater.com\/vn\/wp-content\/uploads\/2024\/06\/description-1.jpg 899w, https:\/\/cheri-heater.com\/vn\/wp-content\/uploads\/2024\/06\/description-1-600x344.jpg 600w, https:\/\/cheri-heater.com\/vn\/wp-content\/uploads\/2024\/06\/description-1-300x172.jpg 300w, https:\/\/cheri-heater.com\/vn\/wp-content\/uploads\/2024\/06\/description-1-768x440.jpg 768w\" sizes=\"(max-width: 899px) 100vw, 899px\" \/> <img decoding=\"async\" class=\"aligncenter size-full wp-image-976 lazyload\" data-src=\"http:\/\/cheri-heater.com\/vn\/wp-content\/uploads\/2024\/06\/descritpion2.jpg\" alt=\"\" width=\"865\" height=\"639\" data-srcset=\"https:\/\/cheri-heater.com\/vn\/wp-content\/uploads\/2024\/06\/descritpion2.jpg 865w, https:\/\/cheri-heater.com\/vn\/wp-content\/uploads\/2024\/06\/descritpion2-600x443.jpg 600w, https:\/\/cheri-heater.com\/vn\/wp-content\/uploads\/2024\/06\/descritpion2-300x222.jpg 300w, https:\/\/cheri-heater.com\/vn\/wp-content\/uploads\/2024\/06\/descritpion2-768x567.jpg 768w\" data-sizes=\"(max-width: 865px) 100vw, 865px\" src=\"data:image\/svg+xml;base64,PHN2ZyB3aWR0aD0iMSIgaGVpZ2h0PSIxIiB4bWxucz0iaHR0cDovL3d3dy53My5vcmcvMjAwMC9zdmciPjwvc3ZnPg==\" style=\"--smush-placeholder-width: 865px; --smush-placeholder-aspect-ratio: 865\/639;\" \/><\/p>\n","protected":false},"excerpt":{"rendered":"<p class=\"western\" align=\"left\"><span style=\"color: #333333;\"><span style=\"font-family: Times New Roman, serif;\"><span style=\"font-size: medium;\"><span lang=\"en-US\">B\u1ed9 gia nhi\u1ec7t d\u1ea1ng cartridge l\u00e0 s\u1ea3n ph\u1ea9m c\u1ef1c k\u1ef3 linh ho\u1ea1t v\u00e0 b\u1ec1n b\u1ec9, \u0111\u01b0\u1ee3c s\u1eed d\u1ee5ng \u0111\u1ec3 gia nhi\u1ec7t cho v\u00f4 s\u1ed1 c\u00e1c quy tr\u00ecnh kh\u00e1c nhau t\u1eeb c\u00e1c \u1ee9ng d\u1ee5ng c\u00f4ng nghi\u1ec7p n\u1eb7ng &#8211; nh\u1ef1a v\u00e0 \u0111\u00f3ng g\u00f3i \u0111\u1ebfn c\u00e1c thi\u1ebft b\u1ecb ki\u1ec3m tra ph\u00e2n t\u00edch, v\u00e0 c\u00f2n \u0111\u01b0\u1ee3c s\u1eed d\u1ee5ng tr\u00ean m\u00e1y bay, toa t\u00e0u v\u00e0 xe t\u1ea3i.<\/span><\/span><\/span><\/span><\/p>\n","protected":false},"featured_media":983,"template":"","meta":[],"product_brand":[],"product_cat":[21],"product_tag":[],"class_list":{"0":"post-974","1":"product","2":"type-product","3":"status-publish","4":"has-post-thumbnail","6":"product_cat-cartridge-heater","8":"first","9":"instock","10":"shipping-taxable","11":"product-type-simple"},"yoast_head":"<!-- This site is optimized with the Yoast SEO plugin v27.3 - https:\/\/yoast.com\/product\/yoast-seo-wordpress\/ -->\n<title>B\u1ed9 Gia Nhi\u1ec7t H\u1ed9p M\u1ef1c C\u00f3 Ren Ch\u1ea5t L\u01b0\u1ee3ng Cao cho Gia Nhi\u1ec7t Ch\u00ednh X\u00e1c<\/title>\n<meta name=\"description\" content=\"D\u00f2ng s\u1ea3n ph\u1ea9m b\u1ed9 gia nhi\u1ec7t h\u1ed9p m\u1ef1c c\u00f3 ren ch\u1ea5t l\u01b0\u1ee3ng cao c\u1ee7a ch\u00fang t\u00f4i, \u0111\u01b0\u1ee3c thi\u1ebft k\u1ebf \u0111\u1ec3 gia nhi\u1ec7t ch\u00ednh x\u00e1c v\u00e0 hi\u1ec7u qu\u1ea3 trong c\u00e1c \u1ee9ng d\u1ee5ng c\u00f4ng nghi\u1ec7p kh\u00e1c nhau. \u0110\u1ea3m b\u1ea3o hi\u1ec7u su\u1ea5t t\u1ed1i \u01b0u v\u00e0 \u0111\u1ed9 b\u1ec1n v\u1edbi c\u00e1c b\u1ed9 gia nhi\u1ec7t h\u1ed9p m\u1ef1c c\u00f3 ren \u0111\u00e1ng tin c\u1eady v\u00e0 d\u1ec5 l\u1eafp \u0111\u1eb7t c\u1ee7a ch\u00fang t\u00f4i. Mua ngay \u0111\u1ec3 c\u00f3 gi\u1ea3i ph\u00e1p gia nhi\u1ec7t v\u01b0\u1ee3t tr\u1ed9i!\" \/>\n<meta name=\"robots\" content=\"index, follow, max-snippet:-1, max-image-preview:large, max-video-preview:-1\" \/>\n<link rel=\"canonical\" href=\"https:\/\/cheri-heater.com\/vn\/product\/threaded-cartridge-heater\/\" \/>\n<meta property=\"og:locale\" content=\"en_US\" \/>\n<meta property=\"og:type\" content=\"article\" \/>\n<meta property=\"og:title\" content=\"B\u1ed9 Gia Nhi\u1ec7t H\u1ed9p M\u1ef1c C\u00f3 Ren Ch\u1ea5t L\u01b0\u1ee3ng Cao cho Gia Nhi\u1ec7t Ch\u00ednh X\u00e1c\" \/>\n<meta property=\"og:description\" content=\"D\u00f2ng s\u1ea3n ph\u1ea9m b\u1ed9 gia nhi\u1ec7t h\u1ed9p m\u1ef1c c\u00f3 ren ch\u1ea5t l\u01b0\u1ee3ng cao c\u1ee7a ch\u00fang t\u00f4i, \u0111\u01b0\u1ee3c thi\u1ebft k\u1ebf \u0111\u1ec3 gia nhi\u1ec7t ch\u00ednh x\u00e1c v\u00e0 hi\u1ec7u qu\u1ea3 trong c\u00e1c \u1ee9ng d\u1ee5ng c\u00f4ng nghi\u1ec7p kh\u00e1c nhau. \u0110\u1ea3m b\u1ea3o hi\u1ec7u su\u1ea5t t\u1ed1i \u01b0u v\u00e0 \u0111\u1ed9 b\u1ec1n v\u1edbi c\u00e1c b\u1ed9 gia nhi\u1ec7t h\u1ed9p m\u1ef1c c\u00f3 ren \u0111\u00e1ng tin c\u1eady v\u00e0 d\u1ec5 l\u1eafp \u0111\u1eb7t c\u1ee7a ch\u00fang t\u00f4i. Mua ngay \u0111\u1ec3 c\u00f3 gi\u1ea3i ph\u00e1p gia nhi\u1ec7t v\u01b0\u1ee3t tr\u1ed9i!\" \/>\n<meta property=\"og:url\" content=\"https:\/\/cheri-heater.com\/vn\/product\/threaded-cartridge-heater\/\" \/>\n<meta property=\"og:site_name\" content=\"Cheri Heater Technology Co.,Ltd.\" \/>\n<meta property=\"article:modified_time\" content=\"2024-07-28T04:16:57+00:00\" \/>\n<meta property=\"og:image\" content=\"http:\/\/cheri-heater.com\/vn\/wp-content\/uploads\/2024\/06\/Cheri-Electrothermal-Equipment-Limited-Company-6-2.jpg\" \/>\n\t<meta property=\"og:image:width\" content=\"800\" \/>\n\t<meta property=\"og:image:height\" content=\"800\" \/>\n\t<meta property=\"og:image:type\" content=\"image\/jpeg\" \/>\n<meta name=\"twitter:card\" content=\"summary_large_image\" \/>\n<meta name=\"twitter:label1\" content=\"Est. reading time\" \/>\n\t<meta name=\"twitter:data1\" content=\"2 minutes\" \/>\n<!-- \/ Yoast SEO plugin. -->","yoast_head_json":{"title":"B\u1ed9 Gia Nhi\u1ec7t H\u1ed9p M\u1ef1c C\u00f3 Ren Ch\u1ea5t L\u01b0\u1ee3ng Cao cho Gia Nhi\u1ec7t Ch\u00ednh X\u00e1c","description":"D\u00f2ng s\u1ea3n ph\u1ea9m b\u1ed9 gia nhi\u1ec7t h\u1ed9p m\u1ef1c c\u00f3 ren ch\u1ea5t l\u01b0\u1ee3ng cao c\u1ee7a ch\u00fang t\u00f4i, \u0111\u01b0\u1ee3c thi\u1ebft k\u1ebf \u0111\u1ec3 gia nhi\u1ec7t ch\u00ednh x\u00e1c v\u00e0 hi\u1ec7u qu\u1ea3 trong c\u00e1c \u1ee9ng d\u1ee5ng c\u00f4ng nghi\u1ec7p kh\u00e1c nhau. \u0110\u1ea3m b\u1ea3o hi\u1ec7u su\u1ea5t t\u1ed1i \u01b0u v\u00e0 \u0111\u1ed9 b\u1ec1n v\u1edbi c\u00e1c b\u1ed9 gia nhi\u1ec7t h\u1ed9p m\u1ef1c c\u00f3 ren \u0111\u00e1ng tin c\u1eady v\u00e0 d\u1ec5 l\u1eafp \u0111\u1eb7t c\u1ee7a ch\u00fang t\u00f4i. Mua ngay \u0111\u1ec3 c\u00f3 gi\u1ea3i ph\u00e1p gia nhi\u1ec7t v\u01b0\u1ee3t tr\u1ed9i!","robots":{"index":"index","follow":"follow","max-snippet":"max-snippet:-1","max-image-preview":"max-image-preview:large","max-video-preview":"max-video-preview:-1"},"canonical":"https:\/\/cheri-heater.com\/vn\/product\/threaded-cartridge-heater\/","og_locale":"en_US","og_type":"article","og_title":"B\u1ed9 Gia Nhi\u1ec7t H\u1ed9p M\u1ef1c C\u00f3 Ren Ch\u1ea5t L\u01b0\u1ee3ng Cao cho Gia Nhi\u1ec7t Ch\u00ednh X\u00e1c","og_description":"D\u00f2ng s\u1ea3n ph\u1ea9m b\u1ed9 gia nhi\u1ec7t h\u1ed9p m\u1ef1c c\u00f3 ren ch\u1ea5t l\u01b0\u1ee3ng cao c\u1ee7a ch\u00fang t\u00f4i, \u0111\u01b0\u1ee3c thi\u1ebft k\u1ebf \u0111\u1ec3 gia nhi\u1ec7t ch\u00ednh x\u00e1c v\u00e0 hi\u1ec7u qu\u1ea3 trong c\u00e1c \u1ee9ng d\u1ee5ng c\u00f4ng nghi\u1ec7p kh\u00e1c nhau. \u0110\u1ea3m b\u1ea3o hi\u1ec7u su\u1ea5t t\u1ed1i \u01b0u v\u00e0 \u0111\u1ed9 b\u1ec1n v\u1edbi c\u00e1c b\u1ed9 gia nhi\u1ec7t h\u1ed9p m\u1ef1c c\u00f3 ren \u0111\u00e1ng tin c\u1eady v\u00e0 d\u1ec5 l\u1eafp \u0111\u1eb7t c\u1ee7a ch\u00fang t\u00f4i. Mua ngay \u0111\u1ec3 c\u00f3 gi\u1ea3i ph\u00e1p gia nhi\u1ec7t v\u01b0\u1ee3t tr\u1ed9i!","og_url":"https:\/\/cheri-heater.com\/vn\/product\/threaded-cartridge-heater\/","og_site_name":"Cheri Heater Technology Co.,Ltd.","article_modified_time":"2024-07-28T04:16:57+00:00","og_image":[{"width":800,"height":800,"url":"http:\/\/cheri-heater.com\/vn\/wp-content\/uploads\/2024\/06\/Cheri-Electrothermal-Equipment-Limited-Company-6-2.jpg","type":"image\/jpeg"}],"twitter_card":"summary_large_image","twitter_misc":{"Est. reading time":"2 minutes"},"schema":{"@context":"https:\/\/schema.org","@graph":[{"@type":"WebPage","@id":"https:\/\/cheri-heater.com\/vn\/product\/threaded-cartridge-heater\/","url":"https:\/\/cheri-heater.com\/vn\/product\/threaded-cartridge-heater\/","name":"B\u1ed9 Gia Nhi\u1ec7t H\u1ed9p M\u1ef1c C\u00f3 Ren Ch\u1ea5t L\u01b0\u1ee3ng Cao cho Gia Nhi\u1ec7t Ch\u00ednh X\u00e1c","isPartOf":{"@id":"https:\/\/cheri-heater.com\/vn\/#website"},"primaryImageOfPage":{"@id":"https:\/\/cheri-heater.com\/vn\/product\/threaded-cartridge-heater\/#primaryimage"},"image":{"@id":"https:\/\/cheri-heater.com\/vn\/product\/threaded-cartridge-heater\/#primaryimage"},"thumbnailUrl":"https:\/\/cheri-heater.com\/vn\/wp-content\/uploads\/2024\/06\/Cheri-Electrothermal-Equipment-Limited-Company-6-2.jpg","datePublished":"2024-06-04T18:13:00+00:00","dateModified":"2024-07-28T04:16:57+00:00","description":"D\u00f2ng s\u1ea3n ph\u1ea9m b\u1ed9 gia nhi\u1ec7t h\u1ed9p m\u1ef1c c\u00f3 ren ch\u1ea5t l\u01b0\u1ee3ng cao c\u1ee7a ch\u00fang t\u00f4i, \u0111\u01b0\u1ee3c thi\u1ebft k\u1ebf \u0111\u1ec3 gia nhi\u1ec7t ch\u00ednh x\u00e1c v\u00e0 hi\u1ec7u qu\u1ea3 trong c\u00e1c \u1ee9ng d\u1ee5ng c\u00f4ng nghi\u1ec7p kh\u00e1c nhau. \u0110\u1ea3m b\u1ea3o hi\u1ec7u su\u1ea5t t\u1ed1i \u01b0u v\u00e0 \u0111\u1ed9 b\u1ec1n v\u1edbi c\u00e1c b\u1ed9 gia nhi\u1ec7t h\u1ed9p m\u1ef1c c\u00f3 ren \u0111\u00e1ng tin c\u1eady v\u00e0 d\u1ec5 l\u1eafp \u0111\u1eb7t c\u1ee7a ch\u00fang t\u00f4i. Mua ngay \u0111\u1ec3 c\u00f3 gi\u1ea3i ph\u00e1p gia nhi\u1ec7t v\u01b0\u1ee3t tr\u1ed9i!","breadcrumb":{"@id":"https:\/\/cheri-heater.com\/vn\/product\/threaded-cartridge-heater\/#breadcrumb"},"inLanguage":"en-US","potentialAction":[{"@type":"ReadAction","target":["https:\/\/cheri-heater.com\/vn\/product\/threaded-cartridge-heater\/"]}]},{"@type":"ImageObject","inLanguage":"en-US","@id":"https:\/\/cheri-heater.com\/vn\/product\/threaded-cartridge-heater\/#primaryimage","url":"https:\/\/cheri-heater.com\/vn\/wp-content\/uploads\/2024\/06\/Cheri-Electrothermal-Equipment-Limited-Company-6-2.jpg","contentUrl":"https:\/\/cheri-heater.com\/vn\/wp-content\/uploads\/2024\/06\/Cheri-Electrothermal-Equipment-Limited-Company-6-2.jpg","width":800,"height":800},{"@type":"BreadcrumbList","@id":"https:\/\/cheri-heater.com\/vn\/product\/threaded-cartridge-heater\/#breadcrumb","itemListElement":[{"@type":"ListItem","position":1,"name":"Home","item":"https:\/\/cheri-heater.com\/vn\/"},{"@type":"ListItem","position":2,"name":"Products","item":"https:\/\/cheri-heater.com\/vn\/products\/"},{"@type":"ListItem","position":3,"name":"B\u1ed9 gia nhi\u1ec7t h\u1ed9p m\u1ef1c c\u00f3 ren"}]},{"@type":"WebSite","@id":"https:\/\/cheri-heater.com\/vn\/#website","url":"https:\/\/cheri-heater.com\/vn\/","name":"Cheri Heater Technology Co.,Ltd.","description":"","publisher":{"@id":"https:\/\/cheri-heater.com\/vn\/#organization"},"potentialAction":[{"@type":"SearchAction","target":{"@type":"EntryPoint","urlTemplate":"https:\/\/cheri-heater.com\/vn\/?s={search_term_string}"},"query-input":{"@type":"PropertyValueSpecification","valueRequired":true,"valueName":"search_term_string"}}],"inLanguage":"en-US"},{"@type":"Organization","@id":"https:\/\/cheri-heater.com\/vn\/#organization","name":"Cheri Heater Technology Co.,Ltd.","url":"https:\/\/cheri-heater.com\/vn\/","logo":{"@type":"ImageObject","inLanguage":"en-US","@id":"https:\/\/cheri-heater.com\/vn\/#\/schema\/logo\/image\/","url":"https:\/\/cheri-heater.com\/vn\/wp-content\/uploads\/2024\/06\/cropped-logo-resize.png","contentUrl":"https:\/\/cheri-heater.com\/vn\/wp-content\/uploads\/2024\/06\/cropped-logo-resize.png","width":346,"height":99,"caption":"Cheri Heater Technology Co.,Ltd."},"image":{"@id":"https:\/\/cheri-heater.com\/vn\/#\/schema\/logo\/image\/"}}]}},"_links":{"self":[{"href":"https:\/\/cheri-heater.com\/vn\/wp-json\/wp\/v2\/product\/974","targetHints":{"allow":["GET"]}}],"collection":[{"href":"https:\/\/cheri-heater.com\/vn\/wp-json\/wp\/v2\/product"}],"about":[{"href":"https:\/\/cheri-heater.com\/vn\/wp-json\/wp\/v2\/types\/product"}],"wp:featuredmedia":[{"embeddable":true,"href":"https:\/\/cheri-heater.com\/vn\/wp-json\/wp\/v2\/media\/983"}],"wp:attachment":[{"href":"https:\/\/cheri-heater.com\/vn\/wp-json\/wp\/v2\/media?parent=974"}],"wp:term":[{"taxonomy":"product_brand","embeddable":true,"href":"https:\/\/cheri-heater.com\/vn\/wp-json\/wp\/v2\/product_brand?post=974"},{"taxonomy":"product_cat","embeddable":true,"href":"https:\/\/cheri-heater.com\/vn\/wp-json\/wp\/v2\/product_cat?post=974"},{"taxonomy":"product_tag","embeddable":true,"href":"https:\/\/cheri-heater.com\/vn\/wp-json\/wp\/v2\/product_tag?post=974"}],"curies":[{"name":"wp","href":"https:\/\/api.w.org\/{rel}","templated":true}]}}