{"id":984,"date":"2024-06-04T18:20:00","date_gmt":"2024-06-04T18:20:00","guid":{"rendered":"https:\/\/cheri-heater.com\/vn\/?post_type=product&#038;p=984"},"modified":"2024-07-27T22:20:16","modified_gmt":"2024-07-27T22:20:16","slug":"mi-heating-cable","status":"publish","type":"product","link":"https:\/\/cheri-heater.com\/vn\/product\/mi-heating-cable\/","title":{"rendered":"c\u00e1p s\u01b0\u1edfi MI"},"content":{"rendered":"<table width=\"750\" cellspacing=\"0\" cellpadding=\"0\">\n<tbody>\n<tr valign=\"top\">\n<td width=\"211\">\n<p class=\"western\" align=\"center\"><span style=\"font-size: small;\"><span style=\"font-family: \u5b8b\u4f53;\">M\u00f4 H\u00ecnh<\/span><\/span><\/p>\n<\/td>\n<td width=\"340\">\n<p class=\"western\" align=\"center\"><span style=\"font-size: small;\"><span style=\"font-family: \u5b8b\u4f53;\">C\u00e1p MI b\u1ecdc th\u00e9p b\u1eb1ng th\u00e9p kh\u00f4ng g\u1ec9 (304\/310\/316)<\/span><\/span><\/p>\n<\/td>\n<td width=\"196\">\n<p class=\"western\" align=\"center\"><span style=\"font-size: small;\"><span style=\"font-family: \u5b8b\u4f53;\">C\u00e1p MI b\u1ecdc th\u00e9p h\u1ee3p kim 825<\/span><\/span><\/p>\n<\/td>\n<\/tr>\n<tr valign=\"top\">\n<td width=\"211\">\n<p class=\"western\" align=\"center\"><span style=\"font-size: small;\"><span style=\"font-family: \u5b8b\u4f53;\">C\u00f4ng Su\u1ea5t \u0110\u1ea7u Ra<\/span><\/span><\/p>\n<\/td>\n<td colspan=\"2\" width=\"537\">\n<p class=\"western\" align=\"center\"><span style=\"font-size: small;\"><span style=\"font-family: \u5b8b\u4f53;\">0-150W\/m \u0111\u1ec3 t\u00f9y ch\u1ec9nh<\/span><\/span><\/p>\n<\/td>\n<\/tr>\n<tr valign=\"top\">\n<td width=\"211\">\n<p class=\"western\" align=\"center\"><span style=\"font-size: small;\"><span style=\"font-family: \u5b8b\u4f53;\">\u0110\u01b0\u1eddng K\u00ednh Ngo\u00e0i<\/span><\/span><\/p>\n<\/td>\n<td colspan=\"2\" width=\"537\">\n<p class=\"western\" align=\"left\"><span style=\"font-size: small;\"><span style=\"font-family: \u5b8b\u4f53;\">3\/4\/6 S\u1ea3n ph\u1ea9m kh\u00f4ng chu\u1ea9n, c\u1ea7n t\u00f9y ch\u1ec9nh<\/span><\/span><\/p>\n<\/td>\n<\/tr>\n<tr valign=\"top\">\n<td width=\"211\">\n<p class=\"western\" align=\"center\"><span style=\"font-size: small;\"><span style=\"font-family: \u5b8b\u4f53;\">Nhi\u1ec7t \u0110\u1ed9 B\u1ea3o Tr\u00ec T\u1ed1i \u0110a<\/span><\/span><\/p>\n<\/td>\n<td width=\"340\">\n<p class=\"western\" align=\"center\"><span style=\"font-size: small;\"><span style=\"font-family: \u5b8b\u4f53;\">300\u2103<\/span><\/span><\/p>\n<\/td>\n<td width=\"196\">\n<p class=\"western\" align=\"center\"><span style=\"font-size: small;\"><span style=\"font-family: \u5b8b\u4f53;\">600\u2103<\/span><\/span><\/p>\n<\/td>\n<\/tr>\n<tr valign=\"top\">\n<td width=\"211\">\n<p class=\"western\" align=\"center\"><span style=\"font-size: small;\"><span style=\"font-family: \u5b8b\u4f53;\">Nhi\u1ec7t \u0110\u1ed9 Ch\u1ecbu \u0110\u1ef1ng T\u1ed1i \u0110a<\/span><\/span><\/p>\n<\/td>\n<td width=\"340\">\n<p class=\"western\" align=\"center\"><span style=\"font-size: small;\"><span style=\"font-family: \u5b8b\u4f53;\">900\u2103<\/span><\/span><\/p>\n<\/td>\n<td width=\"196\">\n<p class=\"western\" align=\"center\"><span style=\"font-size: small;\"><span style=\"font-family: \u5b8b\u4f53;\">1200\u2103<\/span><\/span><\/p>\n<\/td>\n<\/tr>\n<tr valign=\"top\">\n<td width=\"211\">\n<p class=\"western\" align=\"center\"><span style=\"font-size: small;\"><span style=\"font-family: \u5b8b\u4f53;\">Nhi\u1ec7t \u0110\u1ed9 L\u1eafp \u0110\u1eb7t T\u1ed1i Thi\u1ec3u<\/span><\/span><\/p>\n<\/td>\n<td colspan=\"2\" width=\"537\">\n<p class=\"western\" align=\"center\"><span style=\"font-size: small;\"><span lang=\"zh-CN\"><span style=\"font-family: \u5b8b\u4f53;\">\uff0d<\/span><\/span><\/span><span style=\"font-family: \u5b8b\u4f53;\"><span style=\"font-size: small;\">50\u2103<\/span><\/span><\/p>\n<\/td>\n<\/tr>\n<\/tbody>\n<\/table>\n<p>&nbsp;<\/p>\n<table width=\"750\" cellspacing=\"0\" cellpadding=\"0\">\n<tbody>\n<tr valign=\"top\">\n<td width=\"168\">\n<p class=\"western\" align=\"left\"><span style=\"font-size: small;\"><span style=\"font-family: \u5b8b\u4f53;\">\u0110\u01b0\u1eddng K\u00ednh<\/span><\/span><\/p>\n<\/td>\n<td width=\"108\">\n<p class=\"western\" align=\"left\"><span style=\"font-size: small;\"><span style=\"font-family: \u5b8b\u4f53;\">Chi\u1ec1u D\u00e0i<\/span><\/span><\/p>\n<\/td>\n<td width=\"184\">\n<p class=\"western\" align=\"left\"><span style=\"font-size: small;\"><span style=\"font-family: \u5b8b\u4f53;\">C\u00f4ng Su\u1ea5t \u0110\u1ea7u Ra<\/span><\/span><\/p>\n<\/td>\n<td width=\"289\">\n<p class=\"western\" align=\"left\"><span style=\"font-size: small;\"><span style=\"font-family: \u5b8b\u4f53;\">Gi\u00e1 Tr\u1ecb \u0110i\u1ec7n Tr\u1edf<\/span><\/span><\/p>\n<\/td>\n<\/tr>\n<tr valign=\"top\">\n<td width=\"168\">\n<p class=\"western\" align=\"left\"><span style=\"font-size: small;\"><span style=\"font-family: \u5b8b\u4f53;\">\u03a61.0\u00b10.10<\/span><\/span><\/p>\n<\/td>\n<td width=\"108\">\n<p class=\"western\" align=\"left\"><span style=\"font-size: small;\"><span style=\"font-family: \u5b8b\u4f53;\">L\u00b10.15<\/span><\/span><\/p>\n<\/td>\n<td width=\"184\">\n<p class=\"western\" align=\"left\"><span style=\"font-size: small;\"><span style=\"font-family: \u5b8b\u4f53;\">P\u00b110%<\/span><\/span><\/p>\n<\/td>\n<td width=\"289\">\n<p class=\"western\" align=\"left\"><span style=\"font-size: small;\"><span style=\"font-family: \u5b8b\u4f53;\">R\u00b110%<\/span><\/span><\/p>\n<\/td>\n<\/tr>\n<tr valign=\"top\">\n<td width=\"168\">\n<p class=\"western\" align=\"left\"><span style=\"font-size: small;\"><span style=\"font-family: \u5b8b\u4f53;\">\u03a62.0\u00b10.10<\/span><\/span><\/p>\n<\/td>\n<td width=\"108\">\n<p class=\"western\" align=\"left\"><span style=\"font-size: small;\"><span style=\"font-family: \u5b8b\u4f53;\">L\u00b10.10<\/span><\/span><\/p>\n<\/td>\n<td width=\"184\">\n<p class=\"western\" align=\"left\"><span style=\"font-size: small;\"><span style=\"font-family: \u5b8b\u4f53;\">P\u00b110%<\/span><\/span><\/p>\n<td width=\"289\">\n<p class=\"western\" align=\"left\"><span style=\"font-size: small;\"><span style=\"font-family: \u5b8b\u4f53;\">R\u00b110%<\/span><\/span><\/p>\n<\/td>\n<\/tr>\n<tr valign=\"top\">\n<td width=\"168\">\n<p class=\"western\" align=\"left\"><span style=\"font-size: small;\"><span style=\"font-family: \u5b8b\u4f53;\">\u03a63.0\u00b10.15<\/span><\/span><\/p>\n<\/td>\n<td width=\"108\">\n<p class=\"western\" align=\"left\"><span style=\"font-size: small;\"><span style=\"font-family: \u5b8b\u4f53;\">L\u00b10.10<\/span><\/span><\/p>\n<\/td>\n<td width=\"184\">\n<p class=\"western\" align=\"left\"><span style=\"font-size: small;\"><span style=\"font-family: \u5b8b\u4f53;\">P\u00b110%<\/span><\/span><\/p>\n<\/td>\n<td width=\"289\">\n<p class=\"western\" align=\"left\"><span style=\"font-size: small;\"><span style=\"font-family: \u5b8b\u4f53;\">R\u00b110%<\/span><\/span><\/p>\n<\/td>\n<\/tr>\n<tr valign=\"top\">\n<td width=\"168\">\n<p class=\"western\" align=\"left\"><span style=\"font-size: small;\"><span style=\"font-family: \u5b8b\u4f53;\">\u03a64.0\u00b10.15<\/span><\/span><\/p>\n<\/td>\n<td width=\"108\">\n<p class=\"western\" align=\"left\"><span style=\"font-size: small;\"><span style=\"font-family: \u5b8b\u4f53;\">L\u00b10.10<\/span><\/span><\/p>\n<\/td>\n<td width=\"184\">\n<p class=\"western\" align=\"left\"><span style=\"font-size: small;\"><span style=\"font-family: \u5b8b\u4f53;\">P\u00b110%<\/span><\/span><\/p>\n<\/td>\n<td width=\"289\">\n<p class=\"western\" align=\"left\"><span style=\"font-size: small;\"><span style=\"font-family: \u5b8b\u4f53;\">R\u00b110%<\/span><\/span><\/p>\n<\/td>\n<\/tr>\n<tr valign=\"top\">\n<td width=\"168\">\n<p class=\"western\" align=\"left\"><span style=\"font-size: small;\"><span style=\"font-family: \u5b8b\u4f53;\">\u03a65.0\u00b10.15<\/span><\/span><\/p>\n<\/td>\n<td width=\"108\">\n<p class=\"western\" align=\"left\"><span style=\"font-size: small;\"><span style=\"font-family: \u5b8b\u4f53;\">L\u00b10.10<\/span><\/span><\/p>\n<\/td>\n<td width=\"184\">\n<p class=\"western\" align=\"left\"><span style=\"font-size: small;\"><span style=\"font-family: \u5b8b\u4f53;\">P\u00b110%<\/span><\/span><\/p>\n<\/td>\n<td width=\"289\">\n<p class=\"western\" align=\"left\"><span style=\"font-size: small;\"><span style=\"font-family: \u5b8b\u4f53;\">R\u00b110%<\/span><\/span><\/p>\n<\/td>\n<\/tr>\n<tr valign=\"top\">\n<td width=\"168\">\n<p class=\"western\" align=\"left\"><span style=\"font-size: small;\"><span style=\"font-family: \u5b8b\u4f53;\">\u03a66.0\u00b10.20<\/span><\/span><\/p>\n<\/td>\n<td width=\"108\">\n<p class=\"western\" align=\"left\"><span style=\"font-size: small;\"><span style=\"font-family: \u5b8b\u4f53;\">L\u00b10.15<\/span><\/span><\/p>\n<\/td>\n<td width=\"184\">\n<p class=\"western\" align=\"left\"><span style=\"font-size: small;\"><span style=\"font-family: \u5b8b\u4f53;\">P\u00b110%<\/span><\/span><\/p>\n<\/td>\n<td width=\"289\">\n<p class=\"western\" align=\"left\"><span style=\"font-size: small;\"><span style=\"font-family: \u5b8b\u4f53;\">R\u00b110%<\/span><\/span><\/p>\n<\/td>\n<\/tr>\n<tr valign=\"top\">\n<td width=\"168\">\n<p class=\"western\" align=\"left\"><span style=\"font-size: small;\"><span style=\"font-family: \u5b8b\u4f53;\">\u03a68.0\u00b10.20<\/span><\/span><\/p>\n<\/td>\n<td width=\"108\">\n<p class=\"western\" align=\"left\"><span style=\"font-size: small;\"><span style=\"font-family: \u5b8b\u4f53;\">L\u00b10.15<\/span><\/span><\/p>\n<\/td>\n<td width=\"184\">\n<p class=\"western\" align=\"left\"><span style=\"font-size: small;\"><span style=\"font-family: \u5b8b\u4f53;\">P\u00b110%<\/span><\/span><\/p>\n<\/td>\n<td width=\"289\">\n<p class=\"western\" align=\"left\"><span style=\"font-size: small;\"><span style=\"font-family: \u5b8b\u4f53;\">R\u00b110%<\/span><\/span><\/p>\n<\/td>\n<\/tr>\n<tr valign=\"top\">\n<td width=\"168\">\n<p class=\"western\" align=\"left\"><span style=\"font-size: small;\"><span style=\"font-family: \u5b8b\u4f53;\">\u03a61.0\u00b10.25<\/span><\/span><\/p>\n<\/td>\n<td width=\"108\">\n<p class=\"western\" align=\"left\"><span style=\"font-size: small;\"><span style=\"font-family: \u5b8b\u4f53;\">L\u00b10.20<\/span><\/span><\/p>\n<\/td>\n<td width=\"184\">\n<p class=\"western\" align=\"left\"><span style=\"font-size: small;\"><span style=\"font-family: \u5b8b\u4f53;\">P\u00b110%<\/span><\/span><\/p>\n<\/td>\n<td width=\"289\">\n<p class=\"western\" align=\"left\"><span style=\"font-size: small;\"><span style=\"font-family: \u5b8b\u4f53;\">R\u00b110%<\/span><\/span><\/p>\n<\/td>\n<\/tr>\n<\/tbody>\n<\/table>\n<p>\u00a0<\/p>\n<p><img fetchpriority=\"high\" decoding=\"async\" class=\"aligncenter size-full wp-image-989\" src=\"http:\/\/cheri-heater.com\/vn\/wp-content\/uploads\/2024\/06\/advantage.jpg\" alt=\"\" width=\"750\" height=\"1149\" srcset=\"https:\/\/cheri-heater.com\/vn\/wp-content\/uploads\/2024\/06\/advantage.jpg 750w, https:\/\/cheri-heater.com\/vn\/wp-content\/uploads\/2024\/06\/advantage-600x919.jpg 600w, https:\/\/cheri-heater.com\/vn\/wp-content\/uploads\/2024\/06\/advantage-196x300.jpg 196w, https:\/\/cheri-heater.com\/vn\/wp-content\/uploads\/2024\/06\/advantage-668x1024.jpg 668w\" sizes=\"(max-width: 750px) 100vw, 750px\" \/><br \/>\n<img decoding=\"async\" class=\"aligncenter size-full wp-image-990 lazyload\" data-src=\"http:\/\/cheri-heater.com\/vn\/wp-content\/uploads\/2024\/06\/charactors.jpg\" alt=\"\" width=\"750\" height=\"670\" data-srcset=\"https:\/\/cheri-heater.com\/vn\/wp-content\/uploads\/2024\/06\/charactors.jpg 750w, https:\/\/cheri-heater.com\/vn\/wp-content\/uploads\/2024\/06\/charactors-600x536.jpg 600w, https:\/\/cheri-heater.com\/vn\/wp-content\/uploads\/2024\/06\/charactors-300x268.jpg 300w\" data-sizes=\"(max-width: 750px) 100vw, 750px\" src=\"data:image\/svg+xml;base64,PHN2ZyB3aWR0aD0iMSIgaGVpZ2h0PSIxIiB4bWxucz0iaHR0cDovL3d3dy53My5vcmcvMjAwMC9zdmciPjwvc3ZnPg==\" style=\"--smush-placeholder-width: 750px; --smush-placeholder-aspect-ratio: 750\/670;\" \/><br \/>\n<img decoding=\"async\" class=\"aligncenter size-full wp-image-991 lazyload\" data-src=\"http:\/\/cheri-heater.com\/vn\/wp-content\/uploads\/2024\/06\/details.jpg\" alt=\"\" width=\"750\" height=\"665\" data-srcset=\"https:\/\/cheri-heater.com\/vn\/wp-content\/uploads\/2024\/06\/details.jpg 750w, https:\/\/cheri-heater.com\/vn\/wp-content\/uploads\/2024\/06\/details-600x532.jpg 600w, https:\/\/cheri-heater.com\/vn\/wp-content\/uploads\/2024\/06\/details-300x266.jpg 300w\" data-sizes=\"(max-width: 750px) 100vw, 750px\" src=\"data:image\/svg+xml;base64,PHN2ZyB3aWR0aD0iMSIgaGVpZ2h0PSIxIiB4bWxucz0iaHR0cDovL3d3dy53My5vcmcvMjAwMC9zdmciPjwvc3ZnPg==\" style=\"--smush-placeholder-width: 750px; --smush-placeholder-aspect-ratio: 750\/665;\" \/><br \/>\n<img decoding=\"async\" class=\"aligncenter size-full wp-image-992 lazyload\" data-src=\"http:\/\/cheri-heater.com\/vn\/wp-content\/uploads\/2024\/06\/dimension.jpg\" alt=\"\" width=\"750\" height=\"745\" data-srcset=\"https:\/\/cheri-heater.com\/vn\/wp-content\/uploads\/2024\/06\/dimension.jpg 750w, https:\/\/cheri-heater.com\/vn\/wp-content\/uploads\/2024\/06\/dimension-100x100.jpg 100w, https:\/\/cheri-heater.com\/vn\/wp-content\/uploads\/2024\/06\/dimension-600x596.jpg 600w, https:\/\/cheri-heater.com\/vn\/wp-content\/uploads\/2024\/06\/dimension-300x298.jpg 300w, https:\/\/cheri-heater.com\/vn\/wp-content\/uploads\/2024\/06\/dimension-150x150.jpg 150w\" data-sizes=\"(max-width: 750px) 100vw, 750px\" src=\"data:image\/svg+xml;base64,PHN2ZyB3aWR0aD0iMSIgaGVpZ2h0PSIxIiB4bWxucz0iaHR0cDovL3d3dy53My5vcmcvMjAwMC9zdmciPjwvc3ZnPg==\" style=\"--smush-placeholder-width: 750px; --smush-placeholder-aspect-ratio: 750\/745;\" \/><\/p>\n","protected":false},"excerpt":{"rendered":"<p>M\u00f4 H\u00ecnh C\u00e1p MI b\u1ecdc th\u00e9p b\u1eb1ng th\u00e9p kh\u00f4ng g\u1ec9 (304\/310\/316) C\u00e1p MI b\u1ecdc th\u00e9p h\u1ee3p kim 825 C\u00f4ng Su\u1ea5t \u0110\u1ea7u Ra 0-150W\/m \u0111\u1ec3 t\u00f9y ch\u1ec9nh \u0110\u01b0\u1eddng K\u00ednh Ngo\u00e0i 3\/4\/6 S\u1ea3n ph\u1ea9m kh\u00f4ng chu\u1ea9n, c\u1ea7n t\u00f9y ch\u1ec9nh Nhi\u1ec7t \u0110\u1ed9 B\u1ea3o Tr\u00ec T\u1ed1i \u0110a 300\u2103 600\u2103 Nhi\u1ec7t \u0110\u1ed9 Ch\u1ecbu \u0110\u1ef1ng T\u1ed1i \u0110a 900\u2103 1200\u2103 Nhi\u1ec7t \u0110\u1ed9 [&hellip;]<\/p>\n","protected":false},"featured_media":987,"template":"","meta":[],"product_brand":[],"product_cat":[22],"product_tag":[],"class_list":{"0":"post-984","1":"product","2":"type-product","3":"status-publish","4":"has-post-thumbnail","6":"product_cat-heating-cable","8":"first","9":"instock","10":"shipping-taxable","11":"product-type-simple"},"yoast_head":"<!-- This site is optimized with the Yoast SEO plugin v27.5 - https:\/\/yoast.com\/product\/yoast-seo-wordpress\/ -->\n<title>Nh\u00e0 S\u1ea3n Xu\u1ea5t C\u00e1p S\u01b0\u1edfi MI H\u00e0ng \u0110\u1ea7u | Cheri-heater.com<\/title>\n<meta name=\"description\" content=\"T\u00ecm c\u00e1p s\u01b0\u1edfi MI cao c\u1ea5p t\u1eeb nh\u00e0 s\u1ea3n xu\u1ea5t h\u00e0ng \u0111\u1ea7u. C\u00e1p ch\u1ea5t l\u01b0\u1ee3ng cao, b\u1ec1n b\u1ec9 c\u1ee7a ch\u00fang t\u00f4i \u0111\u01b0\u1ee3c thi\u1ebft k\u1ebf \u0111\u1ec3 ho\u1ea1t \u0111\u1ed9ng t\u1ed1i \u01b0u trong \u0111i\u1ec1u ki\u1ec7n kh\u1eafc nghi\u1ec7t. Ho\u00e0n h\u1ea3o cho c\u00e1c \u1ee9ng d\u1ee5ng c\u00f4ng nghi\u1ec7p v\u00e0 th\u01b0\u01a1ng m\u1ea1i. Li\u00ean h\u1ec7 v\u1edbi ch\u00fang t\u00f4i ngay h\u00f4m nay \u0111\u1ec3 c\u00f3 gi\u1ea3i ph\u00e1p s\u01b0\u1edfi \u0111\u00e1ng tin c\u1eady!\" \/>\n<meta name=\"robots\" content=\"index, follow, max-snippet:-1, max-image-preview:large, max-video-preview:-1\" \/>\n<link rel=\"canonical\" href=\"https:\/\/cheri-heater.com\/vn\/product\/mi-heating-cable\/\" \/>\n<meta property=\"og:locale\" content=\"en_US\" \/>\n<meta property=\"og:type\" content=\"article\" \/>\n<meta property=\"og:title\" content=\"Nh\u00e0 S\u1ea3n Xu\u1ea5t C\u00e1p S\u01b0\u1edfi MI H\u00e0ng \u0110\u1ea7u | Cheri-heater.com\" \/>\n<meta property=\"og:description\" content=\"T\u00ecm c\u00e1p s\u01b0\u1edfi MI cao c\u1ea5p t\u1eeb nh\u00e0 s\u1ea3n xu\u1ea5t h\u00e0ng \u0111\u1ea7u. C\u00e1p ch\u1ea5t l\u01b0\u1ee3ng cao, b\u1ec1n b\u1ec9 c\u1ee7a ch\u00fang t\u00f4i \u0111\u01b0\u1ee3c thi\u1ebft k\u1ebf \u0111\u1ec3 ho\u1ea1t \u0111\u1ed9ng t\u1ed1i \u01b0u trong \u0111i\u1ec1u ki\u1ec7n kh\u1eafc nghi\u1ec7t. Ho\u00e0n h\u1ea3o cho c\u00e1c \u1ee9ng d\u1ee5ng c\u00f4ng nghi\u1ec7p v\u00e0 th\u01b0\u01a1ng m\u1ea1i. Li\u00ean h\u1ec7 v\u1edbi ch\u00fang t\u00f4i ngay h\u00f4m nay \u0111\u1ec3 c\u00f3 gi\u1ea3i ph\u00e1p s\u01b0\u1edfi \u0111\u00e1ng tin c\u1eady!\" \/>\n<meta property=\"og:url\" content=\"https:\/\/cheri-heater.com\/vn\/product\/mi-heating-cable\/\" \/>\n<meta property=\"og:site_name\" content=\"Cheri Heater Technology Co.,Ltd.\" \/>\n<meta property=\"article:modified_time\" content=\"2024-07-27T22:20:16+00:00\" \/>\n<meta property=\"og:image\" content=\"http:\/\/cheri-heater.com\/vn\/wp-content\/uploads\/2024\/06\/H991ec65cb3bf476cb5997b0015b38126K.jpg_720x720q50.jpg\" \/>\n\t<meta property=\"og:image:width\" content=\"720\" \/>\n\t<meta property=\"og:image:height\" content=\"720\" \/>\n\t<meta property=\"og:image:type\" content=\"image\/jpeg\" \/>\n<meta name=\"twitter:card\" content=\"summary_large_image\" \/>\n<meta name=\"twitter:label1\" content=\"Est. reading time\" \/>\n\t<meta name=\"twitter:data1\" content=\"2 minutes\" \/>\n<!-- \/ Yoast SEO plugin. -->","yoast_head_json":{"title":"Nh\u00e0 S\u1ea3n Xu\u1ea5t C\u00e1p S\u01b0\u1edfi MI H\u00e0ng \u0110\u1ea7u | Cheri-heater.com","description":"T\u00ecm c\u00e1p s\u01b0\u1edfi MI cao c\u1ea5p t\u1eeb nh\u00e0 s\u1ea3n xu\u1ea5t h\u00e0ng \u0111\u1ea7u. C\u00e1p ch\u1ea5t l\u01b0\u1ee3ng cao, b\u1ec1n b\u1ec9 c\u1ee7a ch\u00fang t\u00f4i \u0111\u01b0\u1ee3c thi\u1ebft k\u1ebf \u0111\u1ec3 ho\u1ea1t \u0111\u1ed9ng t\u1ed1i \u01b0u trong \u0111i\u1ec1u ki\u1ec7n kh\u1eafc nghi\u1ec7t. Ho\u00e0n h\u1ea3o cho c\u00e1c \u1ee9ng d\u1ee5ng c\u00f4ng nghi\u1ec7p v\u00e0 th\u01b0\u01a1ng m\u1ea1i. Li\u00ean h\u1ec7 v\u1edbi ch\u00fang t\u00f4i ngay h\u00f4m nay \u0111\u1ec3 c\u00f3 gi\u1ea3i ph\u00e1p s\u01b0\u1edfi \u0111\u00e1ng tin c\u1eady!","robots":{"index":"index","follow":"follow","max-snippet":"max-snippet:-1","max-image-preview":"max-image-preview:large","max-video-preview":"max-video-preview:-1"},"canonical":"https:\/\/cheri-heater.com\/vn\/product\/mi-heating-cable\/","og_locale":"en_US","og_type":"article","og_title":"Nh\u00e0 S\u1ea3n Xu\u1ea5t C\u00e1p S\u01b0\u1edfi MI H\u00e0ng \u0110\u1ea7u | Cheri-heater.com","og_description":"T\u00ecm c\u00e1p s\u01b0\u1edfi MI cao c\u1ea5p t\u1eeb nh\u00e0 s\u1ea3n xu\u1ea5t h\u00e0ng \u0111\u1ea7u. C\u00e1p ch\u1ea5t l\u01b0\u1ee3ng cao, b\u1ec1n b\u1ec9 c\u1ee7a ch\u00fang t\u00f4i \u0111\u01b0\u1ee3c thi\u1ebft k\u1ebf \u0111\u1ec3 ho\u1ea1t \u0111\u1ed9ng t\u1ed1i \u01b0u trong \u0111i\u1ec1u ki\u1ec7n kh\u1eafc nghi\u1ec7t. Ho\u00e0n h\u1ea3o cho c\u00e1c \u1ee9ng d\u1ee5ng c\u00f4ng nghi\u1ec7p v\u00e0 th\u01b0\u01a1ng m\u1ea1i. Li\u00ean h\u1ec7 v\u1edbi ch\u00fang t\u00f4i ngay h\u00f4m nay \u0111\u1ec3 c\u00f3 gi\u1ea3i ph\u00e1p s\u01b0\u1edfi \u0111\u00e1ng tin c\u1eady!","og_url":"https:\/\/cheri-heater.com\/vn\/product\/mi-heating-cable\/","og_site_name":"Cheri Heater Technology Co.,Ltd.","article_modified_time":"2024-07-27T22:20:16+00:00","og_image":[{"width":720,"height":720,"url":"http:\/\/cheri-heater.com\/vn\/wp-content\/uploads\/2024\/06\/H991ec65cb3bf476cb5997b0015b38126K.jpg_720x720q50.jpg","type":"image\/jpeg"}],"twitter_card":"summary_large_image","twitter_misc":{"Est. reading time":"2 minutes"},"schema":{"@context":"https:\/\/schema.org","@graph":[{"@type":"WebPage","@id":"https:\/\/cheri-heater.com\/vn\/product\/mi-heating-cable\/","url":"https:\/\/cheri-heater.com\/vn\/product\/mi-heating-cable\/","name":"Nh\u00e0 S\u1ea3n Xu\u1ea5t C\u00e1p S\u01b0\u1edfi MI H\u00e0ng \u0110\u1ea7u | Cheri-heater.com","isPartOf":{"@id":"https:\/\/cheri-heater.com\/vn\/#website"},"primaryImageOfPage":{"@id":"https:\/\/cheri-heater.com\/vn\/product\/mi-heating-cable\/#primaryimage"},"image":{"@id":"https:\/\/cheri-heater.com\/vn\/product\/mi-heating-cable\/#primaryimage"},"thumbnailUrl":"https:\/\/cheri-heater.com\/vn\/wp-content\/uploads\/2024\/06\/H991ec65cb3bf476cb5997b0015b38126K.jpg_720x720q50.jpg","datePublished":"2024-06-04T18:20:00+00:00","dateModified":"2024-07-27T22:20:16+00:00","description":"T\u00ecm c\u00e1p s\u01b0\u1edfi MI cao c\u1ea5p t\u1eeb nh\u00e0 s\u1ea3n xu\u1ea5t h\u00e0ng \u0111\u1ea7u. C\u00e1p ch\u1ea5t l\u01b0\u1ee3ng cao, b\u1ec1n b\u1ec9 c\u1ee7a ch\u00fang t\u00f4i \u0111\u01b0\u1ee3c thi\u1ebft k\u1ebf \u0111\u1ec3 ho\u1ea1t \u0111\u1ed9ng t\u1ed1i \u01b0u trong \u0111i\u1ec1u ki\u1ec7n kh\u1eafc nghi\u1ec7t. Ho\u00e0n h\u1ea3o cho c\u00e1c \u1ee9ng d\u1ee5ng c\u00f4ng nghi\u1ec7p v\u00e0 th\u01b0\u01a1ng m\u1ea1i. Li\u00ean h\u1ec7 v\u1edbi ch\u00fang t\u00f4i ngay h\u00f4m nay \u0111\u1ec3 c\u00f3 gi\u1ea3i ph\u00e1p s\u01b0\u1edfi \u0111\u00e1ng tin c\u1eady!","breadcrumb":{"@id":"https:\/\/cheri-heater.com\/vn\/product\/mi-heating-cable\/#breadcrumb"},"inLanguage":"en-US","potentialAction":[{"@type":"ReadAction","target":["https:\/\/cheri-heater.com\/vn\/product\/mi-heating-cable\/"]}]},{"@type":"ImageObject","inLanguage":"en-US","@id":"https:\/\/cheri-heater.com\/vn\/product\/mi-heating-cable\/#primaryimage","url":"https:\/\/cheri-heater.com\/vn\/wp-content\/uploads\/2024\/06\/H991ec65cb3bf476cb5997b0015b38126K.jpg_720x720q50.jpg","contentUrl":"https:\/\/cheri-heater.com\/vn\/wp-content\/uploads\/2024\/06\/H991ec65cb3bf476cb5997b0015b38126K.jpg_720x720q50.jpg","width":720,"height":720},{"@type":"BreadcrumbList","@id":"https:\/\/cheri-heater.com\/vn\/product\/mi-heating-cable\/#breadcrumb","itemListElement":[{"@type":"ListItem","position":1,"name":"Home","item":"https:\/\/cheri-heater.com\/vn\/"},{"@type":"ListItem","position":2,"name":"Products","item":"https:\/\/cheri-heater.com\/vn\/products\/"},{"@type":"ListItem","position":3,"name":"c\u00e1p s\u01b0\u1edfi MI"}]},{"@type":"WebSite","@id":"https:\/\/cheri-heater.com\/vn\/#website","url":"https:\/\/cheri-heater.com\/vn\/","name":"Cheri Heater Technology Co.,Ltd.","description":"","publisher":{"@id":"https:\/\/cheri-heater.com\/vn\/#organization"},"potentialAction":[{"@type":"SearchAction","target":{"@type":"EntryPoint","urlTemplate":"https:\/\/cheri-heater.com\/vn\/?s={search_term_string}"},"query-input":{"@type":"PropertyValueSpecification","valueRequired":true,"valueName":"search_term_string"}}],"inLanguage":"en-US"},{"@type":"Organization","@id":"https:\/\/cheri-heater.com\/vn\/#organization","name":"Cheri Heater Technology Co.,Ltd.","url":"https:\/\/cheri-heater.com\/vn\/","logo":{"@type":"ImageObject","inLanguage":"en-US","@id":"https:\/\/cheri-heater.com\/vn\/#\/schema\/logo\/image\/","url":"https:\/\/cheri-heater.com\/vn\/wp-content\/uploads\/2024\/06\/cropped-logo-resize.png","contentUrl":"https:\/\/cheri-heater.com\/vn\/wp-content\/uploads\/2024\/06\/cropped-logo-resize.png","width":346,"height":99,"caption":"Cheri Heater Technology Co.,Ltd."},"image":{"@id":"https:\/\/cheri-heater.com\/vn\/#\/schema\/logo\/image\/"}}]}},"_links":{"self":[{"href":"https:\/\/cheri-heater.com\/vn\/wp-json\/wp\/v2\/product\/984","targetHints":{"allow":["GET"]}}],"collection":[{"href":"https:\/\/cheri-heater.com\/vn\/wp-json\/wp\/v2\/product"}],"about":[{"href":"https:\/\/cheri-heater.com\/vn\/wp-json\/wp\/v2\/types\/product"}],"wp:featuredmedia":[{"embeddable":true,"href":"https:\/\/cheri-heater.com\/vn\/wp-json\/wp\/v2\/media\/987"}],"wp:attachment":[{"href":"https:\/\/cheri-heater.com\/vn\/wp-json\/wp\/v2\/media?parent=984"}],"wp:term":[{"taxonomy":"product_brand","embeddable":true,"href":"https:\/\/cheri-heater.com\/vn\/wp-json\/wp\/v2\/product_brand?post=984"},{"taxonomy":"product_cat","embeddable":true,"href":"https:\/\/cheri-heater.com\/vn\/wp-json\/wp\/v2\/product_cat?post=984"},{"taxonomy":"product_tag","embeddable":true,"href":"https:\/\/cheri-heater.com\/vn\/wp-json\/wp\/v2\/product_tag?post=984"}],"curies":[{"name":"wp","href":"https:\/\/api.w.org\/{rel}","templated":true}]}}