{"id":993,"date":"2024-06-04T18:20:12","date_gmt":"2024-06-04T18:20:12","guid":{"rendered":"https:\/\/cheri-heater.com\/vn\/?post_type=product&#038;p=993"},"modified":"2024-07-28T02:46:28","modified_gmt":"2024-07-28T02:46:28","slug":"selfregulating-heating-cable","status":"publish","type":"product","link":"https:\/\/cheri-heater.com\/vn\/product\/selfregulating-heating-cable\/","title":{"rendered":"C\u00e1p s\u01b0\u1edfi t\u1ef1 \u0111i\u1ec1u ch\u1ec9nh"},"content":{"rendered":"<p class=\"western\"><span style=\"color: #333333;\"><span style=\"font-family: Times New Roman, serif;\"><span style=\"font-size: medium;\">C\u00e1p \u0111i\u1ec7n t\u1ef1 \u0111i\u1ec1u ch\u1ec9nh \u0111\u01b0\u1ee3c s\u1eed d\u1ee5ng \u0111\u1ec3 ki\u1ec3m so\u00e1t nhi\u1ec7t \u0111\u1ed9 c\u1ee7a \u1ed1ng, thi\u1ebft b\u1ecb v\u00e0 th\u00f9ng ch\u1ee9a, s\u01b0\u1edfi \u1ea5m, c\u00e1ch nhi\u1ec7t, \u0111\u1eb7c bi\u1ec7t, n\u01a1i v\u1eadt li\u1ec7u d\u1ec5 b\u1ecb ph\u00e1 v\u1ee1, ph\u00e2n h\u1ee7y, k\u1ebft tinh, ng\u01b0ng t\u1ee5, \u0111\u00f3ng b\u0103ng. Trong c\u00e1c ng\u00e0nh d\u1ea7u kh\u00ed, h\u00f3a ch\u1ea5t, \u0111i\u1ec7n l\u1ef1c, luy\u1ec7n kim, c\u00f4ng nghi\u1ec7p nh\u1eb9, th\u1ef1c ph\u1ea9m, \u0111\u00f4ng l\u1ea1nh, x\u00e2y d\u1ef1ng, kh\u00ed \u0111\u1ed1t, s\u1ea3n xu\u1ea5t n\u00f4ng nghi\u1ec7p v\u00e0 s\u1ea3n xu\u1ea5t s\u1ea3n ph\u1ea9m ph\u1ee5, ch\u1ebf bi\u1ebfn v\u00e0 c\u00e1c b\u1ed9 ph\u1eadn kh\u00e1c c\u00f3 ph\u1ea1m vi \u1ee9ng d\u1ee5ng r\u1ed9ng r\u00e3i.<\/span><\/span><\/span><\/p>\n<h3 class=\"western\"><span style=\"font-family: Times New Roman, serif;\"><span style=\"font-size: x-large;\"><b><span style=\"color: #333333;\">T\u00ednh n\u0103ng<\/span><\/b><\/span><\/span><\/h3>\n<p><span style=\"color: #333333;\">\u2022<\/span><span style=\"color: #333333;\"><span style=\"font-family: Times New Roman, serif;\"><span style=\"font-size: medium;\">Ti\u1ebft ki\u1ec7m n\u0103ng l\u01b0\u1ee3ng, c\u00e1p t\u1ef1 \u0111i\u1ec1u ch\u1ec9nh s\u1eed d\u1ee5ng \u00edt n\u0103ng l\u01b0\u1ee3ng h\u01a1n khi \u00edt nhi\u1ec7t \u0111\u01b0\u1ee3c y\u00eau c\u1ea7u.<br \/>\n\u2022D\u1ec5 d\u00e0ng l\u1eafp \u0111\u1eb7t, c\u00f3 th\u1ec3 c\u1eaft th\u00e0nh b\u1ea5t k\u1ef3 chi\u1ec1u d\u00e0i n\u00e0o (t\u1ed1i \u0111a chi\u1ec1u d\u00e0i m\u1ea1ch) t\u1ea1i hi\u1ec7n tr\u01b0\u1eddng.<br \/>\n\u2022Chi ph\u00ed l\u1eafp \u0111\u1eb7t th\u1ea5p h\u01a1n so v\u1edbi truy v\u1ebft h\u01a1i n\u01b0\u1edbc, \u00edt chi ph\u00ed b\u1ea3o tr\u00ec v\u00e0 \u00edt th\u1eddi gian ch\u1ebft h\u01a1n.<br \/>\n\u2022C\u00f3 th\u1ec3 ch\u1ed3ng l\u00ean nhau m\u00e0 kh\u00f4ng b\u1ecb ch\u00e1y, gi\u00fap \u0111\u01a1n gi\u1ea3n h\u00f3a vi\u1ec7c truy v\u1ebft nhi\u1ec7t c\u1ee7a thi\u1ebft b\u1ecb x\u1eed l\u00fd n\u1ed9i tuy\u1ebfn nh\u01b0 van, kh\u1edbp n\u1ed1i v\u00e0 m\u00e1y b\u01a1m.<br \/>\n\u2022B\u1edfi v\u00ec t\u1ef1 \u0111i\u1ec1u ch\u1ec9nh, \u0111i\u1ec1u ki\u1ec7n qu\u00e1 nhi\u1ec7t \u0111\u01b0\u1ee3c gi\u1ea3m thi\u1ec3u.<br \/>\n\u2022B\u1ed9 K\u1ebft N\u1ed1i gi\u1ea3m th\u1eddi gian l\u1eafp \u0111\u1eb7t.<\/span><\/span><\/span><br \/>\n\u00a0<\/p>\n<table dir=\"ltr\" width=\"750\" cellspacing=\"0\" cellpadding=\"0\" align=\"left\">\n<tbody>\n<tr valign=\"top\">\n<td bgcolor=\"#f3f4f8\" width=\"113\">\n<p class=\"western\" align=\"center\"><span style=\"color: #333333;\"><span style=\"font-family: Helvetica, Arial, sans-serif;\"><span style=\"font-size: small;\">Lo\u1ea1i<\/span><\/span><\/span><\/p>\n<\/td>\n<td bgcolor=\"#f7f8fa\" width=\"74\">\n<p class=\"western\" align=\"center\"><span style=\"color: #333333;\"><span style=\"font-family: Helvetica, Arial, sans-serif;\"><span style=\"font-size: small;\">C\u00f4ng su\u1ea5t<\/span><\/span><\/span><\/p>\n<p class=\"western\" align=\"center\"><span style=\"color: #333333;\"><span style=\"font-family: Helvetica, Arial, sans-serif;\"><span style=\"font-size: small;\">(W\/M, t\u1ea1i 10\u2103)<\/span><\/span><\/span><\/p>\n<\/td>\n<td bgcolor=\"#f7f8fa\" width=\"162\">\n<p class=\"western\" align=\"center\"><span style=\"color: #333333;\"><span style=\"font-family: Helvetica, Arial, sans-serif;\"><span style=\"font-size: small;\">Nhi\u1ec7t \u0111\u1ed9 ch\u1ecbu \u0111\u1ef1ng t\u1ed1i \u0111a<\/span><\/span><\/span><\/p>\n<\/td>\n<td bgcolor=\"#f7f8fa\" width=\"156\">\n<p class=\"western\" align=\"center\"><span style=\"color: #333333;\"><span style=\"font-family: Helvetica, Arial, sans-serif;\"><span style=\"font-size: small;\">Nhi\u1ec7t \u0111\u1ed9 duy tr\u00ec t\u1ed1i \u0111a<\/span><\/span><\/span><\/p>\n<\/td>\n<td bgcolor=\"#f7f8fa\" width=\"125\">\n<p class=\"western\" align=\"center\"><span style=\"color: #333333;\"><span style=\"font-family: Helvetica, Arial, sans-serif;\"><span style=\"font-size: small;\">Nhi\u1ec7t \u0111\u1ed9 l\u1eafp \u0111\u1eb7t t\u1ed1i thi\u1ec3u<\/span><\/span><\/span><\/p>\n<\/td>\n<td bgcolor=\"#f7f8fa\" width=\"118\">\n<p class=\"western\" align=\"center\"><span style=\"color: #333333;\"><span style=\"font-family: Helvetica, Arial, sans-serif;\"><span style=\"font-size: small;\">Chi\u1ec1u d\u00e0i s\u1eed d\u1ee5ng t\u1ed1i \u0111a<\/span><\/span><\/span><\/p>\n<p class=\"western\" align=\"center\"><span style=\"color: #333333;\"><span style=\"font-family: Helvetica, Arial, sans-serif;\"><span style=\"font-size: small;\">(d\u1ef1a tr\u00ean 110\/220V)<\/span><\/span><\/span><\/p>\n<\/td>\n<\/tr>\n<tr valign=\"top\">\n<td bgcolor=\"#f3f4f8\" width=\"113\">\n<p class=\"western\" align=\"center\"><span style=\"color: #333333;\"><span style=\"font-family: Helvetica, Arial, sans-serif;\"><span style=\"font-size: small;\">Nhi\u1ec7t \u0111\u1ed9 th\u1ea5p<\/span><\/span><\/span><\/p>\n<\/td>\n<td bgcolor=\"#ffffff\" width=\"74\">\n<p class=\"western\" align=\"center\"><span style=\"color: #333333;\"><span style=\"font-family: Helvetica, Arial, sans-serif;\"><span style=\"font-size: small;\">10W\/M<\/span><\/span><\/span><\/p>\n<p class=\"western\" align=\"center\"><span style=\"color: #333333;\"><span style=\"font-family: Helvetica, Arial, sans-serif;\"><span style=\"font-size: small;\">15W\/M<\/span><\/span><\/span><\/p>\n<p class=\"western\" align=\"center\"><span style=\"color: #333333;\"><span style=\"font-family: Helvetica, Arial, sans-serif;\"><span style=\"font-size: small;\">25W\/M<\/span><\/span><\/span><\/p>\n<p class=\"western\" align=\"center\"><span style=\"color: #333333;\"><span style=\"font-family: Helvetica, Arial, sans-serif;\"><span style=\"font-size: small;\">35W\/M<\/span><\/span><\/span><\/p>\n<\/td>\n<td bgcolor=\"#ffffff\" width=\"162\">\n<p class=\"western\" align=\"center\"><span style=\"color: #333333;\"><span style=\"font-family: Helvetica, Arial, sans-serif;\"><span style=\"font-size: small;\">105\u2103<\/span><\/span><\/span><\/p>\n<\/td>\n<td bgcolor=\"#ffffff\" width=\"156\">\n<p class=\"western\" align=\"center\"><span style=\"color: #333333;\"><span style=\"font-family: Helvetica, Arial, sans-serif;\"><span style=\"font-size: small;\">65\u2103\u00b15\u2103<\/span><\/span><\/span><\/p>\n<\/td>\n<td bgcolor=\"#ffffff\" width=\"125\">\n<p class=\"western\" align=\"center\"><span style=\"color: #333333;\"><span style=\"font-family: Helvetica, Arial, sans-serif;\"><span style=\"font-size: small;\">-40\u2103<\/span><\/span><\/span><\/p>\n<\/td>\n<td bgcolor=\"#ffffff\" width=\"118\">\n<p class=\"western\" align=\"center\"><span style=\"color: #333333;\"><span style=\"font-family: Helvetica, Arial, sans-serif;\"><span style=\"font-size: small;\">50\/100m<\/span><\/span><\/span><\/p>\n<\/td>\n<\/tr>\n<tr valign=\"top\">\n<td bgcolor=\"#f3f4f8\" width=\"113\">\n<p class=\"western\" align=\"center\"><span style=\"color: #333333;\"><span style=\"font-family: Helvetica, Arial, sans-serif;\"><span style=\"font-size: small;\">Nhi\u1ec7t \u0111\u1ed9 trung b\u00ecnh<\/span><\/span><\/span><\/p>\n<\/td>\n<td bgcolor=\"#ffffff\" width=\"74\">\n<p class=\"western\" align=\"center\"><span style=\"color: #333333;\"><span style=\"font-family: Helvetica, Arial, sans-serif;\"><span style=\"font-size: small;\">35W\/M<\/span><\/span><\/span><\/p>\n<p class=\"western\" align=\"center\"><span style=\"color: #333333;\"><span style=\"font-family: Helvetica, Arial, sans-serif;\"><span style=\"font-size: small;\">45W\/M<\/span><\/span><\/span><\/p>\n<p class=\"western\" align=\"center\"><span style=\"color: #333333;\"><span style=\"font-family: Helvetica, Arial, sans-serif;\"><span style=\"font-size: small;\">50W\/M<\/span><\/span><\/span><\/p>\n<p class=\"western\" align=\"center\"><span style=\"color: #333333;\"><span style=\"font-family: Helvetica, Arial, sans-serif;\"><span style=\"font-size: small;\">60W\/M<\/span><\/span><\/span><\/p>\n<\/td>\n<td bgcolor=\"#ffffff\" width=\"162\">\n<p class=\"western\" align=\"center\"><span style=\"color: #333333;\"><span style=\"font-family: Helvetica, Arial, sans-serif;\"><span style=\"font-size: small;\">135\u2103<\/span><\/span><\/span><\/p>\n<\/td>\n<td bgcolor=\"#ffffff\" width=\"156\">\n<p class=\"western\" align=\"center\"><span style=\"color: #333333;\"><span style=\"font-family: Helvetica, Arial, sans-serif;\"><span style=\"font-size: small;\">105\u2103\u00b15\u2103<\/span><\/span><\/span><\/p>\n<\/td>\n<td bgcolor=\"#ffffff\" width=\"125\">\n<p class=\"western\" align=\"center\"><span style=\"color: #333333;\"><span style=\"font-family: Helvetica, Arial, sans-serif;\"><span style=\"font-size: small;\">-40\u2103<\/span><\/span><\/span><\/p>\n<\/td>\n<td bgcolor=\"#ffffff\" width=\"118\">\n<p class=\"western\" align=\"center\"><span style=\"color: #333333;\"><span style=\"font-family: Helvetica, Arial, sans-serif;\"><span style=\"font-size: small;\">50\/100m<\/span><\/span><\/span><\/p>\n<\/td>\n<\/tr>\n<tr valign=\"top\">\n<td bgcolor=\"#f3f4f8\" width=\"113\">\n<p class=\"western\" align=\"center\"><span style=\"color: #333333;\"><span style=\"font-family: Helvetica, Arial, sans-serif;\"><span style=\"font-size: small;\">Nhi\u1ec7t \u0111\u1ed9 cao<\/span><\/span><\/span><\/p>\n<\/td>\n<td bgcolor=\"#ffffff\" width=\"74\">\n<p class=\"western\" align=\"center\"><span style=\"color: #333333;\"><span style=\"font-family: Helvetica, Arial, sans-serif;\"><span style=\"font-size: small;\">70W\/M<\/span><\/span><\/span><\/p>\n<p class=\"western\" align=\"center\"><span style=\"color: #333333;\"><span style=\"font-family: Helvetica, Arial, sans-serif;\"><span style=\"font-size: small;\">90W\/M<\/span><\/span><\/span><\/p>\n<\/td>\n<td bgcolor=\"#ffffff\" width=\"162\">\n<p class=\"western\" align=\"center\"><span style=\"color: #333333;\"><span style=\"font-family: Helvetica, Arial, sans-serif;\"><span style=\"font-size: small;\">200\u2103<\/span><\/span><\/span><\/p>\n<\/td>\n<td bgcolor=\"#ffffff\" width=\"156\">\n<p class=\"western\" align=\"center\"><span style=\"color: #333333;\"><span style=\"font-family: Helvetica, Arial, sans-serif;\"><span style=\"font-size: small;\">150\u2103\u00b15\u2103<\/span><\/span><\/span><\/p>\n<\/td>\n<td bgcolor=\"#ffffff\" width=\"125\">\n<p class=\"western\" align=\"center\"><span style=\"color: #333333;\"><span style=\"font-family: Helvetica, Arial, sans-serif;\"><span style=\"font-size: small;\">-30\u2103<\/span><\/span><\/span><\/p>\n<\/td>\n<td bgcolor=\"#ffffff\" width=\"118\">\n<p class=\"western\" align=\"center\"><span style=\"color: #333333;\"><span style=\"font-family: Helvetica, Arial, sans-serif;\"><span style=\"font-size: small;\">50\/100m<\/span><\/span><\/span><\/p>\n<\/td>\n<\/tr>\n<\/tbody>\n<\/table>\n<p>\u00a0<\/p>\n<p class=\"western\" align=\"justify\">&nbsp;<\/p>\n","protected":false},"excerpt":{"rendered":"<p><span style=\"color: #333333;\"><span style=\"font-family: Times New Roman, serif;\"><span style=\"font-size: medium;\">C\u00e1p s\u01b0\u1edfi t\u1ef1 \u0111i\u1ec1u ch\u1ec9nh cung c\u1ea5p t\u00ednh linh ho\u1ea1t cao nh\u1ea5t trong thi\u1ebft k\u1ebf v\u00e0 \u1ee9ng d\u1ee5ng theo d\u00f5i nhi\u1ec7t. \u0110\u01b0\u1ee3c c\u1ea5u t\u1ea1o t\u1eeb m\u1ed9t ma tr\u1eadn m\u00e1y s\u01b0\u1edfi b\u00e1n d\u1eabn \u0111\u01b0\u1ee3c \u0111\u00f9n gi\u1eefa c\u00e1c d\u00e2y d\u1eabn song song, c\u00e1p t\u1ef1 \u0111i\u1ec1u ch\u1ec9nh \u0111i\u1ec1u ch\u1ec9nh \u0111\u1ea7u ra c\u1ee7a n\u00f3 \u0111\u1ec3 ph\u1ea3n \u1ee9ng \u0111\u1ed9c l\u1eadp v\u1edbi nhi\u1ec7t \u0111\u1ed9 m\u00f4i tr\u01b0\u1eddng d\u1ecdc theo to\u00e0n b\u1ed9 chi\u1ec1u d\u00e0i c\u1ee7a n\u00f3. Khi nhi\u1ec7t \u0111\u1ed9 t\u0103ng, \u0111i\u1ec7n tr\u1edf c\u1ee7a m\u00e1y s\u01b0\u1edfi t\u0103ng l\u00ean, l\u00e0m gi\u1ea3m c\u00f4ng su\u1ea5t \u0111\u1ea7u ra. Ng\u01b0\u1ee3c l\u1ea1i, khi nhi\u1ec7t \u0111\u1ed9 gi\u1ea3m, \u0111i\u1ec7n tr\u1edf gi\u1ea3m v\u00e0 c\u00e1p t\u1ea1o ra nhi\u1ec1u nhi\u1ec7t h\u01a1n. V\u00ec v\u1eady, kh\u00f4ng c\u1ea7n nhi\u1ec7t k\u1ebf trong m\u1ed9t s\u1ed1 \u1ee9ng d\u1ee5ng. N\u00f3 s\u1ebd kh\u00f4ng bao gi\u1edd qu\u00e1 nhi\u1ec7t ho\u1eb7c ch\u00e1y ngay c\u1ea3 khi \u0111\u01b0\u1ee3c qu\u1ea5n ch\u1ed3ng l\u00ean nhau. C\u0169ng c\u00f3 th\u1ec3 c\u1eaft th\u00e0nh b\u1ea5t k\u1ef3 chi\u1ec1u d\u00e0i n\u00e0o. N\u00f3 l\u00e0 m\u1ed9t lo\u1ea1i c\u00e1p s\u01b0\u1edfi ti\u1ebft ki\u1ec7m n\u0103ng l\u01b0\u1ee3ng, d\u1ec5 s\u1eed d\u1ee5ng v\u00e0 b\u1ea3o tr\u00ec ti\u1ec7n l\u1ee3i.<\/span><\/span><\/span><\/p>\n","protected":false},"featured_media":999,"template":"","meta":[],"product_brand":[],"product_cat":[22],"product_tag":[155],"class_list":{"0":"post-993","1":"product","2":"type-product","3":"status-publish","4":"has-post-thumbnail","6":"product_cat-heating-cable","7":"product_tag-selfregulating-heating-cable","9":"first","10":"instock","11":"shipping-taxable","12":"product-type-simple"},"yoast_head":"<!-- This site is optimized with the Yoast SEO plugin v27.4 - https:\/\/yoast.com\/product\/yoast-seo-wordpress\/ -->\n<title>Nh\u00e0 S\u1ea3n Xu\u1ea5t C\u00e1p S\u01b0\u1edfi T\u1ef1 \u0110i\u1ec1u Ch\u1ec9nh | Cheri-heater.com<\/title>\n<meta name=\"description\" content=\"C\u00e1p s\u01b0\u1edfi t\u1ef1 \u0111i\u1ec1u ch\u1ec9nh h\u00e0ng \u0111\u1ea7u t\u1eeb nh\u00e0 s\u1ea3n xu\u1ea5t t\u1ed1t nh\u1ea5t. C\u00e1p ti\u1ebft ki\u1ec7m n\u0103ng l\u01b0\u1ee3ng c\u1ee7a ch\u00fang t\u00f4i \u0111i\u1ec1u ch\u1ec9nh theo thay \u0111\u1ed5i nhi\u1ec7t \u0111\u1ed9, cung c\u1ea5p s\u01b0\u1edfi \u1ea5m \u0111\u00e1ng tin c\u1eady v\u00e0 an to\u00e0n cho nhi\u1ec1u \u1ee9ng d\u1ee5ng kh\u00e1c nhau. Li\u00ean h\u1ec7 v\u1edbi ch\u00fang t\u00f4i h\u00f4m nay \u0111\u1ec3 c\u00f3 gi\u1ea3i ph\u00e1p s\u01b0\u1edfi \u1ea5m s\u00e1ng t\u1ea1o v\u00e0 hi\u1ec7u qu\u1ea3 v\u1ec1 chi ph\u00ed!\" \/>\n<meta name=\"robots\" content=\"index, follow, max-snippet:-1, max-image-preview:large, max-video-preview:-1\" \/>\n<link rel=\"canonical\" href=\"https:\/\/cheri-heater.com\/vn\/product\/selfregulating-heating-cable\/\" \/>\n<meta property=\"og:locale\" content=\"en_US\" \/>\n<meta property=\"og:type\" content=\"article\" \/>\n<meta property=\"og:title\" content=\"Nh\u00e0 S\u1ea3n Xu\u1ea5t C\u00e1p S\u01b0\u1edfi T\u1ef1 \u0110i\u1ec1u Ch\u1ec9nh | Cheri-heater.com\" \/>\n<meta property=\"og:description\" content=\"C\u00e1p s\u01b0\u1edfi t\u1ef1 \u0111i\u1ec1u ch\u1ec9nh h\u00e0ng \u0111\u1ea7u t\u1eeb nh\u00e0 s\u1ea3n xu\u1ea5t t\u1ed1t nh\u1ea5t. C\u00e1p ti\u1ebft ki\u1ec7m n\u0103ng l\u01b0\u1ee3ng c\u1ee7a ch\u00fang t\u00f4i \u0111i\u1ec1u ch\u1ec9nh theo thay \u0111\u1ed5i nhi\u1ec7t \u0111\u1ed9, cung c\u1ea5p s\u01b0\u1edfi \u1ea5m \u0111\u00e1ng tin c\u1eady v\u00e0 an to\u00e0n cho nhi\u1ec1u \u1ee9ng d\u1ee5ng kh\u00e1c nhau. Li\u00ean h\u1ec7 v\u1edbi ch\u00fang t\u00f4i h\u00f4m nay \u0111\u1ec3 c\u00f3 gi\u1ea3i ph\u00e1p s\u01b0\u1edfi \u1ea5m s\u00e1ng t\u1ea1o v\u00e0 hi\u1ec7u qu\u1ea3 v\u1ec1 chi ph\u00ed!\" \/>\n<meta property=\"og:url\" content=\"https:\/\/cheri-heater.com\/vn\/product\/selfregulating-heating-cable\/\" \/>\n<meta property=\"og:site_name\" content=\"Cheri Heater Technology Co.,Ltd.\" \/>\n<meta property=\"article:modified_time\" content=\"2024-07-28T02:46:28+00:00\" \/>\n<meta property=\"og:image\" content=\"http:\/\/cheri-heater.com\/vn\/wp-content\/uploads\/2024\/06\/O1CN01LBt59i1s6RB6asYTI_2215940465717-0-cib-1.jpg\" \/>\n\t<meta property=\"og:image:width\" content=\"800\" \/>\n\t<meta property=\"og:image:height\" content=\"800\" \/>\n\t<meta property=\"og:image:type\" content=\"image\/jpeg\" \/>\n<meta name=\"twitter:card\" content=\"summary_large_image\" \/>\n<meta name=\"twitter:label1\" content=\"Est. reading time\" \/>\n\t<meta name=\"twitter:data1\" content=\"4 minutes\" \/>\n<!-- \/ Yoast SEO plugin. -->","yoast_head_json":{"title":"Nh\u00e0 S\u1ea3n Xu\u1ea5t C\u00e1p S\u01b0\u1edfi T\u1ef1 \u0110i\u1ec1u Ch\u1ec9nh | Cheri-heater.com","description":"C\u00e1p s\u01b0\u1edfi t\u1ef1 \u0111i\u1ec1u ch\u1ec9nh h\u00e0ng \u0111\u1ea7u t\u1eeb nh\u00e0 s\u1ea3n xu\u1ea5t t\u1ed1t nh\u1ea5t. C\u00e1p ti\u1ebft ki\u1ec7m n\u0103ng l\u01b0\u1ee3ng c\u1ee7a ch\u00fang t\u00f4i \u0111i\u1ec1u ch\u1ec9nh theo thay \u0111\u1ed5i nhi\u1ec7t \u0111\u1ed9, cung c\u1ea5p s\u01b0\u1edfi \u1ea5m \u0111\u00e1ng tin c\u1eady v\u00e0 an to\u00e0n cho nhi\u1ec1u \u1ee9ng d\u1ee5ng kh\u00e1c nhau. Li\u00ean h\u1ec7 v\u1edbi ch\u00fang t\u00f4i h\u00f4m nay \u0111\u1ec3 c\u00f3 gi\u1ea3i ph\u00e1p s\u01b0\u1edfi \u1ea5m s\u00e1ng t\u1ea1o v\u00e0 hi\u1ec7u qu\u1ea3 v\u1ec1 chi ph\u00ed!","robots":{"index":"index","follow":"follow","max-snippet":"max-snippet:-1","max-image-preview":"max-image-preview:large","max-video-preview":"max-video-preview:-1"},"canonical":"https:\/\/cheri-heater.com\/vn\/product\/selfregulating-heating-cable\/","og_locale":"en_US","og_type":"article","og_title":"Nh\u00e0 S\u1ea3n Xu\u1ea5t C\u00e1p S\u01b0\u1edfi T\u1ef1 \u0110i\u1ec1u Ch\u1ec9nh | Cheri-heater.com","og_description":"C\u00e1p s\u01b0\u1edfi t\u1ef1 \u0111i\u1ec1u ch\u1ec9nh h\u00e0ng \u0111\u1ea7u t\u1eeb nh\u00e0 s\u1ea3n xu\u1ea5t t\u1ed1t nh\u1ea5t. C\u00e1p ti\u1ebft ki\u1ec7m n\u0103ng l\u01b0\u1ee3ng c\u1ee7a ch\u00fang t\u00f4i \u0111i\u1ec1u ch\u1ec9nh theo thay \u0111\u1ed5i nhi\u1ec7t \u0111\u1ed9, cung c\u1ea5p s\u01b0\u1edfi \u1ea5m \u0111\u00e1ng tin c\u1eady v\u00e0 an to\u00e0n cho nhi\u1ec1u \u1ee9ng d\u1ee5ng kh\u00e1c nhau. Li\u00ean h\u1ec7 v\u1edbi ch\u00fang t\u00f4i h\u00f4m nay \u0111\u1ec3 c\u00f3 gi\u1ea3i ph\u00e1p s\u01b0\u1edfi \u1ea5m s\u00e1ng t\u1ea1o v\u00e0 hi\u1ec7u qu\u1ea3 v\u1ec1 chi ph\u00ed!","og_url":"https:\/\/cheri-heater.com\/vn\/product\/selfregulating-heating-cable\/","og_site_name":"Cheri Heater Technology Co.,Ltd.","article_modified_time":"2024-07-28T02:46:28+00:00","og_image":[{"width":800,"height":800,"url":"http:\/\/cheri-heater.com\/vn\/wp-content\/uploads\/2024\/06\/O1CN01LBt59i1s6RB6asYTI_2215940465717-0-cib-1.jpg","type":"image\/jpeg"}],"twitter_card":"summary_large_image","twitter_misc":{"Est. reading time":"4 minutes"},"schema":{"@context":"https:\/\/schema.org","@graph":[{"@type":"WebPage","@id":"https:\/\/cheri-heater.com\/vn\/product\/selfregulating-heating-cable\/","url":"https:\/\/cheri-heater.com\/vn\/product\/selfregulating-heating-cable\/","name":"Nh\u00e0 S\u1ea3n Xu\u1ea5t C\u00e1p S\u01b0\u1edfi T\u1ef1 \u0110i\u1ec1u Ch\u1ec9nh | Cheri-heater.com","isPartOf":{"@id":"https:\/\/cheri-heater.com\/vn\/#website"},"primaryImageOfPage":{"@id":"https:\/\/cheri-heater.com\/vn\/product\/selfregulating-heating-cable\/#primaryimage"},"image":{"@id":"https:\/\/cheri-heater.com\/vn\/product\/selfregulating-heating-cable\/#primaryimage"},"thumbnailUrl":"https:\/\/cheri-heater.com\/vn\/wp-content\/uploads\/2024\/06\/O1CN01LBt59i1s6RB6asYTI_2215940465717-0-cib-1.jpg","datePublished":"2024-06-04T18:20:12+00:00","dateModified":"2024-07-28T02:46:28+00:00","description":"C\u00e1p s\u01b0\u1edfi t\u1ef1 \u0111i\u1ec1u ch\u1ec9nh h\u00e0ng \u0111\u1ea7u t\u1eeb nh\u00e0 s\u1ea3n xu\u1ea5t t\u1ed1t nh\u1ea5t. C\u00e1p ti\u1ebft ki\u1ec7m n\u0103ng l\u01b0\u1ee3ng c\u1ee7a ch\u00fang t\u00f4i \u0111i\u1ec1u ch\u1ec9nh theo thay \u0111\u1ed5i nhi\u1ec7t \u0111\u1ed9, cung c\u1ea5p s\u01b0\u1edfi \u1ea5m \u0111\u00e1ng tin c\u1eady v\u00e0 an to\u00e0n cho nhi\u1ec1u \u1ee9ng d\u1ee5ng kh\u00e1c nhau. Li\u00ean h\u1ec7 v\u1edbi ch\u00fang t\u00f4i h\u00f4m nay \u0111\u1ec3 c\u00f3 gi\u1ea3i ph\u00e1p s\u01b0\u1edfi \u1ea5m s\u00e1ng t\u1ea1o v\u00e0 hi\u1ec7u qu\u1ea3 v\u1ec1 chi ph\u00ed!","breadcrumb":{"@id":"https:\/\/cheri-heater.com\/vn\/product\/selfregulating-heating-cable\/#breadcrumb"},"inLanguage":"en-US","potentialAction":[{"@type":"ReadAction","target":["https:\/\/cheri-heater.com\/vn\/product\/selfregulating-heating-cable\/"]}]},{"@type":"ImageObject","inLanguage":"en-US","@id":"https:\/\/cheri-heater.com\/vn\/product\/selfregulating-heating-cable\/#primaryimage","url":"https:\/\/cheri-heater.com\/vn\/wp-content\/uploads\/2024\/06\/O1CN01LBt59i1s6RB6asYTI_2215940465717-0-cib-1.jpg","contentUrl":"https:\/\/cheri-heater.com\/vn\/wp-content\/uploads\/2024\/06\/O1CN01LBt59i1s6RB6asYTI_2215940465717-0-cib-1.jpg","width":800,"height":800},{"@type":"BreadcrumbList","@id":"https:\/\/cheri-heater.com\/vn\/product\/selfregulating-heating-cable\/#breadcrumb","itemListElement":[{"@type":"ListItem","position":1,"name":"Home","item":"https:\/\/cheri-heater.com\/vn\/"},{"@type":"ListItem","position":2,"name":"Products","item":"https:\/\/cheri-heater.com\/vn\/products\/"},{"@type":"ListItem","position":3,"name":"C\u00e1p s\u01b0\u1edfi t\u1ef1 \u0111i\u1ec1u ch\u1ec9nh"}]},{"@type":"WebSite","@id":"https:\/\/cheri-heater.com\/vn\/#website","url":"https:\/\/cheri-heater.com\/vn\/","name":"Cheri Heater Technology Co.,Ltd.","description":"","publisher":{"@id":"https:\/\/cheri-heater.com\/vn\/#organization"},"potentialAction":[{"@type":"SearchAction","target":{"@type":"EntryPoint","urlTemplate":"https:\/\/cheri-heater.com\/vn\/?s={search_term_string}"},"query-input":{"@type":"PropertyValueSpecification","valueRequired":true,"valueName":"search_term_string"}}],"inLanguage":"en-US"},{"@type":"Organization","@id":"https:\/\/cheri-heater.com\/vn\/#organization","name":"Cheri Heater Technology Co.,Ltd.","url":"https:\/\/cheri-heater.com\/vn\/","logo":{"@type":"ImageObject","inLanguage":"en-US","@id":"https:\/\/cheri-heater.com\/vn\/#\/schema\/logo\/image\/","url":"https:\/\/cheri-heater.com\/vn\/wp-content\/uploads\/2024\/06\/cropped-logo-resize.png","contentUrl":"https:\/\/cheri-heater.com\/vn\/wp-content\/uploads\/2024\/06\/cropped-logo-resize.png","width":346,"height":99,"caption":"Cheri Heater Technology Co.,Ltd."},"image":{"@id":"https:\/\/cheri-heater.com\/vn\/#\/schema\/logo\/image\/"}}]}},"_links":{"self":[{"href":"https:\/\/cheri-heater.com\/vn\/wp-json\/wp\/v2\/product\/993","targetHints":{"allow":["GET"]}}],"collection":[{"href":"https:\/\/cheri-heater.com\/vn\/wp-json\/wp\/v2\/product"}],"about":[{"href":"https:\/\/cheri-heater.com\/vn\/wp-json\/wp\/v2\/types\/product"}],"wp:featuredmedia":[{"embeddable":true,"href":"https:\/\/cheri-heater.com\/vn\/wp-json\/wp\/v2\/media\/999"}],"wp:attachment":[{"href":"https:\/\/cheri-heater.com\/vn\/wp-json\/wp\/v2\/media?parent=993"}],"wp:term":[{"taxonomy":"product_brand","embeddable":true,"href":"https:\/\/cheri-heater.com\/vn\/wp-json\/wp\/v2\/product_brand?post=993"},{"taxonomy":"product_cat","embeddable":true,"href":"https:\/\/cheri-heater.com\/vn\/wp-json\/wp\/v2\/product_cat?post=993"},{"taxonomy":"product_tag","embeddable":true,"href":"https:\/\/cheri-heater.com\/vn\/wp-json\/wp\/v2\/product_tag?post=993"}],"curies":[{"name":"wp","href":"https:\/\/api.w.org\/{rel}","templated":true}]}}